{"id":29870,"date":"2024-03-18T13:40:16","date_gmt":"2024-03-18T10:40:17","guid":{"rendered":"https:\/\/boat-demo.axiomprotocol.org\/?post_type=product&#038;p=29870"},"modified":"2024-03-22T18:49:09","modified_gmt":"2024-03-22T15:49:09","slug":"motor-electric-minn-kota-powerdrive-cu-pedala-de-picior-45-lb-shaft-122-cm","status":"publish","type":"product","link":"https:\/\/boat-demo.axiomprotocol.org\/ro\/produs\/motor-electric-minn-kota-powerdrive-cu-pedala-de-picior-45-lb-shaft-122-cm\/","title":{"rendered":"Motor electric Minn Kota PowerDrive cu pedal\u0103 de picior 45 lb. \/ Shaft 122 cm"},"content":{"rendered":"\t\t<div data-elementor-type=\"wp-post\" data-elementor-id=\"29870\" class=\"elementor elementor-29870 elementor-29869\">\n\t\t\t\t\t\t<section class=\"elementor-section elementor-top-section elementor-element elementor-element-9605acf elementor-section-boxed elementor-section-height-default elementor-section-height-default\" data-id=\"9605acf\" data-element_type=\"section\" data-e-type=\"section\">\n\t\t\t\t\t\t<div class=\"elementor-container elementor-column-gap-default\">\n\t\t\t\t\t<div class=\"elementor-column elementor-col-100 elementor-top-column elementor-element elementor-element-8a9a826\" data-id=\"8a9a826\" data-element_type=\"column\" data-e-type=\"column\">\n\t\t\t<div class=\"elementor-widget-wrap elementor-element-populated\">\n\t\t\t\t\t\t<div class=\"elementor-element elementor-element-a0cb3d1 elementor-widget elementor-widget-heading\" data-id=\"a0cb3d1\" data-element_type=\"widget\" data-e-type=\"widget\" data-widget_type=\"heading.default\">\n\t\t\t\t<div class=\"elementor-widget-container\">\n\t\t\t\t\t<h5 class=\"elementor-heading-title elementor-size-default\">Caracteristici<\/h5>\t\t\t\t<\/div>\n\t\t\t\t<\/div>\n\t\t\t\t\t<\/div>\n\t\t<\/div>\n\t\t\t\t\t<\/div>\n\t\t<\/section>\n\t\t\t\t<section class=\"elementor-section elementor-top-section elementor-element elementor-element-280cafd elementor-section-boxed elementor-section-height-default elementor-section-height-default\" data-id=\"280cafd\" data-element_type=\"section\" data-e-type=\"section\">\n\t\t\t\t\t\t<div class=\"elementor-container elementor-column-gap-default\">\n\t\t\t\t\t<div class=\"elementor-column elementor-col-50 elementor-top-column elementor-element elementor-element-c5739d1\" data-id=\"c5739d1\" data-element_type=\"column\" data-e-type=\"column\">\n\t\t\t<div class=\"elementor-widget-wrap elementor-element-populated\">\n\t\t\t\t\t\t<div class=\"elementor-element elementor-element-f9dda1a elementor-widget elementor-widget-text-editor\" data-id=\"f9dda1a\" data-element_type=\"widget\" data-e-type=\"widget\" data-widget_type=\"text-editor.default\">\n\t\t\t\t<div class=\"elementor-widget-container\">\n\t\t\t\t\t\t\t\t\t<table class=\"table\" data-striping=\"1\"><tbody><tr class=\"expanded\"><td>Model<\/td><td>PowerDrive 45 lb. Thrust, 48&#8243; Shaft, Foot Pedal<\/td><\/tr><tr class=\"expanded\"><td>Cod Produs<\/td><td>1358441<\/td><\/tr><tr class=\"expanded\"><td>UPC<\/td><td>0029402051281<\/td><\/tr><tr class=\"expanded\"><td>Utilizare \u00een<\/td><td>Ap\u0103 dulce<\/td><\/tr><tr class=\"expanded\"><td>Lungimea axului<\/td><td>48 in (122 cm)<\/td><\/tr><tr class=\"expanded\"><td>Putere maxim\u0103<\/td><td>45 lb<\/td><\/tr><tr class=\"expanded\"><td>Vol\u021bi<\/td><td>12<\/td><\/tr><tr class=\"expanded\"><td>One-Boat Network Compatible<\/td><td>Nu<\/td><\/tr><tr class=\"expanded\"><td>QUEST Series<\/td><td>Nu<\/td><\/tr><tr class=\"expanded\"><td>Spot-Lock<\/td><td>No<\/td><\/tr><tr class=\"expanded\"><td>Built-In Sonar<\/td><td>Nu<\/td><\/tr><tr class=\"hidden expanded\"><td>Foot Pedal Style<\/td><td>Side-to-Side \/ Electric<\/td><\/tr><tr class=\"hidden expanded\"><td>Control<\/td><td>Foot Pedal<\/td><\/tr><tr class=\"hidden expanded\"><td>Auto\/Stow Deploy<\/td><td>Nu<\/td><\/tr><\/tbody><\/table><p>\u00a0<\/p>\t\t\t\t\t\t\t\t<\/div>\n\t\t\t\t<\/div>\n\t\t\t\t\t<\/div>\n\t\t<\/div>\n\t\t\t\t<div class=\"elementor-column elementor-col-50 elementor-top-column elementor-element elementor-element-248c5b9\" data-id=\"248c5b9\" data-element_type=\"column\" data-e-type=\"column\">\n\t\t\t<div class=\"elementor-widget-wrap elementor-element-populated\">\n\t\t\t\t\t\t<div class=\"elementor-element elementor-element-abbb618 elementor-widget elementor-widget-text-editor\" data-id=\"abbb618\" data-element_type=\"widget\" data-e-type=\"widget\" data-widget_type=\"text-editor.default\">\n\t\t\t\t<div class=\"elementor-widget-container\">\n\t\t\t\t\t\t\t\t\t<table class=\"table\" data-striping=\"1\"><tbody><tr class=\"hidden expanded\"><td>Power Trim<\/td><td>Nu<\/td><\/tr><tr class=\"hidden expanded\"><td>Power Steering<\/td><td>Da<\/td><\/tr><tr class=\"hidden expanded\"><td>Lift-Assist<\/td><td>Nu<\/td><\/tr><tr class=\"hidden expanded\"><td>Bowguard<\/td><td>Nu<\/td><\/tr><tr class=\"hidden expanded\"><td>Wireless Remote<\/td><td>Nu<\/td><\/tr><tr class=\"hidden expanded\"><td>AutoPilot<\/td><td>Nu<\/td><\/tr><tr class=\"hidden expanded\"><td>CoPilot<\/td><td>Nu<\/td><\/tr><tr class=\"hidden expanded\"><td>Speeds<\/td><td>Variabil<\/td><\/tr><tr class=\"hidden expanded\"><td>Digital Maximizer<\/td><td>Da<\/td><\/tr><tr class=\"hidden expanded\"><td>Battery Meter<\/td><td>Da<\/td><\/tr><tr class=\"hidden expanded\"><td>Max Amp Draw<\/td><td>42<\/td><\/tr><tr class=\"hidden expanded\"><td>Mount Style<\/td><td>Bolt-On<\/td><\/tr><tr class=\"hidden expanded\"><td>Mounting Location<\/td><td>Bow-Mount<\/td><\/tr><tr class=\"hidden expanded\"><td>Motor Style<\/td><td>Electric-steer<\/td><\/tr><tr class=\"hidden expanded\"><td>Prop<\/td><td>Power Prop (MKP-2)<\/td><\/tr><tr class=\"hidden expanded\"><td>Garan\u021bie<\/td><td>2 ani<\/td><\/tr><\/tbody><\/table><p>\u00a0<\/p>\t\t\t\t\t\t\t\t<\/div>\n\t\t\t\t<\/div>\n\t\t\t\t\t<\/div>\n\t\t<\/div>\n\t\t\t\t\t<\/div>\n\t\t<\/section>\n\t\t\t\t<section class=\"elementor-section elementor-top-section elementor-element elementor-element-12354d7 elementor-section-boxed elementor-section-height-default elementor-section-height-default\" data-id=\"12354d7\" data-element_type=\"section\" data-e-type=\"section\">\n\t\t\t\t\t\t<div class=\"elementor-container elementor-column-gap-default\">\n\t\t\t\t\t<div class=\"elementor-column elementor-col-100 elementor-top-column elementor-element elementor-element-e81000d\" data-id=\"e81000d\" data-element_type=\"column\" data-e-type=\"column\">\n\t\t\t<div class=\"elementor-widget-wrap elementor-element-populated\">\n\t\t\t\t\t\t<div class=\"elementor-element elementor-element-10036f6 elementor-widget elementor-widget-spacer\" data-id=\"10036f6\" data-element_type=\"widget\" data-e-type=\"widget\" data-widget_type=\"spacer.default\">\n\t\t\t\t<div class=\"elementor-widget-container\">\n\t\t\t\t\t\t\t<div class=\"elementor-spacer\">\n\t\t\t<div class=\"elementor-spacer-inner\"><\/div>\n\t\t<\/div>\n\t\t\t\t\t\t<\/div>\n\t\t\t\t<\/div>\n\t\t\t\t<div class=\"elementor-element elementor-element-f3c19f6 elementor-widget elementor-widget-heading\" data-id=\"f3c19f6\" data-element_type=\"widget\" data-e-type=\"widget\" data-widget_type=\"heading.default\">\n\t\t\t\t<div class=\"elementor-widget-container\">\n\t\t\t\t\t<h5 class=\"elementor-heading-title elementor-size-default\">Caracteristici principale<\/h5>\t\t\t\t<\/div>\n\t\t\t\t<\/div>\n\t\t\t\t\t<\/div>\n\t\t<\/div>\n\t\t\t\t\t<\/div>\n\t\t<\/section>\n\t\t\t\t<section class=\"elementor-section elementor-top-section elementor-element elementor-element-5ee294a elementor-section-boxed elementor-section-height-default elementor-section-height-default\" data-id=\"5ee294a\" data-element_type=\"section\" data-e-type=\"section\">\n\t\t\t\t\t\t<div class=\"elementor-container elementor-column-gap-default\">\n\t\t\t\t\t<div class=\"elementor-column elementor-col-100 elementor-top-column elementor-element elementor-element-f7c7fe2\" data-id=\"f7c7fe2\" data-element_type=\"column\" data-e-type=\"column\">\n\t\t\t<div class=\"elementor-widget-wrap elementor-element-populated\">\n\t\t\t\t\t\t<div class=\"elementor-element elementor-element-090fcb3 elementor-widget elementor-widget-text-editor\" data-id=\"090fcb3\" data-element_type=\"widget\" data-e-type=\"widget\" data-widget_type=\"text-editor.default\">\n\t\t\t\t<div class=\"elementor-widget-container\">\n\t\t\t\t\t\t\t\t\t<p>Manet\u0103 Deploy-Assist: Intr\u0103 \u0219i ie\u0219i u\u0219or din ap\u0103. Pur \u0219i simplu apas\u0103 maneta pentru a-\u021bi desf\u0103\u0219ura motorul de pescuit \u0219i c\u00e2nd este timpul s\u0103 te mi\u0219ti, se depoziteaz\u0103 u\u0219or \u0219i \u00een siguran\u021b\u0103.<\/p><p>Sistem avansat de pescuit GPS: Cel mai de \u00eencredere sistem de naviga\u021bie \u00een pescuit. PowerDrive utilizeaz\u0103 GPS-ul pentru a controla motorul t\u0103u de pescuit cu caracteristici de neegalat care te men\u021bin pe pe\u0219tei. Seteaz\u0103 Spot-Locks, controleaz\u0103 viteza \u0219i direc\u021bia \u0219i multe altele. Minn Kota face pozi\u021bionarea \u0219i controlul b\u0103rcii automate, iar tu po\u021bi prelua comanda de la simpla micro-telecomand\u0103 PowerDrive.<\/p><p>Indicatoare de testare a bateriei Push-to-Test: Apas\u0103 un buton pentru a ob\u021bine instantaneu o citire a &#8222;st\u0103rii de \u00eenc\u0103rcare&#8221;.<\/p><p>Digital Maximizer\u2122: Ofer\u0103 p\u00e2n\u0103 la 5 ori mai mult timp de func\u021bionare pe o singur\u0103 \u00eenc\u0103rcare a bateriei. Aceste motoare de pescuit cu vitez\u0103 variabil\u0103 \u00ee\u021bi permit s\u0103 reglezi viteza exact\u0103 \u0219i livreaz\u0103 doar c\u00e2t\u0103 putere ai nevoie, ajut\u00e2nd la conservarea bateriei pentru o zi \u00eentreag\u0103 de pescuit.<\/p><p>Power Prop: Ofer\u0103 putere suplimentar\u0103 pentru a trece prin orice scenariu de pescuit \u0219i exceland \u00een ape deschise.<\/p><p>Ax compozit indestructibil \u2014 Garantat pe via\u021b\u0103: La baza motorului t\u0103u de pescuit Minn Kota se afl\u0103 un ax compozit indestructibil. Este o exclusivitate Minn Kota, iar noi \u00eel garant\u0103m pe via\u021b\u0103.<\/p><p>Putere r\u0103coroas\u0103 \u0219i lini\u0219tit\u0103: Fiecare unitate inferioar\u0103 Minn Kota func\u021bioneaz\u0103 la temperaturi sc\u0103zute pentru a-\u0219i extinde durata de via\u021b\u0103 a motorului de pescuit \u0219i r\u0103m\u00e2ne lini\u0219tit\u0103.<\/p><p>Ce este inclus: Motor PowerDrive 45 lb. 48&#8243;, Pedal\u0103 de picior cu cablu, Elice MKP-2 \u0219i Hardware de montare.<\/p>\t\t\t\t\t\t\t\t<\/div>\n\t\t\t\t<\/div>\n\t\t\t\t\t<\/div>\n\t\t<\/div>\n\t\t\t\t\t<\/div>\n\t\t<\/section>\n\t\t\t\t<\/div>\n\t\t","protected":false},"excerpt":{"rendered":"<p>&nbsp;<\/p>\n<p>Motor electric Minn Kota PowerDrive cu pedal\u0103 de picior \/ 45 lb. \/ 122 cm<\/p>\n<p>PowerDrive\u2122 este mai mult dec\u00e2t un motor electric pentru pescuit; este companionul t\u0103u de \u00eencredere \u00een fiecare aventur\u0103 de pescuit. Indiferent dac\u0103 navighezi pe ape lini\u0219tite sau abordezi condi\u021bii dificile, PowerDrive\u2122 este complet capabil \u0219i echipat cu tehnologie de v\u00e2rf pentru a-\u021bi \u00eembun\u0103t\u0103\u021bi experien\u021ba de naviga\u021bie.<\/p>\n<p>Cu func\u021bii precum operarea u\u0219oar\u0103 prin pedala de picior sau telecomanda micro Minn Kota, po\u021bi manevra cu precizie barca ta f\u0103r\u0103 efort. Placa de montaj durabil\u0103 nu este doar elegant\u0103, ci \u0219i construit\u0103 pentru a rezista provoc\u0103rilor utiliz\u0103rii regulate, asigur\u00e2nd c\u0103 PowerDrive\u2122 continu\u0103 s\u0103 ofere performan\u021be remarcabile zi de zi.<\/p>\n<p>Experimenteaz\u0103 puterea \u0219i eficien\u021ba PowerDrive\u2122 doar la Boats Expert, unde calitatea se \u00eent\u00e2lne\u0219te cu fiabilitatea pentru nevoile tale de naviga\u021bie din Rom\u00e2nia.<\/p>\n","protected":false},"featured_media":29874,"comment_status":"open","ping_status":"closed","template":"","meta":{"_acf_changed":false,"inline_featured_image":false},"product_brand":[],"product_cat":[87],"product_tag":[],"class_list":{"0":"post-29870","1":"product","2":"type-product","3":"status-publish","4":"has-post-thumbnail","6":"product_cat-minn-kota-ro","7":"tt-post","9":"first","10":"instock","11":"shipping-taxable","12":"purchasable","13":"product-type-simple"},"acf":[],"yoast_head":"<!-- This site is optimized with the Yoast SEO plugin v27.4 - https:\/\/yoast.com\/product\/yoast-seo-wordpress\/ -->\n<title>Motor electric Minn Kota PowerDrive cu pedal\u0103 de picior 45 lb. \/ Shaft 122 cm<\/title>\n<meta name=\"description\" content=\"Romania | Motoare electrice Minn Kota PowerDrive pentru b\u0103rci de la Boats Expert cu livrare \u00een toat\u0103 tara. Garantare, instalare la cel mai bun pret.\" \/>\n<meta name=\"robots\" content=\"index, follow, max-snippet:-1, max-image-preview:large, max-video-preview:-1\" \/>\n<link rel=\"canonical\" href=\"https:\/\/boat-demo.axiomprotocol.org\/ro\/produs\/motor-electric-minn-kota-powerdrive-cu-pedala-de-picior-45-lb-shaft-122-cm\/\" \/>\n<meta property=\"og:locale\" content=\"ro_RO\" \/>\n<meta property=\"og:type\" content=\"article\" \/>\n<meta property=\"og:title\" content=\"Motor electric Minn Kota PowerDrive cu pedal\u0103 de picior 45 lb. \/ Shaft 122 cm\" \/>\n<meta property=\"og:description\" content=\"Romania | Motoare electrice Minn Kota PowerDrive pentru b\u0103rci de la Boats Expert cu livrare \u00een toat\u0103 tara. Garantare, instalare la cel mai bun pret.\" \/>\n<meta property=\"og:url\" content=\"https:\/\/boat-demo.axiomprotocol.org\/ro\/produs\/motor-electric-minn-kota-powerdrive-cu-pedala-de-picior-45-lb-shaft-122-cm\/\" \/>\n<meta property=\"og:site_name\" content=\"BoatsExpert\" \/>\n<meta property=\"article:modified_time\" content=\"2024-03-22T15:49:09+00:00\" \/>\n<meta property=\"og:image\" content=\"https:\/\/boat-demo.axiomprotocol.org\/wp-content\/uploads\/2024\/03\/MK_PowerDrive_HeroAlt.jpg\" \/>\n\t<meta property=\"og:image:width\" content=\"555\" \/>\n\t<meta property=\"og:image:height\" content=\"478\" \/>\n\t<meta property=\"og:image:type\" content=\"image\/jpeg\" \/>\n<meta name=\"twitter:card\" content=\"summary_large_image\" \/>\n<meta name=\"twitter:label1\" content=\"Timp estimat pentru citire\" \/>\n\t<meta name=\"twitter:data1\" content=\"2 minute\" \/>\n<script type=\"application\/ld+json\" class=\"yoast-schema-graph\">{\"@context\":\"https:\\\/\\\/schema.org\",\"@graph\":[{\"@type\":\"WebPage\",\"@id\":\"https:\\\/\\\/boat-demo.axiomprotocol.org\\\/ro\\\/produs\\\/motor-electric-minn-kota-powerdrive-cu-pedala-de-picior-45-lb-shaft-122-cm\\\/\",\"url\":\"https:\\\/\\\/boat-demo.axiomprotocol.org\\\/ro\\\/produs\\\/motor-electric-minn-kota-powerdrive-cu-pedala-de-picior-45-lb-shaft-122-cm\\\/\",\"name\":\"Motor electric Minn Kota PowerDrive cu pedal\u0103 de picior 45 lb. \\\/ Shaft 122 cm\",\"isPartOf\":{\"@id\":\"https:\\\/\\\/boat-demo.axiomprotocol.org\\\/ro\\\/#website\"},\"primaryImageOfPage\":{\"@id\":\"https:\\\/\\\/boat-demo.axiomprotocol.org\\\/ro\\\/produs\\\/motor-electric-minn-kota-powerdrive-cu-pedala-de-picior-45-lb-shaft-122-cm\\\/#primaryimage\"},\"image\":{\"@id\":\"https:\\\/\\\/boat-demo.axiomprotocol.org\\\/ro\\\/produs\\\/motor-electric-minn-kota-powerdrive-cu-pedala-de-picior-45-lb-shaft-122-cm\\\/#primaryimage\"},\"thumbnailUrl\":\"https:\\\/\\\/boat-demo.axiomprotocol.org\\\/wp-content\\\/uploads\\\/2024\\\/03\\\/MK_PowerDrive_HeroAlt.jpg\",\"datePublished\":\"2024-03-18T10:40:17+00:00\",\"dateModified\":\"2024-03-22T15:49:09+00:00\",\"description\":\"Romania | Motoare electrice Minn Kota PowerDrive pentru b\u0103rci de la Boats Expert cu livrare \u00een toat\u0103 tara. Garantare, instalare la cel mai bun pret.\",\"breadcrumb\":{\"@id\":\"https:\\\/\\\/boat-demo.axiomprotocol.org\\\/ro\\\/produs\\\/motor-electric-minn-kota-powerdrive-cu-pedala-de-picior-45-lb-shaft-122-cm\\\/#breadcrumb\"},\"inLanguage\":\"ro-RO\",\"potentialAction\":[{\"@type\":\"ReadAction\",\"target\":[\"https:\\\/\\\/boat-demo.axiomprotocol.org\\\/ro\\\/produs\\\/motor-electric-minn-kota-powerdrive-cu-pedala-de-picior-45-lb-shaft-122-cm\\\/\"]}]},{\"@type\":\"ImageObject\",\"inLanguage\":\"ro-RO\",\"@id\":\"https:\\\/\\\/boat-demo.axiomprotocol.org\\\/ro\\\/produs\\\/motor-electric-minn-kota-powerdrive-cu-pedala-de-picior-45-lb-shaft-122-cm\\\/#primaryimage\",\"url\":\"https:\\\/\\\/boat-demo.axiomprotocol.org\\\/wp-content\\\/uploads\\\/2024\\\/03\\\/MK_PowerDrive_HeroAlt.jpg\",\"contentUrl\":\"https:\\\/\\\/boat-demo.axiomprotocol.org\\\/wp-content\\\/uploads\\\/2024\\\/03\\\/MK_PowerDrive_HeroAlt.jpg\",\"width\":555,\"height\":478,\"caption\":\"MK PowerDrive\"},{\"@type\":\"BreadcrumbList\",\"@id\":\"https:\\\/\\\/boat-demo.axiomprotocol.org\\\/ro\\\/produs\\\/motor-electric-minn-kota-powerdrive-cu-pedala-de-picior-45-lb-shaft-122-cm\\\/#breadcrumb\",\"itemListElement\":[{\"@type\":\"ListItem\",\"position\":1,\"name\":\"Home\",\"item\":\"https:\\\/\\\/boat-demo.axiomprotocol.org\\\/\"},{\"@type\":\"ListItem\",\"position\":2,\"name\":\"Shop Online &#8211; cel mai bun magazin pentru echipamente pentru b\u0103rci\",\"item\":\"https:\\\/\\\/boat-demo.axiomprotocol.org\\\/ro\\\/shop-ro\\\/\"},{\"@type\":\"ListItem\",\"position\":3,\"name\":\"Motor electric Minn Kota PowerDrive cu pedal\u0103 de picior 45 lb. \\\/ Shaft 122 cm\"}]},{\"@type\":\"WebSite\",\"@id\":\"https:\\\/\\\/boat-demo.axiomprotocol.org\\\/ro\\\/#website\",\"url\":\"https:\\\/\\\/boat-demo.axiomprotocol.org\\\/ro\\\/\",\"name\":\"BoatsExpert\",\"description\":\"Boats, Service, Equipment\",\"publisher\":{\"@id\":\"https:\\\/\\\/boat-demo.axiomprotocol.org\\\/ro\\\/#organization\"},\"potentialAction\":[{\"@type\":\"SearchAction\",\"target\":{\"@type\":\"EntryPoint\",\"urlTemplate\":\"https:\\\/\\\/boat-demo.axiomprotocol.org\\\/ro\\\/?s={search_term_string}\"},\"query-input\":{\"@type\":\"PropertyValueSpecification\",\"valueRequired\":true,\"valueName\":\"search_term_string\"}}],\"inLanguage\":\"ro-RO\"},{\"@type\":\"Organization\",\"@id\":\"https:\\\/\\\/boat-demo.axiomprotocol.org\\\/ro\\\/#organization\",\"name\":\"BoatsExpert\",\"url\":\"https:\\\/\\\/boat-demo.axiomprotocol.org\\\/ro\\\/\",\"logo\":{\"@type\":\"ImageObject\",\"inLanguage\":\"ro-RO\",\"@id\":\"https:\\\/\\\/boat-demo.axiomprotocol.org\\\/ro\\\/#\\\/schema\\\/logo\\\/image\\\/\",\"url\":\"https:\\\/\\\/boat-demo.axiomprotocol.org\\\/wp-content\\\/uploads\\\/2023\\\/05\\\/white-logo60.svg\",\"contentUrl\":\"https:\\\/\\\/boat-demo.axiomprotocol.org\\\/wp-content\\\/uploads\\\/2023\\\/05\\\/white-logo60.svg\",\"width\":90,\"height\":60,\"caption\":\"BoatsExpert\"},\"image\":{\"@id\":\"https:\\\/\\\/boat-demo.axiomprotocol.org\\\/ro\\\/#\\\/schema\\\/logo\\\/image\\\/\"}}]}<\/script>\n<!-- \/ Yoast SEO plugin. -->","yoast_head_json":{"title":"Motor electric Minn Kota PowerDrive cu pedal\u0103 de picior 45 lb. \/ Shaft 122 cm","description":"Romania | Motoare electrice Minn Kota PowerDrive pentru b\u0103rci de la Boats Expert cu livrare \u00een toat\u0103 tara. Garantare, instalare la cel mai bun pret.","robots":{"index":"index","follow":"follow","max-snippet":"max-snippet:-1","max-image-preview":"max-image-preview:large","max-video-preview":"max-video-preview:-1"},"canonical":"https:\/\/boat-demo.axiomprotocol.org\/ro\/produs\/motor-electric-minn-kota-powerdrive-cu-pedala-de-picior-45-lb-shaft-122-cm\/","og_locale":"ro_RO","og_type":"article","og_title":"Motor electric Minn Kota PowerDrive cu pedal\u0103 de picior 45 lb. \/ Shaft 122 cm","og_description":"Romania | Motoare electrice Minn Kota PowerDrive pentru b\u0103rci de la Boats Expert cu livrare \u00een toat\u0103 tara. Garantare, instalare la cel mai bun pret.","og_url":"https:\/\/boat-demo.axiomprotocol.org\/ro\/produs\/motor-electric-minn-kota-powerdrive-cu-pedala-de-picior-45-lb-shaft-122-cm\/","og_site_name":"BoatsExpert","article_modified_time":"2024-03-22T15:49:09+00:00","og_image":[{"width":555,"height":478,"url":"https:\/\/boat-demo.axiomprotocol.org\/wp-content\/uploads\/2024\/03\/MK_PowerDrive_HeroAlt.jpg","type":"image\/jpeg"}],"twitter_card":"summary_large_image","twitter_misc":{"Timp estimat pentru citire":"2 minute"},"schema":{"@context":"https:\/\/schema.org","@graph":[{"@type":"WebPage","@id":"https:\/\/boat-demo.axiomprotocol.org\/ro\/produs\/motor-electric-minn-kota-powerdrive-cu-pedala-de-picior-45-lb-shaft-122-cm\/","url":"https:\/\/boat-demo.axiomprotocol.org\/ro\/produs\/motor-electric-minn-kota-powerdrive-cu-pedala-de-picior-45-lb-shaft-122-cm\/","name":"Motor electric Minn Kota PowerDrive cu pedal\u0103 de picior 45 lb. \/ Shaft 122 cm","isPartOf":{"@id":"https:\/\/boat-demo.axiomprotocol.org\/ro\/#website"},"primaryImageOfPage":{"@id":"https:\/\/boat-demo.axiomprotocol.org\/ro\/produs\/motor-electric-minn-kota-powerdrive-cu-pedala-de-picior-45-lb-shaft-122-cm\/#primaryimage"},"image":{"@id":"https:\/\/boat-demo.axiomprotocol.org\/ro\/produs\/motor-electric-minn-kota-powerdrive-cu-pedala-de-picior-45-lb-shaft-122-cm\/#primaryimage"},"thumbnailUrl":"https:\/\/boat-demo.axiomprotocol.org\/wp-content\/uploads\/2024\/03\/MK_PowerDrive_HeroAlt.jpg","datePublished":"2024-03-18T10:40:17+00:00","dateModified":"2024-03-22T15:49:09+00:00","description":"Romania | Motoare electrice Minn Kota PowerDrive pentru b\u0103rci de la Boats Expert cu livrare \u00een toat\u0103 tara. Garantare, instalare la cel mai bun pret.","breadcrumb":{"@id":"https:\/\/boat-demo.axiomprotocol.org\/ro\/produs\/motor-electric-minn-kota-powerdrive-cu-pedala-de-picior-45-lb-shaft-122-cm\/#breadcrumb"},"inLanguage":"ro-RO","potentialAction":[{"@type":"ReadAction","target":["https:\/\/boat-demo.axiomprotocol.org\/ro\/produs\/motor-electric-minn-kota-powerdrive-cu-pedala-de-picior-45-lb-shaft-122-cm\/"]}]},{"@type":"ImageObject","inLanguage":"ro-RO","@id":"https:\/\/boat-demo.axiomprotocol.org\/ro\/produs\/motor-electric-minn-kota-powerdrive-cu-pedala-de-picior-45-lb-shaft-122-cm\/#primaryimage","url":"https:\/\/boat-demo.axiomprotocol.org\/wp-content\/uploads\/2024\/03\/MK_PowerDrive_HeroAlt.jpg","contentUrl":"https:\/\/boat-demo.axiomprotocol.org\/wp-content\/uploads\/2024\/03\/MK_PowerDrive_HeroAlt.jpg","width":555,"height":478,"caption":"MK PowerDrive"},{"@type":"BreadcrumbList","@id":"https:\/\/boat-demo.axiomprotocol.org\/ro\/produs\/motor-electric-minn-kota-powerdrive-cu-pedala-de-picior-45-lb-shaft-122-cm\/#breadcrumb","itemListElement":[{"@type":"ListItem","position":1,"name":"Home","item":"https:\/\/boat-demo.axiomprotocol.org\/"},{"@type":"ListItem","position":2,"name":"Shop Online &#8211; cel mai bun magazin pentru echipamente pentru b\u0103rci","item":"https:\/\/boat-demo.axiomprotocol.org\/ro\/shop-ro\/"},{"@type":"ListItem","position":3,"name":"Motor electric Minn Kota PowerDrive cu pedal\u0103 de picior 45 lb. \/ Shaft 122 cm"}]},{"@type":"WebSite","@id":"https:\/\/boat-demo.axiomprotocol.org\/ro\/#website","url":"https:\/\/boat-demo.axiomprotocol.org\/ro\/","name":"BoatsExpert","description":"Boats, Service, Equipment","publisher":{"@id":"https:\/\/boat-demo.axiomprotocol.org\/ro\/#organization"},"potentialAction":[{"@type":"SearchAction","target":{"@type":"EntryPoint","urlTemplate":"https:\/\/boat-demo.axiomprotocol.org\/ro\/?s={search_term_string}"},"query-input":{"@type":"PropertyValueSpecification","valueRequired":true,"valueName":"search_term_string"}}],"inLanguage":"ro-RO"},{"@type":"Organization","@id":"https:\/\/boat-demo.axiomprotocol.org\/ro\/#organization","name":"BoatsExpert","url":"https:\/\/boat-demo.axiomprotocol.org\/ro\/","logo":{"@type":"ImageObject","inLanguage":"ro-RO","@id":"https:\/\/boat-demo.axiomprotocol.org\/ro\/#\/schema\/logo\/image\/","url":"https:\/\/boat-demo.axiomprotocol.org\/wp-content\/uploads\/2023\/05\/white-logo60.svg","contentUrl":"https:\/\/boat-demo.axiomprotocol.org\/wp-content\/uploads\/2023\/05\/white-logo60.svg","width":90,"height":60,"caption":"BoatsExpert"},"image":{"@id":"https:\/\/boat-demo.axiomprotocol.org\/ro\/#\/schema\/logo\/image\/"}}]}},"_links":{"self":[{"href":"https:\/\/boat-demo.axiomprotocol.org\/ro\/wp-json\/wp\/v2\/product\/29870","targetHints":{"allow":["GET"]}}],"collection":[{"href":"https:\/\/boat-demo.axiomprotocol.org\/ro\/wp-json\/wp\/v2\/product"}],"about":[{"href":"https:\/\/boat-demo.axiomprotocol.org\/ro\/wp-json\/wp\/v2\/types\/product"}],"replies":[{"embeddable":true,"href":"https:\/\/boat-demo.axiomprotocol.org\/ro\/wp-json\/wp\/v2\/comments?post=29870"}],"version-history":[{"count":12,"href":"https:\/\/boat-demo.axiomprotocol.org\/ro\/wp-json\/wp\/v2\/product\/29870\/revisions"}],"predecessor-version":[{"id":30506,"href":"https:\/\/boat-demo.axiomprotocol.org\/ro\/wp-json\/wp\/v2\/product\/29870\/revisions\/30506"}],"wp:featuredmedia":[{"embeddable":true,"href":"https:\/\/boat-demo.axiomprotocol.org\/ro\/wp-json\/wp\/v2\/media\/29874"}],"wp:attachment":[{"href":"https:\/\/boat-demo.axiomprotocol.org\/ro\/wp-json\/wp\/v2\/media?parent=29870"}],"wp:term":[{"taxonomy":"product_brand","embeddable":true,"href":"https:\/\/boat-demo.axiomprotocol.org\/ro\/wp-json\/wp\/v2\/product_brand?post=29870"},{"taxonomy":"product_cat","embeddable":true,"href":"https:\/\/boat-demo.axiomprotocol.org\/ro\/wp-json\/wp\/v2\/product_cat?post=29870"},{"taxonomy":"product_tag","embeddable":true,"href":"https:\/\/boat-demo.axiomprotocol.org\/ro\/wp-json\/wp\/v2\/product_tag?post=29870"}],"curies":[{"name":"wp","href":"https:\/\/api.w.org\/{rel}","templated":true}]}}