{"id":29655,"date":"2024-03-15T15:11:22","date_gmt":"2024-03-15T12:11:22","guid":{"rendered":"https:\/\/boat-demo.axiomprotocol.org\/?post_type=product&#038;p=29655"},"modified":"2024-03-22T15:51:59","modified_gmt":"2024-03-22T12:51:59","slug":"motor-electric-minn-kota-ulterra-80-lb-cu-transductor-si-telecomanda-wireless-dsc-shaft-152cm","status":"publish","type":"product","link":"https:\/\/boat-demo.axiomprotocol.org\/ro\/produs\/motor-electric-minn-kota-ulterra-80-lb-cu-transductor-si-telecomanda-wireless-dsc-shaft-152cm\/","title":{"rendered":"Motor electric Minn Kota Ulterra 80 lb. \/ cu transductor \u0219i telecomand\u0103 wireless \/ DSC \/ Shaft 152cm"},"content":{"rendered":"\t\t<div data-elementor-type=\"wp-post\" data-elementor-id=\"29655\" class=\"elementor elementor-29655 elementor-29654\">\n\t\t\t\t\t\t<section class=\"elementor-section elementor-top-section elementor-element elementor-element-9605acf elementor-section-boxed elementor-section-height-default elementor-section-height-default\" data-id=\"9605acf\" data-element_type=\"section\" data-e-type=\"section\">\n\t\t\t\t\t\t<div class=\"elementor-container elementor-column-gap-default\">\n\t\t\t\t\t<div class=\"elementor-column elementor-col-100 elementor-top-column elementor-element elementor-element-8a9a826\" data-id=\"8a9a826\" data-element_type=\"column\" data-e-type=\"column\">\n\t\t\t<div class=\"elementor-widget-wrap elementor-element-populated\">\n\t\t\t\t\t\t<div class=\"elementor-element elementor-element-a0cb3d1 elementor-widget elementor-widget-heading\" data-id=\"a0cb3d1\" data-element_type=\"widget\" data-e-type=\"widget\" data-widget_type=\"heading.default\">\n\t\t\t\t<div class=\"elementor-widget-container\">\n\t\t\t\t\t<h5 class=\"elementor-heading-title elementor-size-default\">Caracteristici<\/h5>\t\t\t\t<\/div>\n\t\t\t\t<\/div>\n\t\t\t\t\t<\/div>\n\t\t<\/div>\n\t\t\t\t\t<\/div>\n\t\t<\/section>\n\t\t\t\t<section class=\"elementor-section elementor-top-section elementor-element elementor-element-280cafd elementor-section-boxed elementor-section-height-default elementor-section-height-default\" data-id=\"280cafd\" data-element_type=\"section\" data-e-type=\"section\">\n\t\t\t\t\t\t<div class=\"elementor-container elementor-column-gap-default\">\n\t\t\t\t\t<div class=\"elementor-column elementor-col-50 elementor-top-column elementor-element elementor-element-c5739d1\" data-id=\"c5739d1\" data-element_type=\"column\" data-e-type=\"column\">\n\t\t\t<div class=\"elementor-widget-wrap elementor-element-populated\">\n\t\t\t\t\t\t<div class=\"elementor-element elementor-element-f9dda1a elementor-widget elementor-widget-text-editor\" data-id=\"f9dda1a\" data-element_type=\"widget\" data-e-type=\"widget\" data-widget_type=\"text-editor.default\">\n\t\t\t\t<div class=\"elementor-widget-container\">\n\t\t\t\t\t\t\t\t\t<table class=\"table\" data-striping=\"1\"><tbody><tr class=\"expanded\"><td>Model<\/td><td>Ulterra 80 lb. Thrust, 60&#8243; Shaft, Dual Spectrum CHIRP Sonar, Wireless Remote<\/td><\/tr><tr class=\"expanded\"><td>Cod Produs<\/td><td>1358976M<\/td><\/tr><tr class=\"expanded\"><td>UPC<\/td><td>0029402051168<\/td><\/tr><tr class=\"expanded\"><td>Utilizare \u00een<\/td><td>Ap\u0103 dulce<\/td><\/tr><tr class=\"expanded\"><td>Lungimea axului<\/td><td>60 in (152 cm)<\/td><\/tr><tr class=\"expanded\"><td>Puterea maxim\u0103<\/td><td>80 lb<\/td><\/tr><tr class=\"expanded\"><td>Vol\u021bi<\/td><td>24<\/td><\/tr><tr class=\"expanded\"><td>One-Boat Network Compatible<\/td><td>Da<\/td><\/tr><tr class=\"expanded\"><td>QUEST Series<\/td><td>Nu<\/td><\/tr><tr class=\"expanded\"><td>Spot-Lock<\/td><td>Da<\/td><\/tr><tr class=\"expanded\"><td>Built-In Sonar<\/td><td>Dual Spectrum CHIRP<\/td><\/tr><tr class=\"hidden expanded\"><td>Foot Pedal Style<\/td><td>Heel-Toe \/ Electric<\/td><\/tr><tr class=\"hidden expanded\"><td>Control<\/td><td>Wireless Remote<\/td><\/tr><tr class=\"hidden expanded\"><td>Auto\/Stow Deploy<\/td><td>Da<\/td><\/tr><\/tbody><\/table>\t\t\t\t\t\t\t\t<\/div>\n\t\t\t\t<\/div>\n\t\t\t\t\t<\/div>\n\t\t<\/div>\n\t\t\t\t<div class=\"elementor-column elementor-col-50 elementor-top-column elementor-element elementor-element-248c5b9\" data-id=\"248c5b9\" data-element_type=\"column\" data-e-type=\"column\">\n\t\t\t<div class=\"elementor-widget-wrap elementor-element-populated\">\n\t\t\t\t\t\t<div class=\"elementor-element elementor-element-abbb618 elementor-widget elementor-widget-text-editor\" data-id=\"abbb618\" data-element_type=\"widget\" data-e-type=\"widget\" data-widget_type=\"text-editor.default\">\n\t\t\t\t<div class=\"elementor-widget-container\">\n\t\t\t\t\t\t\t\t\t<table class=\"table\" data-striping=\"1\"><tbody><tr class=\"hidden expanded\"><td>Power Trim<\/td><td>Da<\/td><\/tr><tr class=\"hidden expanded\"><td>Power Steering<\/td><td>Da<\/td><\/tr><tr class=\"hidden expanded\"><td>Lift-Assist<\/td><td>Nu<\/td><\/tr><tr class=\"hidden expanded\"><td>Bowguard<\/td><td>Nu<\/td><\/tr><tr class=\"hidden expanded\"><td>Wireless Remote<\/td><td>Da<\/td><\/tr><tr class=\"hidden expanded\"><td>AutoPilot<\/td><td>Da<\/td><\/tr><tr class=\"hidden expanded\"><td>CoPilot<\/td><td>Nu<\/td><\/tr><tr class=\"hidden expanded\"><td>Speeds<\/td><td>Variabil<\/td><\/tr><tr class=\"hidden expanded\"><td>Digital Maximizer<\/td><td>Da<\/td><\/tr><tr class=\"hidden expanded\"><td>Battery Meter<\/td><td>Da<\/td><\/tr><tr class=\"hidden expanded\"><td>Max Amp Draw<\/td><td>56<\/td><\/tr><tr class=\"hidden expanded\"><td>Mount Style<\/td><td>Bolt-On<\/td><\/tr><tr class=\"hidden expanded\"><td>Mounting Location<\/td><td>Bow-Mount<\/td><\/tr><tr class=\"hidden expanded\"><td>Motor Style<\/td><td>Electric-steer<\/td><\/tr><tr class=\"hidden expanded\"><td>Prop<\/td><td>Power Prop (MKP-40)<\/td><\/tr><tr class=\"hidden expanded\"><td>Garan\u021bie<\/td><td>3 ani cu \u00eenregistrare<\/td><\/tr><\/tbody><\/table>\t\t\t\t\t\t\t\t<\/div>\n\t\t\t\t<\/div>\n\t\t\t\t\t<\/div>\n\t\t<\/div>\n\t\t\t\t\t<\/div>\n\t\t<\/section>\n\t\t\t\t<section class=\"elementor-section elementor-top-section elementor-element elementor-element-12354d7 elementor-section-boxed elementor-section-height-default elementor-section-height-default\" data-id=\"12354d7\" data-element_type=\"section\" data-e-type=\"section\">\n\t\t\t\t\t\t<div class=\"elementor-container elementor-column-gap-default\">\n\t\t\t\t\t<div class=\"elementor-column elementor-col-100 elementor-top-column elementor-element elementor-element-e81000d\" data-id=\"e81000d\" data-element_type=\"column\" data-e-type=\"column\">\n\t\t\t<div class=\"elementor-widget-wrap elementor-element-populated\">\n\t\t\t\t\t\t<div class=\"elementor-element elementor-element-10036f6 elementor-widget elementor-widget-spacer\" data-id=\"10036f6\" data-element_type=\"widget\" data-e-type=\"widget\" data-widget_type=\"spacer.default\">\n\t\t\t\t<div class=\"elementor-widget-container\">\n\t\t\t\t\t\t\t<div class=\"elementor-spacer\">\n\t\t\t<div class=\"elementor-spacer-inner\"><\/div>\n\t\t<\/div>\n\t\t\t\t\t\t<\/div>\n\t\t\t\t<\/div>\n\t\t\t\t<div class=\"elementor-element elementor-element-f3c19f6 elementor-widget elementor-widget-heading\" data-id=\"f3c19f6\" data-element_type=\"widget\" data-e-type=\"widget\" data-widget_type=\"heading.default\">\n\t\t\t\t<div class=\"elementor-widget-container\">\n\t\t\t\t\t<h5 class=\"elementor-heading-title elementor-size-default\">Caracteristici principale<\/h5>\t\t\t\t<\/div>\n\t\t\t\t<\/div>\n\t\t\t\t\t<\/div>\n\t\t<\/div>\n\t\t\t\t\t<\/div>\n\t\t<\/section>\n\t\t\t\t<section class=\"elementor-section elementor-top-section elementor-element elementor-element-5ee294a elementor-section-boxed elementor-section-height-default elementor-section-height-default\" data-id=\"5ee294a\" data-element_type=\"section\" data-e-type=\"section\">\n\t\t\t\t\t\t<div class=\"elementor-container elementor-column-gap-default\">\n\t\t\t\t\t<div class=\"elementor-column elementor-col-100 elementor-top-column elementor-element elementor-element-f7c7fe2\" data-id=\"f7c7fe2\" data-element_type=\"column\" data-e-type=\"column\">\n\t\t\t<div class=\"elementor-widget-wrap elementor-element-populated\">\n\t\t\t\t\t\t<div class=\"elementor-element elementor-element-090fcb3 elementor-widget elementor-widget-text-editor\" data-id=\"090fcb3\" data-element_type=\"widget\" data-e-type=\"widget\" data-widget_type=\"text-editor.default\">\n\t\t\t\t<div class=\"elementor-widget-container\">\n\t\t\t\t\t\t\t\t\t<p>Auto Stow &amp; Deploy: Stoca\u021bi sau lansati Ulterra doar ap\u0103s\u00e2nd un buton pe telecomanda wireless, pe pedala de picior, \u00een aplica\u021bia One-Boat Network sau pe sonarul Humminbird.<\/p><p>Power Trim: Regla\u021bi \u00een sus sau \u00een jos Ulterra cu o simpl\u0103 ap\u0103sare de buton &#8211; fie pe pedala de picior, fie pe telecomanda wireless, \u00een aplica\u021bia One-Boat Network sau pe un sonar Humminbird. Ajusta\u021bi-v\u0103 la condi\u021biile de pescuit \u00een schimbare f\u0103r\u0103 s\u0103 v\u0103 apleca\u021bi spre motorul electric.<\/p><p>Sistem Avansat de trena GPS: Cel mai de \u00eencredere sistem de naviga\u021bie \u00een pescuit. Ulterra utilizeaz\u0103 GPS-ul pentru a controla motorul electric cu caracteristici inegalabile care v\u0103 men\u021bin \u00een apropierea pe\u0219tilor. Seta\u021bi Spot-Locks, \u00eenregistra\u021bi trasee, controla\u021bi viteza \u0219i direc\u021bia \u0219i multe altele. Minn Kota face pozi\u021bionarea \u0219i controlul b\u0103rcii automate, iar dvs. pute\u021bi prelua comanda de pe ecranul LCD u\u0219or de citit al telecomenzii wireless a lui Ulterra.<\/p><p>Parte a Re\u021belei One-Boat: Motoarele Minn Kota vin standard cu tot ce ave\u021bi nevoie pentru a v\u0103 conecta la unele sonare Humminbird. Conecta\u021bi \u0219i controla\u021bi motorul dvs. electric, ancora pentru ape pu\u021bin ad\u00e2nci \u0219i sonarul prin aplica\u021bia One-Boat Network pe dispozitivele Apple\u00ae sau Android\u2122.<\/p><p>Spot-Lock cu Jog: Spot-Lock v\u0103 va men\u021bine \u00een loc cu o precizie GPS de neegalat. Spot-Lock v\u0103 ofer\u0103 puterea de a r\u0103m\u00e2ne exact deasupra oric\u0103rui loc de pescuit productiv, f\u0103r\u0103 a atinge motorul dvs. electric. Cu senzorul de orientare inclus, pute\u021bi utiliza Jog pentru a muta loca\u021bia Spot-Lock cinci picioare \u00een orice direc\u021bie.<\/p><p>Mod Drift: Aceast\u0103 caracteristic\u0103 nou\u0103 activeaz\u0103 automat controlul simultan al vitezei \u0219i traiectoriei, ceea ce \u00eenseamn\u0103 c\u0103 pescarii nu mai trebuie s\u0103 depind\u0103 de ancore de deriv\u0103, motoare secundare sau opera\u021bii manuale pentru a controla viteza pe ap\u0103 &#8211; chiar \u0219i \u00een cele mai puternice v\u00e2nturi \u0219i curente.<\/p><p>Sonar Dual Spectrum Chirp Integrat: P\u0103streaz\u0103 transductorul \u0219i cablajul complet ascunse \u0219i protejate rul\u00e2nd totul prin axul motorului de trolaj. Prin acoperirea unui spectru larg de frecven\u021be, CHIRP de la Humminbird\u00ae produce \u00eentoarceri mai precise \u0219i mai detaliate ale pe\u0219tilor, structurii \u0219i fundului dec\u00e2t sonarul tradi\u021bional.<\/p><p>Pedal\u0103 de Picior Electric\u0103 Programabil\u0103 Heel-Toe: Stoca\u021bi, desf\u0103\u0219ura\u021bi \u0219i ajusta\u021bi trim-ul la Ulterra, toate de pe pedala de picior &#8211; plus un buton programabil de utilizator pentru a avea cele mai utilizate func\u021bii la un clic distan\u021b\u0103, inclusiv: marca\u021bi un punct de referin\u021b\u0103, activa\u021bi AutoPilot sau stoca\u021bi sau retrage\u021bi ancorele pentru ape pu\u021bin ad\u00e2nci Minn Kota. Include un cablu de 18&#8242;.<\/p><p>Digital Maximizer\u2122: Ofer\u0103 p\u00e2n\u0103 la 5 ori mai mult timp de func\u021bionare pe o singur\u0103 \u00eenc\u0103rcare de baterie. Aceste motoare electrice cu vitez\u0103 variabil\u0103 v\u0103 permit s\u0103 ajusta\u021bi exact viteza \u0219i s\u0103 furniza\u021bi doar at\u00e2ta putere c\u00e2t ave\u021bi nevoie, ajut\u00e2nd la conservarea bateriei pentru o zi \u00eentreag\u0103 de pescuit.<\/p><p>Ax Compozit Indestructibil \u2014 Garantat pe Via\u021b\u0103: La baz\u0103 motorului dvs. electric Minn Kota se afl\u0103 un ax compozit indestructibil. Este un exclusiv Minn Kota, \u0219i \u00eel garant\u0103m pe via\u021b\u0103.<\/p><p>Ce Este Inclus: Motorul de trolaj Ulterra 80 lb. 60&#8243; cu Sonar Dual Spectrum CHIRP integrat, telecomand\u0103 wireless, breloc, pedala de picior cu cablu, elice MKP-39, cablu Ethernet de 30&#8242;, cabluri Humminbird HELIX pentru Ethernet \u0219i sonar \u00eencorporat, \u0219i hardware de montare.<\/p>\t\t\t\t\t\t\t\t<\/div>\n\t\t\t\t<\/div>\n\t\t\t\t\t<\/div>\n\t\t<\/div>\n\t\t\t\t\t<\/div>\n\t\t<\/section>\n\t\t\t\t<\/div>\n\t\t","protected":false},"excerpt":{"rendered":"<p>&nbsp;<\/p>\n<p>Motor Electric Minn Kota Ulterra\u00a0 \/ DSC \/ 24V \/ 152 cm \/<\/p>\n<p>Ulterra Auto Stow\/Deploy \u0219i Power Trim au fost de ani de zile un ajutor de n\u0103dejde pentru pescari, m\u0103rindu-le timpul petrecut pe ap\u0103. Acum, acest motor u\u0219or de folosit a fost complet reimaginat pentru a face fa\u021b\u0103 chiar \u0219i abuzului mai sever. Pute\u021bi stoca, desf\u0103\u0219ura \u0219i regla Ulterra de la distan\u021b\u0103 sau de la pedala de picior, ceea ce \u00eenseamn\u0103 c\u0103 nu mai trebuie s\u0103 atinge\u021bi motorul. Cu o pedal\u0103 de picior programabil\u0103, motor \u0219i suport re-proiectate \u0219i o func\u021bionalitate GPS mai avansat\u0103 ca niciodat\u0103.<\/p>\n","protected":false},"featured_media":29657,"comment_status":"open","ping_status":"closed","template":"","meta":{"_acf_changed":false,"inline_featured_image":false},"product_brand":[],"product_cat":[87],"product_tag":[],"class_list":{"0":"post-29655","1":"product","2":"type-product","3":"status-publish","4":"has-post-thumbnail","6":"product_cat-minn-kota-ro","7":"tt-post","9":"first","10":"instock","11":"shipping-taxable","12":"purchasable","13":"product-type-simple"},"acf":[],"yoast_head":"<!-- This site is optimized with the Yoast SEO plugin v27.4 - https:\/\/yoast.com\/product\/yoast-seo-wordpress\/ -->\n<title>Motor electric Minn Kota Ulterra 80 lb. \/ cu transductor \u0219i telecomand\u0103 wireless \/ DSC \/ Shaft 152cm<\/title>\n<meta name=\"description\" content=\"Romania | Motoare electrice Minn Kota Ulterra Quest pentru b\u0103rci de la Boats Expert cu livrare \u00een toat\u0103 tara. Garantare, instalare la cel mai bun pret.\" \/>\n<meta name=\"robots\" content=\"index, follow, max-snippet:-1, max-image-preview:large, max-video-preview:-1\" \/>\n<link rel=\"canonical\" href=\"https:\/\/boat-demo.axiomprotocol.org\/ro\/produs\/motor-electric-minn-kota-ulterra-80-lb-cu-transductor-si-telecomanda-wireless-dsc-shaft-152cm\/\" \/>\n<meta property=\"og:locale\" content=\"ro_RO\" \/>\n<meta property=\"og:type\" content=\"article\" \/>\n<meta property=\"og:title\" content=\"Motor electric Minn Kota Ulterra 80 lb. \/ cu transductor \u0219i telecomand\u0103 wireless \/ DSC \/ Shaft 152cm\" \/>\n<meta property=\"og:description\" content=\"Romania | Motoare electrice Minn Kota Ulterra Quest pentru b\u0103rci de la Boats Expert cu livrare \u00een toat\u0103 tara. Garantare, instalare la cel mai bun pret.\" \/>\n<meta property=\"og:url\" content=\"https:\/\/boat-demo.axiomprotocol.org\/ro\/produs\/motor-electric-minn-kota-ulterra-80-lb-cu-transductor-si-telecomanda-wireless-dsc-shaft-152cm\/\" \/>\n<meta property=\"og:site_name\" content=\"BoatsExpert\" \/>\n<meta property=\"article:modified_time\" content=\"2024-03-22T12:51:59+00:00\" \/>\n<meta property=\"og:image\" content=\"https:\/\/boat-demo.axiomprotocol.org\/wp-content\/uploads\/2024\/03\/MK_Ulterra-80-DSC-remote-profile.jpg\" \/>\n\t<meta property=\"og:image:width\" content=\"555\" \/>\n\t<meta property=\"og:image:height\" content=\"478\" \/>\n\t<meta property=\"og:image:type\" content=\"image\/jpeg\" \/>\n<meta name=\"twitter:card\" content=\"summary_large_image\" \/>\n<meta name=\"twitter:label1\" content=\"Timp estimat pentru citire\" \/>\n\t<meta name=\"twitter:data1\" content=\"3 minute\" \/>\n<script type=\"application\/ld+json\" class=\"yoast-schema-graph\">{\"@context\":\"https:\\\/\\\/schema.org\",\"@graph\":[{\"@type\":\"WebPage\",\"@id\":\"https:\\\/\\\/boat-demo.axiomprotocol.org\\\/ro\\\/produs\\\/motor-electric-minn-kota-ulterra-80-lb-cu-transductor-si-telecomanda-wireless-dsc-shaft-152cm\\\/\",\"url\":\"https:\\\/\\\/boat-demo.axiomprotocol.org\\\/ro\\\/produs\\\/motor-electric-minn-kota-ulterra-80-lb-cu-transductor-si-telecomanda-wireless-dsc-shaft-152cm\\\/\",\"name\":\"Motor electric Minn Kota Ulterra 80 lb. \\\/ cu transductor \u0219i telecomand\u0103 wireless \\\/ DSC \\\/ Shaft 152cm\",\"isPartOf\":{\"@id\":\"https:\\\/\\\/boat-demo.axiomprotocol.org\\\/ro\\\/#website\"},\"primaryImageOfPage\":{\"@id\":\"https:\\\/\\\/boat-demo.axiomprotocol.org\\\/ro\\\/produs\\\/motor-electric-minn-kota-ulterra-80-lb-cu-transductor-si-telecomanda-wireless-dsc-shaft-152cm\\\/#primaryimage\"},\"image\":{\"@id\":\"https:\\\/\\\/boat-demo.axiomprotocol.org\\\/ro\\\/produs\\\/motor-electric-minn-kota-ulterra-80-lb-cu-transductor-si-telecomanda-wireless-dsc-shaft-152cm\\\/#primaryimage\"},\"thumbnailUrl\":\"https:\\\/\\\/boat-demo.axiomprotocol.org\\\/wp-content\\\/uploads\\\/2024\\\/03\\\/MK_Ulterra-80-DSC-remote-profile.jpg\",\"datePublished\":\"2024-03-15T12:11:22+00:00\",\"dateModified\":\"2024-03-22T12:51:59+00:00\",\"description\":\"Romania | Motoare electrice Minn Kota Ulterra Quest pentru b\u0103rci de la Boats Expert cu livrare \u00een toat\u0103 tara. Garantare, instalare la cel mai bun pret.\",\"breadcrumb\":{\"@id\":\"https:\\\/\\\/boat-demo.axiomprotocol.org\\\/ro\\\/produs\\\/motor-electric-minn-kota-ulterra-80-lb-cu-transductor-si-telecomanda-wireless-dsc-shaft-152cm\\\/#breadcrumb\"},\"inLanguage\":\"ro-RO\",\"potentialAction\":[{\"@type\":\"ReadAction\",\"target\":[\"https:\\\/\\\/boat-demo.axiomprotocol.org\\\/ro\\\/produs\\\/motor-electric-minn-kota-ulterra-80-lb-cu-transductor-si-telecomanda-wireless-dsc-shaft-152cm\\\/\"]}]},{\"@type\":\"ImageObject\",\"inLanguage\":\"ro-RO\",\"@id\":\"https:\\\/\\\/boat-demo.axiomprotocol.org\\\/ro\\\/produs\\\/motor-electric-minn-kota-ulterra-80-lb-cu-transductor-si-telecomanda-wireless-dsc-shaft-152cm\\\/#primaryimage\",\"url\":\"https:\\\/\\\/boat-demo.axiomprotocol.org\\\/wp-content\\\/uploads\\\/2024\\\/03\\\/MK_Ulterra-80-DSC-remote-profile.jpg\",\"contentUrl\":\"https:\\\/\\\/boat-demo.axiomprotocol.org\\\/wp-content\\\/uploads\\\/2024\\\/03\\\/MK_Ulterra-80-DSC-remote-profile.jpg\",\"width\":555,\"height\":478,\"caption\":\"Minn Kota Ulterra\"},{\"@type\":\"BreadcrumbList\",\"@id\":\"https:\\\/\\\/boat-demo.axiomprotocol.org\\\/ro\\\/produs\\\/motor-electric-minn-kota-ulterra-80-lb-cu-transductor-si-telecomanda-wireless-dsc-shaft-152cm\\\/#breadcrumb\",\"itemListElement\":[{\"@type\":\"ListItem\",\"position\":1,\"name\":\"Home\",\"item\":\"https:\\\/\\\/boat-demo.axiomprotocol.org\\\/\"},{\"@type\":\"ListItem\",\"position\":2,\"name\":\"Shop Online &#8211; cel mai bun magazin pentru echipamente pentru b\u0103rci\",\"item\":\"https:\\\/\\\/boat-demo.axiomprotocol.org\\\/ro\\\/shop-ro\\\/\"},{\"@type\":\"ListItem\",\"position\":3,\"name\":\"Motor electric Minn Kota Ulterra 80 lb. \\\/ cu transductor \u0219i telecomand\u0103 wireless \\\/ DSC \\\/ Shaft 152cm\"}]},{\"@type\":\"WebSite\",\"@id\":\"https:\\\/\\\/boat-demo.axiomprotocol.org\\\/ro\\\/#website\",\"url\":\"https:\\\/\\\/boat-demo.axiomprotocol.org\\\/ro\\\/\",\"name\":\"BoatsExpert\",\"description\":\"Boats, Service, Equipment\",\"publisher\":{\"@id\":\"https:\\\/\\\/boat-demo.axiomprotocol.org\\\/ro\\\/#organization\"},\"potentialAction\":[{\"@type\":\"SearchAction\",\"target\":{\"@type\":\"EntryPoint\",\"urlTemplate\":\"https:\\\/\\\/boat-demo.axiomprotocol.org\\\/ro\\\/?s={search_term_string}\"},\"query-input\":{\"@type\":\"PropertyValueSpecification\",\"valueRequired\":true,\"valueName\":\"search_term_string\"}}],\"inLanguage\":\"ro-RO\"},{\"@type\":\"Organization\",\"@id\":\"https:\\\/\\\/boat-demo.axiomprotocol.org\\\/ro\\\/#organization\",\"name\":\"BoatsExpert\",\"url\":\"https:\\\/\\\/boat-demo.axiomprotocol.org\\\/ro\\\/\",\"logo\":{\"@type\":\"ImageObject\",\"inLanguage\":\"ro-RO\",\"@id\":\"https:\\\/\\\/boat-demo.axiomprotocol.org\\\/ro\\\/#\\\/schema\\\/logo\\\/image\\\/\",\"url\":\"https:\\\/\\\/boat-demo.axiomprotocol.org\\\/wp-content\\\/uploads\\\/2023\\\/05\\\/white-logo60.svg\",\"contentUrl\":\"https:\\\/\\\/boat-demo.axiomprotocol.org\\\/wp-content\\\/uploads\\\/2023\\\/05\\\/white-logo60.svg\",\"width\":90,\"height\":60,\"caption\":\"BoatsExpert\"},\"image\":{\"@id\":\"https:\\\/\\\/boat-demo.axiomprotocol.org\\\/ro\\\/#\\\/schema\\\/logo\\\/image\\\/\"}}]}<\/script>\n<!-- \/ Yoast SEO plugin. -->","yoast_head_json":{"title":"Motor electric Minn Kota Ulterra 80 lb. \/ cu transductor \u0219i telecomand\u0103 wireless \/ DSC \/ Shaft 152cm","description":"Romania | Motoare electrice Minn Kota Ulterra Quest pentru b\u0103rci de la Boats Expert cu livrare \u00een toat\u0103 tara. Garantare, instalare la cel mai bun pret.","robots":{"index":"index","follow":"follow","max-snippet":"max-snippet:-1","max-image-preview":"max-image-preview:large","max-video-preview":"max-video-preview:-1"},"canonical":"https:\/\/boat-demo.axiomprotocol.org\/ro\/produs\/motor-electric-minn-kota-ulterra-80-lb-cu-transductor-si-telecomanda-wireless-dsc-shaft-152cm\/","og_locale":"ro_RO","og_type":"article","og_title":"Motor electric Minn Kota Ulterra 80 lb. \/ cu transductor \u0219i telecomand\u0103 wireless \/ DSC \/ Shaft 152cm","og_description":"Romania | Motoare electrice Minn Kota Ulterra Quest pentru b\u0103rci de la Boats Expert cu livrare \u00een toat\u0103 tara. Garantare, instalare la cel mai bun pret.","og_url":"https:\/\/boat-demo.axiomprotocol.org\/ro\/produs\/motor-electric-minn-kota-ulterra-80-lb-cu-transductor-si-telecomanda-wireless-dsc-shaft-152cm\/","og_site_name":"BoatsExpert","article_modified_time":"2024-03-22T12:51:59+00:00","og_image":[{"width":555,"height":478,"url":"https:\/\/boat-demo.axiomprotocol.org\/wp-content\/uploads\/2024\/03\/MK_Ulterra-80-DSC-remote-profile.jpg","type":"image\/jpeg"}],"twitter_card":"summary_large_image","twitter_misc":{"Timp estimat pentru citire":"3 minute"},"schema":{"@context":"https:\/\/schema.org","@graph":[{"@type":"WebPage","@id":"https:\/\/boat-demo.axiomprotocol.org\/ro\/produs\/motor-electric-minn-kota-ulterra-80-lb-cu-transductor-si-telecomanda-wireless-dsc-shaft-152cm\/","url":"https:\/\/boat-demo.axiomprotocol.org\/ro\/produs\/motor-electric-minn-kota-ulterra-80-lb-cu-transductor-si-telecomanda-wireless-dsc-shaft-152cm\/","name":"Motor electric Minn Kota Ulterra 80 lb. \/ cu transductor \u0219i telecomand\u0103 wireless \/ DSC \/ Shaft 152cm","isPartOf":{"@id":"https:\/\/boat-demo.axiomprotocol.org\/ro\/#website"},"primaryImageOfPage":{"@id":"https:\/\/boat-demo.axiomprotocol.org\/ro\/produs\/motor-electric-minn-kota-ulterra-80-lb-cu-transductor-si-telecomanda-wireless-dsc-shaft-152cm\/#primaryimage"},"image":{"@id":"https:\/\/boat-demo.axiomprotocol.org\/ro\/produs\/motor-electric-minn-kota-ulterra-80-lb-cu-transductor-si-telecomanda-wireless-dsc-shaft-152cm\/#primaryimage"},"thumbnailUrl":"https:\/\/boat-demo.axiomprotocol.org\/wp-content\/uploads\/2024\/03\/MK_Ulterra-80-DSC-remote-profile.jpg","datePublished":"2024-03-15T12:11:22+00:00","dateModified":"2024-03-22T12:51:59+00:00","description":"Romania | Motoare electrice Minn Kota Ulterra Quest pentru b\u0103rci de la Boats Expert cu livrare \u00een toat\u0103 tara. Garantare, instalare la cel mai bun pret.","breadcrumb":{"@id":"https:\/\/boat-demo.axiomprotocol.org\/ro\/produs\/motor-electric-minn-kota-ulterra-80-lb-cu-transductor-si-telecomanda-wireless-dsc-shaft-152cm\/#breadcrumb"},"inLanguage":"ro-RO","potentialAction":[{"@type":"ReadAction","target":["https:\/\/boat-demo.axiomprotocol.org\/ro\/produs\/motor-electric-minn-kota-ulterra-80-lb-cu-transductor-si-telecomanda-wireless-dsc-shaft-152cm\/"]}]},{"@type":"ImageObject","inLanguage":"ro-RO","@id":"https:\/\/boat-demo.axiomprotocol.org\/ro\/produs\/motor-electric-minn-kota-ulterra-80-lb-cu-transductor-si-telecomanda-wireless-dsc-shaft-152cm\/#primaryimage","url":"https:\/\/boat-demo.axiomprotocol.org\/wp-content\/uploads\/2024\/03\/MK_Ulterra-80-DSC-remote-profile.jpg","contentUrl":"https:\/\/boat-demo.axiomprotocol.org\/wp-content\/uploads\/2024\/03\/MK_Ulterra-80-DSC-remote-profile.jpg","width":555,"height":478,"caption":"Minn Kota Ulterra"},{"@type":"BreadcrumbList","@id":"https:\/\/boat-demo.axiomprotocol.org\/ro\/produs\/motor-electric-minn-kota-ulterra-80-lb-cu-transductor-si-telecomanda-wireless-dsc-shaft-152cm\/#breadcrumb","itemListElement":[{"@type":"ListItem","position":1,"name":"Home","item":"https:\/\/boat-demo.axiomprotocol.org\/"},{"@type":"ListItem","position":2,"name":"Shop Online &#8211; cel mai bun magazin pentru echipamente pentru b\u0103rci","item":"https:\/\/boat-demo.axiomprotocol.org\/ro\/shop-ro\/"},{"@type":"ListItem","position":3,"name":"Motor electric Minn Kota Ulterra 80 lb. \/ cu transductor \u0219i telecomand\u0103 wireless \/ DSC \/ Shaft 152cm"}]},{"@type":"WebSite","@id":"https:\/\/boat-demo.axiomprotocol.org\/ro\/#website","url":"https:\/\/boat-demo.axiomprotocol.org\/ro\/","name":"BoatsExpert","description":"Boats, Service, Equipment","publisher":{"@id":"https:\/\/boat-demo.axiomprotocol.org\/ro\/#organization"},"potentialAction":[{"@type":"SearchAction","target":{"@type":"EntryPoint","urlTemplate":"https:\/\/boat-demo.axiomprotocol.org\/ro\/?s={search_term_string}"},"query-input":{"@type":"PropertyValueSpecification","valueRequired":true,"valueName":"search_term_string"}}],"inLanguage":"ro-RO"},{"@type":"Organization","@id":"https:\/\/boat-demo.axiomprotocol.org\/ro\/#organization","name":"BoatsExpert","url":"https:\/\/boat-demo.axiomprotocol.org\/ro\/","logo":{"@type":"ImageObject","inLanguage":"ro-RO","@id":"https:\/\/boat-demo.axiomprotocol.org\/ro\/#\/schema\/logo\/image\/","url":"https:\/\/boat-demo.axiomprotocol.org\/wp-content\/uploads\/2023\/05\/white-logo60.svg","contentUrl":"https:\/\/boat-demo.axiomprotocol.org\/wp-content\/uploads\/2023\/05\/white-logo60.svg","width":90,"height":60,"caption":"BoatsExpert"},"image":{"@id":"https:\/\/boat-demo.axiomprotocol.org\/ro\/#\/schema\/logo\/image\/"}}]}},"_links":{"self":[{"href":"https:\/\/boat-demo.axiomprotocol.org\/ro\/wp-json\/wp\/v2\/product\/29655","targetHints":{"allow":["GET"]}}],"collection":[{"href":"https:\/\/boat-demo.axiomprotocol.org\/ro\/wp-json\/wp\/v2\/product"}],"about":[{"href":"https:\/\/boat-demo.axiomprotocol.org\/ro\/wp-json\/wp\/v2\/types\/product"}],"replies":[{"embeddable":true,"href":"https:\/\/boat-demo.axiomprotocol.org\/ro\/wp-json\/wp\/v2\/comments?post=29655"}],"version-history":[{"count":8,"href":"https:\/\/boat-demo.axiomprotocol.org\/ro\/wp-json\/wp\/v2\/product\/29655\/revisions"}],"predecessor-version":[{"id":30440,"href":"https:\/\/boat-demo.axiomprotocol.org\/ro\/wp-json\/wp\/v2\/product\/29655\/revisions\/30440"}],"wp:featuredmedia":[{"embeddable":true,"href":"https:\/\/boat-demo.axiomprotocol.org\/ro\/wp-json\/wp\/v2\/media\/29657"}],"wp:attachment":[{"href":"https:\/\/boat-demo.axiomprotocol.org\/ro\/wp-json\/wp\/v2\/media?parent=29655"}],"wp:term":[{"taxonomy":"product_brand","embeddable":true,"href":"https:\/\/boat-demo.axiomprotocol.org\/ro\/wp-json\/wp\/v2\/product_brand?post=29655"},{"taxonomy":"product_cat","embeddable":true,"href":"https:\/\/boat-demo.axiomprotocol.org\/ro\/wp-json\/wp\/v2\/product_cat?post=29655"},{"taxonomy":"product_tag","embeddable":true,"href":"https:\/\/boat-demo.axiomprotocol.org\/ro\/wp-json\/wp\/v2\/product_tag?post=29655"}],"curies":[{"name":"wp","href":"https:\/\/api.w.org\/{rel}","templated":true}]}}