{"id":27643,"date":"2024-02-14T19:37:21","date_gmt":"2024-02-14T16:37:21","guid":{"rendered":"https:\/\/boat-demo.axiomprotocol.org\/?post_type=product&#038;p=27643"},"modified":"2024-03-08T12:26:59","modified_gmt":"2024-03-08T09:26:59","slug":"motor-electric-minn-kota-ultrex-112-lb-cu-transductor-si-micro-telecomanda-mr-dsc-shaft-152cm","status":"publish","type":"product","link":"https:\/\/boat-demo.axiomprotocol.org\/ro\/produs\/motor-electric-minn-kota-ultrex-112-lb-cu-transductor-si-micro-telecomanda-mr-dsc-shaft-152cm\/","title":{"rendered":"Motor electric Minn Kota Ultrex 112 lb. \/ cu transductor \u0219i micro telecomand\u0103 \/ DSC &#8211; Shaft 152cm"},"content":{"rendered":"\t\t<div data-elementor-type=\"wp-post\" data-elementor-id=\"27643\" class=\"elementor elementor-27643 elementor-27642\">\n\t\t\t\t\t\t<section class=\"elementor-section elementor-top-section elementor-element elementor-element-9605acf elementor-section-boxed elementor-section-height-default elementor-section-height-default\" data-id=\"9605acf\" data-element_type=\"section\" data-e-type=\"section\">\n\t\t\t\t\t\t<div class=\"elementor-container elementor-column-gap-default\">\n\t\t\t\t\t<div class=\"elementor-column elementor-col-100 elementor-top-column elementor-element elementor-element-8a9a826\" data-id=\"8a9a826\" data-element_type=\"column\" data-e-type=\"column\">\n\t\t\t<div class=\"elementor-widget-wrap elementor-element-populated\">\n\t\t\t\t\t\t<div class=\"elementor-element elementor-element-a0cb3d1 elementor-widget elementor-widget-heading\" data-id=\"a0cb3d1\" data-element_type=\"widget\" data-e-type=\"widget\" data-widget_type=\"heading.default\">\n\t\t\t\t<div class=\"elementor-widget-container\">\n\t\t\t\t\t<h5 class=\"elementor-heading-title elementor-size-default\">Caracteristici<\/h5>\t\t\t\t<\/div>\n\t\t\t\t<\/div>\n\t\t\t\t\t<\/div>\n\t\t<\/div>\n\t\t\t\t\t<\/div>\n\t\t<\/section>\n\t\t\t\t<section class=\"elementor-section elementor-top-section elementor-element elementor-element-280cafd elementor-section-boxed elementor-section-height-default elementor-section-height-default\" data-id=\"280cafd\" data-element_type=\"section\" data-e-type=\"section\">\n\t\t\t\t\t\t<div class=\"elementor-container elementor-column-gap-default\">\n\t\t\t\t\t<div class=\"elementor-column elementor-col-50 elementor-top-column elementor-element elementor-element-c5739d1\" data-id=\"c5739d1\" data-element_type=\"column\" data-e-type=\"column\">\n\t\t\t<div class=\"elementor-widget-wrap elementor-element-populated\">\n\t\t\t\t\t\t<div class=\"elementor-element elementor-element-f9dda1a elementor-widget elementor-widget-text-editor\" data-id=\"f9dda1a\" data-element_type=\"widget\" data-e-type=\"widget\" data-widget_type=\"text-editor.default\">\n\t\t\t\t<div class=\"elementor-widget-container\">\n\t\t\t\t\t\t\t\t\t<table class=\"table\" data-striping=\"1\"><tbody><tr class=\"expanded\"><td>Model<\/td><td>Ultrex 112 lb. Thrust, 60&#8243; Shaft, Dual Spectrum CHIRP Sonar, Micro Remote<\/td><\/tr><tr class=\"expanded\"><td>Cod Produs<\/td><td>1368894<\/td><\/tr><tr class=\"expanded\"><td>UPC<\/td><td>0029402050444<\/td><\/tr><tr class=\"expanded\"><td>Utilizare \u00een<\/td><td>Ap\u0103 dulce<\/td><\/tr><tr class=\"expanded\"><td>Lungimea axului<\/td><td>60 in (152 cm)<\/td><\/tr><tr class=\"expanded\"><td>Putere maxim\u0103<\/td><td>112 lb<\/td><\/tr><tr class=\"expanded\"><td>Vol\u021bi<\/td><td>36<\/td><\/tr><tr class=\"expanded\"><td>One-Boat Network Compatible<\/td><td>Da<\/td><\/tr><tr class=\"expanded\"><td>QUEST Series<\/td><td>Nu<\/td><\/tr><tr class=\"expanded\"><td>Spot-Lock<\/td><td>Da<\/td><\/tr><tr class=\"expanded\"><td>Built-In Sonar<\/td><td>Dual Spectrum CHIRP<\/td><\/tr><tr class=\"hidden expanded\"><td>Foot Pedal Style<\/td><td>Heel-Toe \/ Cable<\/td><\/tr><tr class=\"hidden expanded\"><td>Control<\/td><td>Micro Remote, Foot Pedal<\/td><\/tr><tr class=\"hidden expanded\"><td>Auto\/Stow Deploy<\/td><td>Nu<\/td><\/tr><\/tbody><\/table>\t\t\t\t\t\t\t\t<\/div>\n\t\t\t\t<\/div>\n\t\t\t\t\t<\/div>\n\t\t<\/div>\n\t\t\t\t<div class=\"elementor-column elementor-col-50 elementor-top-column elementor-element elementor-element-248c5b9\" data-id=\"248c5b9\" data-element_type=\"column\" data-e-type=\"column\">\n\t\t\t<div class=\"elementor-widget-wrap elementor-element-populated\">\n\t\t\t\t\t\t<div class=\"elementor-element elementor-element-abbb618 elementor-widget elementor-widget-text-editor\" data-id=\"abbb618\" data-element_type=\"widget\" data-e-type=\"widget\" data-widget_type=\"text-editor.default\">\n\t\t\t\t<div class=\"elementor-widget-container\">\n\t\t\t\t\t\t\t\t\t<table class=\"table\" data-striping=\"1\"><tbody><tr class=\"hidden expanded\"><td>Power Trim<\/td><td>Nu<\/td><\/tr><tr class=\"hidden expanded\"><td>Power Steering<\/td><td>Da<\/td><\/tr><tr class=\"hidden expanded\"><td>Lift-Assist<\/td><td>Da<\/td><\/tr><tr class=\"hidden expanded\"><td>Bowguard<\/td><td>Nu<\/td><\/tr><tr class=\"hidden expanded\"><td>Wireless Remote<\/td><td>Da<\/td><\/tr><tr class=\"hidden expanded\"><td>AutoPilot<\/td><td>Da<\/td><\/tr><tr class=\"hidden expanded\"><td>CoPilot<\/td><td>Nu<\/td><\/tr><tr class=\"hidden expanded\"><td>Speeds<\/td><td>Variabil<\/td><\/tr><tr class=\"hidden expanded\"><td>Digital Maximizer<\/td><td>Da<\/td><\/tr><tr class=\"hidden expanded\"><td>Battery Meter<\/td><td>Da<\/td><\/tr><tr class=\"hidden expanded\"><td>Max Amp Draw<\/td><td>60&#8243; (152cm)<\/td><\/tr><tr class=\"hidden expanded\"><td>Mount Style<\/td><td>Mono-Arm<\/td><\/tr><tr class=\"hidden expanded\"><td>Mounting Location<\/td><td>Bow-Mount<\/td><\/tr><tr class=\"hidden expanded\"><td>Motor Style<\/td><td>Cable-steer<\/td><\/tr><tr class=\"hidden expanded\"><td>Prop<\/td><td>Weedless Wedge 2 (MKP-38)<\/td><\/tr><tr class=\"hidden expanded\"><td>Garan\u021bie<\/td><td>2 ani<\/td><\/tr><\/tbody><\/table><p>\u00a0<\/p>\t\t\t\t\t\t\t\t<\/div>\n\t\t\t\t<\/div>\n\t\t\t\t\t<\/div>\n\t\t<\/div>\n\t\t\t\t\t<\/div>\n\t\t<\/section>\n\t\t\t\t<section class=\"elementor-section elementor-top-section elementor-element elementor-element-12354d7 elementor-section-boxed elementor-section-height-default elementor-section-height-default\" data-id=\"12354d7\" data-element_type=\"section\" data-e-type=\"section\">\n\t\t\t\t\t\t<div class=\"elementor-container elementor-column-gap-default\">\n\t\t\t\t\t<div class=\"elementor-column elementor-col-100 elementor-top-column elementor-element elementor-element-e81000d\" data-id=\"e81000d\" data-element_type=\"column\" data-e-type=\"column\">\n\t\t\t<div class=\"elementor-widget-wrap elementor-element-populated\">\n\t\t\t\t\t\t<div class=\"elementor-element elementor-element-10036f6 elementor-widget elementor-widget-spacer\" data-id=\"10036f6\" data-element_type=\"widget\" data-e-type=\"widget\" data-widget_type=\"spacer.default\">\n\t\t\t\t<div class=\"elementor-widget-container\">\n\t\t\t\t\t\t\t<div class=\"elementor-spacer\">\n\t\t\t<div class=\"elementor-spacer-inner\"><\/div>\n\t\t<\/div>\n\t\t\t\t\t\t<\/div>\n\t\t\t\t<\/div>\n\t\t\t\t<div class=\"elementor-element elementor-element-f3c19f6 elementor-widget elementor-widget-heading\" data-id=\"f3c19f6\" data-element_type=\"widget\" data-e-type=\"widget\" data-widget_type=\"heading.default\">\n\t\t\t\t<div class=\"elementor-widget-container\">\n\t\t\t\t\t<h5 class=\"elementor-heading-title elementor-size-default\">Caracteristici principale<\/h5>\t\t\t\t<\/div>\n\t\t\t\t<\/div>\n\t\t\t\t\t<\/div>\n\t\t<\/div>\n\t\t\t\t\t<\/div>\n\t\t<\/section>\n\t\t\t\t<section class=\"elementor-section elementor-top-section elementor-element elementor-element-5ee294a elementor-section-boxed elementor-section-height-default elementor-section-height-default\" data-id=\"5ee294a\" data-element_type=\"section\" data-e-type=\"section\">\n\t\t\t\t\t\t<div class=\"elementor-container elementor-column-gap-default\">\n\t\t\t\t\t<div class=\"elementor-column elementor-col-100 elementor-top-column elementor-element elementor-element-f7c7fe2\" data-id=\"f7c7fe2\" data-element_type=\"column\" data-e-type=\"column\">\n\t\t\t<div class=\"elementor-widget-wrap elementor-element-populated\">\n\t\t\t\t\t\t<div class=\"elementor-element elementor-element-090fcb3 elementor-widget elementor-widget-text-editor\" data-id=\"090fcb3\" data-element_type=\"widget\" data-e-type=\"widget\" data-widget_type=\"text-editor.default\">\n\t\t\t\t<div class=\"elementor-widget-container\">\n\t\t\t\t\t\t\t\t\t<p>Direc\u021bie asistat\u0103: Cea mai confortabil\u0103 \u0219i receptiv\u0103 direc\u021bie disponibil\u0103. Pedala de picior a lui Ultrex este construit\u0103 pentru confort pe toat\u0103 durata zilei, cu control de precizie \u0219i receptivitate instantanee.<\/p><p>Blocare de direc\u021bie: Atunci c\u00e2nd \u00ee\u021bi ridici piciorul de pe pedala de picior a lui Ultrex, capul motorului r\u0103m\u00e2ne orientat \u00een direc\u021bia \u00een care l-ai l\u0103sat. F\u0103r\u0103 recul sau readaptare, doar direc\u021bie mai u\u0219oar\u0103 \u00een fiecare zi.<\/p><p>Sistem avansat de pescuit cu GPS: One-Boat Network \u00ee\u021bi ofer\u0103 un control f\u0103r\u0103 precedent asupra b\u0103rcii tale prin conectarea motorului t\u0103u de pescuit la sonarul Humminbird\u00ae. Controleaz\u0103 motorul de pescuit de la distan\u021b\u0103 sau de la un Humminbird conectat. Po\u021bi seta Spot-Lock, \u00eenregistra trasee, urm\u0103ri contururile ad\u00e2ncimii, naviga automat c\u0103tre locurile tale preferate, controla viteza \u0219i direc\u021bia \u0219i multe altele.<\/p><p>Parte a re\u021belei One-Boat: Motoarele Minn Kota vin standard cu tot ce ai nevoie pentru a te conecta la anumite sonare Humminbird. Conecteaz\u0103 \u0219i controleaz\u0103 motorul t\u0103u de pescuit, ancora pentru ap\u0103 pu\u021bin ad\u00e2nc\u0103 \u0219i sonarul prin aplica\u021bia One-Boat Network pe dispozitivele Apple\u00ae sau Android\u2122.<\/p><p>Drift Mode: Aceast\u0103 caracteristic\u0103 nou\u0103 activeaz\u0103 automat controlul simultan al vitezei \u0219i traiectoriei, ceea ce \u00eenseamn\u0103 c\u0103 pescarii nu mai trebuie s\u0103 depind\u0103 de saci de deriva\u021bie, motoare auxiliare sau operare manual\u0103 pentru a controla viteza pe ap\u0103 &#8211; chiar \u0219i \u00een cele mai puternice v\u00e2nturi \u0219i curen\u021bi.<\/p><p>Sonar Chirp Dual Spectrum \u00eencorporat: Men\u021bine transductorul \u0219i cablajul complet ascunse \u0219i protejate, rul\u00e2nd totul prin axul motorului de pescuit. Acoperind o gam\u0103 larg\u0103 de frecven\u021be, CHIRP-ul lui Humminbird\u00ae produce \u00eentoarceri mai precise \u0219i mai detaliate ale pe\u0219tilor, structurii \u0219i fundului dec\u00e2t sonarul tradi\u021bional.<\/p><p>Spot-Lock cu Jog: Spot-Lock te va men\u021bine \u00een loc cu o precizie GPS de neegalat. Disponibil pe sistemul GPS preinstalat, Spot-Lock \u00ee\u021bi ofer\u0103 puterea de a r\u0103m\u00e2ne chiar deasupra oric\u0103rui loc de pescuit productiv, f\u0103r\u0103 a atinge motorul t\u0103u de pescuit. Cu senzorul de orientare inclus, po\u021bi utiliza Jog pentru a muta loca\u021bia Spot-Lock cu cinci picioare \u00een orice direc\u021bie.<\/p><p>Asisten\u021b\u0103 la ridicare: Designul brevetat Lift-Assist al lui Ultrex reduce greutatea ridic\u0103rii \u0219i cobor\u00e2rii la jum\u0103tate. Dispune de un arc de o\u021bel inoxidabil, \u00eenc\u0103rcat cu gaz azotat.<\/p><p>Pedal\u0103 de picior Heel-Toe \/ Cablu: Este singura pedal\u0103 de picior cu Direc\u021bie asistat\u0103 pentru confort pe toat\u0103 durata zilei \u0219i receptivitate instantanee &#8211; plus un buton pentru a activa ancora electronic\u0103 Spot-Lock.<\/p><p>Digital Maximizer\u2122: Asigur\u0103 o durat\u0103 de func\u021bionare de p\u00e2n\u0103 la 5 ori mai lung\u0103 pe o singur\u0103 \u00eenc\u0103rcare de baterie. Aceste motoare de pescuit cu vitez\u0103 variabil\u0103 \u00ee\u021bi permit s\u0103 reglezi exact viteza \u0219i s\u0103 furnizeze doar c\u00e2t de mult\u0103 putere ai nevoie, ajut\u00e2nd la conservarea bateriei pentru o zi \u00eentreag\u0103 de pescuit.<\/p><p>Ax compozit indestructibil &#8211; Garantat pe via\u021b\u0103: La baza motorului t\u0103u de pescuit Minn Kota se afl\u0103 un ax compozit indestructibil. Este exclusiv Minn Kota \u0219i \u00eel garant\u0103m pe via\u021b\u0103.<\/p><p>Ce este inclus: Motor de pescuit Ultrex de 112 lb. 60&#8243; cu CHIRP Dual Spectrum \u00eencorporat, Pedal\u0103 de picior cu cablu, Micro Telecomand\u0103, Snur, Senzor de orientare, Cablu Ethernet de 30&#8242;, Stabilizator, Curea de fixare, Elice MKP-33 \u0219i Hardware de montare.<\/p>\t\t\t\t\t\t\t\t<\/div>\n\t\t\t\t<\/div>\n\t\t\t\t\t<\/div>\n\t\t<\/div>\n\t\t\t\t\t<\/div>\n\t\t<\/section>\n\t\t\t\t<\/div>\n\t\t","protected":false},"excerpt":{"rendered":"<p>&nbsp;<\/p>\n<p>Motor Electric Minn Kota Ultrex 36V \/ 152cm<\/p>\n<p>Experimenta\u021bi revolu\u021bia tehnologic\u0103 \u00een pescuit cu MINN KOTA Ultrex, oferit de Boats Expert. Acest motor de trolling, dotat cu Direc\u021bie Asistat\u0103 intuitiv\u0103 \u0219i tehnologia Spot-Lock\u00ae, transform\u0103 controlul b\u0103rcii prin automatizarea sa alimentat\u0103 de GPS. Ave\u021bi \u00eencredere \u00een Boats Expert pentru o instalare profesional\u0103 care asigur\u0103 performan\u021ba optim\u0103. Cu modele selectate ce dispun de Sonar cu Imagistic\u0103 MEGA Lateral\u0103 \u0219i \u00een Jos, Ultrex este f\u0103r\u0103 rival. F\u0103r\u0103 compromisuri, doar pescuit de precizie la comanda dvs.<\/p>\n","protected":false},"featured_media":28296,"comment_status":"open","ping_status":"closed","template":"","meta":{"_acf_changed":false,"inline_featured_image":false},"product_brand":[],"product_cat":[87],"product_tag":[],"class_list":{"0":"post-27643","1":"product","2":"type-product","3":"status-publish","4":"has-post-thumbnail","6":"product_cat-minn-kota-ro","7":"tt-post","9":"first","10":"instock","11":"shipping-taxable","12":"purchasable","13":"product-type-simple"},"acf":[],"yoast_head":"<!-- This site is optimized with the Yoast SEO plugin v27.4 - https:\/\/yoast.com\/product\/yoast-seo-wordpress\/ -->\n<title>Motor electric Minn Kota Ultrex 112 lb. \/ cu transductor \u0219i micro telecomand\u0103 \/ DSC - Shaft 152cm<\/title>\n<meta name=\"description\" content=\"Romania | Motoare electrice Minn Kota Ultrex pentru b\u0103rci de la Boats Expert cu livrare \u00een toat\u0103 tara. Garantare, instalare la cel mai bun pret.\" \/>\n<meta name=\"robots\" content=\"index, follow, max-snippet:-1, max-image-preview:large, max-video-preview:-1\" \/>\n<link rel=\"canonical\" href=\"https:\/\/boat-demo.axiomprotocol.org\/ro\/produs\/motor-electric-minn-kota-ultrex-112-lb-cu-transductor-si-micro-telecomanda-mr-dsc-shaft-152cm\/\" \/>\n<meta property=\"og:locale\" content=\"ro_RO\" \/>\n<meta property=\"og:type\" content=\"article\" \/>\n<meta property=\"og:title\" content=\"Motor electric Minn Kota Ultrex 112 lb. \/ cu transductor \u0219i micro telecomand\u0103 \/ DSC - Shaft 152cm\" \/>\n<meta property=\"og:description\" content=\"Romania | Motoare electrice Minn Kota Ultrex pentru b\u0103rci de la Boats Expert cu livrare \u00een toat\u0103 tara. Garantare, instalare la cel mai bun pret.\" \/>\n<meta property=\"og:url\" content=\"https:\/\/boat-demo.axiomprotocol.org\/ro\/produs\/motor-electric-minn-kota-ultrex-112-lb-cu-transductor-si-micro-telecomanda-mr-dsc-shaft-152cm\/\" \/>\n<meta property=\"og:site_name\" content=\"BoatsExpert\" \/>\n<meta property=\"article:modified_time\" content=\"2024-03-08T09:26:59+00:00\" \/>\n<meta property=\"og:image\" content=\"https:\/\/boat-demo.axiomprotocol.org\/wp-content\/uploads\/2024\/02\/Untitled-1.webp\" \/>\n\t<meta property=\"og:image:width\" content=\"555\" \/>\n\t<meta property=\"og:image:height\" content=\"478\" \/>\n\t<meta property=\"og:image:type\" content=\"image\/webp\" \/>\n<meta name=\"twitter:card\" content=\"summary_large_image\" \/>\n<meta name=\"twitter:label1\" content=\"Timp estimat pentru citire\" \/>\n\t<meta name=\"twitter:data1\" content=\"4 minute\" \/>\n<script type=\"application\/ld+json\" class=\"yoast-schema-graph\">{\"@context\":\"https:\\\/\\\/schema.org\",\"@graph\":[{\"@type\":\"WebPage\",\"@id\":\"https:\\\/\\\/boat-demo.axiomprotocol.org\\\/ro\\\/produs\\\/motor-electric-minn-kota-ultrex-112-lb-cu-transductor-si-micro-telecomanda-mr-dsc-shaft-152cm\\\/\",\"url\":\"https:\\\/\\\/boat-demo.axiomprotocol.org\\\/ro\\\/produs\\\/motor-electric-minn-kota-ultrex-112-lb-cu-transductor-si-micro-telecomanda-mr-dsc-shaft-152cm\\\/\",\"name\":\"Motor electric Minn Kota Ultrex 112 lb. \\\/ cu transductor \u0219i micro telecomand\u0103 \\\/ DSC - Shaft 152cm\",\"isPartOf\":{\"@id\":\"https:\\\/\\\/boat-demo.axiomprotocol.org\\\/ro\\\/#website\"},\"primaryImageOfPage\":{\"@id\":\"https:\\\/\\\/boat-demo.axiomprotocol.org\\\/ro\\\/produs\\\/motor-electric-minn-kota-ultrex-112-lb-cu-transductor-si-micro-telecomanda-mr-dsc-shaft-152cm\\\/#primaryimage\"},\"image\":{\"@id\":\"https:\\\/\\\/boat-demo.axiomprotocol.org\\\/ro\\\/produs\\\/motor-electric-minn-kota-ultrex-112-lb-cu-transductor-si-micro-telecomanda-mr-dsc-shaft-152cm\\\/#primaryimage\"},\"thumbnailUrl\":\"https:\\\/\\\/boat-demo.axiomprotocol.org\\\/wp-content\\\/uploads\\\/2024\\\/02\\\/Untitled-1.webp\",\"datePublished\":\"2024-02-14T16:37:21+00:00\",\"dateModified\":\"2024-03-08T09:26:59+00:00\",\"description\":\"Romania | Motoare electrice Minn Kota Ultrex pentru b\u0103rci de la Boats Expert cu livrare \u00een toat\u0103 tara. Garantare, instalare la cel mai bun pret.\",\"breadcrumb\":{\"@id\":\"https:\\\/\\\/boat-demo.axiomprotocol.org\\\/ro\\\/produs\\\/motor-electric-minn-kota-ultrex-112-lb-cu-transductor-si-micro-telecomanda-mr-dsc-shaft-152cm\\\/#breadcrumb\"},\"inLanguage\":\"ro-RO\",\"potentialAction\":[{\"@type\":\"ReadAction\",\"target\":[\"https:\\\/\\\/boat-demo.axiomprotocol.org\\\/ro\\\/produs\\\/motor-electric-minn-kota-ultrex-112-lb-cu-transductor-si-micro-telecomanda-mr-dsc-shaft-152cm\\\/\"]}]},{\"@type\":\"ImageObject\",\"inLanguage\":\"ro-RO\",\"@id\":\"https:\\\/\\\/boat-demo.axiomprotocol.org\\\/ro\\\/produs\\\/motor-electric-minn-kota-ultrex-112-lb-cu-transductor-si-micro-telecomanda-mr-dsc-shaft-152cm\\\/#primaryimage\",\"url\":\"https:\\\/\\\/boat-demo.axiomprotocol.org\\\/wp-content\\\/uploads\\\/2024\\\/02\\\/Untitled-1.webp\",\"contentUrl\":\"https:\\\/\\\/boat-demo.axiomprotocol.org\\\/wp-content\\\/uploads\\\/2024\\\/02\\\/Untitled-1.webp\",\"width\":555,\"height\":478,\"caption\":\"Minn Kota Ultrex\"},{\"@type\":\"BreadcrumbList\",\"@id\":\"https:\\\/\\\/boat-demo.axiomprotocol.org\\\/ro\\\/produs\\\/motor-electric-minn-kota-ultrex-112-lb-cu-transductor-si-micro-telecomanda-mr-dsc-shaft-152cm\\\/#breadcrumb\",\"itemListElement\":[{\"@type\":\"ListItem\",\"position\":1,\"name\":\"Home\",\"item\":\"https:\\\/\\\/boat-demo.axiomprotocol.org\\\/\"},{\"@type\":\"ListItem\",\"position\":2,\"name\":\"Shop Online &#8211; cel mai bun magazin pentru echipamente pentru b\u0103rci\",\"item\":\"https:\\\/\\\/boat-demo.axiomprotocol.org\\\/ro\\\/shop-ro\\\/\"},{\"@type\":\"ListItem\",\"position\":3,\"name\":\"Motor electric Minn Kota Ultrex 112 lb. \\\/ cu transductor \u0219i micro telecomand\u0103 \\\/ DSC &#8211; Shaft 152cm\"}]},{\"@type\":\"WebSite\",\"@id\":\"https:\\\/\\\/boat-demo.axiomprotocol.org\\\/ro\\\/#website\",\"url\":\"https:\\\/\\\/boat-demo.axiomprotocol.org\\\/ro\\\/\",\"name\":\"BoatsExpert\",\"description\":\"Boats, Service, Equipment\",\"publisher\":{\"@id\":\"https:\\\/\\\/boat-demo.axiomprotocol.org\\\/ro\\\/#organization\"},\"potentialAction\":[{\"@type\":\"SearchAction\",\"target\":{\"@type\":\"EntryPoint\",\"urlTemplate\":\"https:\\\/\\\/boat-demo.axiomprotocol.org\\\/ro\\\/?s={search_term_string}\"},\"query-input\":{\"@type\":\"PropertyValueSpecification\",\"valueRequired\":true,\"valueName\":\"search_term_string\"}}],\"inLanguage\":\"ro-RO\"},{\"@type\":\"Organization\",\"@id\":\"https:\\\/\\\/boat-demo.axiomprotocol.org\\\/ro\\\/#organization\",\"name\":\"BoatsExpert\",\"url\":\"https:\\\/\\\/boat-demo.axiomprotocol.org\\\/ro\\\/\",\"logo\":{\"@type\":\"ImageObject\",\"inLanguage\":\"ro-RO\",\"@id\":\"https:\\\/\\\/boat-demo.axiomprotocol.org\\\/ro\\\/#\\\/schema\\\/logo\\\/image\\\/\",\"url\":\"https:\\\/\\\/boat-demo.axiomprotocol.org\\\/wp-content\\\/uploads\\\/2023\\\/05\\\/white-logo60.svg\",\"contentUrl\":\"https:\\\/\\\/boat-demo.axiomprotocol.org\\\/wp-content\\\/uploads\\\/2023\\\/05\\\/white-logo60.svg\",\"width\":90,\"height\":60,\"caption\":\"BoatsExpert\"},\"image\":{\"@id\":\"https:\\\/\\\/boat-demo.axiomprotocol.org\\\/ro\\\/#\\\/schema\\\/logo\\\/image\\\/\"}}]}<\/script>\n<!-- \/ Yoast SEO plugin. -->","yoast_head_json":{"title":"Motor electric Minn Kota Ultrex 112 lb. \/ cu transductor \u0219i micro telecomand\u0103 \/ DSC - Shaft 152cm","description":"Romania | Motoare electrice Minn Kota Ultrex pentru b\u0103rci de la Boats Expert cu livrare \u00een toat\u0103 tara. Garantare, instalare la cel mai bun pret.","robots":{"index":"index","follow":"follow","max-snippet":"max-snippet:-1","max-image-preview":"max-image-preview:large","max-video-preview":"max-video-preview:-1"},"canonical":"https:\/\/boat-demo.axiomprotocol.org\/ro\/produs\/motor-electric-minn-kota-ultrex-112-lb-cu-transductor-si-micro-telecomanda-mr-dsc-shaft-152cm\/","og_locale":"ro_RO","og_type":"article","og_title":"Motor electric Minn Kota Ultrex 112 lb. \/ cu transductor \u0219i micro telecomand\u0103 \/ DSC - Shaft 152cm","og_description":"Romania | Motoare electrice Minn Kota Ultrex pentru b\u0103rci de la Boats Expert cu livrare \u00een toat\u0103 tara. Garantare, instalare la cel mai bun pret.","og_url":"https:\/\/boat-demo.axiomprotocol.org\/ro\/produs\/motor-electric-minn-kota-ultrex-112-lb-cu-transductor-si-micro-telecomanda-mr-dsc-shaft-152cm\/","og_site_name":"BoatsExpert","article_modified_time":"2024-03-08T09:26:59+00:00","og_image":[{"width":555,"height":478,"url":"https:\/\/boat-demo.axiomprotocol.org\/wp-content\/uploads\/2024\/02\/Untitled-1.webp","type":"image\/webp"}],"twitter_card":"summary_large_image","twitter_misc":{"Timp estimat pentru citire":"4 minute"},"schema":{"@context":"https:\/\/schema.org","@graph":[{"@type":"WebPage","@id":"https:\/\/boat-demo.axiomprotocol.org\/ro\/produs\/motor-electric-minn-kota-ultrex-112-lb-cu-transductor-si-micro-telecomanda-mr-dsc-shaft-152cm\/","url":"https:\/\/boat-demo.axiomprotocol.org\/ro\/produs\/motor-electric-minn-kota-ultrex-112-lb-cu-transductor-si-micro-telecomanda-mr-dsc-shaft-152cm\/","name":"Motor electric Minn Kota Ultrex 112 lb. \/ cu transductor \u0219i micro telecomand\u0103 \/ DSC - Shaft 152cm","isPartOf":{"@id":"https:\/\/boat-demo.axiomprotocol.org\/ro\/#website"},"primaryImageOfPage":{"@id":"https:\/\/boat-demo.axiomprotocol.org\/ro\/produs\/motor-electric-minn-kota-ultrex-112-lb-cu-transductor-si-micro-telecomanda-mr-dsc-shaft-152cm\/#primaryimage"},"image":{"@id":"https:\/\/boat-demo.axiomprotocol.org\/ro\/produs\/motor-electric-minn-kota-ultrex-112-lb-cu-transductor-si-micro-telecomanda-mr-dsc-shaft-152cm\/#primaryimage"},"thumbnailUrl":"https:\/\/boat-demo.axiomprotocol.org\/wp-content\/uploads\/2024\/02\/Untitled-1.webp","datePublished":"2024-02-14T16:37:21+00:00","dateModified":"2024-03-08T09:26:59+00:00","description":"Romania | Motoare electrice Minn Kota Ultrex pentru b\u0103rci de la Boats Expert cu livrare \u00een toat\u0103 tara. Garantare, instalare la cel mai bun pret.","breadcrumb":{"@id":"https:\/\/boat-demo.axiomprotocol.org\/ro\/produs\/motor-electric-minn-kota-ultrex-112-lb-cu-transductor-si-micro-telecomanda-mr-dsc-shaft-152cm\/#breadcrumb"},"inLanguage":"ro-RO","potentialAction":[{"@type":"ReadAction","target":["https:\/\/boat-demo.axiomprotocol.org\/ro\/produs\/motor-electric-minn-kota-ultrex-112-lb-cu-transductor-si-micro-telecomanda-mr-dsc-shaft-152cm\/"]}]},{"@type":"ImageObject","inLanguage":"ro-RO","@id":"https:\/\/boat-demo.axiomprotocol.org\/ro\/produs\/motor-electric-minn-kota-ultrex-112-lb-cu-transductor-si-micro-telecomanda-mr-dsc-shaft-152cm\/#primaryimage","url":"https:\/\/boat-demo.axiomprotocol.org\/wp-content\/uploads\/2024\/02\/Untitled-1.webp","contentUrl":"https:\/\/boat-demo.axiomprotocol.org\/wp-content\/uploads\/2024\/02\/Untitled-1.webp","width":555,"height":478,"caption":"Minn Kota Ultrex"},{"@type":"BreadcrumbList","@id":"https:\/\/boat-demo.axiomprotocol.org\/ro\/produs\/motor-electric-minn-kota-ultrex-112-lb-cu-transductor-si-micro-telecomanda-mr-dsc-shaft-152cm\/#breadcrumb","itemListElement":[{"@type":"ListItem","position":1,"name":"Home","item":"https:\/\/boat-demo.axiomprotocol.org\/"},{"@type":"ListItem","position":2,"name":"Shop Online &#8211; cel mai bun magazin pentru echipamente pentru b\u0103rci","item":"https:\/\/boat-demo.axiomprotocol.org\/ro\/shop-ro\/"},{"@type":"ListItem","position":3,"name":"Motor electric Minn Kota Ultrex 112 lb. \/ cu transductor \u0219i micro telecomand\u0103 \/ DSC &#8211; Shaft 152cm"}]},{"@type":"WebSite","@id":"https:\/\/boat-demo.axiomprotocol.org\/ro\/#website","url":"https:\/\/boat-demo.axiomprotocol.org\/ro\/","name":"BoatsExpert","description":"Boats, Service, Equipment","publisher":{"@id":"https:\/\/boat-demo.axiomprotocol.org\/ro\/#organization"},"potentialAction":[{"@type":"SearchAction","target":{"@type":"EntryPoint","urlTemplate":"https:\/\/boat-demo.axiomprotocol.org\/ro\/?s={search_term_string}"},"query-input":{"@type":"PropertyValueSpecification","valueRequired":true,"valueName":"search_term_string"}}],"inLanguage":"ro-RO"},{"@type":"Organization","@id":"https:\/\/boat-demo.axiomprotocol.org\/ro\/#organization","name":"BoatsExpert","url":"https:\/\/boat-demo.axiomprotocol.org\/ro\/","logo":{"@type":"ImageObject","inLanguage":"ro-RO","@id":"https:\/\/boat-demo.axiomprotocol.org\/ro\/#\/schema\/logo\/image\/","url":"https:\/\/boat-demo.axiomprotocol.org\/wp-content\/uploads\/2023\/05\/white-logo60.svg","contentUrl":"https:\/\/boat-demo.axiomprotocol.org\/wp-content\/uploads\/2023\/05\/white-logo60.svg","width":90,"height":60,"caption":"BoatsExpert"},"image":{"@id":"https:\/\/boat-demo.axiomprotocol.org\/ro\/#\/schema\/logo\/image\/"}}]}},"_links":{"self":[{"href":"https:\/\/boat-demo.axiomprotocol.org\/ro\/wp-json\/wp\/v2\/product\/27643","targetHints":{"allow":["GET"]}}],"collection":[{"href":"https:\/\/boat-demo.axiomprotocol.org\/ro\/wp-json\/wp\/v2\/product"}],"about":[{"href":"https:\/\/boat-demo.axiomprotocol.org\/ro\/wp-json\/wp\/v2\/types\/product"}],"replies":[{"embeddable":true,"href":"https:\/\/boat-demo.axiomprotocol.org\/ro\/wp-json\/wp\/v2\/comments?post=27643"}],"version-history":[{"count":50,"href":"https:\/\/boat-demo.axiomprotocol.org\/ro\/wp-json\/wp\/v2\/product\/27643\/revisions"}],"predecessor-version":[{"id":28247,"href":"https:\/\/boat-demo.axiomprotocol.org\/ro\/wp-json\/wp\/v2\/product\/27643\/revisions\/28247"}],"wp:featuredmedia":[{"embeddable":true,"href":"https:\/\/boat-demo.axiomprotocol.org\/ro\/wp-json\/wp\/v2\/media\/28296"}],"wp:attachment":[{"href":"https:\/\/boat-demo.axiomprotocol.org\/ro\/wp-json\/wp\/v2\/media?parent=27643"}],"wp:term":[{"taxonomy":"product_brand","embeddable":true,"href":"https:\/\/boat-demo.axiomprotocol.org\/ro\/wp-json\/wp\/v2\/product_brand?post=27643"},{"taxonomy":"product_cat","embeddable":true,"href":"https:\/\/boat-demo.axiomprotocol.org\/ro\/wp-json\/wp\/v2\/product_cat?post=27643"},{"taxonomy":"product_tag","embeddable":true,"href":"https:\/\/boat-demo.axiomprotocol.org\/ro\/wp-json\/wp\/v2\/product_tag?post=27643"}],"curies":[{"name":"wp","href":"https:\/\/api.w.org\/{rel}","templated":true}]}}