{"id":27012,"date":"2023-12-19T17:21:00","date_gmt":"2023-12-19T14:21:00","guid":{"rendered":"https:\/\/boat-demo.axiomprotocol.org\/?post_type=product&#038;p=27012"},"modified":"2024-04-10T11:20:25","modified_gmt":"2024-04-10T08:20:25","slug":"ram-x-grip-suport-pentru-telefon-cu-ventuza-twist-lock","status":"publish","type":"product","link":"https:\/\/boat-demo.axiomprotocol.org\/ro\/produs\/ram-x-grip-suport-pentru-telefon-cu-ventuza-twist-lock\/","title":{"rendered":"RAM\u00ae X-Grip\u00ae Suport pentru telefon cu ventuza Twist-Lock\u2122"},"content":{"rendered":"\t\t<div data-elementor-type=\"wp-post\" data-elementor-id=\"27012\" class=\"elementor elementor-27012 elementor-27011\">\n\t\t\t\t\t\t<section class=\"elementor-section elementor-top-section elementor-element elementor-element-9c95480 elementor-section-boxed elementor-section-height-default elementor-section-height-default\" data-id=\"9c95480\" data-element_type=\"section\" data-e-type=\"section\">\n\t\t\t\t\t\t<div class=\"elementor-container elementor-column-gap-default\">\n\t\t\t\t\t<div class=\"elementor-column elementor-col-100 elementor-top-column elementor-element elementor-element-1b6b11c\" data-id=\"1b6b11c\" data-element_type=\"column\" data-e-type=\"column\">\n\t\t\t<div class=\"elementor-widget-wrap elementor-element-populated\">\n\t\t\t\t\t\t<div class=\"elementor-element elementor-element-14e61b2 elementor-widget elementor-widget-text-editor\" data-id=\"14e61b2\" data-element_type=\"widget\" data-e-type=\"widget\" data-widget_type=\"text-editor.default\">\n\t\t\t\t<div class=\"elementor-widget-container\">\n\t\t\t\t\t\t\t\t\t<p><br \/><br \/><\/p>\t\t\t\t\t\t\t\t<\/div>\n\t\t\t\t<\/div>\n\t\t\t\t\t<\/div>\n\t\t<\/div>\n\t\t\t\t\t<\/div>\n\t\t<\/section>\n\t\t\t\t<section class=\"elementor-section elementor-top-section elementor-element elementor-element-7f93dd5 elementor-section-boxed elementor-section-height-default elementor-section-height-default\" data-id=\"7f93dd5\" data-element_type=\"section\" data-e-type=\"section\">\n\t\t\t\t\t\t<div class=\"elementor-container elementor-column-gap-default\">\n\t\t\t\t\t<div class=\"elementor-column elementor-col-100 elementor-top-column elementor-element elementor-element-0c70085\" data-id=\"0c70085\" data-element_type=\"column\" data-e-type=\"column\">\n\t\t\t<div class=\"elementor-widget-wrap elementor-element-populated\">\n\t\t\t\t\t\t<div class=\"elementor-element elementor-element-15fe3ac elementor-widget elementor-widget-heading\" data-id=\"15fe3ac\" data-element_type=\"widget\" data-e-type=\"widget\" data-widget_type=\"heading.default\">\n\t\t\t\t<div class=\"elementor-widget-container\">\n\t\t\t\t\t<h6 class=\"elementor-heading-title elementor-size-large\">Caracteristici<\/h6>\t\t\t\t<\/div>\n\t\t\t\t<\/div>\n\t\t\t\t<div class=\"elementor-element elementor-element-99d77d0 elementor-widget elementor-widget-text-editor\" data-id=\"99d77d0\" data-element_type=\"widget\" data-e-type=\"widget\" data-widget_type=\"text-editor.default\">\n\t\t\t\t<div class=\"elementor-widget-container\">\n\t\t\t\t\t\t\t\t\t<ul class=\"tt-list01\"><li><p>Designul cu arc \u00eenc\u0103rcat cu arc &#8216;X&#8217;, prev\u0103zut cu capace de cauciuc, ofer\u0103 o putere mare de prindere f\u0103r\u0103 a ascunde telefonul; include o sfoar\u0103 de siguran\u021b\u0103 op\u021bional\u0103 pentru o lini\u0219te suplimentar\u0103 \u00een utilizare.<\/p><\/li><li><p>Include o baz\u0103 cu ventuz\u0103 RAM\u00ae\u00a0Twist-Lock\u2122\u00a0ideal\u0103 pentru parbrizele vehiculelor \u0219i un bra\u021b dublu de dimensiune B RAM\u00ae\u00a0de lungime medie; tehnologia cu bile \u0219i socketuri permite ajustabilitate aproape infinit\u0103.<\/p><\/li><li><p>Fabricat din aluminiu de calitate marina, acoperit cu pulbere, componente din o\u021bel inoxidabil \u0219i compozit de \u00eenalt\u0103 rezisten\u021b\u0103 pentru durabilitate \u0219i fiabilitate \u00een cele mai solicitante medii.<\/p><\/li><li><p>Sus\u021binut de o garan\u021bie pe via\u021b\u0103.<\/p><\/li><\/ul>\t\t\t\t\t\t\t\t<\/div>\n\t\t\t\t<\/div>\n\t\t\t\t\t<\/div>\n\t\t<\/div>\n\t\t\t\t\t<\/div>\n\t\t<\/section>\n\t\t\t\t<section class=\"elementor-section elementor-top-section elementor-element elementor-element-f86545f elementor-section-boxed elementor-section-height-default elementor-section-height-default\" data-id=\"f86545f\" data-element_type=\"section\" data-e-type=\"section\">\n\t\t\t\t\t\t<div class=\"elementor-container elementor-column-gap-default\">\n\t\t\t\t\t<div class=\"elementor-column elementor-col-100 elementor-top-column elementor-element elementor-element-2339eee\" data-id=\"2339eee\" data-element_type=\"column\" data-e-type=\"column\">\n\t\t\t<div class=\"elementor-widget-wrap elementor-element-populated\">\n\t\t\t\t\t\t<div class=\"elementor-element elementor-element-abc604e elementor-widget elementor-widget-text-editor\" data-id=\"abc604e\" data-element_type=\"widget\" data-e-type=\"widget\" data-widget_type=\"text-editor.default\">\n\t\t\t\t<div class=\"elementor-widget-container\">\n\t\t\t\t\t\t\t\t\t<p><br \/><br \/><\/p>\t\t\t\t\t\t\t\t<\/div>\n\t\t\t\t<\/div>\n\t\t\t\t\t<\/div>\n\t\t<\/div>\n\t\t\t\t\t<\/div>\n\t\t<\/section>\n\t\t\t\t<section class=\"elementor-section elementor-top-section elementor-element elementor-element-7ef4be9 elementor-section-boxed elementor-section-height-default elementor-section-height-default\" data-id=\"7ef4be9\" data-element_type=\"section\" data-e-type=\"section\">\n\t\t\t\t\t\t<div class=\"elementor-container elementor-column-gap-default\">\n\t\t\t\t\t<div class=\"elementor-column elementor-col-100 elementor-top-column elementor-element elementor-element-62d69e5\" data-id=\"62d69e5\" data-element_type=\"column\" data-e-type=\"column\">\n\t\t\t<div class=\"elementor-widget-wrap elementor-element-populated\">\n\t\t\t\t\t\t<div class=\"elementor-element elementor-element-e8d061b elementor-widget elementor-widget-heading\" data-id=\"e8d061b\" data-element_type=\"widget\" data-e-type=\"widget\" data-widget_type=\"heading.default\">\n\t\t\t\t<div class=\"elementor-widget-container\">\n\t\t\t\t\t<h6 class=\"elementor-heading-title elementor-size-large\">Specifica\u021bii<\/h6>\t\t\t\t<\/div>\n\t\t\t\t<\/div>\n\t\t\t\t\t<\/div>\n\t\t<\/div>\n\t\t\t\t\t<\/div>\n\t\t<\/section>\n\t\t\t\t<section class=\"elementor-section elementor-top-section elementor-element elementor-element-6de68d3 elementor-section-boxed elementor-section-height-default elementor-section-height-default\" data-id=\"6de68d3\" data-element_type=\"section\" data-e-type=\"section\">\n\t\t\t\t\t\t<div class=\"elementor-container elementor-column-gap-default\">\n\t\t\t\t\t<div class=\"elementor-column elementor-col-100 elementor-top-column elementor-element elementor-element-861c21b\" data-id=\"861c21b\" data-element_type=\"column\" data-e-type=\"column\">\n\t\t\t<div class=\"elementor-widget-wrap elementor-element-populated\">\n\t\t\t\t\t\t<div class=\"elementor-element elementor-element-e4a7c69 elementor-widget elementor-widget-text-editor\" data-id=\"e4a7c69\" data-element_type=\"widget\" data-e-type=\"widget\" data-widget_type=\"text-editor.default\">\n\t\t\t\t<div class=\"elementor-widget-container\">\n\t\t\t\t\t\t\t\t\t<table style=\"width: 100%\"><tbody><tr><td><strong>HARDWARE INCLUS<\/strong><\/td><td>Assembly Hardware<br \/>(1) Optional Tether<br \/>(1) Glue Tube for Rubber Caps<\/td><\/tr><tr><td><strong>DIMENSIUNI SUPORT<\/strong><\/td><td>Width Range: 1.875&#8243; &#8211; 3.25&#8243;<br \/>Depth Range: .875&#8243; max<\/td><\/tr><tr><td><strong>DIMENSIUNE VENTUZ\u0102<\/strong><\/td><td>3.3&#8243; Diameter<\/td><\/tr><tr><td><strong>LUNGIME DE LA BRA\u021a LA BRA\u021a<\/strong><\/td><td>3&#8243;<\/td><\/tr><tr><td><strong>DIMENSIUNE BIL\u0102<\/strong><\/td><td>B Size (1&#8243;)<\/td><\/tr><tr><td><strong>CAPACITATE DE GREUTATE<\/strong><\/td><td>Standard Use: 2 lbs<br \/>Heavy-Duty Use: 1 lb<\/td><\/tr><tr><td><strong>MATERIALE<\/strong><\/td><td>Marine-grade aluminum<br \/>High strength composite<br \/>Stainless steel<\/td><\/tr><tr><td><strong>TIP AMBALAJ<\/strong><\/td><td>Poly Bag<\/td><\/tr><tr><td><strong>GREUTATE<\/strong><\/td><td>0.8 lb<\/td><\/tr><tr><td><strong>INFORMA\u021aII SUPLIMENTARE<\/strong><\/td><td>Exposure to vibrations, like those generated by high-powered motorcycle engines, might impact iPhone cameras.<\/td><\/tr><\/tbody><\/table>\t\t\t\t\t\t\t\t<\/div>\n\t\t\t\t<\/div>\n\t\t\t\t\t<\/div>\n\t\t<\/div>\n\t\t\t\t\t<\/div>\n\t\t<\/section>\n\t\t\t\t<\/div>\n\t\t","protected":false},"excerpt":{"rendered":"<p>&nbsp;<\/p>\n<p>Ideal pentru parbrizele vehiculelor, RAM-B-166-UN7U este format dintr-o baz\u0103 cu ventuz\u0103 RAM\u00ae Twist-Lock\u2122 de 3.3&#8243;, un bra\u021b dublu de lungime medie \u0219i popularul suport pentru telefon RAM\u00ae X-Grip\u00ae cu arc \u00eenc\u0103rcat cu arc. RAM\u00ae X-Grip\u00ae are un design \u201eX\u201d care se extinde \u0219i se contract\u0103 pentru a se potrivi perfect dispozitivului dvs. &#8211; chiar \u0219i dac\u0103 este \u00eentr-o carcas\u0103. Fabricat din aluminiu de calitate marina, acoperit cu pulbere, componente din o\u021bel inoxidabil \u0219i compozit de \u00eenalt\u0103 rezisten\u021b\u0103, aceast\u0103 versiune a RAM\u00ae X-Grip\u00ae se potrive\u0219te telefoanelor cu o l\u0103\u021bime cuprins\u0103 \u00eentre 1,87&#8243; \u0219i 3,25&#8243; \u0219i men\u021bine dispozitivul dvs. complet func\u021bional \u0219i accesibil. Tehnologia RAM\u00ae cu bile \u0219i socketuri permite ajustabilitate aproape infinit\u0103 pentru a ob\u021bine un unghi de vizualizare ideal &#8211; contribuind, de asemenea, la extinderea duratei de via\u021b\u0103 a telefonului dvs. prin amortizarea \u0219ocurilor \u0219i vibra\u021biilor. Pentru aplica\u021biile \u00een aer liber, RAM\u00ae X-Grip\u00ae include o sfoar\u0103 de siguran\u021b\u0103 pentru dispozitiv, recomandat\u0103 pentru o securitate \u0219i o lini\u0219te suplimentar\u0103.<\/p>\n","protected":false},"featured_media":27014,"comment_status":"open","ping_status":"closed","template":"","meta":{"_acf_changed":false,"inline_featured_image":false},"product_brand":[],"product_cat":[343,340],"product_tag":[],"class_list":{"0":"post-27012","1":"product","2":"type-product","3":"status-publish","4":"has-post-thumbnail","6":"product_cat-ram-mounts_ro","7":"product_cat-sisteme-de-prindere-ro","8":"tt-post","10":"first","11":"instock","12":"shipping-taxable","13":"purchasable","14":"product-type-simple"},"acf":[],"yoast_head":"<!-- This site is optimized with the Yoast SEO plugin v27.4 - https:\/\/yoast.com\/product\/yoast-seo-wordpress\/ -->\n<title>RAM\u00ae X-Grip\u00ae Suport pentru telefon cu ventuza Twist-Lock\u2122 - BoatsExpert<\/title>\n<meta name=\"description\" content=\"Cump\u0103ra\u021bi RAM\u00ae X-Grip\u00ae Suport pentru telefon cu ventuz\u0103 Twist-Lock\u2122 \u00een Rom\u00e2nia de la Boats Expert. \u041e gam\u0103 larg\u0103 de accesorii pentru b\u0103rci cu motor cu livrare \u00een toat\u0103 Rom\u00e2nia!\" \/>\n<meta name=\"robots\" content=\"index, follow, max-snippet:-1, max-image-preview:large, max-video-preview:-1\" \/>\n<link rel=\"canonical\" href=\"https:\/\/boat-demo.axiomprotocol.org\/ro\/produs\/ram-x-grip-suport-pentru-telefon-cu-ventuza-twist-lock\/\" \/>\n<meta property=\"og:locale\" content=\"ro_RO\" \/>\n<meta property=\"og:type\" content=\"article\" \/>\n<meta property=\"og:title\" content=\"RAM\u00ae X-Grip\u00ae Suport pentru telefon cu ventuza Twist-Lock\u2122 - BoatsExpert\" \/>\n<meta property=\"og:description\" content=\"Cump\u0103ra\u021bi RAM\u00ae X-Grip\u00ae Suport pentru telefon cu ventuz\u0103 Twist-Lock\u2122 \u00een Rom\u00e2nia de la Boats Expert. \u041e gam\u0103 larg\u0103 de accesorii pentru b\u0103rci cu motor cu livrare \u00een toat\u0103 Rom\u00e2nia!\" \/>\n<meta property=\"og:url\" content=\"https:\/\/boat-demo.axiomprotocol.org\/ro\/produs\/ram-x-grip-suport-pentru-telefon-cu-ventuza-twist-lock\/\" \/>\n<meta property=\"og:site_name\" content=\"BoatsExpert\" \/>\n<meta property=\"article:modified_time\" content=\"2024-04-10T08:20:25+00:00\" \/>\n<meta property=\"og:image\" content=\"https:\/\/boat-demo.axiomprotocol.org\/wp-content\/uploads\/2023\/12\/RAM-B-166-UN7U_1.jpg\" \/>\n\t<meta property=\"og:image:width\" content=\"555\" \/>\n\t<meta property=\"og:image:height\" content=\"478\" \/>\n\t<meta property=\"og:image:type\" content=\"image\/jpeg\" \/>\n<meta name=\"twitter:card\" content=\"summary_large_image\" \/>\n<meta name=\"twitter:label1\" content=\"Timp estimat pentru citire\" \/>\n\t<meta name=\"twitter:data1\" content=\"1 minut\" \/>\n<script type=\"application\/ld+json\" class=\"yoast-schema-graph\">{\"@context\":\"https:\\\/\\\/schema.org\",\"@graph\":[{\"@type\":\"WebPage\",\"@id\":\"https:\\\/\\\/boat-demo.axiomprotocol.org\\\/ro\\\/produs\\\/ram-x-grip-suport-pentru-telefon-cu-ventuza-twist-lock\\\/\",\"url\":\"https:\\\/\\\/boat-demo.axiomprotocol.org\\\/ro\\\/produs\\\/ram-x-grip-suport-pentru-telefon-cu-ventuza-twist-lock\\\/\",\"name\":\"RAM\u00ae X-Grip\u00ae Suport pentru telefon cu ventuza Twist-Lock\u2122 - BoatsExpert\",\"isPartOf\":{\"@id\":\"https:\\\/\\\/boat-demo.axiomprotocol.org\\\/ro\\\/#website\"},\"primaryImageOfPage\":{\"@id\":\"https:\\\/\\\/boat-demo.axiomprotocol.org\\\/ro\\\/produs\\\/ram-x-grip-suport-pentru-telefon-cu-ventuza-twist-lock\\\/#primaryimage\"},\"image\":{\"@id\":\"https:\\\/\\\/boat-demo.axiomprotocol.org\\\/ro\\\/produs\\\/ram-x-grip-suport-pentru-telefon-cu-ventuza-twist-lock\\\/#primaryimage\"},\"thumbnailUrl\":\"https:\\\/\\\/boat-demo.axiomprotocol.org\\\/wp-content\\\/uploads\\\/2023\\\/12\\\/RAM-B-166-UN7U_1.jpg\",\"datePublished\":\"2023-12-19T14:21:00+00:00\",\"dateModified\":\"2024-04-10T08:20:25+00:00\",\"description\":\"Cump\u0103ra\u021bi RAM\u00ae X-Grip\u00ae Suport pentru telefon cu ventuz\u0103 Twist-Lock\u2122 \u00een Rom\u00e2nia de la Boats Expert. \u041e gam\u0103 larg\u0103 de accesorii pentru b\u0103rci cu motor cu livrare \u00een toat\u0103 Rom\u00e2nia!\",\"breadcrumb\":{\"@id\":\"https:\\\/\\\/boat-demo.axiomprotocol.org\\\/ro\\\/produs\\\/ram-x-grip-suport-pentru-telefon-cu-ventuza-twist-lock\\\/#breadcrumb\"},\"inLanguage\":\"ro-RO\",\"potentialAction\":[{\"@type\":\"ReadAction\",\"target\":[\"https:\\\/\\\/boat-demo.axiomprotocol.org\\\/ro\\\/produs\\\/ram-x-grip-suport-pentru-telefon-cu-ventuza-twist-lock\\\/\"]}]},{\"@type\":\"ImageObject\",\"inLanguage\":\"ro-RO\",\"@id\":\"https:\\\/\\\/boat-demo.axiomprotocol.org\\\/ro\\\/produs\\\/ram-x-grip-suport-pentru-telefon-cu-ventuza-twist-lock\\\/#primaryimage\",\"url\":\"https:\\\/\\\/boat-demo.axiomprotocol.org\\\/wp-content\\\/uploads\\\/2023\\\/12\\\/RAM-B-166-UN7U_1.jpg\",\"contentUrl\":\"https:\\\/\\\/boat-demo.axiomprotocol.org\\\/wp-content\\\/uploads\\\/2023\\\/12\\\/RAM-B-166-UN7U_1.jpg\",\"width\":555,\"height\":478},{\"@type\":\"BreadcrumbList\",\"@id\":\"https:\\\/\\\/boat-demo.axiomprotocol.org\\\/ro\\\/produs\\\/ram-x-grip-suport-pentru-telefon-cu-ventuza-twist-lock\\\/#breadcrumb\",\"itemListElement\":[{\"@type\":\"ListItem\",\"position\":1,\"name\":\"Home\",\"item\":\"https:\\\/\\\/boat-demo.axiomprotocol.org\\\/\"},{\"@type\":\"ListItem\",\"position\":2,\"name\":\"Shop Online &#8211; cel mai bun magazin pentru echipamente pentru b\u0103rci\",\"item\":\"https:\\\/\\\/boat-demo.axiomprotocol.org\\\/ro\\\/shop-ro\\\/\"},{\"@type\":\"ListItem\",\"position\":3,\"name\":\"RAM\u00ae X-Grip\u00ae Suport pentru telefon cu ventuza Twist-Lock\u2122\"}]},{\"@type\":\"WebSite\",\"@id\":\"https:\\\/\\\/boat-demo.axiomprotocol.org\\\/ro\\\/#website\",\"url\":\"https:\\\/\\\/boat-demo.axiomprotocol.org\\\/ro\\\/\",\"name\":\"BoatsExpert\",\"description\":\"Boats, Service, Equipment\",\"publisher\":{\"@id\":\"https:\\\/\\\/boat-demo.axiomprotocol.org\\\/ro\\\/#organization\"},\"potentialAction\":[{\"@type\":\"SearchAction\",\"target\":{\"@type\":\"EntryPoint\",\"urlTemplate\":\"https:\\\/\\\/boat-demo.axiomprotocol.org\\\/ro\\\/?s={search_term_string}\"},\"query-input\":{\"@type\":\"PropertyValueSpecification\",\"valueRequired\":true,\"valueName\":\"search_term_string\"}}],\"inLanguage\":\"ro-RO\"},{\"@type\":\"Organization\",\"@id\":\"https:\\\/\\\/boat-demo.axiomprotocol.org\\\/ro\\\/#organization\",\"name\":\"BoatsExpert\",\"url\":\"https:\\\/\\\/boat-demo.axiomprotocol.org\\\/ro\\\/\",\"logo\":{\"@type\":\"ImageObject\",\"inLanguage\":\"ro-RO\",\"@id\":\"https:\\\/\\\/boat-demo.axiomprotocol.org\\\/ro\\\/#\\\/schema\\\/logo\\\/image\\\/\",\"url\":\"https:\\\/\\\/boat-demo.axiomprotocol.org\\\/wp-content\\\/uploads\\\/2023\\\/05\\\/white-logo60.svg\",\"contentUrl\":\"https:\\\/\\\/boat-demo.axiomprotocol.org\\\/wp-content\\\/uploads\\\/2023\\\/05\\\/white-logo60.svg\",\"width\":90,\"height\":60,\"caption\":\"BoatsExpert\"},\"image\":{\"@id\":\"https:\\\/\\\/boat-demo.axiomprotocol.org\\\/ro\\\/#\\\/schema\\\/logo\\\/image\\\/\"}}]}<\/script>\n<!-- \/ Yoast SEO plugin. -->","yoast_head_json":{"title":"RAM\u00ae X-Grip\u00ae Suport pentru telefon cu ventuza Twist-Lock\u2122 - BoatsExpert","description":"Cump\u0103ra\u021bi RAM\u00ae X-Grip\u00ae Suport pentru telefon cu ventuz\u0103 Twist-Lock\u2122 \u00een Rom\u00e2nia de la Boats Expert. \u041e gam\u0103 larg\u0103 de accesorii pentru b\u0103rci cu motor cu livrare \u00een toat\u0103 Rom\u00e2nia!","robots":{"index":"index","follow":"follow","max-snippet":"max-snippet:-1","max-image-preview":"max-image-preview:large","max-video-preview":"max-video-preview:-1"},"canonical":"https:\/\/boat-demo.axiomprotocol.org\/ro\/produs\/ram-x-grip-suport-pentru-telefon-cu-ventuza-twist-lock\/","og_locale":"ro_RO","og_type":"article","og_title":"RAM\u00ae X-Grip\u00ae Suport pentru telefon cu ventuza Twist-Lock\u2122 - BoatsExpert","og_description":"Cump\u0103ra\u021bi RAM\u00ae X-Grip\u00ae Suport pentru telefon cu ventuz\u0103 Twist-Lock\u2122 \u00een Rom\u00e2nia de la Boats Expert. \u041e gam\u0103 larg\u0103 de accesorii pentru b\u0103rci cu motor cu livrare \u00een toat\u0103 Rom\u00e2nia!","og_url":"https:\/\/boat-demo.axiomprotocol.org\/ro\/produs\/ram-x-grip-suport-pentru-telefon-cu-ventuza-twist-lock\/","og_site_name":"BoatsExpert","article_modified_time":"2024-04-10T08:20:25+00:00","og_image":[{"width":555,"height":478,"url":"https:\/\/boat-demo.axiomprotocol.org\/wp-content\/uploads\/2023\/12\/RAM-B-166-UN7U_1.jpg","type":"image\/jpeg"}],"twitter_card":"summary_large_image","twitter_misc":{"Timp estimat pentru citire":"1 minut"},"schema":{"@context":"https:\/\/schema.org","@graph":[{"@type":"WebPage","@id":"https:\/\/boat-demo.axiomprotocol.org\/ro\/produs\/ram-x-grip-suport-pentru-telefon-cu-ventuza-twist-lock\/","url":"https:\/\/boat-demo.axiomprotocol.org\/ro\/produs\/ram-x-grip-suport-pentru-telefon-cu-ventuza-twist-lock\/","name":"RAM\u00ae X-Grip\u00ae Suport pentru telefon cu ventuza Twist-Lock\u2122 - BoatsExpert","isPartOf":{"@id":"https:\/\/boat-demo.axiomprotocol.org\/ro\/#website"},"primaryImageOfPage":{"@id":"https:\/\/boat-demo.axiomprotocol.org\/ro\/produs\/ram-x-grip-suport-pentru-telefon-cu-ventuza-twist-lock\/#primaryimage"},"image":{"@id":"https:\/\/boat-demo.axiomprotocol.org\/ro\/produs\/ram-x-grip-suport-pentru-telefon-cu-ventuza-twist-lock\/#primaryimage"},"thumbnailUrl":"https:\/\/boat-demo.axiomprotocol.org\/wp-content\/uploads\/2023\/12\/RAM-B-166-UN7U_1.jpg","datePublished":"2023-12-19T14:21:00+00:00","dateModified":"2024-04-10T08:20:25+00:00","description":"Cump\u0103ra\u021bi RAM\u00ae X-Grip\u00ae Suport pentru telefon cu ventuz\u0103 Twist-Lock\u2122 \u00een Rom\u00e2nia de la Boats Expert. \u041e gam\u0103 larg\u0103 de accesorii pentru b\u0103rci cu motor cu livrare \u00een toat\u0103 Rom\u00e2nia!","breadcrumb":{"@id":"https:\/\/boat-demo.axiomprotocol.org\/ro\/produs\/ram-x-grip-suport-pentru-telefon-cu-ventuza-twist-lock\/#breadcrumb"},"inLanguage":"ro-RO","potentialAction":[{"@type":"ReadAction","target":["https:\/\/boat-demo.axiomprotocol.org\/ro\/produs\/ram-x-grip-suport-pentru-telefon-cu-ventuza-twist-lock\/"]}]},{"@type":"ImageObject","inLanguage":"ro-RO","@id":"https:\/\/boat-demo.axiomprotocol.org\/ro\/produs\/ram-x-grip-suport-pentru-telefon-cu-ventuza-twist-lock\/#primaryimage","url":"https:\/\/boat-demo.axiomprotocol.org\/wp-content\/uploads\/2023\/12\/RAM-B-166-UN7U_1.jpg","contentUrl":"https:\/\/boat-demo.axiomprotocol.org\/wp-content\/uploads\/2023\/12\/RAM-B-166-UN7U_1.jpg","width":555,"height":478},{"@type":"BreadcrumbList","@id":"https:\/\/boat-demo.axiomprotocol.org\/ro\/produs\/ram-x-grip-suport-pentru-telefon-cu-ventuza-twist-lock\/#breadcrumb","itemListElement":[{"@type":"ListItem","position":1,"name":"Home","item":"https:\/\/boat-demo.axiomprotocol.org\/"},{"@type":"ListItem","position":2,"name":"Shop Online &#8211; cel mai bun magazin pentru echipamente pentru b\u0103rci","item":"https:\/\/boat-demo.axiomprotocol.org\/ro\/shop-ro\/"},{"@type":"ListItem","position":3,"name":"RAM\u00ae X-Grip\u00ae Suport pentru telefon cu ventuza Twist-Lock\u2122"}]},{"@type":"WebSite","@id":"https:\/\/boat-demo.axiomprotocol.org\/ro\/#website","url":"https:\/\/boat-demo.axiomprotocol.org\/ro\/","name":"BoatsExpert","description":"Boats, Service, Equipment","publisher":{"@id":"https:\/\/boat-demo.axiomprotocol.org\/ro\/#organization"},"potentialAction":[{"@type":"SearchAction","target":{"@type":"EntryPoint","urlTemplate":"https:\/\/boat-demo.axiomprotocol.org\/ro\/?s={search_term_string}"},"query-input":{"@type":"PropertyValueSpecification","valueRequired":true,"valueName":"search_term_string"}}],"inLanguage":"ro-RO"},{"@type":"Organization","@id":"https:\/\/boat-demo.axiomprotocol.org\/ro\/#organization","name":"BoatsExpert","url":"https:\/\/boat-demo.axiomprotocol.org\/ro\/","logo":{"@type":"ImageObject","inLanguage":"ro-RO","@id":"https:\/\/boat-demo.axiomprotocol.org\/ro\/#\/schema\/logo\/image\/","url":"https:\/\/boat-demo.axiomprotocol.org\/wp-content\/uploads\/2023\/05\/white-logo60.svg","contentUrl":"https:\/\/boat-demo.axiomprotocol.org\/wp-content\/uploads\/2023\/05\/white-logo60.svg","width":90,"height":60,"caption":"BoatsExpert"},"image":{"@id":"https:\/\/boat-demo.axiomprotocol.org\/ro\/#\/schema\/logo\/image\/"}}]}},"_links":{"self":[{"href":"https:\/\/boat-demo.axiomprotocol.org\/ro\/wp-json\/wp\/v2\/product\/27012","targetHints":{"allow":["GET"]}}],"collection":[{"href":"https:\/\/boat-demo.axiomprotocol.org\/ro\/wp-json\/wp\/v2\/product"}],"about":[{"href":"https:\/\/boat-demo.axiomprotocol.org\/ro\/wp-json\/wp\/v2\/types\/product"}],"replies":[{"embeddable":true,"href":"https:\/\/boat-demo.axiomprotocol.org\/ro\/wp-json\/wp\/v2\/comments?post=27012"}],"version-history":[{"count":9,"href":"https:\/\/boat-demo.axiomprotocol.org\/ro\/wp-json\/wp\/v2\/product\/27012\/revisions"}],"predecessor-version":[{"id":31214,"href":"https:\/\/boat-demo.axiomprotocol.org\/ro\/wp-json\/wp\/v2\/product\/27012\/revisions\/31214"}],"wp:featuredmedia":[{"embeddable":true,"href":"https:\/\/boat-demo.axiomprotocol.org\/ro\/wp-json\/wp\/v2\/media\/27014"}],"wp:attachment":[{"href":"https:\/\/boat-demo.axiomprotocol.org\/ro\/wp-json\/wp\/v2\/media?parent=27012"}],"wp:term":[{"taxonomy":"product_brand","embeddable":true,"href":"https:\/\/boat-demo.axiomprotocol.org\/ro\/wp-json\/wp\/v2\/product_brand?post=27012"},{"taxonomy":"product_cat","embeddable":true,"href":"https:\/\/boat-demo.axiomprotocol.org\/ro\/wp-json\/wp\/v2\/product_cat?post=27012"},{"taxonomy":"product_tag","embeddable":true,"href":"https:\/\/boat-demo.axiomprotocol.org\/ro\/wp-json\/wp\/v2\/product_tag?post=27012"}],"curies":[{"name":"wp","href":"https:\/\/api.w.org\/{rel}","templated":true}]}}