{"id":26944,"date":"2023-12-19T16:35:18","date_gmt":"2023-12-19T13:35:18","guid":{"rendered":"https:\/\/boat-demo.axiomprotocol.org\/?post_type=product&#038;p=26944"},"modified":"2024-04-08T17:09:43","modified_gmt":"2024-04-08T14:09:43","slug":"ram-montura-drill-down-cu-brat-dublu-si-adaptor-pentru-camera-de-actiune","status":"publish","type":"product","link":"https:\/\/boat-demo.axiomprotocol.org\/ro\/produs\/ram-montura-drill-down-cu-brat-dublu-si-adaptor-pentru-camera-de-actiune\/","title":{"rendered":"RAM\u00ae Montura Drill-Down cu brat dublu si adaptor pentru camera de actiune"},"content":{"rendered":"\t\t<div data-elementor-type=\"wp-post\" data-elementor-id=\"26944\" class=\"elementor elementor-26944 elementor-26943\">\n\t\t\t\t\t\t<section class=\"elementor-section elementor-top-section elementor-element elementor-element-9c95480 elementor-section-boxed elementor-section-height-default elementor-section-height-default\" data-id=\"9c95480\" data-element_type=\"section\" data-e-type=\"section\">\n\t\t\t\t\t\t<div class=\"elementor-container elementor-column-gap-default\">\n\t\t\t\t\t<div class=\"elementor-column elementor-col-100 elementor-top-column elementor-element elementor-element-1b6b11c\" data-id=\"1b6b11c\" data-element_type=\"column\" data-e-type=\"column\">\n\t\t\t<div class=\"elementor-widget-wrap elementor-element-populated\">\n\t\t\t\t\t\t<div class=\"elementor-element elementor-element-14e61b2 elementor-widget elementor-widget-text-editor\" data-id=\"14e61b2\" data-element_type=\"widget\" data-e-type=\"widget\" data-widget_type=\"text-editor.default\">\n\t\t\t\t<div class=\"elementor-widget-container\">\n\t\t\t\t\t\t\t\t\t<p><br \/><br \/><\/p>\t\t\t\t\t\t\t\t<\/div>\n\t\t\t\t<\/div>\n\t\t\t\t\t<\/div>\n\t\t<\/div>\n\t\t\t\t\t<\/div>\n\t\t<\/section>\n\t\t\t\t<section class=\"elementor-section elementor-top-section elementor-element elementor-element-7ef4be9 elementor-section-boxed elementor-section-height-default elementor-section-height-default\" data-id=\"7ef4be9\" data-element_type=\"section\" data-e-type=\"section\">\n\t\t\t\t\t\t<div class=\"elementor-container elementor-column-gap-default\">\n\t\t\t\t\t<div class=\"elementor-column elementor-col-100 elementor-top-column elementor-element elementor-element-62d69e5\" data-id=\"62d69e5\" data-element_type=\"column\" data-e-type=\"column\">\n\t\t\t<div class=\"elementor-widget-wrap elementor-element-populated\">\n\t\t\t\t\t\t<div class=\"elementor-element elementor-element-e8d061b elementor-widget elementor-widget-heading\" data-id=\"e8d061b\" data-element_type=\"widget\" data-e-type=\"widget\" data-widget_type=\"heading.default\">\n\t\t\t\t<div class=\"elementor-widget-container\">\n\t\t\t\t\t<h6 class=\"elementor-heading-title elementor-size-large\">Specifica\u021bii<\/h6>\t\t\t\t<\/div>\n\t\t\t\t<\/div>\n\t\t\t\t\t<\/div>\n\t\t<\/div>\n\t\t\t\t\t<\/div>\n\t\t<\/section>\n\t\t\t\t<section class=\"elementor-section elementor-top-section elementor-element elementor-element-6de68d3 elementor-section-boxed elementor-section-height-default elementor-section-height-default\" data-id=\"6de68d3\" data-element_type=\"section\" data-e-type=\"section\">\n\t\t\t\t\t\t<div class=\"elementor-container elementor-column-gap-default\">\n\t\t\t\t\t<div class=\"elementor-column elementor-col-100 elementor-top-column elementor-element elementor-element-9f038b5\" data-id=\"9f038b5\" data-element_type=\"column\" data-e-type=\"column\">\n\t\t\t<div class=\"elementor-widget-wrap elementor-element-populated\">\n\t\t\t\t\t\t<div class=\"elementor-element elementor-element-9381caf elementor-widget elementor-widget-text-editor\" data-id=\"9381caf\" data-element_type=\"widget\" data-e-type=\"widget\" data-widget_type=\"text-editor.default\">\n\t\t\t\t<div class=\"elementor-widget-container\">\n\t\t\t\t\t\t\t\t\t<table style=\"width: 100%\"><tbody><tr><td><strong>HARDWARE INCLUS<\/strong><\/td><td>Assembly Hardware<\/td><\/tr><tr><td><p><strong>LUNGIME DE LA PRINDERE LA PRINDERE<\/strong><\/p><\/td><td>5.31&#8243;<\/td><\/tr><tr><td><p><strong>MODELUL G\u0102URILOR<\/strong><\/p><\/td><td>4-Hole AMPS: 1.181&#8243; x 1.496&#8243;<br \/>3-Hole 120-Degree: 1.812&#8243; Diameter<\/td><\/tr><tr><td><p><strong>DIMENSIUNE PLAC\u0102<\/strong><\/p><\/td><td>2.5&#8243; Diameter<\/td><\/tr><tr><td><p><strong>DIMENSIUNE MINGE<\/strong><\/p><\/td><td>B Size (1&#8243;)<\/td><\/tr><tr><td><p><strong>CAPACITATE DE GREUTATE<\/strong><\/p><\/td><td>Standard Use: 2 lbs<br \/>Heavy-Duty Use: 1 lb<\/td><\/tr><tr><td><strong>MATERIALE<\/strong><\/td><td>Marine-grade aluminum<br \/>High strength composite<\/td><\/tr><tr><td><p><strong>TIP AMBALARE<\/strong><\/p><\/td><td>Retail Bag<\/td><\/tr><tr><td><strong>GREUTATE<\/strong><\/td><td>0.74 lb<\/td><\/tr><\/tbody><\/table>\t\t\t\t\t\t\t\t<\/div>\n\t\t\t\t<\/div>\n\t\t\t\t\t<\/div>\n\t\t<\/div>\n\t\t\t\t\t<\/div>\n\t\t<\/section>\n\t\t\t\t<\/div>\n\t\t","protected":false},"excerpt":{"rendered":"<p>&nbsp;<\/p>\n<p>RAM-B-138-C-GOP1 const\u0103 dintr-o baz\u0103 rotund\u0103 cu diametrul de 2,5 inch \u0219i modelul universal de g\u0103uri AMPS, un bra\u021b dublu de dimensiune MARE \u0219i o minge cu diametrul de 1 inch cu un adaptor personalizat pentru GoPro\u00ae Hero. Montura este proiectat\u0103 cu un sistem patentat RAM de minge \u0219i muf\u0103 cu diametrul de 1 inch, cu puncte de reglare la ambele capete ale bra\u021bului dublu; acest lucru permite ajust\u0103ri aproape infinite \u0219i unghiuri de vizualizare perfecte. RAM-B-138-A-GOP1 poate fi utilizat ca o solu\u021bie de montare prin g\u0103urire sau ca o solu\u021bie de montare temporar\u0103 \u0219i deta\u0219abil\u0103 cu ad\u0103ugarea accesoriului RAP-339U. Adaptorul GoPro\u00ae Hero se ata\u0219eaz\u0103 direct pe partea inferioar\u0103 a camerei, \u00eenlocuind suportul de montare de fabric\u0103.<\/p>\n","protected":false},"featured_media":26946,"comment_status":"open","ping_status":"closed","template":"","meta":{"_acf_changed":false,"inline_featured_image":false},"product_brand":[],"product_cat":[343,340],"product_tag":[],"class_list":{"0":"post-26944","1":"product","2":"type-product","3":"status-publish","4":"has-post-thumbnail","6":"product_cat-ram-mounts_ro","7":"product_cat-sisteme-de-prindere-ro","8":"tt-post","10":"first","11":"instock","12":"shipping-taxable","13":"purchasable","14":"product-type-simple"},"acf":[],"yoast_head":"<!-- This site is optimized with the Yoast SEO plugin v27.4 - https:\/\/yoast.com\/product\/yoast-seo-wordpress\/ -->\n<title>RAM\u00ae Montura Drill-Down cu brat dublu si adaptor pentru camera de actiune - BoatsExpert<\/title>\n<meta name=\"description\" content=\"Cump\u0103ra\u021bi RAM Montura Drill-Down cu brat dublu si adaptor pentru camera de actiune \u00een Rom\u00e2nia de la Boats Expert. \u041e gam\u0103 larg\u0103 de accesorii pentru b\u0103rci cu motor cu livrare \u00een toat\u0103 Rom\u00e2nia!\" \/>\n<meta name=\"robots\" content=\"index, follow, max-snippet:-1, max-image-preview:large, max-video-preview:-1\" \/>\n<link rel=\"canonical\" href=\"https:\/\/boat-demo.axiomprotocol.org\/ro\/produs\/ram-montura-drill-down-cu-brat-dublu-si-adaptor-pentru-camera-de-actiune\/\" \/>\n<meta property=\"og:locale\" content=\"ro_RO\" \/>\n<meta property=\"og:type\" content=\"article\" \/>\n<meta property=\"og:title\" content=\"RAM\u00ae Montura Drill-Down cu brat dublu si adaptor pentru camera de actiune - BoatsExpert\" \/>\n<meta property=\"og:description\" content=\"Cump\u0103ra\u021bi RAM Montura Drill-Down cu brat dublu si adaptor pentru camera de actiune \u00een Rom\u00e2nia de la Boats Expert. \u041e gam\u0103 larg\u0103 de accesorii pentru b\u0103rci cu motor cu livrare \u00een toat\u0103 Rom\u00e2nia!\" \/>\n<meta property=\"og:url\" content=\"https:\/\/boat-demo.axiomprotocol.org\/ro\/produs\/ram-montura-drill-down-cu-brat-dublu-si-adaptor-pentru-camera-de-actiune\/\" \/>\n<meta property=\"og:site_name\" content=\"BoatsExpert\" \/>\n<meta property=\"article:modified_time\" content=\"2024-04-08T14:09:43+00:00\" \/>\n<meta property=\"og:image\" content=\"https:\/\/boat-demo.axiomprotocol.org\/wp-content\/uploads\/2023\/12\/RAM-B-138-GOP1_1.jpg\" \/>\n\t<meta property=\"og:image:width\" content=\"555\" \/>\n\t<meta property=\"og:image:height\" content=\"478\" \/>\n\t<meta property=\"og:image:type\" content=\"image\/jpeg\" \/>\n<meta name=\"twitter:card\" content=\"summary_large_image\" \/>\n<script type=\"application\/ld+json\" class=\"yoast-schema-graph\">{\"@context\":\"https:\\\/\\\/schema.org\",\"@graph\":[{\"@type\":\"WebPage\",\"@id\":\"https:\\\/\\\/boat-demo.axiomprotocol.org\\\/ro\\\/produs\\\/ram-montura-drill-down-cu-brat-dublu-si-adaptor-pentru-camera-de-actiune\\\/\",\"url\":\"https:\\\/\\\/boat-demo.axiomprotocol.org\\\/ro\\\/produs\\\/ram-montura-drill-down-cu-brat-dublu-si-adaptor-pentru-camera-de-actiune\\\/\",\"name\":\"RAM\u00ae Montura Drill-Down cu brat dublu si adaptor pentru camera de actiune - BoatsExpert\",\"isPartOf\":{\"@id\":\"https:\\\/\\\/boat-demo.axiomprotocol.org\\\/ro\\\/#website\"},\"primaryImageOfPage\":{\"@id\":\"https:\\\/\\\/boat-demo.axiomprotocol.org\\\/ro\\\/produs\\\/ram-montura-drill-down-cu-brat-dublu-si-adaptor-pentru-camera-de-actiune\\\/#primaryimage\"},\"image\":{\"@id\":\"https:\\\/\\\/boat-demo.axiomprotocol.org\\\/ro\\\/produs\\\/ram-montura-drill-down-cu-brat-dublu-si-adaptor-pentru-camera-de-actiune\\\/#primaryimage\"},\"thumbnailUrl\":\"https:\\\/\\\/boat-demo.axiomprotocol.org\\\/wp-content\\\/uploads\\\/2023\\\/12\\\/RAM-B-138-GOP1_1.jpg\",\"datePublished\":\"2023-12-19T13:35:18+00:00\",\"dateModified\":\"2024-04-08T14:09:43+00:00\",\"description\":\"Cump\u0103ra\u021bi RAM Montura Drill-Down cu brat dublu si adaptor pentru camera de actiune \u00een Rom\u00e2nia de la Boats Expert. \u041e gam\u0103 larg\u0103 de accesorii pentru b\u0103rci cu motor cu livrare \u00een toat\u0103 Rom\u00e2nia!\",\"breadcrumb\":{\"@id\":\"https:\\\/\\\/boat-demo.axiomprotocol.org\\\/ro\\\/produs\\\/ram-montura-drill-down-cu-brat-dublu-si-adaptor-pentru-camera-de-actiune\\\/#breadcrumb\"},\"inLanguage\":\"ro-RO\",\"potentialAction\":[{\"@type\":\"ReadAction\",\"target\":[\"https:\\\/\\\/boat-demo.axiomprotocol.org\\\/ro\\\/produs\\\/ram-montura-drill-down-cu-brat-dublu-si-adaptor-pentru-camera-de-actiune\\\/\"]}]},{\"@type\":\"ImageObject\",\"inLanguage\":\"ro-RO\",\"@id\":\"https:\\\/\\\/boat-demo.axiomprotocol.org\\\/ro\\\/produs\\\/ram-montura-drill-down-cu-brat-dublu-si-adaptor-pentru-camera-de-actiune\\\/#primaryimage\",\"url\":\"https:\\\/\\\/boat-demo.axiomprotocol.org\\\/wp-content\\\/uploads\\\/2023\\\/12\\\/RAM-B-138-GOP1_1.jpg\",\"contentUrl\":\"https:\\\/\\\/boat-demo.axiomprotocol.org\\\/wp-content\\\/uploads\\\/2023\\\/12\\\/RAM-B-138-GOP1_1.jpg\",\"width\":555,\"height\":478},{\"@type\":\"BreadcrumbList\",\"@id\":\"https:\\\/\\\/boat-demo.axiomprotocol.org\\\/ro\\\/produs\\\/ram-montura-drill-down-cu-brat-dublu-si-adaptor-pentru-camera-de-actiune\\\/#breadcrumb\",\"itemListElement\":[{\"@type\":\"ListItem\",\"position\":1,\"name\":\"Home\",\"item\":\"https:\\\/\\\/boat-demo.axiomprotocol.org\\\/\"},{\"@type\":\"ListItem\",\"position\":2,\"name\":\"Shop Online &#8211; cel mai bun magazin pentru echipamente pentru b\u0103rci\",\"item\":\"https:\\\/\\\/boat-demo.axiomprotocol.org\\\/ro\\\/shop-ro\\\/\"},{\"@type\":\"ListItem\",\"position\":3,\"name\":\"RAM\u00ae Montura Drill-Down cu brat dublu si adaptor pentru camera de actiune\"}]},{\"@type\":\"WebSite\",\"@id\":\"https:\\\/\\\/boat-demo.axiomprotocol.org\\\/ro\\\/#website\",\"url\":\"https:\\\/\\\/boat-demo.axiomprotocol.org\\\/ro\\\/\",\"name\":\"BoatsExpert\",\"description\":\"Boats, Service, Equipment\",\"publisher\":{\"@id\":\"https:\\\/\\\/boat-demo.axiomprotocol.org\\\/ro\\\/#organization\"},\"potentialAction\":[{\"@type\":\"SearchAction\",\"target\":{\"@type\":\"EntryPoint\",\"urlTemplate\":\"https:\\\/\\\/boat-demo.axiomprotocol.org\\\/ro\\\/?s={search_term_string}\"},\"query-input\":{\"@type\":\"PropertyValueSpecification\",\"valueRequired\":true,\"valueName\":\"search_term_string\"}}],\"inLanguage\":\"ro-RO\"},{\"@type\":\"Organization\",\"@id\":\"https:\\\/\\\/boat-demo.axiomprotocol.org\\\/ro\\\/#organization\",\"name\":\"BoatsExpert\",\"url\":\"https:\\\/\\\/boat-demo.axiomprotocol.org\\\/ro\\\/\",\"logo\":{\"@type\":\"ImageObject\",\"inLanguage\":\"ro-RO\",\"@id\":\"https:\\\/\\\/boat-demo.axiomprotocol.org\\\/ro\\\/#\\\/schema\\\/logo\\\/image\\\/\",\"url\":\"https:\\\/\\\/boat-demo.axiomprotocol.org\\\/wp-content\\\/uploads\\\/2023\\\/05\\\/white-logo60.svg\",\"contentUrl\":\"https:\\\/\\\/boat-demo.axiomprotocol.org\\\/wp-content\\\/uploads\\\/2023\\\/05\\\/white-logo60.svg\",\"width\":90,\"height\":60,\"caption\":\"BoatsExpert\"},\"image\":{\"@id\":\"https:\\\/\\\/boat-demo.axiomprotocol.org\\\/ro\\\/#\\\/schema\\\/logo\\\/image\\\/\"}}]}<\/script>\n<!-- \/ Yoast SEO plugin. -->","yoast_head_json":{"title":"RAM\u00ae Montura Drill-Down cu brat dublu si adaptor pentru camera de actiune - BoatsExpert","description":"Cump\u0103ra\u021bi RAM Montura Drill-Down cu brat dublu si adaptor pentru camera de actiune \u00een Rom\u00e2nia de la Boats Expert. \u041e gam\u0103 larg\u0103 de accesorii pentru b\u0103rci cu motor cu livrare \u00een toat\u0103 Rom\u00e2nia!","robots":{"index":"index","follow":"follow","max-snippet":"max-snippet:-1","max-image-preview":"max-image-preview:large","max-video-preview":"max-video-preview:-1"},"canonical":"https:\/\/boat-demo.axiomprotocol.org\/ro\/produs\/ram-montura-drill-down-cu-brat-dublu-si-adaptor-pentru-camera-de-actiune\/","og_locale":"ro_RO","og_type":"article","og_title":"RAM\u00ae Montura Drill-Down cu brat dublu si adaptor pentru camera de actiune - BoatsExpert","og_description":"Cump\u0103ra\u021bi RAM Montura Drill-Down cu brat dublu si adaptor pentru camera de actiune \u00een Rom\u00e2nia de la Boats Expert. \u041e gam\u0103 larg\u0103 de accesorii pentru b\u0103rci cu motor cu livrare \u00een toat\u0103 Rom\u00e2nia!","og_url":"https:\/\/boat-demo.axiomprotocol.org\/ro\/produs\/ram-montura-drill-down-cu-brat-dublu-si-adaptor-pentru-camera-de-actiune\/","og_site_name":"BoatsExpert","article_modified_time":"2024-04-08T14:09:43+00:00","og_image":[{"width":555,"height":478,"url":"https:\/\/boat-demo.axiomprotocol.org\/wp-content\/uploads\/2023\/12\/RAM-B-138-GOP1_1.jpg","type":"image\/jpeg"}],"twitter_card":"summary_large_image","schema":{"@context":"https:\/\/schema.org","@graph":[{"@type":"WebPage","@id":"https:\/\/boat-demo.axiomprotocol.org\/ro\/produs\/ram-montura-drill-down-cu-brat-dublu-si-adaptor-pentru-camera-de-actiune\/","url":"https:\/\/boat-demo.axiomprotocol.org\/ro\/produs\/ram-montura-drill-down-cu-brat-dublu-si-adaptor-pentru-camera-de-actiune\/","name":"RAM\u00ae Montura Drill-Down cu brat dublu si adaptor pentru camera de actiune - BoatsExpert","isPartOf":{"@id":"https:\/\/boat-demo.axiomprotocol.org\/ro\/#website"},"primaryImageOfPage":{"@id":"https:\/\/boat-demo.axiomprotocol.org\/ro\/produs\/ram-montura-drill-down-cu-brat-dublu-si-adaptor-pentru-camera-de-actiune\/#primaryimage"},"image":{"@id":"https:\/\/boat-demo.axiomprotocol.org\/ro\/produs\/ram-montura-drill-down-cu-brat-dublu-si-adaptor-pentru-camera-de-actiune\/#primaryimage"},"thumbnailUrl":"https:\/\/boat-demo.axiomprotocol.org\/wp-content\/uploads\/2023\/12\/RAM-B-138-GOP1_1.jpg","datePublished":"2023-12-19T13:35:18+00:00","dateModified":"2024-04-08T14:09:43+00:00","description":"Cump\u0103ra\u021bi RAM Montura Drill-Down cu brat dublu si adaptor pentru camera de actiune \u00een Rom\u00e2nia de la Boats Expert. \u041e gam\u0103 larg\u0103 de accesorii pentru b\u0103rci cu motor cu livrare \u00een toat\u0103 Rom\u00e2nia!","breadcrumb":{"@id":"https:\/\/boat-demo.axiomprotocol.org\/ro\/produs\/ram-montura-drill-down-cu-brat-dublu-si-adaptor-pentru-camera-de-actiune\/#breadcrumb"},"inLanguage":"ro-RO","potentialAction":[{"@type":"ReadAction","target":["https:\/\/boat-demo.axiomprotocol.org\/ro\/produs\/ram-montura-drill-down-cu-brat-dublu-si-adaptor-pentru-camera-de-actiune\/"]}]},{"@type":"ImageObject","inLanguage":"ro-RO","@id":"https:\/\/boat-demo.axiomprotocol.org\/ro\/produs\/ram-montura-drill-down-cu-brat-dublu-si-adaptor-pentru-camera-de-actiune\/#primaryimage","url":"https:\/\/boat-demo.axiomprotocol.org\/wp-content\/uploads\/2023\/12\/RAM-B-138-GOP1_1.jpg","contentUrl":"https:\/\/boat-demo.axiomprotocol.org\/wp-content\/uploads\/2023\/12\/RAM-B-138-GOP1_1.jpg","width":555,"height":478},{"@type":"BreadcrumbList","@id":"https:\/\/boat-demo.axiomprotocol.org\/ro\/produs\/ram-montura-drill-down-cu-brat-dublu-si-adaptor-pentru-camera-de-actiune\/#breadcrumb","itemListElement":[{"@type":"ListItem","position":1,"name":"Home","item":"https:\/\/boat-demo.axiomprotocol.org\/"},{"@type":"ListItem","position":2,"name":"Shop Online &#8211; cel mai bun magazin pentru echipamente pentru b\u0103rci","item":"https:\/\/boat-demo.axiomprotocol.org\/ro\/shop-ro\/"},{"@type":"ListItem","position":3,"name":"RAM\u00ae Montura Drill-Down cu brat dublu si adaptor pentru camera de actiune"}]},{"@type":"WebSite","@id":"https:\/\/boat-demo.axiomprotocol.org\/ro\/#website","url":"https:\/\/boat-demo.axiomprotocol.org\/ro\/","name":"BoatsExpert","description":"Boats, Service, Equipment","publisher":{"@id":"https:\/\/boat-demo.axiomprotocol.org\/ro\/#organization"},"potentialAction":[{"@type":"SearchAction","target":{"@type":"EntryPoint","urlTemplate":"https:\/\/boat-demo.axiomprotocol.org\/ro\/?s={search_term_string}"},"query-input":{"@type":"PropertyValueSpecification","valueRequired":true,"valueName":"search_term_string"}}],"inLanguage":"ro-RO"},{"@type":"Organization","@id":"https:\/\/boat-demo.axiomprotocol.org\/ro\/#organization","name":"BoatsExpert","url":"https:\/\/boat-demo.axiomprotocol.org\/ro\/","logo":{"@type":"ImageObject","inLanguage":"ro-RO","@id":"https:\/\/boat-demo.axiomprotocol.org\/ro\/#\/schema\/logo\/image\/","url":"https:\/\/boat-demo.axiomprotocol.org\/wp-content\/uploads\/2023\/05\/white-logo60.svg","contentUrl":"https:\/\/boat-demo.axiomprotocol.org\/wp-content\/uploads\/2023\/05\/white-logo60.svg","width":90,"height":60,"caption":"BoatsExpert"},"image":{"@id":"https:\/\/boat-demo.axiomprotocol.org\/ro\/#\/schema\/logo\/image\/"}}]}},"_links":{"self":[{"href":"https:\/\/boat-demo.axiomprotocol.org\/ro\/wp-json\/wp\/v2\/product\/26944","targetHints":{"allow":["GET"]}}],"collection":[{"href":"https:\/\/boat-demo.axiomprotocol.org\/ro\/wp-json\/wp\/v2\/product"}],"about":[{"href":"https:\/\/boat-demo.axiomprotocol.org\/ro\/wp-json\/wp\/v2\/types\/product"}],"replies":[{"embeddable":true,"href":"https:\/\/boat-demo.axiomprotocol.org\/ro\/wp-json\/wp\/v2\/comments?post=26944"}],"version-history":[{"count":8,"href":"https:\/\/boat-demo.axiomprotocol.org\/ro\/wp-json\/wp\/v2\/product\/26944\/revisions"}],"predecessor-version":[{"id":31173,"href":"https:\/\/boat-demo.axiomprotocol.org\/ro\/wp-json\/wp\/v2\/product\/26944\/revisions\/31173"}],"wp:featuredmedia":[{"embeddable":true,"href":"https:\/\/boat-demo.axiomprotocol.org\/ro\/wp-json\/wp\/v2\/media\/26946"}],"wp:attachment":[{"href":"https:\/\/boat-demo.axiomprotocol.org\/ro\/wp-json\/wp\/v2\/media?parent=26944"}],"wp:term":[{"taxonomy":"product_brand","embeddable":true,"href":"https:\/\/boat-demo.axiomprotocol.org\/ro\/wp-json\/wp\/v2\/product_brand?post=26944"},{"taxonomy":"product_cat","embeddable":true,"href":"https:\/\/boat-demo.axiomprotocol.org\/ro\/wp-json\/wp\/v2\/product_cat?post=26944"},{"taxonomy":"product_tag","embeddable":true,"href":"https:\/\/boat-demo.axiomprotocol.org\/ro\/wp-json\/wp\/v2\/product_tag?post=26944"}],"curies":[{"name":"wp","href":"https:\/\/api.w.org\/{rel}","templated":true}]}}