{"id":25909,"date":"2023-09-22T14:40:56","date_gmt":"2023-09-22T11:40:57","guid":{"rendered":"https:\/\/boat-demo.axiomprotocol.org\/?post_type=product&#038;p=25909"},"modified":"2023-09-30T21:15:04","modified_gmt":"2023-09-30T18:15:04","slug":"ultimatron-lifepo4-baterie-litiu-12-8v-100ah","status":"publish","type":"product","link":"https:\/\/boat-demo.axiomprotocol.org\/ro\/produs\/ultimatron-lifepo4-baterie-litiu-12-8v-100ah\/","title":{"rendered":"Ultimatron LiFePO4 Baterie litiu 12.8V 100Ah cu \u00eenc\u0103lzitor"},"content":{"rendered":"\t\t<div data-elementor-type=\"wp-post\" data-elementor-id=\"25909\" class=\"elementor elementor-25909 elementor-25908\">\n\t\t\t\t\t\t<section class=\"elementor-section elementor-top-section elementor-element elementor-element-4982a7b elementor-section-boxed elementor-section-height-default elementor-section-height-default\" data-id=\"4982a7b\" data-element_type=\"section\" data-e-type=\"section\">\n\t\t\t\t\t\t<div class=\"elementor-container elementor-column-gap-default\">\n\t\t\t\t\t<div class=\"elementor-column elementor-col-100 elementor-top-column elementor-element elementor-element-128d37d\" data-id=\"128d37d\" data-element_type=\"column\" data-e-type=\"column\">\n\t\t\t<div class=\"elementor-widget-wrap elementor-element-populated\">\n\t\t\t\t\t\t<div class=\"elementor-element elementor-element-90a45d3 elementor-widget elementor-widget-heading\" data-id=\"90a45d3\" data-element_type=\"widget\" data-e-type=\"widget\" data-widget_type=\"heading.default\">\n\t\t\t\t<div class=\"elementor-widget-container\">\n\t\t\t\t\t<h6 class=\"elementor-heading-title elementor-size-large\">Descriere<\/h6>\t\t\t\t<\/div>\n\t\t\t\t<\/div>\n\t\t\t\t\t<\/div>\n\t\t<\/div>\n\t\t\t\t\t<\/div>\n\t\t<\/section>\n\t\t\t\t<section class=\"elementor-section elementor-top-section elementor-element elementor-element-3062cf6 elementor-section-boxed elementor-section-height-default elementor-section-height-default\" data-id=\"3062cf6\" data-element_type=\"section\" data-e-type=\"section\">\n\t\t\t\t\t\t<div class=\"elementor-container elementor-column-gap-default\">\n\t\t\t\t\t<div class=\"elementor-column elementor-col-100 elementor-top-column elementor-element elementor-element-f0fe8c1\" data-id=\"f0fe8c1\" data-element_type=\"column\" data-e-type=\"column\">\n\t\t\t<div class=\"elementor-widget-wrap elementor-element-populated\">\n\t\t\t\t\t\t<div class=\"elementor-element elementor-element-192cd0c elementor-widget elementor-widget-text-editor\" data-id=\"192cd0c\" data-element_type=\"widget\" data-e-type=\"widget\" data-widget_type=\"text-editor.default\">\n\t\t\t\t<div class=\"elementor-widget-container\">\n\t\t\t\t\t\t\t\t\t<p align=\"center\"><strong><span class=\"\">Our lithium iron phosphate (LiFePO4) batteries offer many advantages over traditional batteries:<\/span><\/strong><\/p>\n\n<ul class=\"tt-list03\">\n \t<li>5-year manufacturer&#8217;s warrantyThe safest technology, with no risk of fire or explosion<\/li>\n \t<li>A long life<\/li>\n \t<li>Constantly improving storage capacity<\/li>\n \t<li>High stability even under extreme loads<\/li>\n \t<li>No memory effect, no need for full charge and discharge cycles<\/li>\n \t<li>High performance even under extreme conditions<\/li>\n \t<li>Deep, constant discharge and charging efficiency<\/li>\n \t<li>Small size and light weight<\/li>\n<\/ul>\n<br>\n<p align=\"center\"><strong>The integrated battery management system (BMS)<\/strong>\n<ul class=\"tt-list03\">\n \t<li>To allow the control and charging of the various elements of an accumulator and to protect it against overloads, overvoltages and overheating.<\/li>\n<\/ul>\n<br>\n<p align=\"center\"><strong>Built-in Bluetooth 4.0 monitoring<\/strong>\n<ul class=\"tt-list03\">\n \t<li>You always have all important battery data on your smartphone or tablet.\u00a0The app displays real-time data.<\/li>\n<\/ul>\t\t\t\t\t\t\t\t<\/div>\n\t\t\t\t<\/div>\n\t\t\t\t\t<\/div>\n\t\t<\/div>\n\t\t\t\t\t<\/div>\n\t\t<\/section>\n\t\t\t\t<section class=\"elementor-section elementor-top-section elementor-element elementor-element-d257f47 elementor-section-boxed elementor-section-height-default elementor-section-height-default\" data-id=\"d257f47\" data-element_type=\"section\" data-e-type=\"section\">\n\t\t\t\t\t\t<div class=\"elementor-container elementor-column-gap-default\">\n\t\t\t\t\t<div class=\"elementor-column elementor-col-100 elementor-top-column elementor-element elementor-element-08d16b8\" data-id=\"08d16b8\" data-element_type=\"column\" data-e-type=\"column\">\n\t\t\t<div class=\"elementor-widget-wrap elementor-element-populated\">\n\t\t\t\t\t\t<div class=\"elementor-element elementor-element-d647cba elementor-widget elementor-widget-text-editor\" data-id=\"d647cba\" data-element_type=\"widget\" data-e-type=\"widget\" data-widget_type=\"text-editor.default\">\n\t\t\t\t<div class=\"elementor-widget-container\">\n\t\t\t\t\t\t\t\t\t<p><br \/><br \/><\/p>\t\t\t\t\t\t\t\t<\/div>\n\t\t\t\t<\/div>\n\t\t\t\t\t<\/div>\n\t\t<\/div>\n\t\t\t\t\t<\/div>\n\t\t<\/section>\n\t\t\t\t<section class=\"elementor-section elementor-top-section elementor-element elementor-element-1c6dfe6 elementor-section-boxed elementor-section-height-default elementor-section-height-default\" data-id=\"1c6dfe6\" data-element_type=\"section\" data-e-type=\"section\">\n\t\t\t\t\t\t<div class=\"elementor-container elementor-column-gap-default\">\n\t\t\t\t\t<div class=\"elementor-column elementor-col-100 elementor-top-column elementor-element elementor-element-25171c8\" data-id=\"25171c8\" data-element_type=\"column\" data-e-type=\"column\">\n\t\t\t<div class=\"elementor-widget-wrap elementor-element-populated\">\n\t\t\t\t\t\t<div class=\"elementor-element elementor-element-27cd696 elementor-widget elementor-widget-heading\" data-id=\"27cd696\" data-element_type=\"widget\" data-e-type=\"widget\" data-widget_type=\"heading.default\">\n\t\t\t\t<div class=\"elementor-widget-container\">\n\t\t\t\t\t<h6 class=\"elementor-heading-title elementor-size-large\">Specificatii<\/h6>\t\t\t\t<\/div>\n\t\t\t\t<\/div>\n\t\t\t\t\t<\/div>\n\t\t<\/div>\n\t\t\t\t\t<\/div>\n\t\t<\/section>\n\t\t\t\t<section class=\"elementor-section elementor-top-section elementor-element elementor-element-676a9ec elementor-section-boxed elementor-section-height-default elementor-section-height-default\" data-id=\"676a9ec\" data-element_type=\"section\" data-e-type=\"section\">\n\t\t\t\t\t\t<div class=\"elementor-container elementor-column-gap-default\">\n\t\t\t\t\t<div class=\"elementor-column elementor-col-100 elementor-top-column elementor-element elementor-element-1404388\" data-id=\"1404388\" data-element_type=\"column\" data-e-type=\"column\">\n\t\t\t<div class=\"elementor-widget-wrap elementor-element-populated\">\n\t\t\t\t\t\t<div class=\"elementor-element elementor-element-0216e7d elementor-widget elementor-widget-image\" data-id=\"0216e7d\" data-element_type=\"widget\" data-e-type=\"widget\" data-widget_type=\"image.default\">\n\t\t\t\t<div class=\"elementor-widget-container\">\n\t\t\t\t\t\t\t\t\t\t\t\t\t\t\t<img fetchpriority=\"high\" decoding=\"async\" width=\"860\" height=\"1200\" src=\"https:\/\/boat-demo.axiomprotocol.org\/wp-content\/uploads\/2023\/06\/UBL-12-100S_10-1-860x1200.jpg\" class=\"attachment-large size-large wp-image-22963\" alt=\"\" srcset=\"https:\/\/boat-demo.axiomprotocol.org\/wp-content\/uploads\/2023\/06\/UBL-12-100S_10-1-860x1200.jpg 860w, https:\/\/boat-demo.axiomprotocol.org\/wp-content\/uploads\/2023\/06\/UBL-12-100S_10-1-494x689.jpg 494w, https:\/\/boat-demo.axiomprotocol.org\/wp-content\/uploads\/2023\/06\/UBL-12-100S_10-1-107x150.jpg 107w, https:\/\/boat-demo.axiomprotocol.org\/wp-content\/uploads\/2023\/06\/UBL-12-100S_10-1-768x1072.jpg 768w, https:\/\/boat-demo.axiomprotocol.org\/wp-content\/uploads\/2023\/06\/UBL-12-100S_10-1-1100x1536.jpg 1100w, https:\/\/boat-demo.axiomprotocol.org\/wp-content\/uploads\/2023\/06\/UBL-12-100S_10-1-1467x2048.jpg 1467w, https:\/\/boat-demo.axiomprotocol.org\/wp-content\/uploads\/2023\/06\/UBL-12-100S_10-1-300x419.jpg 300w, https:\/\/boat-demo.axiomprotocol.org\/wp-content\/uploads\/2023\/06\/UBL-12-100S_10-1-1200x1675.jpg 1200w, https:\/\/boat-demo.axiomprotocol.org\/wp-content\/uploads\/2023\/06\/UBL-12-100S_10-1.jpg 1834w\" sizes=\"(max-width: 860px) 100vw, 860px\" \/>\t\t\t\t\t\t\t\t\t\t\t\t\t\t\t<\/div>\n\t\t\t\t<\/div>\n\t\t\t\t\t<\/div>\n\t\t<\/div>\n\t\t\t\t\t<\/div>\n\t\t<\/section>\n\t\t\t\t<\/div>\n\t\t","protected":false},"excerpt":{"rendered":"<p>&nbsp;<\/p>\n<p><strong>Ultimatron LiFePO4 Baterie de litiu 12.8V 100Ah cu Bluetooth \u0219i Smart BMS integrat \u0219i \u00eenc\u0103lzitor<\/strong><\/p>\n<ul class=\"tt-list01\">\n<li>5 Years Warranty<\/li>\n<li>Plastic Case<\/li>\n<li>Battery Suitable For UnderSeat Installation<\/li>\n<li>Dimensions (L x W x H) mm: 355*175*188<\/li>\n<li>Weight: 12.6 kg<\/li>\n<\/ul>\n","protected":false},"featured_media":25911,"comment_status":"open","ping_status":"closed","template":"","meta":{"_acf_changed":false,"inline_featured_image":false},"product_brand":[],"product_cat":[85,85,376,376],"product_tag":[],"class_list":{"0":"post-25909","1":"product","2":"type-product","3":"status-publish","4":"has-post-thumbnail","6":"product_cat-baterii-ro","8":"product_cat-ultimatron-baterii","10":"tt-post","12":"first","13":"instock","14":"sale","15":"shipping-taxable","16":"purchasable","17":"product-type-simple"},"acf":[],"yoast_head":"<!-- This site is optimized with the Yoast SEO plugin v27.4 - https:\/\/yoast.com\/product\/yoast-seo-wordpress\/ -->\n<title>Ultimatron LiFePO4 Baterie litiu 12.8V 100Ah cu \u00eenc\u0103lzitor - BoatsExpert<\/title>\n<meta name=\"description\" content=\"Ultimatron LiFePO4 Baterie de litiu 12.8V 100Ah cu Bluetooth \u0219i Smart BMS integrat \u0219i \u00eenc\u0103lzitor. Disponibil pentru comand\u0103 \u0219i instalare la Boats Expert.\" \/>\n<meta name=\"robots\" content=\"index, follow, max-snippet:-1, max-image-preview:large, max-video-preview:-1\" \/>\n<link rel=\"canonical\" href=\"https:\/\/boat-demo.axiomprotocol.org\/product\/ultimatron-lifepo4-lithium-battery-12-8v-100ah-2\/\" \/>\n<meta property=\"og:locale\" content=\"ro_RO\" \/>\n<meta property=\"og:type\" content=\"article\" \/>\n<meta property=\"og:title\" content=\"Ultimatron LiFePO4 Baterie litiu 12.8V 100Ah cu \u00eenc\u0103lzitor - BoatsExpert\" \/>\n<meta property=\"og:description\" content=\"Ultimatron LiFePO4 Baterie de litiu 12.8V 100Ah cu Bluetooth \u0219i Smart BMS integrat \u0219i \u00eenc\u0103lzitor. Disponibil pentru comand\u0103 \u0219i instalare la Boats Expert.\" \/>\n<meta property=\"og:url\" content=\"https:\/\/boat-demo.axiomprotocol.org\/product\/ultimatron-lifepo4-lithium-battery-12-8v-100ah-2\/\" \/>\n<meta property=\"og:site_name\" content=\"BoatsExpert\" \/>\n<meta property=\"article:modified_time\" content=\"2023-09-30T18:15:04+00:00\" \/>\n<meta property=\"og:image\" content=\"https:\/\/boat-demo.axiomprotocol.org\/wp-content\/uploads\/2023\/09\/ULS-12-100H.jpg\" \/>\n\t<meta property=\"og:image:width\" content=\"555\" \/>\n\t<meta property=\"og:image:height\" content=\"478\" \/>\n\t<meta property=\"og:image:type\" content=\"image\/jpeg\" \/>\n<meta name=\"twitter:card\" content=\"summary_large_image\" \/>\n<meta name=\"twitter:label1\" content=\"Timp estimat pentru citire\" \/>\n\t<meta name=\"twitter:data1\" content=\"1 minut\" \/>\n<script type=\"application\/ld+json\" class=\"yoast-schema-graph\">{\"@context\":\"https:\\\/\\\/schema.org\",\"@graph\":[{\"@type\":\"WebPage\",\"@id\":\"https:\\\/\\\/boat-demo.axiomprotocol.org\\\/product\\\/ultimatron-lifepo4-lithium-battery-12-8v-100ah-2\\\/\",\"url\":\"https:\\\/\\\/boat-demo.axiomprotocol.org\\\/product\\\/ultimatron-lifepo4-lithium-battery-12-8v-100ah-2\\\/\",\"name\":\"Ultimatron LiFePO4 Baterie litiu 12.8V 100Ah cu \u00eenc\u0103lzitor - BoatsExpert\",\"isPartOf\":{\"@id\":\"https:\\\/\\\/boat-demo.axiomprotocol.org\\\/ro\\\/#website\"},\"primaryImageOfPage\":{\"@id\":\"https:\\\/\\\/boat-demo.axiomprotocol.org\\\/product\\\/ultimatron-lifepo4-lithium-battery-12-8v-100ah-2\\\/#primaryimage\"},\"image\":{\"@id\":\"https:\\\/\\\/boat-demo.axiomprotocol.org\\\/product\\\/ultimatron-lifepo4-lithium-battery-12-8v-100ah-2\\\/#primaryimage\"},\"thumbnailUrl\":\"https:\\\/\\\/boat-demo.axiomprotocol.org\\\/wp-content\\\/uploads\\\/2023\\\/09\\\/ULS-12-100H.jpg\",\"datePublished\":\"2023-09-22T11:40:57+00:00\",\"dateModified\":\"2023-09-30T18:15:04+00:00\",\"description\":\"Ultimatron LiFePO4 Baterie de litiu 12.8V 100Ah cu Bluetooth \u0219i Smart BMS integrat \u0219i \u00eenc\u0103lzitor. Disponibil pentru comand\u0103 \u0219i instalare la Boats Expert.\",\"breadcrumb\":{\"@id\":\"https:\\\/\\\/boat-demo.axiomprotocol.org\\\/product\\\/ultimatron-lifepo4-lithium-battery-12-8v-100ah-2\\\/#breadcrumb\"},\"inLanguage\":\"ro-RO\",\"potentialAction\":[{\"@type\":\"ReadAction\",\"target\":[\"https:\\\/\\\/boat-demo.axiomprotocol.org\\\/product\\\/ultimatron-lifepo4-lithium-battery-12-8v-100ah-2\\\/\"]}]},{\"@type\":\"ImageObject\",\"inLanguage\":\"ro-RO\",\"@id\":\"https:\\\/\\\/boat-demo.axiomprotocol.org\\\/product\\\/ultimatron-lifepo4-lithium-battery-12-8v-100ah-2\\\/#primaryimage\",\"url\":\"https:\\\/\\\/boat-demo.axiomprotocol.org\\\/wp-content\\\/uploads\\\/2023\\\/09\\\/ULS-12-100H.jpg\",\"contentUrl\":\"https:\\\/\\\/boat-demo.axiomprotocol.org\\\/wp-content\\\/uploads\\\/2023\\\/09\\\/ULS-12-100H.jpg\",\"width\":555,\"height\":478,\"caption\":\"ULS-12-100H\"},{\"@type\":\"BreadcrumbList\",\"@id\":\"https:\\\/\\\/boat-demo.axiomprotocol.org\\\/product\\\/ultimatron-lifepo4-lithium-battery-12-8v-100ah-2\\\/#breadcrumb\",\"itemListElement\":[{\"@type\":\"ListItem\",\"position\":1,\"name\":\"Home\",\"item\":\"https:\\\/\\\/boat-demo.axiomprotocol.org\\\/\"},{\"@type\":\"ListItem\",\"position\":2,\"name\":\"Shop Online &#8211; cel mai bun magazin pentru echipamente pentru b\u0103rci\",\"item\":\"https:\\\/\\\/boat-demo.axiomprotocol.org\\\/ro\\\/shop-ro\\\/\"},{\"@type\":\"ListItem\",\"position\":3,\"name\":\"Ultimatron LiFePO4 Baterie litiu 12.8V 100Ah cu \u00eenc\u0103lzitor\"}]},{\"@type\":\"WebSite\",\"@id\":\"https:\\\/\\\/boat-demo.axiomprotocol.org\\\/ro\\\/#website\",\"url\":\"https:\\\/\\\/boat-demo.axiomprotocol.org\\\/ro\\\/\",\"name\":\"BoatsExpert\",\"description\":\"Boats, Service, Equipment\",\"publisher\":{\"@id\":\"https:\\\/\\\/boat-demo.axiomprotocol.org\\\/ro\\\/#organization\"},\"potentialAction\":[{\"@type\":\"SearchAction\",\"target\":{\"@type\":\"EntryPoint\",\"urlTemplate\":\"https:\\\/\\\/boat-demo.axiomprotocol.org\\\/ro\\\/?s={search_term_string}\"},\"query-input\":{\"@type\":\"PropertyValueSpecification\",\"valueRequired\":true,\"valueName\":\"search_term_string\"}}],\"inLanguage\":\"ro-RO\"},{\"@type\":\"Organization\",\"@id\":\"https:\\\/\\\/boat-demo.axiomprotocol.org\\\/ro\\\/#organization\",\"name\":\"BoatsExpert\",\"url\":\"https:\\\/\\\/boat-demo.axiomprotocol.org\\\/ro\\\/\",\"logo\":{\"@type\":\"ImageObject\",\"inLanguage\":\"ro-RO\",\"@id\":\"https:\\\/\\\/boat-demo.axiomprotocol.org\\\/ro\\\/#\\\/schema\\\/logo\\\/image\\\/\",\"url\":\"https:\\\/\\\/boat-demo.axiomprotocol.org\\\/wp-content\\\/uploads\\\/2023\\\/05\\\/white-logo60.svg\",\"contentUrl\":\"https:\\\/\\\/boat-demo.axiomprotocol.org\\\/wp-content\\\/uploads\\\/2023\\\/05\\\/white-logo60.svg\",\"width\":90,\"height\":60,\"caption\":\"BoatsExpert\"},\"image\":{\"@id\":\"https:\\\/\\\/boat-demo.axiomprotocol.org\\\/ro\\\/#\\\/schema\\\/logo\\\/image\\\/\"}}]}<\/script>\n<!-- \/ Yoast SEO plugin. -->","yoast_head_json":{"title":"Ultimatron LiFePO4 Baterie litiu 12.8V 100Ah cu \u00eenc\u0103lzitor - BoatsExpert","description":"Ultimatron LiFePO4 Baterie de litiu 12.8V 100Ah cu Bluetooth \u0219i Smart BMS integrat \u0219i \u00eenc\u0103lzitor. Disponibil pentru comand\u0103 \u0219i instalare la Boats Expert.","robots":{"index":"index","follow":"follow","max-snippet":"max-snippet:-1","max-image-preview":"max-image-preview:large","max-video-preview":"max-video-preview:-1"},"canonical":"https:\/\/boat-demo.axiomprotocol.org\/product\/ultimatron-lifepo4-lithium-battery-12-8v-100ah-2\/","og_locale":"ro_RO","og_type":"article","og_title":"Ultimatron LiFePO4 Baterie litiu 12.8V 100Ah cu \u00eenc\u0103lzitor - BoatsExpert","og_description":"Ultimatron LiFePO4 Baterie de litiu 12.8V 100Ah cu Bluetooth \u0219i Smart BMS integrat \u0219i \u00eenc\u0103lzitor. Disponibil pentru comand\u0103 \u0219i instalare la Boats Expert.","og_url":"https:\/\/boat-demo.axiomprotocol.org\/product\/ultimatron-lifepo4-lithium-battery-12-8v-100ah-2\/","og_site_name":"BoatsExpert","article_modified_time":"2023-09-30T18:15:04+00:00","og_image":[{"width":555,"height":478,"url":"https:\/\/boat-demo.axiomprotocol.org\/wp-content\/uploads\/2023\/09\/ULS-12-100H.jpg","type":"image\/jpeg"}],"twitter_card":"summary_large_image","twitter_misc":{"Timp estimat pentru citire":"1 minut"},"schema":{"@context":"https:\/\/schema.org","@graph":[{"@type":"WebPage","@id":"https:\/\/boat-demo.axiomprotocol.org\/product\/ultimatron-lifepo4-lithium-battery-12-8v-100ah-2\/","url":"https:\/\/boat-demo.axiomprotocol.org\/product\/ultimatron-lifepo4-lithium-battery-12-8v-100ah-2\/","name":"Ultimatron LiFePO4 Baterie litiu 12.8V 100Ah cu \u00eenc\u0103lzitor - BoatsExpert","isPartOf":{"@id":"https:\/\/boat-demo.axiomprotocol.org\/ro\/#website"},"primaryImageOfPage":{"@id":"https:\/\/boat-demo.axiomprotocol.org\/product\/ultimatron-lifepo4-lithium-battery-12-8v-100ah-2\/#primaryimage"},"image":{"@id":"https:\/\/boat-demo.axiomprotocol.org\/product\/ultimatron-lifepo4-lithium-battery-12-8v-100ah-2\/#primaryimage"},"thumbnailUrl":"https:\/\/boat-demo.axiomprotocol.org\/wp-content\/uploads\/2023\/09\/ULS-12-100H.jpg","datePublished":"2023-09-22T11:40:57+00:00","dateModified":"2023-09-30T18:15:04+00:00","description":"Ultimatron LiFePO4 Baterie de litiu 12.8V 100Ah cu Bluetooth \u0219i Smart BMS integrat \u0219i \u00eenc\u0103lzitor. Disponibil pentru comand\u0103 \u0219i instalare la Boats Expert.","breadcrumb":{"@id":"https:\/\/boat-demo.axiomprotocol.org\/product\/ultimatron-lifepo4-lithium-battery-12-8v-100ah-2\/#breadcrumb"},"inLanguage":"ro-RO","potentialAction":[{"@type":"ReadAction","target":["https:\/\/boat-demo.axiomprotocol.org\/product\/ultimatron-lifepo4-lithium-battery-12-8v-100ah-2\/"]}]},{"@type":"ImageObject","inLanguage":"ro-RO","@id":"https:\/\/boat-demo.axiomprotocol.org\/product\/ultimatron-lifepo4-lithium-battery-12-8v-100ah-2\/#primaryimage","url":"https:\/\/boat-demo.axiomprotocol.org\/wp-content\/uploads\/2023\/09\/ULS-12-100H.jpg","contentUrl":"https:\/\/boat-demo.axiomprotocol.org\/wp-content\/uploads\/2023\/09\/ULS-12-100H.jpg","width":555,"height":478,"caption":"ULS-12-100H"},{"@type":"BreadcrumbList","@id":"https:\/\/boat-demo.axiomprotocol.org\/product\/ultimatron-lifepo4-lithium-battery-12-8v-100ah-2\/#breadcrumb","itemListElement":[{"@type":"ListItem","position":1,"name":"Home","item":"https:\/\/boat-demo.axiomprotocol.org\/"},{"@type":"ListItem","position":2,"name":"Shop Online &#8211; cel mai bun magazin pentru echipamente pentru b\u0103rci","item":"https:\/\/boat-demo.axiomprotocol.org\/ro\/shop-ro\/"},{"@type":"ListItem","position":3,"name":"Ultimatron LiFePO4 Baterie litiu 12.8V 100Ah cu \u00eenc\u0103lzitor"}]},{"@type":"WebSite","@id":"https:\/\/boat-demo.axiomprotocol.org\/ro\/#website","url":"https:\/\/boat-demo.axiomprotocol.org\/ro\/","name":"BoatsExpert","description":"Boats, Service, Equipment","publisher":{"@id":"https:\/\/boat-demo.axiomprotocol.org\/ro\/#organization"},"potentialAction":[{"@type":"SearchAction","target":{"@type":"EntryPoint","urlTemplate":"https:\/\/boat-demo.axiomprotocol.org\/ro\/?s={search_term_string}"},"query-input":{"@type":"PropertyValueSpecification","valueRequired":true,"valueName":"search_term_string"}}],"inLanguage":"ro-RO"},{"@type":"Organization","@id":"https:\/\/boat-demo.axiomprotocol.org\/ro\/#organization","name":"BoatsExpert","url":"https:\/\/boat-demo.axiomprotocol.org\/ro\/","logo":{"@type":"ImageObject","inLanguage":"ro-RO","@id":"https:\/\/boat-demo.axiomprotocol.org\/ro\/#\/schema\/logo\/image\/","url":"https:\/\/boat-demo.axiomprotocol.org\/wp-content\/uploads\/2023\/05\/white-logo60.svg","contentUrl":"https:\/\/boat-demo.axiomprotocol.org\/wp-content\/uploads\/2023\/05\/white-logo60.svg","width":90,"height":60,"caption":"BoatsExpert"},"image":{"@id":"https:\/\/boat-demo.axiomprotocol.org\/ro\/#\/schema\/logo\/image\/"}}]}},"_links":{"self":[{"href":"https:\/\/boat-demo.axiomprotocol.org\/ro\/wp-json\/wp\/v2\/product\/25909","targetHints":{"allow":["GET"]}}],"collection":[{"href":"https:\/\/boat-demo.axiomprotocol.org\/ro\/wp-json\/wp\/v2\/product"}],"about":[{"href":"https:\/\/boat-demo.axiomprotocol.org\/ro\/wp-json\/wp\/v2\/types\/product"}],"replies":[{"embeddable":true,"href":"https:\/\/boat-demo.axiomprotocol.org\/ro\/wp-json\/wp\/v2\/comments?post=25909"}],"version-history":[{"count":3,"href":"https:\/\/boat-demo.axiomprotocol.org\/ro\/wp-json\/wp\/v2\/product\/25909\/revisions"}],"predecessor-version":[{"id":26127,"href":"https:\/\/boat-demo.axiomprotocol.org\/ro\/wp-json\/wp\/v2\/product\/25909\/revisions\/26127"}],"wp:featuredmedia":[{"embeddable":true,"href":"https:\/\/boat-demo.axiomprotocol.org\/ro\/wp-json\/wp\/v2\/media\/25911"}],"wp:attachment":[{"href":"https:\/\/boat-demo.axiomprotocol.org\/ro\/wp-json\/wp\/v2\/media?parent=25909"}],"wp:term":[{"taxonomy":"product_brand","embeddable":true,"href":"https:\/\/boat-demo.axiomprotocol.org\/ro\/wp-json\/wp\/v2\/product_brand?post=25909"},{"taxonomy":"product_cat","embeddable":true,"href":"https:\/\/boat-demo.axiomprotocol.org\/ro\/wp-json\/wp\/v2\/product_cat?post=25909"},{"taxonomy":"product_tag","embeddable":true,"href":"https:\/\/boat-demo.axiomprotocol.org\/ro\/wp-json\/wp\/v2\/product_tag?post=25909"}],"curies":[{"name":"wp","href":"https:\/\/api.w.org\/{rel}","templated":true}]}}