{"id":25810,"date":"2023-09-18T10:34:38","date_gmt":"2023-09-18T07:34:38","guid":{"rendered":"https:\/\/boat-demo.axiomprotocol.org\/?post_type=product&#038;p=25810"},"modified":"2023-09-30T19:45:15","modified_gmt":"2023-09-30T16:45:15","slug":"baystar-sistem-de-directie-hidraulica-baystar-de-lux-tilt-hidraulic","status":"publish","type":"product","link":"https:\/\/boat-demo.axiomprotocol.org\/ro\/produs\/baystar-sistem-de-directie-hidraulica-baystar-de-lux-tilt-hidraulic\/","title":{"rendered":"BayStar guvernare hidraulica Kit Lux cu Helm reglabil (pana la 150cp)"},"content":{"rendered":"","protected":false},"excerpt":{"rendered":"<p>&nbsp;<\/p>\n<p><strong>BayStar guvernare hidraulica Kit HK4233A-3 cu Helm reglabil<\/strong><\/p>\n<p>Construite \u00een aceea\u0219i tradi\u021bie ca \u0219i sistemul de direc\u021bie SeaStar Inboard Steering, aceste sisteme BayStar sunt concepute pentru aplica\u021bii inboard cu cuplu relativ redus, inclusiv pentru ambarca\u021biuni de naviga\u021bie interioar\u0103 \u0219i alte vase de deplasare cu vitez\u0103 redus\u0103. Sistemele sunt u\u0219or de instalat cu ajutorul tubulaturii &#8222;t\u0103iate la lungime&#8221;.<\/p>\n<p>&nbsp;<\/p>\n<ul class=\"tt-list01\">\n<li>Kitul include helm reglabil BayStar de la Dometic, cilindrul BayStar Outboard, 1 l de ulei hidraulic SeaStar \u0219i tubulatura hidraulic\u0103 t\u0103iat\u0103 pentru montare<\/li>\n<li>Sunt disponibile \u00een kituri complete sau pe componente individuale.<\/li>\n<li>Potrivit\u0103 pentru majoritatea b\u0103rcilor cu o singur\u0103 motorizare exterioar\u0103 cu motor de p\u00e2n\u0103 la 150 CP, inclusiv runabout-uri \u0219i b\u0103rci gonflabile<\/li>\n<li>Confortul direc\u021biei hidraulice la un pre\u021b mai accesibil<\/li>\n<\/ul>\n<p>&nbsp;<\/p>\n","protected":false},"featured_media":24352,"comment_status":"open","ping_status":"closed","template":"","meta":{"_acf_changed":false,"inline_featured_image":false},"product_brand":[],"product_cat":[384],"product_tag":[],"class_list":{"0":"post-25810","1":"product","2":"type-product","3":"status-publish","4":"has-post-thumbnail","6":"product_cat-outboard-hydraulic-steering-system-ro","7":"tt-post","9":"first","10":"instock","11":"sale","12":"shipping-taxable","13":"purchasable","14":"product-type-simple"},"acf":[],"yoast_head":"<!-- This site is optimized with the Yoast SEO plugin v27.4 - https:\/\/yoast.com\/product\/yoast-seo-wordpress\/ -->\n<title>BayStar guvernare hidraulica Kit Lux cu Helm reglabil (pana la 150cp)<\/title>\n<meta name=\"description\" content=\"Dometic BayStar guvernare hidraulica Kit HK4233A-3 pentru b\u0103rci la cel mai bun pret. Oferim Instalare profesionala guvernari hidraulice la Boats Expert\" \/>\n<meta name=\"robots\" content=\"index, follow, max-snippet:-1, max-image-preview:large, max-video-preview:-1\" \/>\n<link rel=\"canonical\" href=\"https:\/\/boat-demo.axiomprotocol.org\/ro\/produs\/baystar-sistem-de-directie-hidraulica-baystar-de-lux-tilt-hidraulic\/\" \/>\n<meta property=\"og:locale\" content=\"ro_RO\" \/>\n<meta property=\"og:type\" content=\"article\" \/>\n<meta property=\"og:title\" content=\"BayStar guvernare hidraulica Kit Lux cu Helm reglabil (pana la 150cp)\" \/>\n<meta property=\"og:description\" content=\"Dometic BayStar guvernare hidraulica Kit HK4233A-3 pentru b\u0103rci la cel mai bun pret. Oferim Instalare profesionala guvernari hidraulice la Boats Expert\" \/>\n<meta property=\"og:url\" content=\"https:\/\/boat-demo.axiomprotocol.org\/ro\/produs\/baystar-sistem-de-directie-hidraulica-baystar-de-lux-tilt-hidraulic\/\" \/>\n<meta property=\"og:site_name\" content=\"BoatsExpert\" \/>\n<meta property=\"article:modified_time\" content=\"2023-09-30T16:45:15+00:00\" \/>\n<meta property=\"og:image\" content=\"https:\/\/boat-demo.axiomprotocol.org\/wp-content\/uploads\/2023\/08\/HK4233A-3.jpg\" \/>\n\t<meta property=\"og:image:width\" content=\"555\" \/>\n\t<meta property=\"og:image:height\" content=\"478\" \/>\n\t<meta property=\"og:image:type\" content=\"image\/jpeg\" \/>\n<meta name=\"twitter:card\" content=\"summary_large_image\" \/>\n<script type=\"application\/ld+json\" class=\"yoast-schema-graph\">{\"@context\":\"https:\\\/\\\/schema.org\",\"@graph\":[{\"@type\":\"WebPage\",\"@id\":\"https:\\\/\\\/boat-demo.axiomprotocol.org\\\/ro\\\/produs\\\/baystar-sistem-de-directie-hidraulica-baystar-de-lux-tilt-hidraulic\\\/\",\"url\":\"https:\\\/\\\/boat-demo.axiomprotocol.org\\\/ro\\\/produs\\\/baystar-sistem-de-directie-hidraulica-baystar-de-lux-tilt-hidraulic\\\/\",\"name\":\"BayStar guvernare hidraulica Kit Lux cu Helm reglabil (pana la 150cp)\",\"isPartOf\":{\"@id\":\"https:\\\/\\\/boat-demo.axiomprotocol.org\\\/ro\\\/#website\"},\"primaryImageOfPage\":{\"@id\":\"https:\\\/\\\/boat-demo.axiomprotocol.org\\\/ro\\\/produs\\\/baystar-sistem-de-directie-hidraulica-baystar-de-lux-tilt-hidraulic\\\/#primaryimage\"},\"image\":{\"@id\":\"https:\\\/\\\/boat-demo.axiomprotocol.org\\\/ro\\\/produs\\\/baystar-sistem-de-directie-hidraulica-baystar-de-lux-tilt-hidraulic\\\/#primaryimage\"},\"thumbnailUrl\":\"https:\\\/\\\/boat-demo.axiomprotocol.org\\\/wp-content\\\/uploads\\\/2023\\\/08\\\/HK4233A-3.jpg\",\"datePublished\":\"2023-09-18T07:34:38+00:00\",\"dateModified\":\"2023-09-30T16:45:15+00:00\",\"description\":\"Dometic BayStar guvernare hidraulica Kit HK4233A-3 pentru b\u0103rci la cel mai bun pret. Oferim Instalare profesionala guvernari hidraulice la Boats Expert\",\"breadcrumb\":{\"@id\":\"https:\\\/\\\/boat-demo.axiomprotocol.org\\\/ro\\\/produs\\\/baystar-sistem-de-directie-hidraulica-baystar-de-lux-tilt-hidraulic\\\/#breadcrumb\"},\"inLanguage\":\"ro-RO\",\"potentialAction\":[{\"@type\":\"ReadAction\",\"target\":[\"https:\\\/\\\/boat-demo.axiomprotocol.org\\\/ro\\\/produs\\\/baystar-sistem-de-directie-hidraulica-baystar-de-lux-tilt-hidraulic\\\/\"]}]},{\"@type\":\"ImageObject\",\"inLanguage\":\"ro-RO\",\"@id\":\"https:\\\/\\\/boat-demo.axiomprotocol.org\\\/ro\\\/produs\\\/baystar-sistem-de-directie-hidraulica-baystar-de-lux-tilt-hidraulic\\\/#primaryimage\",\"url\":\"https:\\\/\\\/boat-demo.axiomprotocol.org\\\/wp-content\\\/uploads\\\/2023\\\/08\\\/HK4233A-3.jpg\",\"contentUrl\":\"https:\\\/\\\/boat-demo.axiomprotocol.org\\\/wp-content\\\/uploads\\\/2023\\\/08\\\/HK4233A-3.jpg\",\"width\":555,\"height\":478,\"caption\":\"HK4233A-3\"},{\"@type\":\"BreadcrumbList\",\"@id\":\"https:\\\/\\\/boat-demo.axiomprotocol.org\\\/ro\\\/produs\\\/baystar-sistem-de-directie-hidraulica-baystar-de-lux-tilt-hidraulic\\\/#breadcrumb\",\"itemListElement\":[{\"@type\":\"ListItem\",\"position\":1,\"name\":\"Home\",\"item\":\"https:\\\/\\\/boat-demo.axiomprotocol.org\\\/\"},{\"@type\":\"ListItem\",\"position\":2,\"name\":\"Shop Online &#8211; cel mai bun magazin pentru echipamente pentru b\u0103rci\",\"item\":\"https:\\\/\\\/boat-demo.axiomprotocol.org\\\/ro\\\/shop-ro\\\/\"},{\"@type\":\"ListItem\",\"position\":3,\"name\":\"BayStar guvernare hidraulica Kit Lux cu Helm reglabil (pana la 150cp)\"}]},{\"@type\":\"WebSite\",\"@id\":\"https:\\\/\\\/boat-demo.axiomprotocol.org\\\/ro\\\/#website\",\"url\":\"https:\\\/\\\/boat-demo.axiomprotocol.org\\\/ro\\\/\",\"name\":\"BoatsExpert\",\"description\":\"Boats, Service, Equipment\",\"publisher\":{\"@id\":\"https:\\\/\\\/boat-demo.axiomprotocol.org\\\/ro\\\/#organization\"},\"potentialAction\":[{\"@type\":\"SearchAction\",\"target\":{\"@type\":\"EntryPoint\",\"urlTemplate\":\"https:\\\/\\\/boat-demo.axiomprotocol.org\\\/ro\\\/?s={search_term_string}\"},\"query-input\":{\"@type\":\"PropertyValueSpecification\",\"valueRequired\":true,\"valueName\":\"search_term_string\"}}],\"inLanguage\":\"ro-RO\"},{\"@type\":\"Organization\",\"@id\":\"https:\\\/\\\/boat-demo.axiomprotocol.org\\\/ro\\\/#organization\",\"name\":\"BoatsExpert\",\"url\":\"https:\\\/\\\/boat-demo.axiomprotocol.org\\\/ro\\\/\",\"logo\":{\"@type\":\"ImageObject\",\"inLanguage\":\"ro-RO\",\"@id\":\"https:\\\/\\\/boat-demo.axiomprotocol.org\\\/ro\\\/#\\\/schema\\\/logo\\\/image\\\/\",\"url\":\"https:\\\/\\\/boat-demo.axiomprotocol.org\\\/wp-content\\\/uploads\\\/2023\\\/05\\\/white-logo60.svg\",\"contentUrl\":\"https:\\\/\\\/boat-demo.axiomprotocol.org\\\/wp-content\\\/uploads\\\/2023\\\/05\\\/white-logo60.svg\",\"width\":90,\"height\":60,\"caption\":\"BoatsExpert\"},\"image\":{\"@id\":\"https:\\\/\\\/boat-demo.axiomprotocol.org\\\/ro\\\/#\\\/schema\\\/logo\\\/image\\\/\"}}]}<\/script>\n<!-- \/ Yoast SEO plugin. -->","yoast_head_json":{"title":"BayStar guvernare hidraulica Kit Lux cu Helm reglabil (pana la 150cp)","description":"Dometic BayStar guvernare hidraulica Kit HK4233A-3 pentru b\u0103rci la cel mai bun pret. Oferim Instalare profesionala guvernari hidraulice la Boats Expert","robots":{"index":"index","follow":"follow","max-snippet":"max-snippet:-1","max-image-preview":"max-image-preview:large","max-video-preview":"max-video-preview:-1"},"canonical":"https:\/\/boat-demo.axiomprotocol.org\/ro\/produs\/baystar-sistem-de-directie-hidraulica-baystar-de-lux-tilt-hidraulic\/","og_locale":"ro_RO","og_type":"article","og_title":"BayStar guvernare hidraulica Kit Lux cu Helm reglabil (pana la 150cp)","og_description":"Dometic BayStar guvernare hidraulica Kit HK4233A-3 pentru b\u0103rci la cel mai bun pret. Oferim Instalare profesionala guvernari hidraulice la Boats Expert","og_url":"https:\/\/boat-demo.axiomprotocol.org\/ro\/produs\/baystar-sistem-de-directie-hidraulica-baystar-de-lux-tilt-hidraulic\/","og_site_name":"BoatsExpert","article_modified_time":"2023-09-30T16:45:15+00:00","og_image":[{"width":555,"height":478,"url":"https:\/\/boat-demo.axiomprotocol.org\/wp-content\/uploads\/2023\/08\/HK4233A-3.jpg","type":"image\/jpeg"}],"twitter_card":"summary_large_image","schema":{"@context":"https:\/\/schema.org","@graph":[{"@type":"WebPage","@id":"https:\/\/boat-demo.axiomprotocol.org\/ro\/produs\/baystar-sistem-de-directie-hidraulica-baystar-de-lux-tilt-hidraulic\/","url":"https:\/\/boat-demo.axiomprotocol.org\/ro\/produs\/baystar-sistem-de-directie-hidraulica-baystar-de-lux-tilt-hidraulic\/","name":"BayStar guvernare hidraulica Kit Lux cu Helm reglabil (pana la 150cp)","isPartOf":{"@id":"https:\/\/boat-demo.axiomprotocol.org\/ro\/#website"},"primaryImageOfPage":{"@id":"https:\/\/boat-demo.axiomprotocol.org\/ro\/produs\/baystar-sistem-de-directie-hidraulica-baystar-de-lux-tilt-hidraulic\/#primaryimage"},"image":{"@id":"https:\/\/boat-demo.axiomprotocol.org\/ro\/produs\/baystar-sistem-de-directie-hidraulica-baystar-de-lux-tilt-hidraulic\/#primaryimage"},"thumbnailUrl":"https:\/\/boat-demo.axiomprotocol.org\/wp-content\/uploads\/2023\/08\/HK4233A-3.jpg","datePublished":"2023-09-18T07:34:38+00:00","dateModified":"2023-09-30T16:45:15+00:00","description":"Dometic BayStar guvernare hidraulica Kit HK4233A-3 pentru b\u0103rci la cel mai bun pret. Oferim Instalare profesionala guvernari hidraulice la Boats Expert","breadcrumb":{"@id":"https:\/\/boat-demo.axiomprotocol.org\/ro\/produs\/baystar-sistem-de-directie-hidraulica-baystar-de-lux-tilt-hidraulic\/#breadcrumb"},"inLanguage":"ro-RO","potentialAction":[{"@type":"ReadAction","target":["https:\/\/boat-demo.axiomprotocol.org\/ro\/produs\/baystar-sistem-de-directie-hidraulica-baystar-de-lux-tilt-hidraulic\/"]}]},{"@type":"ImageObject","inLanguage":"ro-RO","@id":"https:\/\/boat-demo.axiomprotocol.org\/ro\/produs\/baystar-sistem-de-directie-hidraulica-baystar-de-lux-tilt-hidraulic\/#primaryimage","url":"https:\/\/boat-demo.axiomprotocol.org\/wp-content\/uploads\/2023\/08\/HK4233A-3.jpg","contentUrl":"https:\/\/boat-demo.axiomprotocol.org\/wp-content\/uploads\/2023\/08\/HK4233A-3.jpg","width":555,"height":478,"caption":"HK4233A-3"},{"@type":"BreadcrumbList","@id":"https:\/\/boat-demo.axiomprotocol.org\/ro\/produs\/baystar-sistem-de-directie-hidraulica-baystar-de-lux-tilt-hidraulic\/#breadcrumb","itemListElement":[{"@type":"ListItem","position":1,"name":"Home","item":"https:\/\/boat-demo.axiomprotocol.org\/"},{"@type":"ListItem","position":2,"name":"Shop Online &#8211; cel mai bun magazin pentru echipamente pentru b\u0103rci","item":"https:\/\/boat-demo.axiomprotocol.org\/ro\/shop-ro\/"},{"@type":"ListItem","position":3,"name":"BayStar guvernare hidraulica Kit Lux cu Helm reglabil (pana la 150cp)"}]},{"@type":"WebSite","@id":"https:\/\/boat-demo.axiomprotocol.org\/ro\/#website","url":"https:\/\/boat-demo.axiomprotocol.org\/ro\/","name":"BoatsExpert","description":"Boats, Service, Equipment","publisher":{"@id":"https:\/\/boat-demo.axiomprotocol.org\/ro\/#organization"},"potentialAction":[{"@type":"SearchAction","target":{"@type":"EntryPoint","urlTemplate":"https:\/\/boat-demo.axiomprotocol.org\/ro\/?s={search_term_string}"},"query-input":{"@type":"PropertyValueSpecification","valueRequired":true,"valueName":"search_term_string"}}],"inLanguage":"ro-RO"},{"@type":"Organization","@id":"https:\/\/boat-demo.axiomprotocol.org\/ro\/#organization","name":"BoatsExpert","url":"https:\/\/boat-demo.axiomprotocol.org\/ro\/","logo":{"@type":"ImageObject","inLanguage":"ro-RO","@id":"https:\/\/boat-demo.axiomprotocol.org\/ro\/#\/schema\/logo\/image\/","url":"https:\/\/boat-demo.axiomprotocol.org\/wp-content\/uploads\/2023\/05\/white-logo60.svg","contentUrl":"https:\/\/boat-demo.axiomprotocol.org\/wp-content\/uploads\/2023\/05\/white-logo60.svg","width":90,"height":60,"caption":"BoatsExpert"},"image":{"@id":"https:\/\/boat-demo.axiomprotocol.org\/ro\/#\/schema\/logo\/image\/"}}]}},"_links":{"self":[{"href":"https:\/\/boat-demo.axiomprotocol.org\/ro\/wp-json\/wp\/v2\/product\/25810","targetHints":{"allow":["GET"]}}],"collection":[{"href":"https:\/\/boat-demo.axiomprotocol.org\/ro\/wp-json\/wp\/v2\/product"}],"about":[{"href":"https:\/\/boat-demo.axiomprotocol.org\/ro\/wp-json\/wp\/v2\/types\/product"}],"replies":[{"embeddable":true,"href":"https:\/\/boat-demo.axiomprotocol.org\/ro\/wp-json\/wp\/v2\/comments?post=25810"}],"version-history":[{"count":3,"href":"https:\/\/boat-demo.axiomprotocol.org\/ro\/wp-json\/wp\/v2\/product\/25810\/revisions"}],"predecessor-version":[{"id":26113,"href":"https:\/\/boat-demo.axiomprotocol.org\/ro\/wp-json\/wp\/v2\/product\/25810\/revisions\/26113"}],"wp:featuredmedia":[{"embeddable":true,"href":"https:\/\/boat-demo.axiomprotocol.org\/ro\/wp-json\/wp\/v2\/media\/24352"}],"wp:attachment":[{"href":"https:\/\/boat-demo.axiomprotocol.org\/ro\/wp-json\/wp\/v2\/media?parent=25810"}],"wp:term":[{"taxonomy":"product_brand","embeddable":true,"href":"https:\/\/boat-demo.axiomprotocol.org\/ro\/wp-json\/wp\/v2\/product_brand?post=25810"},{"taxonomy":"product_cat","embeddable":true,"href":"https:\/\/boat-demo.axiomprotocol.org\/ro\/wp-json\/wp\/v2\/product_cat?post=25810"},{"taxonomy":"product_tag","embeddable":true,"href":"https:\/\/boat-demo.axiomprotocol.org\/ro\/wp-json\/wp\/v2\/product_tag?post=25810"}],"curies":[{"name":"wp","href":"https:\/\/api.w.org\/{rel}","templated":true}]}}