{"id":25793,"date":"2023-09-15T16:43:20","date_gmt":"2023-09-15T13:43:20","guid":{"rendered":"https:\/\/boat-demo.axiomprotocol.org\/?post_type=product&#038;p=25793"},"modified":"2023-09-30T19:14:29","modified_gmt":"2023-09-30T16:14:29","slug":"baystar-guvernare-hidraulica-kit","status":"publish","type":"product","link":"https:\/\/boat-demo.axiomprotocol.org\/ro\/produs\/baystar-guvernare-hidraulica-kit\/","title":{"rendered":"BayStar guvernare hidraulica Kit (pana 150cp)"},"content":{"rendered":"","protected":false},"excerpt":{"rendered":"<p>&nbsp;<\/p>\n<p><strong>BayStar guvernare hidraulica Kit HK4200A-3<\/strong><\/p>\n<p>Construite \u00een aceea\u0219i tradi\u021bie ca \u0219i sistemul de direc\u021bie SeaStar Inboard Steering, aceste sisteme BayStar sunt concepute pentru aplica\u021bii inboard cu cuplu relativ redus, inclusiv pentru ambarca\u021biuni de naviga\u021bie interioar\u0103 \u0219i alte vase de deplasare cu vitez\u0103 redus\u0103. Sistemele sunt u\u0219or de instalat cu ajutorul tubulaturii &#8222;t\u0103iate la lungime&#8221;.<\/p>\n<p>&nbsp;<\/p>\n<ul class=\"tt-list01\">\n<li>Kitul include helm BayStar de la Dometic, cilindrul BayStar Outboard, 1 l de ulei hidraulic SeaStar \u0219i tubulatura hidraulic\u0103 t\u0103iat\u0103 pentru montare<\/li>\n<li>Sunt disponibile \u00een kituri complete sau pe componente individuale.<\/li>\n<li>Potrivit\u0103 pentru majoritatea b\u0103rcilor cu o singur\u0103 motorizare exterioar\u0103 cu motor de p\u00e2n\u0103 la 150 CP, inclusiv runabout-uri \u0219i b\u0103rci gonflabile<\/li>\n<li>Confortul direc\u021biei hidraulice la un pre\u021b mai accesibil<\/li>\n<\/ul>\n<p>&nbsp;<\/p>\n","protected":false},"featured_media":25795,"comment_status":"open","ping_status":"closed","template":"","meta":{"_acf_changed":false,"inline_featured_image":false},"product_brand":[],"product_cat":[384],"product_tag":[],"class_list":{"0":"post-25793","1":"product","2":"type-product","3":"status-publish","4":"has-post-thumbnail","6":"product_cat-outboard-hydraulic-steering-system-ro","7":"tt-post","9":"first","10":"instock","11":"sale","12":"shipping-taxable","13":"purchasable","14":"product-type-simple"},"acf":[],"yoast_head":"<!-- This site is optimized with the Yoast SEO plugin v27.4 - https:\/\/yoast.com\/product\/yoast-seo-wordpress\/ -->\n<title>BayStar guvernare hidraulica Kit (pana 150cp) - BoatsExpert<\/title>\n<meta name=\"description\" content=\"Dometic BayStar guvernare hidraulica Kit HK4200A-3 pentru b\u0103rci de la dealerul oficial Boats Expert cu livrare \u00een toat\u0103 Rom\u00e2nia. Garantare, instalare la cel mai bun pret\" \/>\n<meta name=\"robots\" content=\"index, follow, max-snippet:-1, max-image-preview:large, max-video-preview:-1\" \/>\n<link rel=\"canonical\" href=\"https:\/\/boat-demo.axiomprotocol.org\/ro\/produs\/baystar-guvernare-hidraulica-kit\/\" \/>\n<meta property=\"og:locale\" content=\"ro_RO\" \/>\n<meta property=\"og:type\" content=\"article\" \/>\n<meta property=\"og:title\" content=\"BayStar guvernare hidraulica Kit (pana 150cp) - BoatsExpert\" \/>\n<meta property=\"og:description\" content=\"Dometic BayStar guvernare hidraulica Kit HK4200A-3 pentru b\u0103rci de la dealerul oficial Boats Expert cu livrare \u00een toat\u0103 Rom\u00e2nia. Garantare, instalare la cel mai bun pret\" \/>\n<meta property=\"og:url\" content=\"https:\/\/boat-demo.axiomprotocol.org\/ro\/produs\/baystar-guvernare-hidraulica-kit\/\" \/>\n<meta property=\"og:site_name\" content=\"BoatsExpert\" \/>\n<meta property=\"article:modified_time\" content=\"2023-09-30T16:14:29+00:00\" \/>\n<meta property=\"og:image\" content=\"https:\/\/boat-demo.axiomprotocol.org\/wp-content\/uploads\/2023\/09\/HK4200A-3.png\" \/>\n\t<meta property=\"og:image:width\" content=\"555\" \/>\n\t<meta property=\"og:image:height\" content=\"478\" \/>\n\t<meta property=\"og:image:type\" content=\"image\/png\" \/>\n<meta name=\"twitter:card\" content=\"summary_large_image\" \/>\n<script type=\"application\/ld+json\" class=\"yoast-schema-graph\">{\"@context\":\"https:\\\/\\\/schema.org\",\"@graph\":[{\"@type\":\"WebPage\",\"@id\":\"https:\\\/\\\/boat-demo.axiomprotocol.org\\\/ro\\\/produs\\\/baystar-guvernare-hidraulica-kit\\\/\",\"url\":\"https:\\\/\\\/boat-demo.axiomprotocol.org\\\/ro\\\/produs\\\/baystar-guvernare-hidraulica-kit\\\/\",\"name\":\"BayStar guvernare hidraulica Kit (pana 150cp) - BoatsExpert\",\"isPartOf\":{\"@id\":\"https:\\\/\\\/boat-demo.axiomprotocol.org\\\/ro\\\/#website\"},\"primaryImageOfPage\":{\"@id\":\"https:\\\/\\\/boat-demo.axiomprotocol.org\\\/ro\\\/produs\\\/baystar-guvernare-hidraulica-kit\\\/#primaryimage\"},\"image\":{\"@id\":\"https:\\\/\\\/boat-demo.axiomprotocol.org\\\/ro\\\/produs\\\/baystar-guvernare-hidraulica-kit\\\/#primaryimage\"},\"thumbnailUrl\":\"https:\\\/\\\/boat-demo.axiomprotocol.org\\\/wp-content\\\/uploads\\\/2023\\\/09\\\/HK4200A-3.png\",\"datePublished\":\"2023-09-15T13:43:20+00:00\",\"dateModified\":\"2023-09-30T16:14:29+00:00\",\"description\":\"Dometic BayStar guvernare hidraulica Kit HK4200A-3 pentru b\u0103rci de la dealerul oficial Boats Expert cu livrare \u00een toat\u0103 Rom\u00e2nia. Garantare, instalare la cel mai bun pret\",\"breadcrumb\":{\"@id\":\"https:\\\/\\\/boat-demo.axiomprotocol.org\\\/ro\\\/produs\\\/baystar-guvernare-hidraulica-kit\\\/#breadcrumb\"},\"inLanguage\":\"ro-RO\",\"potentialAction\":[{\"@type\":\"ReadAction\",\"target\":[\"https:\\\/\\\/boat-demo.axiomprotocol.org\\\/ro\\\/produs\\\/baystar-guvernare-hidraulica-kit\\\/\"]}]},{\"@type\":\"ImageObject\",\"inLanguage\":\"ro-RO\",\"@id\":\"https:\\\/\\\/boat-demo.axiomprotocol.org\\\/ro\\\/produs\\\/baystar-guvernare-hidraulica-kit\\\/#primaryimage\",\"url\":\"https:\\\/\\\/boat-demo.axiomprotocol.org\\\/wp-content\\\/uploads\\\/2023\\\/09\\\/HK4200A-3.png\",\"contentUrl\":\"https:\\\/\\\/boat-demo.axiomprotocol.org\\\/wp-content\\\/uploads\\\/2023\\\/09\\\/HK4200A-3.png\",\"width\":555,\"height\":478,\"caption\":\"HK4200A-3 BayStar\"},{\"@type\":\"BreadcrumbList\",\"@id\":\"https:\\\/\\\/boat-demo.axiomprotocol.org\\\/ro\\\/produs\\\/baystar-guvernare-hidraulica-kit\\\/#breadcrumb\",\"itemListElement\":[{\"@type\":\"ListItem\",\"position\":1,\"name\":\"Home\",\"item\":\"https:\\\/\\\/boat-demo.axiomprotocol.org\\\/\"},{\"@type\":\"ListItem\",\"position\":2,\"name\":\"Shop Online &#8211; cel mai bun magazin pentru echipamente pentru b\u0103rci\",\"item\":\"https:\\\/\\\/boat-demo.axiomprotocol.org\\\/ro\\\/shop-ro\\\/\"},{\"@type\":\"ListItem\",\"position\":3,\"name\":\"BayStar guvernare hidraulica Kit (pana 150cp)\"}]},{\"@type\":\"WebSite\",\"@id\":\"https:\\\/\\\/boat-demo.axiomprotocol.org\\\/ro\\\/#website\",\"url\":\"https:\\\/\\\/boat-demo.axiomprotocol.org\\\/ro\\\/\",\"name\":\"BoatsExpert\",\"description\":\"Boats, Service, Equipment\",\"publisher\":{\"@id\":\"https:\\\/\\\/boat-demo.axiomprotocol.org\\\/ro\\\/#organization\"},\"potentialAction\":[{\"@type\":\"SearchAction\",\"target\":{\"@type\":\"EntryPoint\",\"urlTemplate\":\"https:\\\/\\\/boat-demo.axiomprotocol.org\\\/ro\\\/?s={search_term_string}\"},\"query-input\":{\"@type\":\"PropertyValueSpecification\",\"valueRequired\":true,\"valueName\":\"search_term_string\"}}],\"inLanguage\":\"ro-RO\"},{\"@type\":\"Organization\",\"@id\":\"https:\\\/\\\/boat-demo.axiomprotocol.org\\\/ro\\\/#organization\",\"name\":\"BoatsExpert\",\"url\":\"https:\\\/\\\/boat-demo.axiomprotocol.org\\\/ro\\\/\",\"logo\":{\"@type\":\"ImageObject\",\"inLanguage\":\"ro-RO\",\"@id\":\"https:\\\/\\\/boat-demo.axiomprotocol.org\\\/ro\\\/#\\\/schema\\\/logo\\\/image\\\/\",\"url\":\"https:\\\/\\\/boat-demo.axiomprotocol.org\\\/wp-content\\\/uploads\\\/2023\\\/05\\\/white-logo60.svg\",\"contentUrl\":\"https:\\\/\\\/boat-demo.axiomprotocol.org\\\/wp-content\\\/uploads\\\/2023\\\/05\\\/white-logo60.svg\",\"width\":90,\"height\":60,\"caption\":\"BoatsExpert\"},\"image\":{\"@id\":\"https:\\\/\\\/boat-demo.axiomprotocol.org\\\/ro\\\/#\\\/schema\\\/logo\\\/image\\\/\"}}]}<\/script>\n<!-- \/ Yoast SEO plugin. -->","yoast_head_json":{"title":"BayStar guvernare hidraulica Kit (pana 150cp) - BoatsExpert","description":"Dometic BayStar guvernare hidraulica Kit HK4200A-3 pentru b\u0103rci de la dealerul oficial Boats Expert cu livrare \u00een toat\u0103 Rom\u00e2nia. Garantare, instalare la cel mai bun pret","robots":{"index":"index","follow":"follow","max-snippet":"max-snippet:-1","max-image-preview":"max-image-preview:large","max-video-preview":"max-video-preview:-1"},"canonical":"https:\/\/boat-demo.axiomprotocol.org\/ro\/produs\/baystar-guvernare-hidraulica-kit\/","og_locale":"ro_RO","og_type":"article","og_title":"BayStar guvernare hidraulica Kit (pana 150cp) - BoatsExpert","og_description":"Dometic BayStar guvernare hidraulica Kit HK4200A-3 pentru b\u0103rci de la dealerul oficial Boats Expert cu livrare \u00een toat\u0103 Rom\u00e2nia. Garantare, instalare la cel mai bun pret","og_url":"https:\/\/boat-demo.axiomprotocol.org\/ro\/produs\/baystar-guvernare-hidraulica-kit\/","og_site_name":"BoatsExpert","article_modified_time":"2023-09-30T16:14:29+00:00","og_image":[{"width":555,"height":478,"url":"https:\/\/boat-demo.axiomprotocol.org\/wp-content\/uploads\/2023\/09\/HK4200A-3.png","type":"image\/png"}],"twitter_card":"summary_large_image","schema":{"@context":"https:\/\/schema.org","@graph":[{"@type":"WebPage","@id":"https:\/\/boat-demo.axiomprotocol.org\/ro\/produs\/baystar-guvernare-hidraulica-kit\/","url":"https:\/\/boat-demo.axiomprotocol.org\/ro\/produs\/baystar-guvernare-hidraulica-kit\/","name":"BayStar guvernare hidraulica Kit (pana 150cp) - BoatsExpert","isPartOf":{"@id":"https:\/\/boat-demo.axiomprotocol.org\/ro\/#website"},"primaryImageOfPage":{"@id":"https:\/\/boat-demo.axiomprotocol.org\/ro\/produs\/baystar-guvernare-hidraulica-kit\/#primaryimage"},"image":{"@id":"https:\/\/boat-demo.axiomprotocol.org\/ro\/produs\/baystar-guvernare-hidraulica-kit\/#primaryimage"},"thumbnailUrl":"https:\/\/boat-demo.axiomprotocol.org\/wp-content\/uploads\/2023\/09\/HK4200A-3.png","datePublished":"2023-09-15T13:43:20+00:00","dateModified":"2023-09-30T16:14:29+00:00","description":"Dometic BayStar guvernare hidraulica Kit HK4200A-3 pentru b\u0103rci de la dealerul oficial Boats Expert cu livrare \u00een toat\u0103 Rom\u00e2nia. Garantare, instalare la cel mai bun pret","breadcrumb":{"@id":"https:\/\/boat-demo.axiomprotocol.org\/ro\/produs\/baystar-guvernare-hidraulica-kit\/#breadcrumb"},"inLanguage":"ro-RO","potentialAction":[{"@type":"ReadAction","target":["https:\/\/boat-demo.axiomprotocol.org\/ro\/produs\/baystar-guvernare-hidraulica-kit\/"]}]},{"@type":"ImageObject","inLanguage":"ro-RO","@id":"https:\/\/boat-demo.axiomprotocol.org\/ro\/produs\/baystar-guvernare-hidraulica-kit\/#primaryimage","url":"https:\/\/boat-demo.axiomprotocol.org\/wp-content\/uploads\/2023\/09\/HK4200A-3.png","contentUrl":"https:\/\/boat-demo.axiomprotocol.org\/wp-content\/uploads\/2023\/09\/HK4200A-3.png","width":555,"height":478,"caption":"HK4200A-3 BayStar"},{"@type":"BreadcrumbList","@id":"https:\/\/boat-demo.axiomprotocol.org\/ro\/produs\/baystar-guvernare-hidraulica-kit\/#breadcrumb","itemListElement":[{"@type":"ListItem","position":1,"name":"Home","item":"https:\/\/boat-demo.axiomprotocol.org\/"},{"@type":"ListItem","position":2,"name":"Shop Online &#8211; cel mai bun magazin pentru echipamente pentru b\u0103rci","item":"https:\/\/boat-demo.axiomprotocol.org\/ro\/shop-ro\/"},{"@type":"ListItem","position":3,"name":"BayStar guvernare hidraulica Kit (pana 150cp)"}]},{"@type":"WebSite","@id":"https:\/\/boat-demo.axiomprotocol.org\/ro\/#website","url":"https:\/\/boat-demo.axiomprotocol.org\/ro\/","name":"BoatsExpert","description":"Boats, Service, Equipment","publisher":{"@id":"https:\/\/boat-demo.axiomprotocol.org\/ro\/#organization"},"potentialAction":[{"@type":"SearchAction","target":{"@type":"EntryPoint","urlTemplate":"https:\/\/boat-demo.axiomprotocol.org\/ro\/?s={search_term_string}"},"query-input":{"@type":"PropertyValueSpecification","valueRequired":true,"valueName":"search_term_string"}}],"inLanguage":"ro-RO"},{"@type":"Organization","@id":"https:\/\/boat-demo.axiomprotocol.org\/ro\/#organization","name":"BoatsExpert","url":"https:\/\/boat-demo.axiomprotocol.org\/ro\/","logo":{"@type":"ImageObject","inLanguage":"ro-RO","@id":"https:\/\/boat-demo.axiomprotocol.org\/ro\/#\/schema\/logo\/image\/","url":"https:\/\/boat-demo.axiomprotocol.org\/wp-content\/uploads\/2023\/05\/white-logo60.svg","contentUrl":"https:\/\/boat-demo.axiomprotocol.org\/wp-content\/uploads\/2023\/05\/white-logo60.svg","width":90,"height":60,"caption":"BoatsExpert"},"image":{"@id":"https:\/\/boat-demo.axiomprotocol.org\/ro\/#\/schema\/logo\/image\/"}}]}},"_links":{"self":[{"href":"https:\/\/boat-demo.axiomprotocol.org\/ro\/wp-json\/wp\/v2\/product\/25793","targetHints":{"allow":["GET"]}}],"collection":[{"href":"https:\/\/boat-demo.axiomprotocol.org\/ro\/wp-json\/wp\/v2\/product"}],"about":[{"href":"https:\/\/boat-demo.axiomprotocol.org\/ro\/wp-json\/wp\/v2\/types\/product"}],"replies":[{"embeddable":true,"href":"https:\/\/boat-demo.axiomprotocol.org\/ro\/wp-json\/wp\/v2\/comments?post=25793"}],"version-history":[{"count":5,"href":"https:\/\/boat-demo.axiomprotocol.org\/ro\/wp-json\/wp\/v2\/product\/25793\/revisions"}],"predecessor-version":[{"id":26104,"href":"https:\/\/boat-demo.axiomprotocol.org\/ro\/wp-json\/wp\/v2\/product\/25793\/revisions\/26104"}],"wp:featuredmedia":[{"embeddable":true,"href":"https:\/\/boat-demo.axiomprotocol.org\/ro\/wp-json\/wp\/v2\/media\/25795"}],"wp:attachment":[{"href":"https:\/\/boat-demo.axiomprotocol.org\/ro\/wp-json\/wp\/v2\/media?parent=25793"}],"wp:term":[{"taxonomy":"product_brand","embeddable":true,"href":"https:\/\/boat-demo.axiomprotocol.org\/ro\/wp-json\/wp\/v2\/product_brand?post=25793"},{"taxonomy":"product_cat","embeddable":true,"href":"https:\/\/boat-demo.axiomprotocol.org\/ro\/wp-json\/wp\/v2\/product_cat?post=25793"},{"taxonomy":"product_tag","embeddable":true,"href":"https:\/\/boat-demo.axiomprotocol.org\/ro\/wp-json\/wp\/v2\/product_tag?post=25793"}],"curies":[{"name":"wp","href":"https:\/\/api.w.org\/{rel}","templated":true}]}}