{"id":24905,"date":"2023-08-11T11:25:28","date_gmt":"2023-08-11T08:25:28","guid":{"rendered":"https:\/\/boat-demo.axiomprotocol.org\/?post_type=product&#038;p=24905"},"modified":"2024-02-26T12:49:18","modified_gmt":"2024-02-26T09:49:18","slug":"seastar-hidraulic-jackplate-powerlift-4-jp5040r","status":"publish","type":"product","link":"https:\/\/boat-demo.axiomprotocol.org\/ro\/produs\/seastar-hidraulic-jackplate-powerlift-4-jp5040r\/","title":{"rendered":"Seastar hidraulic Jackplate powerlift, 4\u2033 JP5040R"},"content":{"rendered":"\t\t<div data-elementor-type=\"wp-post\" data-elementor-id=\"24905\" class=\"elementor elementor-24905 elementor-24904\">\n\t\t\t\t\t\t<section class=\"elementor-section elementor-top-section elementor-element elementor-element-aa707b9 elementor-section-boxed elementor-section-height-default elementor-section-height-default\" data-id=\"aa707b9\" data-element_type=\"section\" data-e-type=\"section\">\n\t\t\t\t\t\t<div class=\"elementor-container elementor-column-gap-default\">\n\t\t\t\t\t<div class=\"elementor-column elementor-col-100 elementor-top-column elementor-element elementor-element-b0a154d\" data-id=\"b0a154d\" data-element_type=\"column\" data-e-type=\"column\">\n\t\t\t<div class=\"elementor-widget-wrap elementor-element-populated\">\n\t\t\t\t\t\t<div class=\"elementor-element elementor-element-9c8b9ab elementor-widget elementor-widget-heading\" data-id=\"9c8b9ab\" data-element_type=\"widget\" data-e-type=\"widget\" data-widget_type=\"heading.default\">\n\t\t\t\t<div class=\"elementor-widget-container\">\n\t\t\t\t\t<h3 class=\"elementor-heading-title elementor-size-default\">Toate modelele:<\/h3>\t\t\t\t<\/div>\n\t\t\t\t<\/div>\n\t\t\t\t\t<\/div>\n\t\t<\/div>\n\t\t\t\t\t<\/div>\n\t\t<\/section>\n\t\t\t\t<section class=\"elementor-section elementor-top-section elementor-element elementor-element-816fa6a elementor-section-boxed elementor-section-height-default elementor-section-height-default\" data-id=\"816fa6a\" data-element_type=\"section\" data-e-type=\"section\">\n\t\t\t\t\t\t<div class=\"elementor-container elementor-column-gap-default\">\n\t\t\t\t\t<div class=\"elementor-column elementor-col-100 elementor-top-column elementor-element elementor-element-0d78c4f\" data-id=\"0d78c4f\" data-element_type=\"column\" data-e-type=\"column\">\n\t\t\t<div class=\"elementor-widget-wrap elementor-element-populated\">\n\t\t\t\t\t\t<div class=\"elementor-element elementor-element-0c7fee9 elementor-widget elementor-widget-text-editor\" data-id=\"0c7fee9\" data-element_type=\"widget\" data-e-type=\"widget\" data-widget_type=\"text-editor.default\">\n\t\t\t\t<div class=\"elementor-widget-container\">\n\t\t\t\t\t\t\t\t\t<table style=\"width:100%\">\n\t<tbody>\n\t\t<tr>\n\t\t\t<td>\u00a0JP5040R<\/td>\n\t\t\t<td><a href=\"https:\/\/boat-demo.axiomprotocol.org\/ro\/produs\/seastar-hidraulic-jackplate-powerlift-4%e2%80%b3-jp5040r\/\">Seastar hidraulic Jackplate powerlift, 4\u2033<\/a><\/td>\n\t\t<\/tr>\n\t\t<tr>\n\t\t\t<td>JP5060R<\/td>\n\t\t\t<td><a href=\"https:\/\/boat-demo.axiomprotocol.org\/ro\/produs\/seastar-hidraulic-jackplate-powerlift-6%e2%80%b3-jp5060r\/\">Seastar hidraulic Jackplate powerlift, 6\u2033<\/a><\/td>\n\t\t<\/tr>\n\t\t<tr>\n\t\t\t<td>JP5080R<\/td>\n\t\t\t<td><a href=\"https:\/\/boat-demo.axiomprotocol.org\/ro\/produs\/seastar-hidraulic-jackplate-powerlift-8%e2%80%b3-jp5080r\/\">Seastar hidraulic Jackplate powerlift, 8\u2033<\/a><\/td>\n\t\t<\/tr>\n\t\t<tr>\n\t\t\t<td>JP5100R<\/td>\n\t\t\t<td><a href=\"https:\/\/boat-demo.axiomprotocol.org\/ro\/produs\/seastar-hidraulic-jackplate-powerlift-10%e2%80%b3-jp5100r\/\">Seastar hidraulic Jackplate powerlift, 10\u2033<\/a><\/td>\n\t\t<\/tr>\n\t\t<tr>\n\t\t\t<td>JP5120R<\/td>\n\t\t\t<td><a href=\"https:\/\/boat-demo.axiomprotocol.org\/ro\/produs\/seastar-hidraulic-jackplate-powerlift-12%e2%80%b3-jp5120r\/\">Seastar hidraulic Jackplate powerlift, 12\u2033<\/a><\/td>\n\t\t<\/tr>\n\t<\/tbody>\n<\/table>\n\t\t\t\t\t\t\t\t<\/div>\n\t\t\t\t<\/div>\n\t\t\t\t\t<\/div>\n\t\t<\/div>\n\t\t\t\t\t<\/div>\n\t\t<\/section>\n\t\t\t\t<\/div>\n\t\t","protected":false},"excerpt":{"rendered":"<p>&nbsp;<\/p>\n<p>Pentru motoare de p\u00e2n\u0103 la 300 CP JP5040R Seastar Electro Hydraulic Jack Plate Powerlift, setare cu retragere de 4&#8243;, inclusiv kit aluminiu pentru anod (DK4850)<\/p>\n<p>Caracteristici:<\/p>\n<ul class=\"tt-list03\">\n<li>Manevreaz\u0103 cu u\u0219urin\u021b\u0103 motoare de p\u00e2n\u0103 la 300 CP<\/li>\n<li>Reac\u021bie hidraulic\u0103 rapid\u0103 \u00een 8,5 secunde<\/li>\n<li>Deplaseaz\u0103 cu u\u0219urin\u021b\u0103 motorul \u00een sus sau \u00een jos cu o trac\u021biune complet\u0103<\/li>\n<li>Func\u021bionare lin\u0103<\/li>\n<li>Acces facil la \u0219uruburile motorului cu chei din lateral<\/li>\n<li>Compatibil cu Talon si Power Pole<\/li>\n<\/ul>\n","protected":false},"featured_media":24907,"comment_status":"open","ping_status":"closed","template":"","meta":{"_acf_changed":false,"inline_featured_image":false},"product_brand":[],"product_cat":[380],"product_tag":[],"class_list":{"0":"post-24905","1":"product","2":"type-product","3":"status-publish","4":"has-post-thumbnail","6":"product_cat-motoare-termice-powerlift","7":"tt-post","9":"first","10":"instock","11":"sale","12":"shipping-taxable","13":"purchasable","14":"product-type-simple"},"acf":[],"yoast_head":"<!-- This site is optimized with the Yoast SEO plugin v27.4 - https:\/\/yoast.com\/product\/yoast-seo-wordpress\/ -->\n<title>Seastar hidraulic Jackplate powerlift, 4\u2033 JP5040R - BoatsExpert<\/title>\n<meta name=\"description\" content=\"JP5040R Seastar Electro hidraulic Jack Plate powerlift. Vanzare \u0219i instalare la Boats Expert. Livrare in toata Romania.\" \/>\n<meta name=\"robots\" content=\"index, follow, max-snippet:-1, max-image-preview:large, max-video-preview:-1\" \/>\n<link rel=\"canonical\" href=\"https:\/\/boat-demo.axiomprotocol.org\/ro\/produs\/seastar-hidraulic-jackplate-powerlift-4-jp5040r\/\" \/>\n<meta property=\"og:locale\" content=\"ro_RO\" \/>\n<meta property=\"og:type\" content=\"article\" \/>\n<meta property=\"og:title\" content=\"Seastar hidraulic Jackplate powerlift, 4\u2033 JP5040R - BoatsExpert\" \/>\n<meta property=\"og:description\" content=\"JP5040R Seastar Electro hidraulic Jack Plate powerlift. Vanzare \u0219i instalare la Boats Expert. Livrare in toata Romania.\" \/>\n<meta property=\"og:url\" content=\"https:\/\/boat-demo.axiomprotocol.org\/ro\/produs\/seastar-hidraulic-jackplate-powerlift-4-jp5040r\/\" \/>\n<meta property=\"og:site_name\" content=\"BoatsExpert\" \/>\n<meta property=\"article:modified_time\" content=\"2024-02-26T09:49:18+00:00\" \/>\n<meta property=\"og:image\" content=\"https:\/\/boat-demo.axiomprotocol.org\/wp-content\/uploads\/2023\/08\/JP5040R.png\" \/>\n\t<meta property=\"og:image:width\" content=\"555\" \/>\n\t<meta property=\"og:image:height\" content=\"478\" \/>\n\t<meta property=\"og:image:type\" content=\"image\/png\" \/>\n<meta name=\"twitter:card\" content=\"summary_large_image\" \/>\n<script type=\"application\/ld+json\" class=\"yoast-schema-graph\">{\"@context\":\"https:\\\/\\\/schema.org\",\"@graph\":[{\"@type\":\"WebPage\",\"@id\":\"https:\\\/\\\/boat-demo.axiomprotocol.org\\\/ro\\\/produs\\\/seastar-hidraulic-jackplate-powerlift-4-jp5040r\\\/\",\"url\":\"https:\\\/\\\/boat-demo.axiomprotocol.org\\\/ro\\\/produs\\\/seastar-hidraulic-jackplate-powerlift-4-jp5040r\\\/\",\"name\":\"Seastar hidraulic Jackplate powerlift, 4\u2033 JP5040R - BoatsExpert\",\"isPartOf\":{\"@id\":\"https:\\\/\\\/boat-demo.axiomprotocol.org\\\/ro\\\/#website\"},\"primaryImageOfPage\":{\"@id\":\"https:\\\/\\\/boat-demo.axiomprotocol.org\\\/ro\\\/produs\\\/seastar-hidraulic-jackplate-powerlift-4-jp5040r\\\/#primaryimage\"},\"image\":{\"@id\":\"https:\\\/\\\/boat-demo.axiomprotocol.org\\\/ro\\\/produs\\\/seastar-hidraulic-jackplate-powerlift-4-jp5040r\\\/#primaryimage\"},\"thumbnailUrl\":\"https:\\\/\\\/boat-demo.axiomprotocol.org\\\/wp-content\\\/uploads\\\/2023\\\/08\\\/JP5040R.png\",\"datePublished\":\"2023-08-11T08:25:28+00:00\",\"dateModified\":\"2024-02-26T09:49:18+00:00\",\"description\":\"JP5040R Seastar Electro hidraulic Jack Plate powerlift. Vanzare \u0219i instalare la Boats Expert. Livrare in toata Romania.\",\"breadcrumb\":{\"@id\":\"https:\\\/\\\/boat-demo.axiomprotocol.org\\\/ro\\\/produs\\\/seastar-hidraulic-jackplate-powerlift-4-jp5040r\\\/#breadcrumb\"},\"inLanguage\":\"ro-RO\",\"potentialAction\":[{\"@type\":\"ReadAction\",\"target\":[\"https:\\\/\\\/boat-demo.axiomprotocol.org\\\/ro\\\/produs\\\/seastar-hidraulic-jackplate-powerlift-4-jp5040r\\\/\"]}]},{\"@type\":\"ImageObject\",\"inLanguage\":\"ro-RO\",\"@id\":\"https:\\\/\\\/boat-demo.axiomprotocol.org\\\/ro\\\/produs\\\/seastar-hidraulic-jackplate-powerlift-4-jp5040r\\\/#primaryimage\",\"url\":\"https:\\\/\\\/boat-demo.axiomprotocol.org\\\/wp-content\\\/uploads\\\/2023\\\/08\\\/JP5040R.png\",\"contentUrl\":\"https:\\\/\\\/boat-demo.axiomprotocol.org\\\/wp-content\\\/uploads\\\/2023\\\/08\\\/JP5040R.png\",\"width\":555,\"height\":478,\"caption\":\"JP5040R\"},{\"@type\":\"BreadcrumbList\",\"@id\":\"https:\\\/\\\/boat-demo.axiomprotocol.org\\\/ro\\\/produs\\\/seastar-hidraulic-jackplate-powerlift-4-jp5040r\\\/#breadcrumb\",\"itemListElement\":[{\"@type\":\"ListItem\",\"position\":1,\"name\":\"Home\",\"item\":\"https:\\\/\\\/boat-demo.axiomprotocol.org\\\/\"},{\"@type\":\"ListItem\",\"position\":2,\"name\":\"Shop Online &#8211; cel mai bun magazin pentru echipamente pentru b\u0103rci\",\"item\":\"https:\\\/\\\/boat-demo.axiomprotocol.org\\\/ro\\\/shop-ro\\\/\"},{\"@type\":\"ListItem\",\"position\":3,\"name\":\"Seastar hidraulic Jackplate powerlift, 4\u2033 JP5040R\"}]},{\"@type\":\"WebSite\",\"@id\":\"https:\\\/\\\/boat-demo.axiomprotocol.org\\\/ro\\\/#website\",\"url\":\"https:\\\/\\\/boat-demo.axiomprotocol.org\\\/ro\\\/\",\"name\":\"BoatsExpert\",\"description\":\"Boats, Service, Equipment\",\"publisher\":{\"@id\":\"https:\\\/\\\/boat-demo.axiomprotocol.org\\\/ro\\\/#organization\"},\"potentialAction\":[{\"@type\":\"SearchAction\",\"target\":{\"@type\":\"EntryPoint\",\"urlTemplate\":\"https:\\\/\\\/boat-demo.axiomprotocol.org\\\/ro\\\/?s={search_term_string}\"},\"query-input\":{\"@type\":\"PropertyValueSpecification\",\"valueRequired\":true,\"valueName\":\"search_term_string\"}}],\"inLanguage\":\"ro-RO\"},{\"@type\":\"Organization\",\"@id\":\"https:\\\/\\\/boat-demo.axiomprotocol.org\\\/ro\\\/#organization\",\"name\":\"BoatsExpert\",\"url\":\"https:\\\/\\\/boat-demo.axiomprotocol.org\\\/ro\\\/\",\"logo\":{\"@type\":\"ImageObject\",\"inLanguage\":\"ro-RO\",\"@id\":\"https:\\\/\\\/boat-demo.axiomprotocol.org\\\/ro\\\/#\\\/schema\\\/logo\\\/image\\\/\",\"url\":\"https:\\\/\\\/boat-demo.axiomprotocol.org\\\/wp-content\\\/uploads\\\/2023\\\/05\\\/white-logo60.svg\",\"contentUrl\":\"https:\\\/\\\/boat-demo.axiomprotocol.org\\\/wp-content\\\/uploads\\\/2023\\\/05\\\/white-logo60.svg\",\"width\":90,\"height\":60,\"caption\":\"BoatsExpert\"},\"image\":{\"@id\":\"https:\\\/\\\/boat-demo.axiomprotocol.org\\\/ro\\\/#\\\/schema\\\/logo\\\/image\\\/\"}}]}<\/script>\n<!-- \/ Yoast SEO plugin. -->","yoast_head_json":{"title":"Seastar hidraulic Jackplate powerlift, 4\u2033 JP5040R - BoatsExpert","description":"JP5040R Seastar Electro hidraulic Jack Plate powerlift. Vanzare \u0219i instalare la Boats Expert. Livrare in toata Romania.","robots":{"index":"index","follow":"follow","max-snippet":"max-snippet:-1","max-image-preview":"max-image-preview:large","max-video-preview":"max-video-preview:-1"},"canonical":"https:\/\/boat-demo.axiomprotocol.org\/ro\/produs\/seastar-hidraulic-jackplate-powerlift-4-jp5040r\/","og_locale":"ro_RO","og_type":"article","og_title":"Seastar hidraulic Jackplate powerlift, 4\u2033 JP5040R - BoatsExpert","og_description":"JP5040R Seastar Electro hidraulic Jack Plate powerlift. Vanzare \u0219i instalare la Boats Expert. Livrare in toata Romania.","og_url":"https:\/\/boat-demo.axiomprotocol.org\/ro\/produs\/seastar-hidraulic-jackplate-powerlift-4-jp5040r\/","og_site_name":"BoatsExpert","article_modified_time":"2024-02-26T09:49:18+00:00","og_image":[{"width":555,"height":478,"url":"https:\/\/boat-demo.axiomprotocol.org\/wp-content\/uploads\/2023\/08\/JP5040R.png","type":"image\/png"}],"twitter_card":"summary_large_image","schema":{"@context":"https:\/\/schema.org","@graph":[{"@type":"WebPage","@id":"https:\/\/boat-demo.axiomprotocol.org\/ro\/produs\/seastar-hidraulic-jackplate-powerlift-4-jp5040r\/","url":"https:\/\/boat-demo.axiomprotocol.org\/ro\/produs\/seastar-hidraulic-jackplate-powerlift-4-jp5040r\/","name":"Seastar hidraulic Jackplate powerlift, 4\u2033 JP5040R - BoatsExpert","isPartOf":{"@id":"https:\/\/boat-demo.axiomprotocol.org\/ro\/#website"},"primaryImageOfPage":{"@id":"https:\/\/boat-demo.axiomprotocol.org\/ro\/produs\/seastar-hidraulic-jackplate-powerlift-4-jp5040r\/#primaryimage"},"image":{"@id":"https:\/\/boat-demo.axiomprotocol.org\/ro\/produs\/seastar-hidraulic-jackplate-powerlift-4-jp5040r\/#primaryimage"},"thumbnailUrl":"https:\/\/boat-demo.axiomprotocol.org\/wp-content\/uploads\/2023\/08\/JP5040R.png","datePublished":"2023-08-11T08:25:28+00:00","dateModified":"2024-02-26T09:49:18+00:00","description":"JP5040R Seastar Electro hidraulic Jack Plate powerlift. Vanzare \u0219i instalare la Boats Expert. Livrare in toata Romania.","breadcrumb":{"@id":"https:\/\/boat-demo.axiomprotocol.org\/ro\/produs\/seastar-hidraulic-jackplate-powerlift-4-jp5040r\/#breadcrumb"},"inLanguage":"ro-RO","potentialAction":[{"@type":"ReadAction","target":["https:\/\/boat-demo.axiomprotocol.org\/ro\/produs\/seastar-hidraulic-jackplate-powerlift-4-jp5040r\/"]}]},{"@type":"ImageObject","inLanguage":"ro-RO","@id":"https:\/\/boat-demo.axiomprotocol.org\/ro\/produs\/seastar-hidraulic-jackplate-powerlift-4-jp5040r\/#primaryimage","url":"https:\/\/boat-demo.axiomprotocol.org\/wp-content\/uploads\/2023\/08\/JP5040R.png","contentUrl":"https:\/\/boat-demo.axiomprotocol.org\/wp-content\/uploads\/2023\/08\/JP5040R.png","width":555,"height":478,"caption":"JP5040R"},{"@type":"BreadcrumbList","@id":"https:\/\/boat-demo.axiomprotocol.org\/ro\/produs\/seastar-hidraulic-jackplate-powerlift-4-jp5040r\/#breadcrumb","itemListElement":[{"@type":"ListItem","position":1,"name":"Home","item":"https:\/\/boat-demo.axiomprotocol.org\/"},{"@type":"ListItem","position":2,"name":"Shop Online &#8211; cel mai bun magazin pentru echipamente pentru b\u0103rci","item":"https:\/\/boat-demo.axiomprotocol.org\/ro\/shop-ro\/"},{"@type":"ListItem","position":3,"name":"Seastar hidraulic Jackplate powerlift, 4\u2033 JP5040R"}]},{"@type":"WebSite","@id":"https:\/\/boat-demo.axiomprotocol.org\/ro\/#website","url":"https:\/\/boat-demo.axiomprotocol.org\/ro\/","name":"BoatsExpert","description":"Boats, Service, Equipment","publisher":{"@id":"https:\/\/boat-demo.axiomprotocol.org\/ro\/#organization"},"potentialAction":[{"@type":"SearchAction","target":{"@type":"EntryPoint","urlTemplate":"https:\/\/boat-demo.axiomprotocol.org\/ro\/?s={search_term_string}"},"query-input":{"@type":"PropertyValueSpecification","valueRequired":true,"valueName":"search_term_string"}}],"inLanguage":"ro-RO"},{"@type":"Organization","@id":"https:\/\/boat-demo.axiomprotocol.org\/ro\/#organization","name":"BoatsExpert","url":"https:\/\/boat-demo.axiomprotocol.org\/ro\/","logo":{"@type":"ImageObject","inLanguage":"ro-RO","@id":"https:\/\/boat-demo.axiomprotocol.org\/ro\/#\/schema\/logo\/image\/","url":"https:\/\/boat-demo.axiomprotocol.org\/wp-content\/uploads\/2023\/05\/white-logo60.svg","contentUrl":"https:\/\/boat-demo.axiomprotocol.org\/wp-content\/uploads\/2023\/05\/white-logo60.svg","width":90,"height":60,"caption":"BoatsExpert"},"image":{"@id":"https:\/\/boat-demo.axiomprotocol.org\/ro\/#\/schema\/logo\/image\/"}}]}},"_links":{"self":[{"href":"https:\/\/boat-demo.axiomprotocol.org\/ro\/wp-json\/wp\/v2\/product\/24905","targetHints":{"allow":["GET"]}}],"collection":[{"href":"https:\/\/boat-demo.axiomprotocol.org\/ro\/wp-json\/wp\/v2\/product"}],"about":[{"href":"https:\/\/boat-demo.axiomprotocol.org\/ro\/wp-json\/wp\/v2\/types\/product"}],"replies":[{"embeddable":true,"href":"https:\/\/boat-demo.axiomprotocol.org\/ro\/wp-json\/wp\/v2\/comments?post=24905"}],"version-history":[{"count":6,"href":"https:\/\/boat-demo.axiomprotocol.org\/ro\/wp-json\/wp\/v2\/product\/24905\/revisions"}],"predecessor-version":[{"id":28181,"href":"https:\/\/boat-demo.axiomprotocol.org\/ro\/wp-json\/wp\/v2\/product\/24905\/revisions\/28181"}],"wp:featuredmedia":[{"embeddable":true,"href":"https:\/\/boat-demo.axiomprotocol.org\/ro\/wp-json\/wp\/v2\/media\/24907"}],"wp:attachment":[{"href":"https:\/\/boat-demo.axiomprotocol.org\/ro\/wp-json\/wp\/v2\/media?parent=24905"}],"wp:term":[{"taxonomy":"product_brand","embeddable":true,"href":"https:\/\/boat-demo.axiomprotocol.org\/ro\/wp-json\/wp\/v2\/product_brand?post=24905"},{"taxonomy":"product_cat","embeddable":true,"href":"https:\/\/boat-demo.axiomprotocol.org\/ro\/wp-json\/wp\/v2\/product_cat?post=24905"},{"taxonomy":"product_tag","embeddable":true,"href":"https:\/\/boat-demo.axiomprotocol.org\/ro\/wp-json\/wp\/v2\/product_tag?post=24905"}],"curies":[{"name":"wp","href":"https:\/\/api.w.org\/{rel}","templated":true}]}}