{"id":24328,"date":"2023-08-02T14:32:30","date_gmt":"2023-08-02T11:32:30","guid":{"rendered":"https:\/\/boat-demo.axiomprotocol.org\/?post_type=product&#038;p=24328"},"modified":"2023-09-30T18:50:08","modified_gmt":"2023-09-30T15:50:08","slug":"seastar-guvernare-hidraulica-kit-pentru-motoare-350cp-tilt-helm","status":"publish","type":"product","link":"https:\/\/boat-demo.axiomprotocol.org\/ro\/produs\/seastar-guvernare-hidraulica-kit-pentru-motoare-350cp-tilt-helm\/","title":{"rendered":"Seastar guvernare hidraulica Kit pentru motoare 350cp + tilt Helm"},"content":{"rendered":"\t\t<div data-elementor-type=\"wp-post\" data-elementor-id=\"24328\" class=\"elementor elementor-24328 elementor-24327\">\n\t\t\t\t\t\t<section class=\"elementor-section elementor-top-section elementor-element elementor-element-7156239 elementor-section-boxed elementor-section-height-default elementor-section-height-default\" data-id=\"7156239\" data-element_type=\"section\" data-e-type=\"section\">\n\t\t\t\t\t\t<div class=\"elementor-container elementor-column-gap-default\">\n\t\t\t\t\t<div class=\"elementor-column elementor-col-100 elementor-top-column elementor-element elementor-element-d3c19f5\" data-id=\"d3c19f5\" data-element_type=\"column\" data-e-type=\"column\">\n\t\t\t<div class=\"elementor-widget-wrap elementor-element-populated\">\n\t\t\t\t\t\t<div class=\"elementor-element elementor-element-4a7793f elementor-widget elementor-widget-heading\" data-id=\"4a7793f\" data-element_type=\"widget\" data-e-type=\"widget\" data-widget_type=\"heading.default\">\n\t\t\t\t<div class=\"elementor-widget-container\">\n\t\t\t\t\t<h3 class=\"elementor-heading-title elementor-size-default\">INSTALLATION INSTRUCTIONS<\/h3>\t\t\t\t<\/div>\n\t\t\t\t<\/div>\n\t\t\t\t\t<\/div>\n\t\t<\/div>\n\t\t\t\t\t<\/div>\n\t\t<\/section>\n\t\t\t\t<section class=\"elementor-section elementor-top-section elementor-element elementor-element-d0474d0 elementor-section-boxed elementor-section-height-default elementor-section-height-default\" data-id=\"d0474d0\" data-element_type=\"section\" data-e-type=\"section\">\n\t\t\t\t\t\t<div class=\"elementor-container elementor-column-gap-default\">\n\t\t\t\t\t<div class=\"elementor-column elementor-col-100 elementor-top-column elementor-element elementor-element-c00b143\" data-id=\"c00b143\" data-element_type=\"column\" data-e-type=\"column\">\n\t\t\t<div class=\"elementor-widget-wrap elementor-element-populated\">\n\t\t\t\t\t\t<div class=\"elementor-element elementor-element-20961da elementor-align-center elementor-widget elementor-widget-button\" data-id=\"20961da\" data-element_type=\"widget\" data-e-type=\"widget\" data-widget_type=\"button.default\">\n\t\t\t\t<div class=\"elementor-widget-container\">\n\t\t\t\t\t\t\t\t\t<div class=\"elementor-button-wrapper\">\n\t\t\t\t\t<a class=\"elementor-button elementor-button-link elementor-size-sm\" href=\"https:\/\/boat-demo.axiomprotocol.org\/wp-content\/uploads\/2023\/08\/pdf-allpa-seastar-HC5345-3-3.pdf\">\n\t\t\t\t\t\t<span class=\"elementor-button-content-wrapper\">\n\t\t\t\t\t\t\t\t\t<span class=\"elementor-button-text\">Click here<\/span>\n\t\t\t\t\t<\/span>\n\t\t\t\t\t<\/a>\n\t\t\t\t<\/div>\n\t\t\t\t\t\t\t\t<\/div>\n\t\t\t\t<\/div>\n\t\t\t\t\t<\/div>\n\t\t<\/div>\n\t\t\t\t\t<\/div>\n\t\t<\/section>\n\t\t\t\t<\/div>\n\t\t","protected":false},"excerpt":{"rendered":"<p>Seastar guvernare hidraulica Kit pentru motoare 350cp + tilt Helm 074305<\/p>\n<p>Cump\u0103ra\u021bi guvernare hidraulica la barc\u0103 \u00een magazinul nostru, iar speciali\u0219tii no\u0219tri v\u0103 vor oferi consultan\u021b\u0103 \u0219i vor selecta echipamentul compatibil cu barca sau ambarca\u021biunea dvs. Avem o gam\u0103 larg\u0103 de accesorii originale \u0219i piese de schimb disponibile \u00een stoc sau la comand\u0103.<\/p>\n<p>\u00cen centrul nostru de service certificat, mecanicii vor instala guvernare hidraulica \u0219i orice alt echipament suplimentar (sonar, plotter, sistem audio, ancor\u0103 electric\u0103, iluminare suplimentar\u0103, motor electric \u0219i multe altele), dup\u0103 care vor efectua teste \u00een service sau pe ap\u0103&#8230;<\/p>\n","protected":false},"featured_media":24330,"comment_status":"open","ping_status":"closed","template":"","meta":{"_acf_changed":false,"inline_featured_image":false},"product_brand":[],"product_cat":[384,384],"product_tag":[],"class_list":{"0":"post-24328","1":"product","2":"type-product","3":"status-publish","4":"has-post-thumbnail","6":"product_cat-outboard-hydraulic-steering-system-ro","8":"tt-post","10":"first","11":"instock","12":"sale","13":"shipping-taxable","14":"purchasable","15":"product-type-simple"},"acf":[],"yoast_head":"<!-- This site is optimized with the Yoast SEO plugin v27.4 - https:\/\/yoast.com\/product\/yoast-seo-wordpress\/ -->\n<title>Seastar guvernare hidraulica Kit pentru motoare 350cp + tilt Helm<\/title>\n<meta name=\"description\" content=\"Seastar guvernare hidraulica Kit 074305. Oferim Instalare profesionala guvernari hidraulice la Boats Expert\" \/>\n<meta name=\"robots\" content=\"index, follow, max-snippet:-1, max-image-preview:large, max-video-preview:-1\" \/>\n<link rel=\"canonical\" href=\"https:\/\/boat-demo.axiomprotocol.org\/product\/seastar-hydraulic-steering-kit-for-outboards350hptilt-helm\/\" \/>\n<meta property=\"og:locale\" content=\"ro_RO\" \/>\n<meta property=\"og:type\" content=\"article\" \/>\n<meta property=\"og:title\" content=\"Seastar guvernare hidraulica Kit pentru motoare 350cp + tilt Helm\" \/>\n<meta property=\"og:description\" content=\"Seastar guvernare hidraulica Kit 074305. Oferim Instalare profesionala guvernari hidraulice la Boats Expert\" \/>\n<meta property=\"og:url\" content=\"https:\/\/boat-demo.axiomprotocol.org\/product\/seastar-hydraulic-steering-kit-for-outboards350hptilt-helm\/\" \/>\n<meta property=\"og:site_name\" content=\"BoatsExpert\" \/>\n<meta property=\"article:modified_time\" content=\"2023-09-30T15:50:08+00:00\" \/>\n<meta property=\"og:image\" content=\"https:\/\/boat-demo.axiomprotocol.org\/wp-content\/uploads\/2023\/08\/074305.jpg\" \/>\n\t<meta property=\"og:image:width\" content=\"555\" \/>\n\t<meta property=\"og:image:height\" content=\"478\" \/>\n\t<meta property=\"og:image:type\" content=\"image\/jpeg\" \/>\n<meta name=\"twitter:card\" content=\"summary_large_image\" \/>\n<script type=\"application\/ld+json\" class=\"yoast-schema-graph\">{\"@context\":\"https:\\\/\\\/schema.org\",\"@graph\":[{\"@type\":\"WebPage\",\"@id\":\"https:\\\/\\\/boat-demo.axiomprotocol.org\\\/product\\\/seastar-hydraulic-steering-kit-for-outboards350hptilt-helm\\\/\",\"url\":\"https:\\\/\\\/boat-demo.axiomprotocol.org\\\/product\\\/seastar-hydraulic-steering-kit-for-outboards350hptilt-helm\\\/\",\"name\":\"Seastar guvernare hidraulica Kit pentru motoare 350cp + tilt Helm\",\"isPartOf\":{\"@id\":\"https:\\\/\\\/boat-demo.axiomprotocol.org\\\/ro\\\/#website\"},\"primaryImageOfPage\":{\"@id\":\"https:\\\/\\\/boat-demo.axiomprotocol.org\\\/product\\\/seastar-hydraulic-steering-kit-for-outboards350hptilt-helm\\\/#primaryimage\"},\"image\":{\"@id\":\"https:\\\/\\\/boat-demo.axiomprotocol.org\\\/product\\\/seastar-hydraulic-steering-kit-for-outboards350hptilt-helm\\\/#primaryimage\"},\"thumbnailUrl\":\"https:\\\/\\\/boat-demo.axiomprotocol.org\\\/wp-content\\\/uploads\\\/2023\\\/08\\\/074305.jpg\",\"datePublished\":\"2023-08-02T11:32:30+00:00\",\"dateModified\":\"2023-09-30T15:50:08+00:00\",\"description\":\"Seastar guvernare hidraulica Kit 074305. Oferim Instalare profesionala guvernari hidraulice la Boats Expert\",\"breadcrumb\":{\"@id\":\"https:\\\/\\\/boat-demo.axiomprotocol.org\\\/product\\\/seastar-hydraulic-steering-kit-for-outboards350hptilt-helm\\\/#breadcrumb\"},\"inLanguage\":\"ro-RO\",\"potentialAction\":[{\"@type\":\"ReadAction\",\"target\":[\"https:\\\/\\\/boat-demo.axiomprotocol.org\\\/product\\\/seastar-hydraulic-steering-kit-for-outboards350hptilt-helm\\\/\"]}]},{\"@type\":\"ImageObject\",\"inLanguage\":\"ro-RO\",\"@id\":\"https:\\\/\\\/boat-demo.axiomprotocol.org\\\/product\\\/seastar-hydraulic-steering-kit-for-outboards350hptilt-helm\\\/#primaryimage\",\"url\":\"https:\\\/\\\/boat-demo.axiomprotocol.org\\\/wp-content\\\/uploads\\\/2023\\\/08\\\/074305.jpg\",\"contentUrl\":\"https:\\\/\\\/boat-demo.axiomprotocol.org\\\/wp-content\\\/uploads\\\/2023\\\/08\\\/074305.jpg\",\"width\":555,\"height\":478,\"caption\":\"Seastar Hydraulic Steering Kit 074305\"},{\"@type\":\"BreadcrumbList\",\"@id\":\"https:\\\/\\\/boat-demo.axiomprotocol.org\\\/product\\\/seastar-hydraulic-steering-kit-for-outboards350hptilt-helm\\\/#breadcrumb\",\"itemListElement\":[{\"@type\":\"ListItem\",\"position\":1,\"name\":\"Home\",\"item\":\"https:\\\/\\\/boat-demo.axiomprotocol.org\\\/\"},{\"@type\":\"ListItem\",\"position\":2,\"name\":\"Shop Online &#8211; cel mai bun magazin pentru echipamente pentru b\u0103rci\",\"item\":\"https:\\\/\\\/boat-demo.axiomprotocol.org\\\/ro\\\/shop-ro\\\/\"},{\"@type\":\"ListItem\",\"position\":3,\"name\":\"Seastar guvernare hidraulica Kit pentru motoare 350cp + tilt Helm\"}]},{\"@type\":\"WebSite\",\"@id\":\"https:\\\/\\\/boat-demo.axiomprotocol.org\\\/ro\\\/#website\",\"url\":\"https:\\\/\\\/boat-demo.axiomprotocol.org\\\/ro\\\/\",\"name\":\"BoatsExpert\",\"description\":\"Boats, Service, Equipment\",\"publisher\":{\"@id\":\"https:\\\/\\\/boat-demo.axiomprotocol.org\\\/ro\\\/#organization\"},\"potentialAction\":[{\"@type\":\"SearchAction\",\"target\":{\"@type\":\"EntryPoint\",\"urlTemplate\":\"https:\\\/\\\/boat-demo.axiomprotocol.org\\\/ro\\\/?s={search_term_string}\"},\"query-input\":{\"@type\":\"PropertyValueSpecification\",\"valueRequired\":true,\"valueName\":\"search_term_string\"}}],\"inLanguage\":\"ro-RO\"},{\"@type\":\"Organization\",\"@id\":\"https:\\\/\\\/boat-demo.axiomprotocol.org\\\/ro\\\/#organization\",\"name\":\"BoatsExpert\",\"url\":\"https:\\\/\\\/boat-demo.axiomprotocol.org\\\/ro\\\/\",\"logo\":{\"@type\":\"ImageObject\",\"inLanguage\":\"ro-RO\",\"@id\":\"https:\\\/\\\/boat-demo.axiomprotocol.org\\\/ro\\\/#\\\/schema\\\/logo\\\/image\\\/\",\"url\":\"https:\\\/\\\/boat-demo.axiomprotocol.org\\\/wp-content\\\/uploads\\\/2023\\\/05\\\/white-logo60.svg\",\"contentUrl\":\"https:\\\/\\\/boat-demo.axiomprotocol.org\\\/wp-content\\\/uploads\\\/2023\\\/05\\\/white-logo60.svg\",\"width\":90,\"height\":60,\"caption\":\"BoatsExpert\"},\"image\":{\"@id\":\"https:\\\/\\\/boat-demo.axiomprotocol.org\\\/ro\\\/#\\\/schema\\\/logo\\\/image\\\/\"}}]}<\/script>\n<!-- \/ Yoast SEO plugin. -->","yoast_head_json":{"title":"Seastar guvernare hidraulica Kit pentru motoare 350cp + tilt Helm","description":"Seastar guvernare hidraulica Kit 074305. Oferim Instalare profesionala guvernari hidraulice la Boats Expert","robots":{"index":"index","follow":"follow","max-snippet":"max-snippet:-1","max-image-preview":"max-image-preview:large","max-video-preview":"max-video-preview:-1"},"canonical":"https:\/\/boat-demo.axiomprotocol.org\/product\/seastar-hydraulic-steering-kit-for-outboards350hptilt-helm\/","og_locale":"ro_RO","og_type":"article","og_title":"Seastar guvernare hidraulica Kit pentru motoare 350cp + tilt Helm","og_description":"Seastar guvernare hidraulica Kit 074305. Oferim Instalare profesionala guvernari hidraulice la Boats Expert","og_url":"https:\/\/boat-demo.axiomprotocol.org\/product\/seastar-hydraulic-steering-kit-for-outboards350hptilt-helm\/","og_site_name":"BoatsExpert","article_modified_time":"2023-09-30T15:50:08+00:00","og_image":[{"width":555,"height":478,"url":"https:\/\/boat-demo.axiomprotocol.org\/wp-content\/uploads\/2023\/08\/074305.jpg","type":"image\/jpeg"}],"twitter_card":"summary_large_image","schema":{"@context":"https:\/\/schema.org","@graph":[{"@type":"WebPage","@id":"https:\/\/boat-demo.axiomprotocol.org\/product\/seastar-hydraulic-steering-kit-for-outboards350hptilt-helm\/","url":"https:\/\/boat-demo.axiomprotocol.org\/product\/seastar-hydraulic-steering-kit-for-outboards350hptilt-helm\/","name":"Seastar guvernare hidraulica Kit pentru motoare 350cp + tilt Helm","isPartOf":{"@id":"https:\/\/boat-demo.axiomprotocol.org\/ro\/#website"},"primaryImageOfPage":{"@id":"https:\/\/boat-demo.axiomprotocol.org\/product\/seastar-hydraulic-steering-kit-for-outboards350hptilt-helm\/#primaryimage"},"image":{"@id":"https:\/\/boat-demo.axiomprotocol.org\/product\/seastar-hydraulic-steering-kit-for-outboards350hptilt-helm\/#primaryimage"},"thumbnailUrl":"https:\/\/boat-demo.axiomprotocol.org\/wp-content\/uploads\/2023\/08\/074305.jpg","datePublished":"2023-08-02T11:32:30+00:00","dateModified":"2023-09-30T15:50:08+00:00","description":"Seastar guvernare hidraulica Kit 074305. Oferim Instalare profesionala guvernari hidraulice la Boats Expert","breadcrumb":{"@id":"https:\/\/boat-demo.axiomprotocol.org\/product\/seastar-hydraulic-steering-kit-for-outboards350hptilt-helm\/#breadcrumb"},"inLanguage":"ro-RO","potentialAction":[{"@type":"ReadAction","target":["https:\/\/boat-demo.axiomprotocol.org\/product\/seastar-hydraulic-steering-kit-for-outboards350hptilt-helm\/"]}]},{"@type":"ImageObject","inLanguage":"ro-RO","@id":"https:\/\/boat-demo.axiomprotocol.org\/product\/seastar-hydraulic-steering-kit-for-outboards350hptilt-helm\/#primaryimage","url":"https:\/\/boat-demo.axiomprotocol.org\/wp-content\/uploads\/2023\/08\/074305.jpg","contentUrl":"https:\/\/boat-demo.axiomprotocol.org\/wp-content\/uploads\/2023\/08\/074305.jpg","width":555,"height":478,"caption":"Seastar Hydraulic Steering Kit 074305"},{"@type":"BreadcrumbList","@id":"https:\/\/boat-demo.axiomprotocol.org\/product\/seastar-hydraulic-steering-kit-for-outboards350hptilt-helm\/#breadcrumb","itemListElement":[{"@type":"ListItem","position":1,"name":"Home","item":"https:\/\/boat-demo.axiomprotocol.org\/"},{"@type":"ListItem","position":2,"name":"Shop Online &#8211; cel mai bun magazin pentru echipamente pentru b\u0103rci","item":"https:\/\/boat-demo.axiomprotocol.org\/ro\/shop-ro\/"},{"@type":"ListItem","position":3,"name":"Seastar guvernare hidraulica Kit pentru motoare 350cp + tilt Helm"}]},{"@type":"WebSite","@id":"https:\/\/boat-demo.axiomprotocol.org\/ro\/#website","url":"https:\/\/boat-demo.axiomprotocol.org\/ro\/","name":"BoatsExpert","description":"Boats, Service, Equipment","publisher":{"@id":"https:\/\/boat-demo.axiomprotocol.org\/ro\/#organization"},"potentialAction":[{"@type":"SearchAction","target":{"@type":"EntryPoint","urlTemplate":"https:\/\/boat-demo.axiomprotocol.org\/ro\/?s={search_term_string}"},"query-input":{"@type":"PropertyValueSpecification","valueRequired":true,"valueName":"search_term_string"}}],"inLanguage":"ro-RO"},{"@type":"Organization","@id":"https:\/\/boat-demo.axiomprotocol.org\/ro\/#organization","name":"BoatsExpert","url":"https:\/\/boat-demo.axiomprotocol.org\/ro\/","logo":{"@type":"ImageObject","inLanguage":"ro-RO","@id":"https:\/\/boat-demo.axiomprotocol.org\/ro\/#\/schema\/logo\/image\/","url":"https:\/\/boat-demo.axiomprotocol.org\/wp-content\/uploads\/2023\/05\/white-logo60.svg","contentUrl":"https:\/\/boat-demo.axiomprotocol.org\/wp-content\/uploads\/2023\/05\/white-logo60.svg","width":90,"height":60,"caption":"BoatsExpert"},"image":{"@id":"https:\/\/boat-demo.axiomprotocol.org\/ro\/#\/schema\/logo\/image\/"}}]}},"_links":{"self":[{"href":"https:\/\/boat-demo.axiomprotocol.org\/ro\/wp-json\/wp\/v2\/product\/24328","targetHints":{"allow":["GET"]}}],"collection":[{"href":"https:\/\/boat-demo.axiomprotocol.org\/ro\/wp-json\/wp\/v2\/product"}],"about":[{"href":"https:\/\/boat-demo.axiomprotocol.org\/ro\/wp-json\/wp\/v2\/types\/product"}],"replies":[{"embeddable":true,"href":"https:\/\/boat-demo.axiomprotocol.org\/ro\/wp-json\/wp\/v2\/comments?post=24328"}],"version-history":[{"count":7,"href":"https:\/\/boat-demo.axiomprotocol.org\/ro\/wp-json\/wp\/v2\/product\/24328\/revisions"}],"predecessor-version":[{"id":25495,"href":"https:\/\/boat-demo.axiomprotocol.org\/ro\/wp-json\/wp\/v2\/product\/24328\/revisions\/25495"}],"wp:featuredmedia":[{"embeddable":true,"href":"https:\/\/boat-demo.axiomprotocol.org\/ro\/wp-json\/wp\/v2\/media\/24330"}],"wp:attachment":[{"href":"https:\/\/boat-demo.axiomprotocol.org\/ro\/wp-json\/wp\/v2\/media?parent=24328"}],"wp:term":[{"taxonomy":"product_brand","embeddable":true,"href":"https:\/\/boat-demo.axiomprotocol.org\/ro\/wp-json\/wp\/v2\/product_brand?post=24328"},{"taxonomy":"product_cat","embeddable":true,"href":"https:\/\/boat-demo.axiomprotocol.org\/ro\/wp-json\/wp\/v2\/product_cat?post=24328"},{"taxonomy":"product_tag","embeddable":true,"href":"https:\/\/boat-demo.axiomprotocol.org\/ro\/wp-json\/wp\/v2\/product_tag?post=24328"}],"curies":[{"name":"wp","href":"https:\/\/api.w.org\/{rel}","templated":true}]}}