{"id":23945,"date":"2023-07-26T14:27:17","date_gmt":"2023-07-26T11:27:17","guid":{"rendered":"https:\/\/boat-demo.axiomprotocol.org\/?post_type=product&#038;p=23945"},"modified":"2024-02-26T12:55:15","modified_gmt":"2024-02-26T09:55:15","slug":"seastar-hidraulic-jackplate-powerlift-4-xtreme-ver-jp5040x","status":"publish","type":"product","link":"https:\/\/boat-demo.axiomprotocol.org\/ro\/produs\/seastar-hidraulic-jackplate-powerlift-4-xtreme-ver-jp5040x\/","title":{"rendered":"Seastar hidraulic Jackplate powerlift, 4&#8243; Xtreme ver. JP5040X"},"content":{"rendered":"\t\t<div data-elementor-type=\"wp-post\" data-elementor-id=\"23945\" class=\"elementor elementor-23945 elementor-23944\">\n\t\t\t\t\t\t<section class=\"elementor-section elementor-top-section elementor-element elementor-element-7412a48 elementor-section-boxed elementor-section-height-default elementor-section-height-default\" data-id=\"7412a48\" data-element_type=\"section\" data-e-type=\"section\">\n\t\t\t\t\t\t<div class=\"elementor-container elementor-column-gap-default\">\n\t\t\t\t\t<div class=\"elementor-column elementor-col-100 elementor-top-column elementor-element elementor-element-c9ad18f\" data-id=\"c9ad18f\" data-element_type=\"column\" data-e-type=\"column\">\n\t\t\t<div class=\"elementor-widget-wrap elementor-element-populated\">\n\t\t\t\t\t\t<div class=\"elementor-element elementor-element-9b9d864 elementor-widget elementor-widget-heading\" data-id=\"9b9d864\" data-element_type=\"widget\" data-e-type=\"widget\" data-widget_type=\"heading.default\">\n\t\t\t\t<div class=\"elementor-widget-container\">\n\t\t\t\t\t<h6 class=\"elementor-heading-title elementor-size-large\">Toate modelele:<\/h6>\t\t\t\t<\/div>\n\t\t\t\t<\/div>\n\t\t\t\t\t<\/div>\n\t\t<\/div>\n\t\t\t\t\t<\/div>\n\t\t<\/section>\n\t\t\t\t<section class=\"elementor-section elementor-top-section elementor-element elementor-element-13918d4 elementor-section-boxed elementor-section-height-default elementor-section-height-default\" data-id=\"13918d4\" data-element_type=\"section\" data-e-type=\"section\">\n\t\t\t\t\t\t<div class=\"elementor-container elementor-column-gap-default\">\n\t\t\t\t\t<div class=\"elementor-column elementor-col-100 elementor-top-column elementor-element elementor-element-91b31e5\" data-id=\"91b31e5\" data-element_type=\"column\" data-e-type=\"column\">\n\t\t\t<div class=\"elementor-widget-wrap elementor-element-populated\">\n\t\t\t\t\t\t<div class=\"elementor-element elementor-element-73194b7 elementor-widget elementor-widget-text-editor\" data-id=\"73194b7\" data-element_type=\"widget\" data-e-type=\"widget\" data-widget_type=\"text-editor.default\">\n\t\t\t\t<div class=\"elementor-widget-container\">\n\t\t\t\t\t\t\t\t\t<table style=\"width: 100%\">\n<tbody>\n<tr>\n<td>JP5040X<\/td>\n<td><a href=\"https:\/\/boat-demo.axiomprotocol.org\/ro\/produs\/seastar-hidraulic-jackplate-powerlift-4-xtreme-ver-jp5040x\/\">Seastar hidraulic Jackplate powerlift, 4\u2033 Xtreme ver.<\/a><\/td>\n<\/tr>\n<tr>\n<td>JP5060X<\/td>\n<td><a href=\"https:\/\/boat-demo.axiomprotocol.org\/ro\/produs\/seastar-hidraulic-jackplate-powerlift-6%e2%80%b3-xtreme-ver-jp5060x\/\">Seastar hidraulic Jackplate powerlift, 6\u2033 Xtreme ver.<\/a><\/td>\n<\/tr>\n<tr>\n<td>JP5080X<\/td>\n<td><a href=\"https:\/\/boat-demo.axiomprotocol.org\/ro\/produs\/seastar-hidraulic-jackplate-powerlift-8%e2%80%b3-xtreme-ver-jp5080x\/\">Seastar hidraulic Jackplate powerlift, 8\u2033 Xtreme ver.<\/a><\/td>\n<\/tr>\n<tr>\n<td>JP5100X<\/td>\n<td><a href=\"https:\/\/boat-demo.axiomprotocol.org\/ro\/produs\/seastar-hidraulic-jackplate-powerlift-10%e2%80%b3-xtreme-ver-jp5100x\/\">Seastar hidraulic Jackplate powerlift, 10\u2033 Xtreme ver.<\/a><\/td>\n<\/tr>\n<tr>\n<td>JP5120X<\/td>\n<td><a href=\"https:\/\/boat-demo.axiomprotocol.org\/ro\/produs\/seastar-hidraulic-jackplate-powerlift-12%e2%80%b3-xtreme-ver-jp5120x\/\">Seastar hidraulic Jackplate powerlift, 12\u2033 Xtreme ver.<\/a><\/td>\n<\/tr>\n<\/tbody>\n<\/table>\t\t\t\t\t\t\t\t<\/div>\n\t\t\t\t<\/div>\n\t\t\t\t\t<\/div>\n\t\t<\/div>\n\t\t\t\t\t<\/div>\n\t\t<\/section>\n\t\t\t\t<\/div>\n\t\t","protected":false},"excerpt":{"rendered":"<p>&nbsp;<\/p>\n<p>Pentru motoare de p\u00e2n\u0103 la 400 CP<br \/>\nJP5040X Seastar Electro hidraulic Jack Plate powerlift, 4&#8243; set-back Extreme incl. kit anod de aluminiu<\/p>\n<p>Caracteristici:<\/p>\n<ul class=\"tt-list03\">\n<li>Manevreaz\u0103 cu u\u0219urin\u021b\u0103 motoare de p\u00e2n\u0103 la 400 CP<\/li>\n<li>Reac\u021bie hidraulic\u0103 rapid\u0103 \u00een 8,5 secunde<\/li>\n<li>Deplaseaz\u0103 cu u\u0219urin\u021b\u0103 motorul \u00een sus sau \u00een jos cu o trac\u021biune complet\u0103<\/li>\n<li>Func\u021bionare lin\u0103<\/li>\n<li>Acces facil la \u0219uruburile motorului cu chei din lateral<\/li>\n<li>Compatibil cu Talon si Power Pole<\/li>\n<\/ul>\n","protected":false},"featured_media":24528,"comment_status":"open","ping_status":"closed","template":"","meta":{"_acf_changed":false,"inline_featured_image":false},"product_brand":[],"product_cat":[380],"product_tag":[],"class_list":{"0":"post-23945","1":"product","2":"type-product","3":"status-publish","4":"has-post-thumbnail","6":"product_cat-motoare-termice-powerlift","7":"tt-post","9":"first","10":"instock","11":"sale","12":"shipping-taxable","13":"purchasable","14":"product-type-simple"},"acf":[],"yoast_head":"<!-- This site is optimized with the Yoast SEO plugin v27.4 - https:\/\/yoast.com\/product\/yoast-seo-wordpress\/ -->\n<title>Seastar hidraulic Jackplate powerlift, 4&quot; Xtreme ver. JP5040X - BoatsExpert<\/title>\n<meta name=\"description\" content=\"JP5040X Seastar Electro hidraulic Jack Plate powerlift. Disponibil pentru comand\u0103 \u0219i instalare la Boats Expert\" \/>\n<meta name=\"robots\" content=\"index, follow, max-snippet:-1, max-image-preview:large, max-video-preview:-1\" \/>\n<link rel=\"canonical\" href=\"https:\/\/boat-demo.axiomprotocol.org\/ro\/produs\/seastar-hidraulic-jackplate-powerlift-4-xtreme-ver-jp5040x\/\" \/>\n<meta property=\"og:locale\" content=\"ro_RO\" \/>\n<meta property=\"og:type\" content=\"article\" \/>\n<meta property=\"og:title\" content=\"Seastar hidraulic Jackplate powerlift, 4&quot; Xtreme ver. JP5040X - BoatsExpert\" \/>\n<meta property=\"og:description\" content=\"JP5040X Seastar Electro hidraulic Jack Plate powerlift. Disponibil pentru comand\u0103 \u0219i instalare la Boats Expert\" \/>\n<meta property=\"og:url\" content=\"https:\/\/boat-demo.axiomprotocol.org\/ro\/produs\/seastar-hidraulic-jackplate-powerlift-4-xtreme-ver-jp5040x\/\" \/>\n<meta property=\"og:site_name\" content=\"BoatsExpert\" \/>\n<meta property=\"article:modified_time\" content=\"2024-02-26T09:55:15+00:00\" \/>\n<meta property=\"og:image\" content=\"https:\/\/boat-demo.axiomprotocol.org\/wp-content\/uploads\/2023\/07\/dometic-xtreme-jackplate_9130005980_86051.png\" \/>\n\t<meta property=\"og:image:width\" content=\"555\" \/>\n\t<meta property=\"og:image:height\" content=\"478\" \/>\n\t<meta property=\"og:image:type\" content=\"image\/png\" \/>\n<meta name=\"twitter:card\" content=\"summary_large_image\" \/>\n<script type=\"application\/ld+json\" class=\"yoast-schema-graph\">{\"@context\":\"https:\\\/\\\/schema.org\",\"@graph\":[{\"@type\":\"WebPage\",\"@id\":\"https:\\\/\\\/boat-demo.axiomprotocol.org\\\/ro\\\/produs\\\/seastar-hidraulic-jackplate-powerlift-4-xtreme-ver-jp5040x\\\/\",\"url\":\"https:\\\/\\\/boat-demo.axiomprotocol.org\\\/ro\\\/produs\\\/seastar-hidraulic-jackplate-powerlift-4-xtreme-ver-jp5040x\\\/\",\"name\":\"Seastar hidraulic Jackplate powerlift, 4\\\" Xtreme ver. JP5040X - BoatsExpert\",\"isPartOf\":{\"@id\":\"https:\\\/\\\/boat-demo.axiomprotocol.org\\\/ro\\\/#website\"},\"primaryImageOfPage\":{\"@id\":\"https:\\\/\\\/boat-demo.axiomprotocol.org\\\/ro\\\/produs\\\/seastar-hidraulic-jackplate-powerlift-4-xtreme-ver-jp5040x\\\/#primaryimage\"},\"image\":{\"@id\":\"https:\\\/\\\/boat-demo.axiomprotocol.org\\\/ro\\\/produs\\\/seastar-hidraulic-jackplate-powerlift-4-xtreme-ver-jp5040x\\\/#primaryimage\"},\"thumbnailUrl\":\"https:\\\/\\\/boat-demo.axiomprotocol.org\\\/wp-content\\\/uploads\\\/2023\\\/07\\\/dometic-xtreme-jackplate_9130005980_86051.png\",\"datePublished\":\"2023-07-26T11:27:17+00:00\",\"dateModified\":\"2024-02-26T09:55:15+00:00\",\"description\":\"JP5040X Seastar Electro hidraulic Jack Plate powerlift. Disponibil pentru comand\u0103 \u0219i instalare la Boats Expert\",\"breadcrumb\":{\"@id\":\"https:\\\/\\\/boat-demo.axiomprotocol.org\\\/ro\\\/produs\\\/seastar-hidraulic-jackplate-powerlift-4-xtreme-ver-jp5040x\\\/#breadcrumb\"},\"inLanguage\":\"ro-RO\",\"potentialAction\":[{\"@type\":\"ReadAction\",\"target\":[\"https:\\\/\\\/boat-demo.axiomprotocol.org\\\/ro\\\/produs\\\/seastar-hidraulic-jackplate-powerlift-4-xtreme-ver-jp5040x\\\/\"]}]},{\"@type\":\"ImageObject\",\"inLanguage\":\"ro-RO\",\"@id\":\"https:\\\/\\\/boat-demo.axiomprotocol.org\\\/ro\\\/produs\\\/seastar-hidraulic-jackplate-powerlift-4-xtreme-ver-jp5040x\\\/#primaryimage\",\"url\":\"https:\\\/\\\/boat-demo.axiomprotocol.org\\\/wp-content\\\/uploads\\\/2023\\\/07\\\/dometic-xtreme-jackplate_9130005980_86051.png\",\"contentUrl\":\"https:\\\/\\\/boat-demo.axiomprotocol.org\\\/wp-content\\\/uploads\\\/2023\\\/07\\\/dometic-xtreme-jackplate_9130005980_86051.png\",\"width\":555,\"height\":478,\"caption\":\"JP5040X\"},{\"@type\":\"BreadcrumbList\",\"@id\":\"https:\\\/\\\/boat-demo.axiomprotocol.org\\\/ro\\\/produs\\\/seastar-hidraulic-jackplate-powerlift-4-xtreme-ver-jp5040x\\\/#breadcrumb\",\"itemListElement\":[{\"@type\":\"ListItem\",\"position\":1,\"name\":\"Home\",\"item\":\"https:\\\/\\\/boat-demo.axiomprotocol.org\\\/\"},{\"@type\":\"ListItem\",\"position\":2,\"name\":\"Shop Online &#8211; cel mai bun magazin pentru echipamente pentru b\u0103rci\",\"item\":\"https:\\\/\\\/boat-demo.axiomprotocol.org\\\/ro\\\/shop-ro\\\/\"},{\"@type\":\"ListItem\",\"position\":3,\"name\":\"Seastar hidraulic Jackplate powerlift, 4&#8243; Xtreme ver. JP5040X\"}]},{\"@type\":\"WebSite\",\"@id\":\"https:\\\/\\\/boat-demo.axiomprotocol.org\\\/ro\\\/#website\",\"url\":\"https:\\\/\\\/boat-demo.axiomprotocol.org\\\/ro\\\/\",\"name\":\"BoatsExpert\",\"description\":\"Boats, Service, Equipment\",\"publisher\":{\"@id\":\"https:\\\/\\\/boat-demo.axiomprotocol.org\\\/ro\\\/#organization\"},\"potentialAction\":[{\"@type\":\"SearchAction\",\"target\":{\"@type\":\"EntryPoint\",\"urlTemplate\":\"https:\\\/\\\/boat-demo.axiomprotocol.org\\\/ro\\\/?s={search_term_string}\"},\"query-input\":{\"@type\":\"PropertyValueSpecification\",\"valueRequired\":true,\"valueName\":\"search_term_string\"}}],\"inLanguage\":\"ro-RO\"},{\"@type\":\"Organization\",\"@id\":\"https:\\\/\\\/boat-demo.axiomprotocol.org\\\/ro\\\/#organization\",\"name\":\"BoatsExpert\",\"url\":\"https:\\\/\\\/boat-demo.axiomprotocol.org\\\/ro\\\/\",\"logo\":{\"@type\":\"ImageObject\",\"inLanguage\":\"ro-RO\",\"@id\":\"https:\\\/\\\/boat-demo.axiomprotocol.org\\\/ro\\\/#\\\/schema\\\/logo\\\/image\\\/\",\"url\":\"https:\\\/\\\/boat-demo.axiomprotocol.org\\\/wp-content\\\/uploads\\\/2023\\\/05\\\/white-logo60.svg\",\"contentUrl\":\"https:\\\/\\\/boat-demo.axiomprotocol.org\\\/wp-content\\\/uploads\\\/2023\\\/05\\\/white-logo60.svg\",\"width\":90,\"height\":60,\"caption\":\"BoatsExpert\"},\"image\":{\"@id\":\"https:\\\/\\\/boat-demo.axiomprotocol.org\\\/ro\\\/#\\\/schema\\\/logo\\\/image\\\/\"}}]}<\/script>\n<!-- \/ Yoast SEO plugin. -->","yoast_head_json":{"title":"Seastar hidraulic Jackplate powerlift, 4\" Xtreme ver. JP5040X - BoatsExpert","description":"JP5040X Seastar Electro hidraulic Jack Plate powerlift. Disponibil pentru comand\u0103 \u0219i instalare la Boats Expert","robots":{"index":"index","follow":"follow","max-snippet":"max-snippet:-1","max-image-preview":"max-image-preview:large","max-video-preview":"max-video-preview:-1"},"canonical":"https:\/\/boat-demo.axiomprotocol.org\/ro\/produs\/seastar-hidraulic-jackplate-powerlift-4-xtreme-ver-jp5040x\/","og_locale":"ro_RO","og_type":"article","og_title":"Seastar hidraulic Jackplate powerlift, 4\" Xtreme ver. JP5040X - BoatsExpert","og_description":"JP5040X Seastar Electro hidraulic Jack Plate powerlift. Disponibil pentru comand\u0103 \u0219i instalare la Boats Expert","og_url":"https:\/\/boat-demo.axiomprotocol.org\/ro\/produs\/seastar-hidraulic-jackplate-powerlift-4-xtreme-ver-jp5040x\/","og_site_name":"BoatsExpert","article_modified_time":"2024-02-26T09:55:15+00:00","og_image":[{"width":555,"height":478,"url":"https:\/\/boat-demo.axiomprotocol.org\/wp-content\/uploads\/2023\/07\/dometic-xtreme-jackplate_9130005980_86051.png","type":"image\/png"}],"twitter_card":"summary_large_image","schema":{"@context":"https:\/\/schema.org","@graph":[{"@type":"WebPage","@id":"https:\/\/boat-demo.axiomprotocol.org\/ro\/produs\/seastar-hidraulic-jackplate-powerlift-4-xtreme-ver-jp5040x\/","url":"https:\/\/boat-demo.axiomprotocol.org\/ro\/produs\/seastar-hidraulic-jackplate-powerlift-4-xtreme-ver-jp5040x\/","name":"Seastar hidraulic Jackplate powerlift, 4\" Xtreme ver. JP5040X - BoatsExpert","isPartOf":{"@id":"https:\/\/boat-demo.axiomprotocol.org\/ro\/#website"},"primaryImageOfPage":{"@id":"https:\/\/boat-demo.axiomprotocol.org\/ro\/produs\/seastar-hidraulic-jackplate-powerlift-4-xtreme-ver-jp5040x\/#primaryimage"},"image":{"@id":"https:\/\/boat-demo.axiomprotocol.org\/ro\/produs\/seastar-hidraulic-jackplate-powerlift-4-xtreme-ver-jp5040x\/#primaryimage"},"thumbnailUrl":"https:\/\/boat-demo.axiomprotocol.org\/wp-content\/uploads\/2023\/07\/dometic-xtreme-jackplate_9130005980_86051.png","datePublished":"2023-07-26T11:27:17+00:00","dateModified":"2024-02-26T09:55:15+00:00","description":"JP5040X Seastar Electro hidraulic Jack Plate powerlift. Disponibil pentru comand\u0103 \u0219i instalare la Boats Expert","breadcrumb":{"@id":"https:\/\/boat-demo.axiomprotocol.org\/ro\/produs\/seastar-hidraulic-jackplate-powerlift-4-xtreme-ver-jp5040x\/#breadcrumb"},"inLanguage":"ro-RO","potentialAction":[{"@type":"ReadAction","target":["https:\/\/boat-demo.axiomprotocol.org\/ro\/produs\/seastar-hidraulic-jackplate-powerlift-4-xtreme-ver-jp5040x\/"]}]},{"@type":"ImageObject","inLanguage":"ro-RO","@id":"https:\/\/boat-demo.axiomprotocol.org\/ro\/produs\/seastar-hidraulic-jackplate-powerlift-4-xtreme-ver-jp5040x\/#primaryimage","url":"https:\/\/boat-demo.axiomprotocol.org\/wp-content\/uploads\/2023\/07\/dometic-xtreme-jackplate_9130005980_86051.png","contentUrl":"https:\/\/boat-demo.axiomprotocol.org\/wp-content\/uploads\/2023\/07\/dometic-xtreme-jackplate_9130005980_86051.png","width":555,"height":478,"caption":"JP5040X"},{"@type":"BreadcrumbList","@id":"https:\/\/boat-demo.axiomprotocol.org\/ro\/produs\/seastar-hidraulic-jackplate-powerlift-4-xtreme-ver-jp5040x\/#breadcrumb","itemListElement":[{"@type":"ListItem","position":1,"name":"Home","item":"https:\/\/boat-demo.axiomprotocol.org\/"},{"@type":"ListItem","position":2,"name":"Shop Online &#8211; cel mai bun magazin pentru echipamente pentru b\u0103rci","item":"https:\/\/boat-demo.axiomprotocol.org\/ro\/shop-ro\/"},{"@type":"ListItem","position":3,"name":"Seastar hidraulic Jackplate powerlift, 4&#8243; Xtreme ver. JP5040X"}]},{"@type":"WebSite","@id":"https:\/\/boat-demo.axiomprotocol.org\/ro\/#website","url":"https:\/\/boat-demo.axiomprotocol.org\/ro\/","name":"BoatsExpert","description":"Boats, Service, Equipment","publisher":{"@id":"https:\/\/boat-demo.axiomprotocol.org\/ro\/#organization"},"potentialAction":[{"@type":"SearchAction","target":{"@type":"EntryPoint","urlTemplate":"https:\/\/boat-demo.axiomprotocol.org\/ro\/?s={search_term_string}"},"query-input":{"@type":"PropertyValueSpecification","valueRequired":true,"valueName":"search_term_string"}}],"inLanguage":"ro-RO"},{"@type":"Organization","@id":"https:\/\/boat-demo.axiomprotocol.org\/ro\/#organization","name":"BoatsExpert","url":"https:\/\/boat-demo.axiomprotocol.org\/ro\/","logo":{"@type":"ImageObject","inLanguage":"ro-RO","@id":"https:\/\/boat-demo.axiomprotocol.org\/ro\/#\/schema\/logo\/image\/","url":"https:\/\/boat-demo.axiomprotocol.org\/wp-content\/uploads\/2023\/05\/white-logo60.svg","contentUrl":"https:\/\/boat-demo.axiomprotocol.org\/wp-content\/uploads\/2023\/05\/white-logo60.svg","width":90,"height":60,"caption":"BoatsExpert"},"image":{"@id":"https:\/\/boat-demo.axiomprotocol.org\/ro\/#\/schema\/logo\/image\/"}}]}},"_links":{"self":[{"href":"https:\/\/boat-demo.axiomprotocol.org\/ro\/wp-json\/wp\/v2\/product\/23945","targetHints":{"allow":["GET"]}}],"collection":[{"href":"https:\/\/boat-demo.axiomprotocol.org\/ro\/wp-json\/wp\/v2\/product"}],"about":[{"href":"https:\/\/boat-demo.axiomprotocol.org\/ro\/wp-json\/wp\/v2\/types\/product"}],"replies":[{"embeddable":true,"href":"https:\/\/boat-demo.axiomprotocol.org\/ro\/wp-json\/wp\/v2\/comments?post=23945"}],"version-history":[{"count":19,"href":"https:\/\/boat-demo.axiomprotocol.org\/ro\/wp-json\/wp\/v2\/product\/23945\/revisions"}],"predecessor-version":[{"id":28196,"href":"https:\/\/boat-demo.axiomprotocol.org\/ro\/wp-json\/wp\/v2\/product\/23945\/revisions\/28196"}],"wp:featuredmedia":[{"embeddable":true,"href":"https:\/\/boat-demo.axiomprotocol.org\/ro\/wp-json\/wp\/v2\/media\/24528"}],"wp:attachment":[{"href":"https:\/\/boat-demo.axiomprotocol.org\/ro\/wp-json\/wp\/v2\/media?parent=23945"}],"wp:term":[{"taxonomy":"product_brand","embeddable":true,"href":"https:\/\/boat-demo.axiomprotocol.org\/ro\/wp-json\/wp\/v2\/product_brand?post=23945"},{"taxonomy":"product_cat","embeddable":true,"href":"https:\/\/boat-demo.axiomprotocol.org\/ro\/wp-json\/wp\/v2\/product_cat?post=23945"},{"taxonomy":"product_tag","embeddable":true,"href":"https:\/\/boat-demo.axiomprotocol.org\/ro\/wp-json\/wp\/v2\/product_tag?post=23945"}],"curies":[{"name":"wp","href":"https:\/\/api.w.org\/{rel}","templated":true}]}}