{"id":18728,"date":"2023-03-10T19:28:15","date_gmt":"2023-03-10T16:28:15","guid":{"rendered":"https:\/\/boat-demo.axiomprotocol.org\/?post_type=product&#038;p=18728"},"modified":"2023-12-20T13:19:01","modified_gmt":"2023-12-20T10:19:01","slug":"boatbuckle-g2-chinga-retractabila-set-14-43","status":"publish","type":"product","link":"https:\/\/boat-demo.axiomprotocol.org\/ro\/produs\/boatbuckle-g2-chinga-retractabila-set-14-43\/","title":{"rendered":"BOATBUCKLE G2 Chinga Retractabila set &#8211; 14-43&#8243;"},"content":{"rendered":"\t\t<div data-elementor-type=\"wp-post\" data-elementor-id=\"18728\" class=\"elementor elementor-18728 elementor-18727\">\n\t\t\t\t\t\t<section class=\"elementor-section elementor-top-section elementor-element elementor-element-20e960c elementor-section-boxed elementor-section-height-default elementor-section-height-default\" data-id=\"20e960c\" data-element_type=\"section\" data-e-type=\"section\">\n\t\t\t\t\t\t<div class=\"elementor-container elementor-column-gap-default\">\n\t\t\t\t\t<div class=\"elementor-column elementor-col-100 elementor-top-column elementor-element elementor-element-1c57ee0\" data-id=\"1c57ee0\" data-element_type=\"column\" data-e-type=\"column\">\n\t\t\t<div class=\"elementor-widget-wrap elementor-element-populated\">\n\t\t\t\t\t\t<div class=\"elementor-element elementor-element-142c0eb elementor-widget elementor-widget-heading\" data-id=\"142c0eb\" data-element_type=\"widget\" data-e-type=\"widget\" data-widget_type=\"heading.default\">\n\t\t\t\t<div class=\"elementor-widget-container\">\n\t\t\t\t\t<h6 class=\"elementor-heading-title elementor-size-large\">Specification<\/h6>\t\t\t\t<\/div>\n\t\t\t\t<\/div>\n\t\t\t\t\t<\/div>\n\t\t<\/div>\n\t\t\t\t\t<\/div>\n\t\t<\/section>\n\t\t\t\t<section class=\"elementor-section elementor-top-section elementor-element elementor-element-21acd5d elementor-section-boxed elementor-section-height-default elementor-section-height-default\" data-id=\"21acd5d\" data-element_type=\"section\" data-e-type=\"section\">\n\t\t\t\t\t\t<div class=\"elementor-container elementor-column-gap-default\">\n\t\t\t\t\t<div class=\"elementor-column elementor-col-100 elementor-top-column elementor-element elementor-element-e43e9c3\" data-id=\"e43e9c3\" data-element_type=\"column\" data-e-type=\"column\">\n\t\t\t<div class=\"elementor-widget-wrap elementor-element-populated\">\n\t\t\t\t\t\t<div class=\"elementor-element elementor-element-b99c96f elementor-widget elementor-widget-text-editor\" data-id=\"b99c96f\" data-element_type=\"widget\" data-e-type=\"widget\" data-widget_type=\"text-editor.default\">\n\t\t\t\t<div class=\"elementor-widget-container\">\n\t\t\t\t\t\t\t\t\t<p>Way back in 1994,\u00a0revolutionized transom tie-downs forever when we introduced the original BoatBuckle. From professional tournament anglers to casual weekend boaters, the praise we receive is always the same: \u201cBoatBuckles are simply the finest tie-downs money can buy.\u201d<br \/><br \/>BoatBuckle [G2] is still the ultimate tie-down system in convenience, style and innovation in trailer boat rigging! Available in standard and stainless steel.\u00a0<a href=\"https:\/\/www.buyimmi.com\/product\/2-inch-stainless-steel-boatbuckle-retractable-ratchet-tie-down\/\">Stainless Steel Version<\/a>\u00a0is recommended for use in Brackish or Saltwater environments. Just Hook, Ratchet, and Go!<\/p>\t\t\t\t\t\t\t\t<\/div>\n\t\t\t\t<\/div>\n\t\t\t\t<div class=\"elementor-element elementor-element-a5a701f elementor-widget elementor-widget-text-editor\" data-id=\"a5a701f\" data-element_type=\"widget\" data-e-type=\"widget\" data-widget_type=\"text-editor.default\">\n\t\t\t\t<div class=\"elementor-widget-container\">\n\t\t\t\t\t\t\t\t\t<h6 class=\"tt-title-single-sub\">\u00a0<\/h6><div class=\"row\"><div class=\"col-md-6\"><ul class=\"tt-list03\"><li>Permanent one-bolt installation<\/li><li>Self-retracting 2\u2033 web<\/li><li>Anti-corrosive construction<\/li><li>Adapts to most mounting angles<\/li><li>Two-inch seat belt quality, polyester web<br \/><strong><br \/>Specs<\/strong><\/li><li style=\"font-weight: 400\">F08893 Standard<\/li><li style=\"font-weight: 400\">Length up to 43\u2033<\/li><li style=\"font-weight: 400\">Break Strength: 2,500 lbs.\/ea<\/li><li style=\"font-weight: 400\">SWL: 833 lbs.\/ea<br \/><br \/><strong>Contains: 2 BoatBuckle Transom Tie-Downs<\/strong><\/li><\/ul><\/div><\/div>\t\t\t\t\t\t\t\t<\/div>\n\t\t\t\t<\/div>\n\t\t\t\t\t<\/div>\n\t\t<\/div>\n\t\t\t\t\t<\/div>\n\t\t<\/section>\n\t\t\t\t<\/div>\n\t\t","protected":false},"excerpt":{"rendered":"<p>&nbsp;<\/p>\n<p>BoatBuckle G2 r\u0103m\u00e2ne cel mai eficient sistem de fixare \u00een ceea ce prive\u0219te comoditatea, stilul \u0219i inova\u021bia \u00een echiparea perodocii pentru b\u0103rci! Disponibil \u00een versiuni standard \u0219i din o\u021bel inoxidabil. Versiunea din o\u021bel inoxidabil este recomandat\u0103 pentru utilizarea \u00een medii s\u0103rate sau cu ap\u0103 s\u0103rat\u0103. Doar prinde\u021bi, tensiona\u021bi cu clichetul \u0219i porni\u021bi!<\/p>\n<ul class=\"tt-list01\">\n<li>Instalare permanent\u0103 cu un singur \u0219urub<\/li>\n<li>Band\u0103 autoretractabil\u0103 de 2 inch (5 centimetri)<\/li>\n<li>Construc\u021bie anti-coroziv\u0103<\/li>\n<li>Se adapteaz\u0103 la majoritatea unghiurilor de montare.<\/li>\n<li>Band\u0103 de calitate pentru centuri de siguran\u021b\u0103 de dou\u0103 inci, din poliester.<\/li>\n<li>F08893 Standard [non-stainless steel]<br \/>\nLungimea de p\u00e2n\u0103 la 43 de inci (aproximativ 109 cm).<br \/>\nRezisten\u021ba la rupere: 2,500 de livre (aproximativ 1,134 kilograme) fiecare.<br \/>\nSWL (Safe Working Load &#8211; \u00cenc\u0103rcare maxim\u0103 de lucru sigur\u0103): 833 de livre (aproximativ 378 kilograme) fiecare. Con\u021bine: 2 sisteme BoatBuckle pentru fixarea la pupa a b\u0103rcii.<\/li>\n<\/ul>\n","protected":false},"featured_media":18726,"comment_status":"open","ping_status":"closed","template":"","meta":{"_acf_changed":false,"inline_featured_image":false},"product_brand":[],"product_cat":[344,340],"product_tag":[],"class_list":{"0":"post-18728","1":"product","2":"type-product","3":"status-publish","4":"has-post-thumbnail","6":"product_cat-boatbuckle-ro","7":"product_cat-sisteme-de-prindere-ro","8":"tt-post","10":"first","11":"instock","12":"sale","13":"shipping-taxable","14":"purchasable","15":"product-type-simple"},"acf":[],"yoast_head":"<!-- This site is optimized with the Yoast SEO plugin v27.4 - https:\/\/yoast.com\/product\/yoast-seo-wordpress\/ -->\n<title>BOATBUCKLE G2 Chinga Retractabila set - 14-43&quot;<\/title>\n<meta name=\"description\" content=\"Cump\u0103ra\u021bi BoatBuckle \u00een Rom\u00e2nia de la Boats Expert. \u041e gam\u0103 larg\u0103 de accesorii pentru b\u0103rci cu motor cu livrare \u00een toat\u0103 Rom\u00e2nia!\" \/>\n<meta name=\"robots\" content=\"index, follow, max-snippet:-1, max-image-preview:large, max-video-preview:-1\" \/>\n<link rel=\"canonical\" href=\"https:\/\/boat-demo.axiomprotocol.org\/ro\/produs\/boatbuckle-g2-chinga-retractabila-set-14-43\/\" \/>\n<meta property=\"og:locale\" content=\"ro_RO\" \/>\n<meta property=\"og:type\" content=\"article\" \/>\n<meta property=\"og:title\" content=\"BOATBUCKLE G2 Chinga Retractabila set - 14-43&quot;\" \/>\n<meta property=\"og:description\" content=\"Cump\u0103ra\u021bi BoatBuckle \u00een Rom\u00e2nia de la Boats Expert. \u041e gam\u0103 larg\u0103 de accesorii pentru b\u0103rci cu motor cu livrare \u00een toat\u0103 Rom\u00e2nia!\" \/>\n<meta property=\"og:url\" content=\"https:\/\/boat-demo.axiomprotocol.org\/ro\/produs\/boatbuckle-g2-chinga-retractabila-set-14-43\/\" \/>\n<meta property=\"og:site_name\" content=\"BoatsExpert\" \/>\n<meta property=\"article:modified_time\" content=\"2023-12-20T10:19:01+00:00\" \/>\n<meta property=\"og:image\" content=\"https:\/\/boat-demo.axiomprotocol.org\/wp-content\/uploads\/2023\/03\/\u041d\u043e\u0432\u044b\u0439-\u043f\u0440\u043e\u0435\u043a\u0442.jpg\" \/>\n\t<meta property=\"og:image:width\" content=\"555\" \/>\n\t<meta property=\"og:image:height\" content=\"478\" \/>\n\t<meta property=\"og:image:type\" content=\"image\/jpeg\" \/>\n<meta name=\"twitter:card\" content=\"summary_large_image\" \/>\n<meta name=\"twitter:label1\" content=\"Timp estimat pentru citire\" \/>\n\t<meta name=\"twitter:data1\" content=\"1 minut\" \/>\n<script type=\"application\/ld+json\" class=\"yoast-schema-graph\">{\"@context\":\"https:\\\/\\\/schema.org\",\"@graph\":[{\"@type\":\"WebPage\",\"@id\":\"https:\\\/\\\/boat-demo.axiomprotocol.org\\\/ro\\\/produs\\\/boatbuckle-g2-chinga-retractabila-set-14-43\\\/\",\"url\":\"https:\\\/\\\/boat-demo.axiomprotocol.org\\\/ro\\\/produs\\\/boatbuckle-g2-chinga-retractabila-set-14-43\\\/\",\"name\":\"BOATBUCKLE G2 Chinga Retractabila set - 14-43\\\"\",\"isPartOf\":{\"@id\":\"https:\\\/\\\/boat-demo.axiomprotocol.org\\\/ro\\\/#website\"},\"primaryImageOfPage\":{\"@id\":\"https:\\\/\\\/boat-demo.axiomprotocol.org\\\/ro\\\/produs\\\/boatbuckle-g2-chinga-retractabila-set-14-43\\\/#primaryimage\"},\"image\":{\"@id\":\"https:\\\/\\\/boat-demo.axiomprotocol.org\\\/ro\\\/produs\\\/boatbuckle-g2-chinga-retractabila-set-14-43\\\/#primaryimage\"},\"thumbnailUrl\":\"https:\\\/\\\/boat-demo.axiomprotocol.org\\\/wp-content\\\/uploads\\\/2023\\\/03\\\/\u041d\u043e\u0432\u044b\u0439-\u043f\u0440\u043e\u0435\u043a\u0442.jpg\",\"datePublished\":\"2023-03-10T16:28:15+00:00\",\"dateModified\":\"2023-12-20T10:19:01+00:00\",\"description\":\"Cump\u0103ra\u021bi BoatBuckle \u00een Rom\u00e2nia de la Boats Expert. \u041e gam\u0103 larg\u0103 de accesorii pentru b\u0103rci cu motor cu livrare \u00een toat\u0103 Rom\u00e2nia!\",\"breadcrumb\":{\"@id\":\"https:\\\/\\\/boat-demo.axiomprotocol.org\\\/ro\\\/produs\\\/boatbuckle-g2-chinga-retractabila-set-14-43\\\/#breadcrumb\"},\"inLanguage\":\"ro-RO\",\"potentialAction\":[{\"@type\":\"ReadAction\",\"target\":[\"https:\\\/\\\/boat-demo.axiomprotocol.org\\\/ro\\\/produs\\\/boatbuckle-g2-chinga-retractabila-set-14-43\\\/\"]}]},{\"@type\":\"ImageObject\",\"inLanguage\":\"ro-RO\",\"@id\":\"https:\\\/\\\/boat-demo.axiomprotocol.org\\\/ro\\\/produs\\\/boatbuckle-g2-chinga-retractabila-set-14-43\\\/#primaryimage\",\"url\":\"https:\\\/\\\/boat-demo.axiomprotocol.org\\\/wp-content\\\/uploads\\\/2023\\\/03\\\/\u041d\u043e\u0432\u044b\u0439-\u043f\u0440\u043e\u0435\u043a\u0442.jpg\",\"contentUrl\":\"https:\\\/\\\/boat-demo.axiomprotocol.org\\\/wp-content\\\/uploads\\\/2023\\\/03\\\/\u041d\u043e\u0432\u044b\u0439-\u043f\u0440\u043e\u0435\u043a\u0442.jpg\",\"width\":555,\"height\":478,\"caption\":\"BoatBuckle G2\"},{\"@type\":\"BreadcrumbList\",\"@id\":\"https:\\\/\\\/boat-demo.axiomprotocol.org\\\/ro\\\/produs\\\/boatbuckle-g2-chinga-retractabila-set-14-43\\\/#breadcrumb\",\"itemListElement\":[{\"@type\":\"ListItem\",\"position\":1,\"name\":\"Home\",\"item\":\"https:\\\/\\\/boat-demo.axiomprotocol.org\\\/\"},{\"@type\":\"ListItem\",\"position\":2,\"name\":\"Shop Online &#8211; cel mai bun magazin pentru echipamente pentru b\u0103rci\",\"item\":\"https:\\\/\\\/boat-demo.axiomprotocol.org\\\/ro\\\/shop-ro\\\/\"},{\"@type\":\"ListItem\",\"position\":3,\"name\":\"BOATBUCKLE G2 Chinga Retractabila set &#8211; 14-43&#8243;\"}]},{\"@type\":\"WebSite\",\"@id\":\"https:\\\/\\\/boat-demo.axiomprotocol.org\\\/ro\\\/#website\",\"url\":\"https:\\\/\\\/boat-demo.axiomprotocol.org\\\/ro\\\/\",\"name\":\"BoatsExpert\",\"description\":\"Boats, Service, Equipment\",\"publisher\":{\"@id\":\"https:\\\/\\\/boat-demo.axiomprotocol.org\\\/ro\\\/#organization\"},\"potentialAction\":[{\"@type\":\"SearchAction\",\"target\":{\"@type\":\"EntryPoint\",\"urlTemplate\":\"https:\\\/\\\/boat-demo.axiomprotocol.org\\\/ro\\\/?s={search_term_string}\"},\"query-input\":{\"@type\":\"PropertyValueSpecification\",\"valueRequired\":true,\"valueName\":\"search_term_string\"}}],\"inLanguage\":\"ro-RO\"},{\"@type\":\"Organization\",\"@id\":\"https:\\\/\\\/boat-demo.axiomprotocol.org\\\/ro\\\/#organization\",\"name\":\"BoatsExpert\",\"url\":\"https:\\\/\\\/boat-demo.axiomprotocol.org\\\/ro\\\/\",\"logo\":{\"@type\":\"ImageObject\",\"inLanguage\":\"ro-RO\",\"@id\":\"https:\\\/\\\/boat-demo.axiomprotocol.org\\\/ro\\\/#\\\/schema\\\/logo\\\/image\\\/\",\"url\":\"https:\\\/\\\/boat-demo.axiomprotocol.org\\\/wp-content\\\/uploads\\\/2023\\\/05\\\/white-logo60.svg\",\"contentUrl\":\"https:\\\/\\\/boat-demo.axiomprotocol.org\\\/wp-content\\\/uploads\\\/2023\\\/05\\\/white-logo60.svg\",\"width\":90,\"height\":60,\"caption\":\"BoatsExpert\"},\"image\":{\"@id\":\"https:\\\/\\\/boat-demo.axiomprotocol.org\\\/ro\\\/#\\\/schema\\\/logo\\\/image\\\/\"}}]}<\/script>\n<!-- \/ Yoast SEO plugin. -->","yoast_head_json":{"title":"BOATBUCKLE G2 Chinga Retractabila set - 14-43\"","description":"Cump\u0103ra\u021bi BoatBuckle \u00een Rom\u00e2nia de la Boats Expert. \u041e gam\u0103 larg\u0103 de accesorii pentru b\u0103rci cu motor cu livrare \u00een toat\u0103 Rom\u00e2nia!","robots":{"index":"index","follow":"follow","max-snippet":"max-snippet:-1","max-image-preview":"max-image-preview:large","max-video-preview":"max-video-preview:-1"},"canonical":"https:\/\/boat-demo.axiomprotocol.org\/ro\/produs\/boatbuckle-g2-chinga-retractabila-set-14-43\/","og_locale":"ro_RO","og_type":"article","og_title":"BOATBUCKLE G2 Chinga Retractabila set - 14-43\"","og_description":"Cump\u0103ra\u021bi BoatBuckle \u00een Rom\u00e2nia de la Boats Expert. \u041e gam\u0103 larg\u0103 de accesorii pentru b\u0103rci cu motor cu livrare \u00een toat\u0103 Rom\u00e2nia!","og_url":"https:\/\/boat-demo.axiomprotocol.org\/ro\/produs\/boatbuckle-g2-chinga-retractabila-set-14-43\/","og_site_name":"BoatsExpert","article_modified_time":"2023-12-20T10:19:01+00:00","og_image":[{"width":555,"height":478,"url":"https:\/\/boat-demo.axiomprotocol.org\/wp-content\/uploads\/2023\/03\/\u041d\u043e\u0432\u044b\u0439-\u043f\u0440\u043e\u0435\u043a\u0442.jpg","type":"image\/jpeg"}],"twitter_card":"summary_large_image","twitter_misc":{"Timp estimat pentru citire":"1 minut"},"schema":{"@context":"https:\/\/schema.org","@graph":[{"@type":"WebPage","@id":"https:\/\/boat-demo.axiomprotocol.org\/ro\/produs\/boatbuckle-g2-chinga-retractabila-set-14-43\/","url":"https:\/\/boat-demo.axiomprotocol.org\/ro\/produs\/boatbuckle-g2-chinga-retractabila-set-14-43\/","name":"BOATBUCKLE G2 Chinga Retractabila set - 14-43\"","isPartOf":{"@id":"https:\/\/boat-demo.axiomprotocol.org\/ro\/#website"},"primaryImageOfPage":{"@id":"https:\/\/boat-demo.axiomprotocol.org\/ro\/produs\/boatbuckle-g2-chinga-retractabila-set-14-43\/#primaryimage"},"image":{"@id":"https:\/\/boat-demo.axiomprotocol.org\/ro\/produs\/boatbuckle-g2-chinga-retractabila-set-14-43\/#primaryimage"},"thumbnailUrl":"https:\/\/boat-demo.axiomprotocol.org\/wp-content\/uploads\/2023\/03\/\u041d\u043e\u0432\u044b\u0439-\u043f\u0440\u043e\u0435\u043a\u0442.jpg","datePublished":"2023-03-10T16:28:15+00:00","dateModified":"2023-12-20T10:19:01+00:00","description":"Cump\u0103ra\u021bi BoatBuckle \u00een Rom\u00e2nia de la Boats Expert. \u041e gam\u0103 larg\u0103 de accesorii pentru b\u0103rci cu motor cu livrare \u00een toat\u0103 Rom\u00e2nia!","breadcrumb":{"@id":"https:\/\/boat-demo.axiomprotocol.org\/ro\/produs\/boatbuckle-g2-chinga-retractabila-set-14-43\/#breadcrumb"},"inLanguage":"ro-RO","potentialAction":[{"@type":"ReadAction","target":["https:\/\/boat-demo.axiomprotocol.org\/ro\/produs\/boatbuckle-g2-chinga-retractabila-set-14-43\/"]}]},{"@type":"ImageObject","inLanguage":"ro-RO","@id":"https:\/\/boat-demo.axiomprotocol.org\/ro\/produs\/boatbuckle-g2-chinga-retractabila-set-14-43\/#primaryimage","url":"https:\/\/boat-demo.axiomprotocol.org\/wp-content\/uploads\/2023\/03\/\u041d\u043e\u0432\u044b\u0439-\u043f\u0440\u043e\u0435\u043a\u0442.jpg","contentUrl":"https:\/\/boat-demo.axiomprotocol.org\/wp-content\/uploads\/2023\/03\/\u041d\u043e\u0432\u044b\u0439-\u043f\u0440\u043e\u0435\u043a\u0442.jpg","width":555,"height":478,"caption":"BoatBuckle G2"},{"@type":"BreadcrumbList","@id":"https:\/\/boat-demo.axiomprotocol.org\/ro\/produs\/boatbuckle-g2-chinga-retractabila-set-14-43\/#breadcrumb","itemListElement":[{"@type":"ListItem","position":1,"name":"Home","item":"https:\/\/boat-demo.axiomprotocol.org\/"},{"@type":"ListItem","position":2,"name":"Shop Online &#8211; cel mai bun magazin pentru echipamente pentru b\u0103rci","item":"https:\/\/boat-demo.axiomprotocol.org\/ro\/shop-ro\/"},{"@type":"ListItem","position":3,"name":"BOATBUCKLE G2 Chinga Retractabila set &#8211; 14-43&#8243;"}]},{"@type":"WebSite","@id":"https:\/\/boat-demo.axiomprotocol.org\/ro\/#website","url":"https:\/\/boat-demo.axiomprotocol.org\/ro\/","name":"BoatsExpert","description":"Boats, Service, Equipment","publisher":{"@id":"https:\/\/boat-demo.axiomprotocol.org\/ro\/#organization"},"potentialAction":[{"@type":"SearchAction","target":{"@type":"EntryPoint","urlTemplate":"https:\/\/boat-demo.axiomprotocol.org\/ro\/?s={search_term_string}"},"query-input":{"@type":"PropertyValueSpecification","valueRequired":true,"valueName":"search_term_string"}}],"inLanguage":"ro-RO"},{"@type":"Organization","@id":"https:\/\/boat-demo.axiomprotocol.org\/ro\/#organization","name":"BoatsExpert","url":"https:\/\/boat-demo.axiomprotocol.org\/ro\/","logo":{"@type":"ImageObject","inLanguage":"ro-RO","@id":"https:\/\/boat-demo.axiomprotocol.org\/ro\/#\/schema\/logo\/image\/","url":"https:\/\/boat-demo.axiomprotocol.org\/wp-content\/uploads\/2023\/05\/white-logo60.svg","contentUrl":"https:\/\/boat-demo.axiomprotocol.org\/wp-content\/uploads\/2023\/05\/white-logo60.svg","width":90,"height":60,"caption":"BoatsExpert"},"image":{"@id":"https:\/\/boat-demo.axiomprotocol.org\/ro\/#\/schema\/logo\/image\/"}}]}},"_links":{"self":[{"href":"https:\/\/boat-demo.axiomprotocol.org\/ro\/wp-json\/wp\/v2\/product\/18728","targetHints":{"allow":["GET"]}}],"collection":[{"href":"https:\/\/boat-demo.axiomprotocol.org\/ro\/wp-json\/wp\/v2\/product"}],"about":[{"href":"https:\/\/boat-demo.axiomprotocol.org\/ro\/wp-json\/wp\/v2\/types\/product"}],"replies":[{"embeddable":true,"href":"https:\/\/boat-demo.axiomprotocol.org\/ro\/wp-json\/wp\/v2\/comments?post=18728"}],"version-history":[{"count":26,"href":"https:\/\/boat-demo.axiomprotocol.org\/ro\/wp-json\/wp\/v2\/product\/18728\/revisions"}],"predecessor-version":[{"id":27068,"href":"https:\/\/boat-demo.axiomprotocol.org\/ro\/wp-json\/wp\/v2\/product\/18728\/revisions\/27068"}],"wp:featuredmedia":[{"embeddable":true,"href":"https:\/\/boat-demo.axiomprotocol.org\/ro\/wp-json\/wp\/v2\/media\/18726"}],"wp:attachment":[{"href":"https:\/\/boat-demo.axiomprotocol.org\/ro\/wp-json\/wp\/v2\/media?parent=18728"}],"wp:term":[{"taxonomy":"product_brand","embeddable":true,"href":"https:\/\/boat-demo.axiomprotocol.org\/ro\/wp-json\/wp\/v2\/product_brand?post=18728"},{"taxonomy":"product_cat","embeddable":true,"href":"https:\/\/boat-demo.axiomprotocol.org\/ro\/wp-json\/wp\/v2\/product_cat?post=18728"},{"taxonomy":"product_tag","embeddable":true,"href":"https:\/\/boat-demo.axiomprotocol.org\/ro\/wp-json\/wp\/v2\/product_tag?post=18728"}],"curies":[{"name":"wp","href":"https:\/\/api.w.org\/{rel}","templated":true}]}}