{"id":18651,"date":"2023-03-10T18:39:09","date_gmt":"2023-03-10T15:39:09","guid":{"rendered":"https:\/\/boat-demo.axiomprotocol.org\/?post_type=product&#038;p=18651"},"modified":"2024-02-22T15:48:20","modified_gmt":"2024-02-22T12:48:20","slug":"green-cell-battery-12-8v-125ah","status":"publish","type":"product","link":"https:\/\/boat-demo.axiomprotocol.org\/ro\/produs\/green-cell-battery-12-8v-125ah\/","title":{"rendered":"Baterie Green Cell LiFePO4 12.8V 80Ah"},"content":{"rendered":"\t\t<div data-elementor-type=\"wp-post\" data-elementor-id=\"18651\" class=\"elementor elementor-18651 elementor-18650\">\n\t\t\t\t\t\t<section class=\"elementor-section elementor-top-section elementor-element elementor-element-20e960c elementor-section-boxed elementor-section-height-default elementor-section-height-default\" data-id=\"20e960c\" data-element_type=\"section\" data-e-type=\"section\">\n\t\t\t\t\t\t<div class=\"elementor-container elementor-column-gap-default\">\n\t\t\t\t\t<div class=\"elementor-column elementor-col-100 elementor-top-column elementor-element elementor-element-8dd9812\" data-id=\"8dd9812\" data-element_type=\"column\" data-e-type=\"column\">\n\t\t\t<div class=\"elementor-widget-wrap elementor-element-populated\">\n\t\t\t\t\t\t<div class=\"elementor-element elementor-element-51e6985 elementor-widget elementor-widget-heading\" data-id=\"51e6985\" data-element_type=\"widget\" data-e-type=\"widget\" data-widget_type=\"heading.default\">\n\t\t\t\t<div class=\"elementor-widget-container\">\n\t\t\t\t\t<h3 class=\"elementor-heading-title elementor-size-default\">DESCRIERE<\/h3>\t\t\t\t<\/div>\n\t\t\t\t<\/div>\n\t\t\t\t\t<\/div>\n\t\t<\/div>\n\t\t\t\t\t<\/div>\n\t\t<\/section>\n\t\t\t\t<section class=\"elementor-section elementor-top-section elementor-element elementor-element-2a7dd92 elementor-section-boxed elementor-section-height-default elementor-section-height-default\" data-id=\"2a7dd92\" data-element_type=\"section\" data-e-type=\"section\">\n\t\t\t\t\t\t<div class=\"elementor-container elementor-column-gap-default\">\n\t\t\t\t\t<div class=\"elementor-column elementor-col-100 elementor-top-column elementor-element elementor-element-537277e\" data-id=\"537277e\" data-element_type=\"column\" data-e-type=\"column\">\n\t\t\t<div class=\"elementor-widget-wrap elementor-element-populated\">\n\t\t\t\t\t\t<div class=\"elementor-element elementor-element-7092501 elementor-widget elementor-widget-text-editor\" data-id=\"7092501\" data-element_type=\"widget\" data-e-type=\"widget\" data-widget_type=\"text-editor.default\">\n\t\t\t\t<div class=\"elementor-widget-container\">\n\t\t\t\t\t\t\t\t\t<ul class=\"product-bullet-points\">\n<li><b>Bateria de fosfat de fier \u0219i litiu <\/b> se caracterizeaz\u0103 prin <b>durabilitate excep\u021bional\u0103, performan\u021be curente \u0219i vitez\u0103 de \u00eenc\u0103rcare.<\/b>. De asemenea, are o durata de viata mai lunga si este o alternativa mai usoara la bateriile cu plumb.\n<\/li>\n<li><b>LiFePO4 re\u021bin peste 80% din capacitatea lor chiar \u0219i dup\u0103 2000 de cicluri de \u00eenc\u0103rcare.<\/b> \u0218i astfel furnizeaz\u0103 <b>opeste 10 ani de func\u021bionare.<\/b> Due to its low self-discharge rate <b>Bateria va fi complet preg\u0103tit\u0103 pentru func\u021bionare chiar \u0219i dup\u0103 un an de depozitare.\n<p><\/b><\/li>\n<li>Durata lung\u0103 de via\u021b\u0103 a bateriilor, durabilitatea ridicat\u0103, greutatea redus\u0103 \u0219i parametrii de curent sunt motivele pentru care <b>aceste baterii sunt utilizate \u00een vehiculele de agrement, rulote \u0219i \u00een fotovoltaicele<\/b> care furnizeaz\u0103 energie locuin\u021belor folosind panouri solare.\n<\/li>\n<li><b>Bateriile Nanophosphate sunt echipate cu un sistem de gestionare a bateriei (BMS).<\/b> care monitorizeaz\u0103 nu numai \u00eenc\u0103rcarea \u0219i desc\u0103rcarea bateriei, ci \u0219i temperatura, astfel <b>asigur\u00e2nd siguran\u021ba func\u021bion\u0103rii \u0219i maximizarea duratei de via\u021b\u0103 a bateriei.<\/b><\/li>\n<\/ul>\n\t\t\t\t\t\t\t\t<\/div>\n\t\t\t\t<\/div>\n\t\t\t\t\t<\/div>\n\t\t<\/div>\n\t\t\t\t\t<\/div>\n\t\t<\/section>\n\t\t\t\t<section class=\"elementor-section elementor-top-section elementor-element elementor-element-e2e795b elementor-section-boxed elementor-section-height-default elementor-section-height-default\" data-id=\"e2e795b\" data-element_type=\"section\" data-e-type=\"section\">\n\t\t\t\t\t\t<div class=\"elementor-container elementor-column-gap-default\">\n\t\t\t\t\t<div class=\"elementor-column elementor-col-100 elementor-top-column elementor-element elementor-element-700b451\" data-id=\"700b451\" data-element_type=\"column\" data-e-type=\"column\">\n\t\t\t<div class=\"elementor-widget-wrap elementor-element-populated\">\n\t\t\t\t\t\t<div class=\"elementor-element elementor-element-8d95a63 elementor-widget elementor-widget-heading\" data-id=\"8d95a63\" data-element_type=\"widget\" data-e-type=\"widget\" data-widget_type=\"heading.default\">\n\t\t\t\t<div class=\"elementor-widget-container\">\n\t\t\t\t\t<h3 class=\"elementor-heading-title elementor-size-default\">SPECIFICATII<\/h3>\t\t\t\t<\/div>\n\t\t\t\t<\/div>\n\t\t\t\t\t<\/div>\n\t\t<\/div>\n\t\t\t\t\t<\/div>\n\t\t<\/section>\n\t\t\t\t<section class=\"elementor-section elementor-top-section elementor-element elementor-element-6765258 elementor-section-boxed elementor-section-height-default elementor-section-height-default\" data-id=\"6765258\" data-element_type=\"section\" data-e-type=\"section\">\n\t\t\t\t\t\t<div class=\"elementor-container elementor-column-gap-default\">\n\t\t\t\t\t<div class=\"elementor-column elementor-col-100 elementor-top-column elementor-element elementor-element-9e7768e\" data-id=\"9e7768e\" data-element_type=\"column\" data-e-type=\"column\">\n\t\t\t<div class=\"elementor-widget-wrap elementor-element-populated\">\n\t\t\t\t\t\t<div class=\"elementor-element elementor-element-6fe1391 elementor-widget elementor-widget-text-editor\" data-id=\"6fe1391\" data-element_type=\"widget\" data-e-type=\"widget\" data-widget_type=\"text-editor.default\">\n\t\t\t\t<div class=\"elementor-widget-container\">\n\t\t\t\t\t\t\t\t\t<table style=\"width:100%\">\n\t<tbody>\n\t\t<tr>\n\t\t\t<td>Capacity<\/td>\n\t\t\t<td>80Ah<\/td>\n\t\t<\/tr>\n\t\t<tr>\n\t\t\t<td>Voltage<\/td>\n\t\t\t<td>12V<\/td>\n\t\t<\/tr>\n\t\t<tr>\n\t\t\t<td>Cells technology<\/td>\n\t\t\t<td>Prismatic<\/td>\n\t\t<\/tr>\n\t\t<tr>\n\t\t\t<td>Condition<\/td>\n\t\t\t<td>New<\/td>\n\t\t<\/tr>\n\t\t<tr>\n\t\t\t<td>Warranty<\/td>\n\t\t\t<td>24 months<\/td>\n\t\t<\/tr>\n\t\t<tr>\n\t\t\t<td>Manufacturer<\/td>\n\t\t\t<td>Green Cell<\/td>\n\t\t<\/tr>\n\t\t<tr>\n\t\t\t<td>Dimensions<\/td>\n\t\t\t<td>260x168x211mm<\/td>\n\t\t<\/tr>\n\t\t<tr>\n\t\t\t<td>Weight<\/td>\n\t\t\t<td>10.38kg<\/td>\n\t\t<\/tr>\n\t\t<tr>\n\t\t\t<td>Type<\/td>\n\t\t\t<td>LiFePO4<\/td>\n\t\t<\/tr>\n\t\t<tr>\n\t\t\t<td>Working temperature<\/td>\n\t\t\t<td>from -10\u00b0C to 55\u00b0C<\/td>\n\t\t<\/tr>\n\t\t<tr>\n\t\t\t<td>Storage temperature<\/td>\n\t\t\t<td>0\u00b0C to 45\u00b0C (at 60-80% SOC)<\/td>\n\t\t<\/tr>\n\t\t<tr>\n\t\t\t<td>Vitality<\/td>\n\t\t\t<td>Over 2000 cycles at DoD 85%<\/td>\n\t\t<\/tr>\n\t\t<tr>\n\t\t\t<td>Terminal<\/td>\n\t\t\t<td>M8<\/td>\n\t\t<\/tr>\n\t\t<tr>\n\t\t\t<td>Internal resistance<\/td>\n\t\t\t<td>\u226455m\u03a9<\/td>\n\t\t<\/tr>\n\t\t<tr>\n\t\t\t<td>Return policy<\/td>\n\t\t\t<td>up to 30 days<\/td>\n\t\t<\/tr>\n\t\t<tr>\n\t\t\t<td>Standard discharge current<\/td>\n\t\t\t<td>100A<\/td>\n\t\t<\/tr>\n\t\t<tr>\n\t\t\t<td>Peak discharge current<\/td>\n\t\t\t<td>150A<\/td>\n\t\t<\/tr>\n\t\t<tr>\n\t\t\t<td>Standard charging current<\/td>\n\t\t\t<td>40A<\/td>\n\t\t<\/tr>\n\t\t<tr>\n\t\t\t<td>Charging temperature<\/td>\n\t\t\t<td>0\u00b0C &#8211; 45\u00b0C<\/td>\n\t\t<\/tr>\n\t\t<tr>\n\t\t\t<td>Product code<\/td>\n\t\t\t<td>CAV12<\/td>\n\t\t<\/tr>\n\t<\/tbody>\n<\/table>\n\n\t\t\t\t\t\t\t\t<\/div>\n\t\t\t\t<\/div>\n\t\t\t\t\t<\/div>\n\t\t<\/div>\n\t\t\t\t\t<\/div>\n\t\t<\/section>\n\t\t\t\t<\/div>\n\t\t","protected":false},"excerpt":{"rendered":"<p>&nbsp;<\/p>\n<p><strong>Baterie Green Cell LiFePO4 12.8V 80Ah, 1024Wh, baterie de litiu LFP de 12V cu sistem de gestionare a bateriei (BMS) pentru sistem fotovoltaic, camping, marina \u0219i aplica\u021bii motorizate.<\/strong><\/p>\n","protected":false},"featured_media":18680,"comment_status":"open","ping_status":"closed","template":"","meta":{"_acf_changed":false,"inline_featured_image":false},"product_brand":[],"product_cat":[85,348],"product_tag":[],"class_list":{"0":"post-18651","1":"product","2":"type-product","3":"status-publish","4":"has-post-thumbnail","6":"product_cat-baterii-ro","7":"product_cat-green-cell-baterii-ro","8":"tt-post","10":"first","11":"instock","12":"sale","13":"shipping-taxable","14":"purchasable","15":"product-type-simple"},"acf":[],"yoast_head":"<!-- This site is optimized with the Yoast SEO plugin v27.4 - https:\/\/yoast.com\/product\/yoast-seo-wordpress\/ -->\n<title>Baterie Green Cell LiFePO4 12.8V 80Ah - BoatsExpert<\/title>\n<meta name=\"robots\" content=\"index, follow, max-snippet:-1, max-image-preview:large, max-video-preview:-1\" \/>\n<link rel=\"canonical\" href=\"https:\/\/boat-demo.axiomprotocol.org\/ro\/produs\/green-cell-battery-12-8v-125ah\/\" \/>\n<meta property=\"og:locale\" content=\"ro_RO\" \/>\n<meta property=\"og:type\" content=\"article\" \/>\n<meta property=\"og:title\" content=\"Baterie Green Cell LiFePO4 12.8V 80Ah - BoatsExpert\" \/>\n<meta property=\"og:description\" content=\"&nbsp; Baterie Green Cell LiFePO4 12.8V 80Ah, 1024Wh, baterie de litiu LFP de 12V cu sistem de gestionare a bateriei (BMS) pentru sistem fotovoltaic, camping, marina \u0219i aplica\u021bii motorizate.\" \/>\n<meta property=\"og:url\" content=\"https:\/\/boat-demo.axiomprotocol.org\/ro\/produs\/green-cell-battery-12-8v-125ah\/\" \/>\n<meta property=\"og:site_name\" content=\"BoatsExpert\" \/>\n<meta property=\"article:modified_time\" content=\"2024-02-22T12:48:20+00:00\" \/>\n<meta property=\"og:image\" content=\"https:\/\/boat-demo.axiomprotocol.org\/wp-content\/uploads\/2023\/03\/80-Ah.jpg\" \/>\n\t<meta property=\"og:image:width\" content=\"555\" \/>\n\t<meta property=\"og:image:height\" content=\"478\" \/>\n\t<meta property=\"og:image:type\" content=\"image\/jpeg\" \/>\n<meta name=\"twitter:card\" content=\"summary_large_image\" \/>\n<meta name=\"twitter:label1\" content=\"Timp estimat pentru citire\" \/>\n\t<meta name=\"twitter:data1\" content=\"1 minut\" \/>\n<script type=\"application\/ld+json\" class=\"yoast-schema-graph\">{\"@context\":\"https:\\\/\\\/schema.org\",\"@graph\":[{\"@type\":\"WebPage\",\"@id\":\"https:\\\/\\\/boat-demo.axiomprotocol.org\\\/ro\\\/produs\\\/green-cell-battery-12-8v-125ah\\\/\",\"url\":\"https:\\\/\\\/boat-demo.axiomprotocol.org\\\/ro\\\/produs\\\/green-cell-battery-12-8v-125ah\\\/\",\"name\":\"Baterie Green Cell LiFePO4 12.8V 80Ah - BoatsExpert\",\"isPartOf\":{\"@id\":\"https:\\\/\\\/boat-demo.axiomprotocol.org\\\/ro\\\/#website\"},\"primaryImageOfPage\":{\"@id\":\"https:\\\/\\\/boat-demo.axiomprotocol.org\\\/ro\\\/produs\\\/green-cell-battery-12-8v-125ah\\\/#primaryimage\"},\"image\":{\"@id\":\"https:\\\/\\\/boat-demo.axiomprotocol.org\\\/ro\\\/produs\\\/green-cell-battery-12-8v-125ah\\\/#primaryimage\"},\"thumbnailUrl\":\"https:\\\/\\\/boat-demo.axiomprotocol.org\\\/wp-content\\\/uploads\\\/2023\\\/03\\\/80-Ah.jpg\",\"datePublished\":\"2023-03-10T15:39:09+00:00\",\"dateModified\":\"2024-02-22T12:48:20+00:00\",\"breadcrumb\":{\"@id\":\"https:\\\/\\\/boat-demo.axiomprotocol.org\\\/ro\\\/produs\\\/green-cell-battery-12-8v-125ah\\\/#breadcrumb\"},\"inLanguage\":\"ro-RO\",\"potentialAction\":[{\"@type\":\"ReadAction\",\"target\":[\"https:\\\/\\\/boat-demo.axiomprotocol.org\\\/ro\\\/produs\\\/green-cell-battery-12-8v-125ah\\\/\"]}]},{\"@type\":\"ImageObject\",\"inLanguage\":\"ro-RO\",\"@id\":\"https:\\\/\\\/boat-demo.axiomprotocol.org\\\/ro\\\/produs\\\/green-cell-battery-12-8v-125ah\\\/#primaryimage\",\"url\":\"https:\\\/\\\/boat-demo.axiomprotocol.org\\\/wp-content\\\/uploads\\\/2023\\\/03\\\/80-Ah.jpg\",\"contentUrl\":\"https:\\\/\\\/boat-demo.axiomprotocol.org\\\/wp-content\\\/uploads\\\/2023\\\/03\\\/80-Ah.jpg\",\"width\":555,\"height\":478},{\"@type\":\"BreadcrumbList\",\"@id\":\"https:\\\/\\\/boat-demo.axiomprotocol.org\\\/ro\\\/produs\\\/green-cell-battery-12-8v-125ah\\\/#breadcrumb\",\"itemListElement\":[{\"@type\":\"ListItem\",\"position\":1,\"name\":\"Home\",\"item\":\"https:\\\/\\\/boat-demo.axiomprotocol.org\\\/\"},{\"@type\":\"ListItem\",\"position\":2,\"name\":\"Shop Online &#8211; cel mai bun magazin pentru echipamente pentru b\u0103rci\",\"item\":\"https:\\\/\\\/boat-demo.axiomprotocol.org\\\/ro\\\/shop-ro\\\/\"},{\"@type\":\"ListItem\",\"position\":3,\"name\":\"Baterie Green Cell LiFePO4 12.8V 80Ah\"}]},{\"@type\":\"WebSite\",\"@id\":\"https:\\\/\\\/boat-demo.axiomprotocol.org\\\/ro\\\/#website\",\"url\":\"https:\\\/\\\/boat-demo.axiomprotocol.org\\\/ro\\\/\",\"name\":\"BoatsExpert\",\"description\":\"Boats, Service, Equipment\",\"publisher\":{\"@id\":\"https:\\\/\\\/boat-demo.axiomprotocol.org\\\/ro\\\/#organization\"},\"potentialAction\":[{\"@type\":\"SearchAction\",\"target\":{\"@type\":\"EntryPoint\",\"urlTemplate\":\"https:\\\/\\\/boat-demo.axiomprotocol.org\\\/ro\\\/?s={search_term_string}\"},\"query-input\":{\"@type\":\"PropertyValueSpecification\",\"valueRequired\":true,\"valueName\":\"search_term_string\"}}],\"inLanguage\":\"ro-RO\"},{\"@type\":\"Organization\",\"@id\":\"https:\\\/\\\/boat-demo.axiomprotocol.org\\\/ro\\\/#organization\",\"name\":\"BoatsExpert\",\"url\":\"https:\\\/\\\/boat-demo.axiomprotocol.org\\\/ro\\\/\",\"logo\":{\"@type\":\"ImageObject\",\"inLanguage\":\"ro-RO\",\"@id\":\"https:\\\/\\\/boat-demo.axiomprotocol.org\\\/ro\\\/#\\\/schema\\\/logo\\\/image\\\/\",\"url\":\"https:\\\/\\\/boat-demo.axiomprotocol.org\\\/wp-content\\\/uploads\\\/2023\\\/05\\\/white-logo60.svg\",\"contentUrl\":\"https:\\\/\\\/boat-demo.axiomprotocol.org\\\/wp-content\\\/uploads\\\/2023\\\/05\\\/white-logo60.svg\",\"width\":90,\"height\":60,\"caption\":\"BoatsExpert\"},\"image\":{\"@id\":\"https:\\\/\\\/boat-demo.axiomprotocol.org\\\/ro\\\/#\\\/schema\\\/logo\\\/image\\\/\"}}]}<\/script>\n<!-- \/ Yoast SEO plugin. -->","yoast_head_json":{"title":"Baterie Green Cell LiFePO4 12.8V 80Ah - BoatsExpert","robots":{"index":"index","follow":"follow","max-snippet":"max-snippet:-1","max-image-preview":"max-image-preview:large","max-video-preview":"max-video-preview:-1"},"canonical":"https:\/\/boat-demo.axiomprotocol.org\/ro\/produs\/green-cell-battery-12-8v-125ah\/","og_locale":"ro_RO","og_type":"article","og_title":"Baterie Green Cell LiFePO4 12.8V 80Ah - BoatsExpert","og_description":"&nbsp; Baterie Green Cell LiFePO4 12.8V 80Ah, 1024Wh, baterie de litiu LFP de 12V cu sistem de gestionare a bateriei (BMS) pentru sistem fotovoltaic, camping, marina \u0219i aplica\u021bii motorizate.","og_url":"https:\/\/boat-demo.axiomprotocol.org\/ro\/produs\/green-cell-battery-12-8v-125ah\/","og_site_name":"BoatsExpert","article_modified_time":"2024-02-22T12:48:20+00:00","og_image":[{"width":555,"height":478,"url":"https:\/\/boat-demo.axiomprotocol.org\/wp-content\/uploads\/2023\/03\/80-Ah.jpg","type":"image\/jpeg"}],"twitter_card":"summary_large_image","twitter_misc":{"Timp estimat pentru citire":"1 minut"},"schema":{"@context":"https:\/\/schema.org","@graph":[{"@type":"WebPage","@id":"https:\/\/boat-demo.axiomprotocol.org\/ro\/produs\/green-cell-battery-12-8v-125ah\/","url":"https:\/\/boat-demo.axiomprotocol.org\/ro\/produs\/green-cell-battery-12-8v-125ah\/","name":"Baterie Green Cell LiFePO4 12.8V 80Ah - BoatsExpert","isPartOf":{"@id":"https:\/\/boat-demo.axiomprotocol.org\/ro\/#website"},"primaryImageOfPage":{"@id":"https:\/\/boat-demo.axiomprotocol.org\/ro\/produs\/green-cell-battery-12-8v-125ah\/#primaryimage"},"image":{"@id":"https:\/\/boat-demo.axiomprotocol.org\/ro\/produs\/green-cell-battery-12-8v-125ah\/#primaryimage"},"thumbnailUrl":"https:\/\/boat-demo.axiomprotocol.org\/wp-content\/uploads\/2023\/03\/80-Ah.jpg","datePublished":"2023-03-10T15:39:09+00:00","dateModified":"2024-02-22T12:48:20+00:00","breadcrumb":{"@id":"https:\/\/boat-demo.axiomprotocol.org\/ro\/produs\/green-cell-battery-12-8v-125ah\/#breadcrumb"},"inLanguage":"ro-RO","potentialAction":[{"@type":"ReadAction","target":["https:\/\/boat-demo.axiomprotocol.org\/ro\/produs\/green-cell-battery-12-8v-125ah\/"]}]},{"@type":"ImageObject","inLanguage":"ro-RO","@id":"https:\/\/boat-demo.axiomprotocol.org\/ro\/produs\/green-cell-battery-12-8v-125ah\/#primaryimage","url":"https:\/\/boat-demo.axiomprotocol.org\/wp-content\/uploads\/2023\/03\/80-Ah.jpg","contentUrl":"https:\/\/boat-demo.axiomprotocol.org\/wp-content\/uploads\/2023\/03\/80-Ah.jpg","width":555,"height":478},{"@type":"BreadcrumbList","@id":"https:\/\/boat-demo.axiomprotocol.org\/ro\/produs\/green-cell-battery-12-8v-125ah\/#breadcrumb","itemListElement":[{"@type":"ListItem","position":1,"name":"Home","item":"https:\/\/boat-demo.axiomprotocol.org\/"},{"@type":"ListItem","position":2,"name":"Shop Online &#8211; cel mai bun magazin pentru echipamente pentru b\u0103rci","item":"https:\/\/boat-demo.axiomprotocol.org\/ro\/shop-ro\/"},{"@type":"ListItem","position":3,"name":"Baterie Green Cell LiFePO4 12.8V 80Ah"}]},{"@type":"WebSite","@id":"https:\/\/boat-demo.axiomprotocol.org\/ro\/#website","url":"https:\/\/boat-demo.axiomprotocol.org\/ro\/","name":"BoatsExpert","description":"Boats, Service, Equipment","publisher":{"@id":"https:\/\/boat-demo.axiomprotocol.org\/ro\/#organization"},"potentialAction":[{"@type":"SearchAction","target":{"@type":"EntryPoint","urlTemplate":"https:\/\/boat-demo.axiomprotocol.org\/ro\/?s={search_term_string}"},"query-input":{"@type":"PropertyValueSpecification","valueRequired":true,"valueName":"search_term_string"}}],"inLanguage":"ro-RO"},{"@type":"Organization","@id":"https:\/\/boat-demo.axiomprotocol.org\/ro\/#organization","name":"BoatsExpert","url":"https:\/\/boat-demo.axiomprotocol.org\/ro\/","logo":{"@type":"ImageObject","inLanguage":"ro-RO","@id":"https:\/\/boat-demo.axiomprotocol.org\/ro\/#\/schema\/logo\/image\/","url":"https:\/\/boat-demo.axiomprotocol.org\/wp-content\/uploads\/2023\/05\/white-logo60.svg","contentUrl":"https:\/\/boat-demo.axiomprotocol.org\/wp-content\/uploads\/2023\/05\/white-logo60.svg","width":90,"height":60,"caption":"BoatsExpert"},"image":{"@id":"https:\/\/boat-demo.axiomprotocol.org\/ro\/#\/schema\/logo\/image\/"}}]}},"_links":{"self":[{"href":"https:\/\/boat-demo.axiomprotocol.org\/ro\/wp-json\/wp\/v2\/product\/18651","targetHints":{"allow":["GET"]}}],"collection":[{"href":"https:\/\/boat-demo.axiomprotocol.org\/ro\/wp-json\/wp\/v2\/product"}],"about":[{"href":"https:\/\/boat-demo.axiomprotocol.org\/ro\/wp-json\/wp\/v2\/types\/product"}],"replies":[{"embeddable":true,"href":"https:\/\/boat-demo.axiomprotocol.org\/ro\/wp-json\/wp\/v2\/comments?post=18651"}],"version-history":[{"count":26,"href":"https:\/\/boat-demo.axiomprotocol.org\/ro\/wp-json\/wp\/v2\/product\/18651\/revisions"}],"predecessor-version":[{"id":27954,"href":"https:\/\/boat-demo.axiomprotocol.org\/ro\/wp-json\/wp\/v2\/product\/18651\/revisions\/27954"}],"wp:featuredmedia":[{"embeddable":true,"href":"https:\/\/boat-demo.axiomprotocol.org\/ro\/wp-json\/wp\/v2\/media\/18680"}],"wp:attachment":[{"href":"https:\/\/boat-demo.axiomprotocol.org\/ro\/wp-json\/wp\/v2\/media?parent=18651"}],"wp:term":[{"taxonomy":"product_brand","embeddable":true,"href":"https:\/\/boat-demo.axiomprotocol.org\/ro\/wp-json\/wp\/v2\/product_brand?post=18651"},{"taxonomy":"product_cat","embeddable":true,"href":"https:\/\/boat-demo.axiomprotocol.org\/ro\/wp-json\/wp\/v2\/product_cat?post=18651"},{"taxonomy":"product_tag","embeddable":true,"href":"https:\/\/boat-demo.axiomprotocol.org\/ro\/wp-json\/wp\/v2\/product_tag?post=18651"}],"curies":[{"name":"wp","href":"https:\/\/api.w.org\/{rel}","templated":true}]}}