{"id":17805,"date":"2022-12-26T16:45:52","date_gmt":"2022-12-26T13:45:52","guid":{"rendered":"https:\/\/boat-demo.axiomprotocol.org\/?post_type=product&#038;p=17805"},"modified":"2023-09-12T14:24:15","modified_gmt":"2023-09-12T11:24:15","slug":"yamaha-f150getxf150xca-cl5","status":"publish","type":"product","link":"https:\/\/boat-demo.axiomprotocol.org\/ro\/produs\/yamaha-f150getxf150xca-cl5\/","title":{"rendered":"Motor Barca Yamaha F150XCA CL5"},"content":{"rendered":"\t\t<div data-elementor-type=\"wp-post\" data-elementor-id=\"17805\" class=\"elementor elementor-17805 elementor-17804\">\n\t\t\t\t\t\t<section class=\"elementor-section elementor-top-section elementor-element elementor-element-ea4941c elementor-section-boxed elementor-section-height-default elementor-section-height-default\" data-id=\"ea4941c\" data-element_type=\"section\" data-e-type=\"section\">\n\t\t\t\t\t\t<div class=\"elementor-container elementor-column-gap-default\">\n\t\t\t\t\t<div class=\"elementor-column elementor-col-100 elementor-top-column elementor-element elementor-element-55888e2\" data-id=\"55888e2\" data-element_type=\"column\" data-e-type=\"column\">\n\t\t\t<div class=\"elementor-widget-wrap elementor-element-populated\">\n\t\t\t\t\t\t<div class=\"elementor-element elementor-element-95906a5 elementor-widget elementor-widget-text-editor\" data-id=\"95906a5\" data-element_type=\"widget\" data-e-type=\"widget\" data-widget_type=\"text-editor.default\">\n\t\t\t\t<div class=\"elementor-widget-container\">\n\t\t\t\t\t\t\t\t\t\n<h6>Engine<\/h6>\n\n<table style=\"width:100%\">\n\t<tbody>\n\t\t<tr>\n\t\t\t<td><strong>Engine type<\/strong><\/td>\n\t\t\t<td>4-stroke<\/td>\n\t\t<\/tr>\n\t\t<tr>\n\t\t\t<td><strong>Displacement<\/strong><\/td>\n\t\t\t<td>2785 cm&sup3;<\/td>\n\t\t<\/tr>\n\t\t<tr>\n\t\t\t<td><strong>No. of cylinders\/configuration<\/strong><\/td>\n\t\t\t<td>4\/In-line, 16-valve, DOHC<\/td>\n\t\t<\/tr>\n\t\t<tr>\n\t\t\t<td><strong>Bore x stroke<\/strong><\/td>\n\t\t\t<td>96.0 mm x 96.2 mm<\/td>\n\t\t<\/tr>\n\t\t<tr>\n\t\t\t<td><strong>Prop shaft output at mid range<\/strong><\/td>\n\t\t\t<td>110.3kW \/ 5,500 rpm<\/td>\n\t\t<\/tr>\n\t\t<tr>\n\t\t\t<td><strong>Full throttle operating range<\/strong><\/td>\n\t\t\t<td>5,000 &#8211; 6,000 rpm<\/td>\n\t\t<\/tr>\n\t\t<tr>\n\t\t\t<td><strong>Lubrication system<\/strong><\/td>\n\t\t\t<td>Wet sump<\/td>\n\t\t<\/tr>\n\t\t<tr>\n\t\t\t<td><strong>Fuel Induction System<\/strong><\/td>\n\t\t\t<td>EFI<\/td>\n\t\t<\/tr>\n\t\t<tr>\n\t\t\t<td><strong>Ignition \/ advance system<\/strong><\/td>\n\t\t\t<td>TCI<\/td>\n\t\t<\/tr>\n\t\t<tr>\n\t\t\t<td><strong>Starter system<\/strong><\/td>\n\t\t\t<td>Electric with prime start&trade;<\/td>\n\t\t<\/tr>\n\t\t<tr>\n\t\t\t<td><strong>Gear ratio<\/strong><\/td>\n\t\t\t<td>2.00 (28\/14)<\/td>\n\t\t<\/tr>\n\t\t<tr>\n\t\t\t<td><strong>Carburettors<\/strong><\/td>\n\t\t\t<td>Fuel Injection<\/td>\n\t\t<\/tr>\n\t<\/tbody>\n<\/table>\n\t\t\t\t\t\t\t\t<\/div>\n\t\t\t\t<\/div>\n\t\t\t\t\t<\/div>\n\t\t<\/div>\n\t\t\t\t\t<\/div>\n\t\t<\/section>\n\t\t\t\t<section class=\"elementor-section elementor-top-section elementor-element elementor-element-347bb06 elementor-section-boxed elementor-section-height-default elementor-section-height-default\" data-id=\"347bb06\" data-element_type=\"section\" data-e-type=\"section\">\n\t\t\t\t\t\t<div class=\"elementor-container elementor-column-gap-default\">\n\t\t\t\t\t<div class=\"elementor-column elementor-col-100 elementor-top-column elementor-element elementor-element-40ea16e\" data-id=\"40ea16e\" data-element_type=\"column\" data-e-type=\"column\">\n\t\t\t<div class=\"elementor-widget-wrap elementor-element-populated\">\n\t\t\t\t\t\t<div class=\"elementor-element elementor-element-e3c6572 elementor-widget elementor-widget-text-editor\" data-id=\"e3c6572\" data-element_type=\"widget\" data-e-type=\"widget\" data-widget_type=\"text-editor.default\">\n\t\t\t\t<div class=\"elementor-widget-container\">\n\t\t\t\t\t\t\t\t\t<h6>Dimensions<\/h6><table style=\"width: 100%\"><tbody><tr><td><strong>Recommended boat transom height<\/strong><\/td><td>X: 643mm<\/td><\/tr><tr><td><strong>Weight with propeller<\/strong><\/td><td>F150GETX: 227 kg<\/td><\/tr><tr><td><strong>Fuel tank capacity<\/strong><\/td><td>N\/A<\/td><\/tr><tr><td><strong>Oil pan capacity<\/strong><\/td><td>4.5 litres<\/td><\/tr><\/tbody><\/table>\t\t\t\t\t\t\t\t<\/div>\n\t\t\t\t<\/div>\n\t\t\t\t\t<\/div>\n\t\t<\/div>\n\t\t\t\t\t<\/div>\n\t\t<\/section>\n\t\t\t\t<section class=\"elementor-section elementor-top-section elementor-element elementor-element-2b055e2 elementor-section-boxed elementor-section-height-default elementor-section-height-default\" data-id=\"2b055e2\" data-element_type=\"section\" data-e-type=\"section\">\n\t\t\t\t\t\t<div class=\"elementor-container elementor-column-gap-default\">\n\t\t\t\t\t<div class=\"elementor-column elementor-col-100 elementor-top-column elementor-element elementor-element-747bd04\" data-id=\"747bd04\" data-element_type=\"column\" data-e-type=\"column\">\n\t\t\t<div class=\"elementor-widget-wrap elementor-element-populated\">\n\t\t\t\t\t\t<div class=\"elementor-element elementor-element-dd41530 elementor-widget elementor-widget-text-editor\" data-id=\"dd41530\" data-element_type=\"widget\" data-e-type=\"widget\" data-widget_type=\"text-editor.default\">\n\t\t\t\t<div class=\"elementor-widget-container\">\n\t\t\t\t\t\t\t\t\t<h6>Additional Features<\/h6>\n<table style=\"width:100%\">\n\t<tbody>\n\t\t<tr>\n\t\t\t<td><strong>Control<\/strong><\/td>\n\t\t\t<td>Drive By Wire (DBW)<\/td>\n\t\t<\/tr>\n\t\t<tr>\n\t\t\t<td><strong>Trim &amp; tilt method<\/strong><\/td>\n\t\t\t<td>Power trim &amp; tilt<\/td>\n\t\t<\/tr>\n\t\t<tr>\n\t\t\t<td><strong>Lighting Coil \/ Alternator<\/strong><\/td>\n\t\t\t<td>12V &#8211; 50A with rectifier\/regulator<\/td>\n\t\t<\/tr>\n\t\t<tr>\n\t\t\t<td><strong>Tilt limitter<\/strong><\/td>\n\t\t\t<td>Optional<\/td>\n\t\t<\/tr>\n\t\t<tr>\n\t\t\t<td><strong>Engine immobiliser<\/strong><\/td>\n\t\t\t<td>YCOP Optional<\/td>\n\t\t<\/tr>\n\t\t<tr>\n\t\t\t<td><strong>Propeller<\/strong><\/td>\n\t\t\t<td>Optional<\/td>\n\t\t<\/tr>\n\t\t<tr>\n\t\t\t<td><strong>Counter Rotation Model<\/strong><\/td>\n\t\t\t<td>N\/A<\/td>\n\t\t<\/tr>\n\t\t<tr>\n\t\t\t<td><strong>Shallow Water Drive<\/strong><\/td>\n\t\t\t<td>Standard<\/td>\n\t\t<\/tr>\n\t\t<tr>\n\t\t\t<td><strong>Digital Network Gauge II (LCD Color)<\/strong><\/td>\n\t\t\t<td>Optional<\/td>\n\t\t<\/tr>\n\t\t<tr>\n\t\t\t<td><strong>Digital Network Gauge (Round\/Square)<\/strong><\/td>\n\t\t\t<td>Optional<\/td>\n\t\t<\/tr>\n\t\t<tr>\n\t\t\t<td><strong>Variable Trolling RPM<\/strong><\/td>\n\t\t\t<td>With DN Gauges<\/td>\n\t\t<\/tr>\n\t\t<tr>\n\t\t\t<td><strong>Dual Battery Charging System<\/strong><\/td>\n\t\t\t<td>Optional<\/td>\n\t\t<\/tr>\n\t\t<tr>\n\t\t\t<td><strong>Shift Dampener System (SDS)<\/strong><\/td>\n\t\t\t<td>Optional<\/td>\n\t\t<\/tr>\n\t<\/tbody>\n<\/table>\n\t\t\t\t\t\t\t\t<\/div>\n\t\t\t\t<\/div>\n\t\t\t\t\t<\/div>\n\t\t<\/div>\n\t\t\t\t\t<\/div>\n\t\t<\/section>\n\t\t\t\t<\/div>\n\t\t","protected":false},"excerpt":{"rendered":"<p><strong>Motor termic Yamaha F150GETX \/ F150XCA 150HP DBW Extra Long Shaft Outboard<\/strong><\/p>\n<p><strong>A whole new level of smoothness and performance<\/strong><\/p>\n<div class=\"flex-1 overflow-hidden\">\n<div class=\"react-scroll-to-bottom--css-pjmhr-79elbk h-full dark:bg-gray-800\">\n<div class=\"react-scroll-to-bottom--css-pjmhr-1n7m0yu\">\n<div class=\"flex flex-col text-sm dark:bg-gray-800\">\n<div class=\"group w-full text-token-text-primary border-b border-black\/10 dark:border-gray-900\/50 bg-gray-50 dark:bg-[#444654]\" data-testid=\"conversation-turn-439\">\n<div class=\"p-4 justify-center text-base md:gap-6 md:py-6 m-auto\">\n<div class=\"flex flex-1 gap-4 text-base mx-auto md:gap-6 md:max-w-2xl lg:max-w-[38rem] xl:max-w-3xl }\">\n<div class=\"relative flex w-[calc(100%-50px)] flex-col gap-1 md:gap-3 lg:w-[calc(100%-115px)]\">\n<div class=\"flex flex-grow flex-col gap-3 max-w-full\">\n<div class=\"min-h-[20px] flex flex-col items-start gap-3 overflow-x-auto whitespace-pre-wrap break-words\">\n<div class=\"markdown prose w-full break-words dark:prose-invert light\">\n<p>Legendara F150 p\u0103streaz\u0103 \u00een continuare acea \u00eenf\u0103\u021bi\u0219are elegant\u0103 \u0219i caracteristici excelente, dar acum v\u0103 ofer\u0103 schimb\u0103ri \u0219i performan\u021be \u0219i mai lini\u0219tite &#8211; datorit\u0103 celei mai recente tehnologii Drive-by-Wire a comenzilor electronice digitale de accelera\u021bie \u0219i schimbare a treptelor (F150G).<\/p>\n<p>Designul avansat DOHC (Double Overhead Camshaft) \u0219i sistemele speciale de admisie \u0219i evacuare optimizeaz\u0103 procesul de ardere &#8211; iar un design special al capotei motorului capteaz\u0103 \u0219i dreneaz\u0103 apa mai eficient.<\/p>\n<p>Multe alte caracteristici unice, precum controlul variabil al turatiei pentru pescuit, sistemul nostru Wide Range Power Trim &amp; Tilt &#8211; \u0219i sistemul op\u021bional de securitate remote Y-COP de la Yamaha, fac cea mai recent\u0103 versiune a acestui motor remarcabil o adev\u0103rat\u0103 pl\u0103cere de utilizat.<\/p>\n<\/div>\n<\/div>\n<\/div>\n<\/div>\n<\/div>\n<\/div>\n<\/div>\n<\/div>\n<\/div>\n<\/div>\n<\/div>\n","protected":false},"featured_media":17807,"comment_status":"open","ping_status":"closed","template":"","meta":{"_acf_changed":false,"inline_featured_image":false},"product_brand":[],"product_cat":[112,94],"product_tag":[],"class_list":{"0":"post-17805","1":"product","2":"type-product","3":"status-publish","4":"has-post-thumbnail","6":"product_cat-motoare-termice-ro","7":"product_cat-yamaha-outboard-ro","8":"tt-post","10":"first","11":"instock","12":"shipping-taxable","13":"purchasable","14":"product-type-simple"},"acf":[],"yoast_head":"<!-- This site is optimized with the Yoast SEO plugin v27.4 - https:\/\/yoast.com\/product\/yoast-seo-wordpress\/ -->\n<title>Motor Barca Yamaha F150XCA CL5 - BoatsExpert<\/title>\n<meta name=\"robots\" content=\"index, follow, max-snippet:-1, max-image-preview:large, max-video-preview:-1\" \/>\n<link rel=\"canonical\" href=\"https:\/\/boat-demo.axiomprotocol.org\/ro\/produs\/yamaha-f150getxf150xca-cl5\/\" \/>\n<meta property=\"og:locale\" content=\"ro_RO\" \/>\n<meta property=\"og:type\" content=\"article\" \/>\n<meta property=\"og:title\" content=\"Motor Barca Yamaha F150XCA CL5 - BoatsExpert\" \/>\n<meta property=\"og:description\" content=\"Motor termic Yamaha F150GETX \/ F150XCA 150HP DBW Extra Long Shaft Outboard  A whole new level of smoothness and performance             Legendara F150 p\u0103streaz\u0103 \u00een continuare acea \u00eenf\u0103\u021bi\u0219are elegant\u0103 \u0219i caracteristici excelente, dar acum v\u0103 ofer\u0103 schimb\u0103ri \u0219i performan\u021be \u0219i mai lini\u0219tite - datorit\u0103 celei mai recente tehnologii Drive-by-Wire a comenzilor electronice digitale de accelera\u021bie \u0219i schimbare a treptelor (F150G).  Designul avansat DOHC (Double Overhead Camshaft) \u0219i sistemele speciale de admisie \u0219i evacuare optimizeaz\u0103 procesul de ardere - iar un design special al capotei motorului capteaz\u0103 \u0219i dreneaz\u0103 apa mai eficient.  Multe alte caracteristici unice, precum controlul variabil al turatiei pentru pescuit, sistemul nostru Wide Range Power Trim &amp; Tilt - \u0219i sistemul op\u021bional de securitate remote Y-COP de la Yamaha, fac cea mai recent\u0103 versiune a acestui motor remarcabil o adev\u0103rat\u0103 pl\u0103cere de utilizat.\" \/>\n<meta property=\"og:url\" content=\"https:\/\/boat-demo.axiomprotocol.org\/ro\/produs\/yamaha-f150getxf150xca-cl5\/\" \/>\n<meta property=\"og:site_name\" content=\"BoatsExpert\" \/>\n<meta property=\"article:modified_time\" content=\"2023-09-12T11:24:15+00:00\" \/>\n<meta property=\"og:image\" content=\"https:\/\/boat-demo.axiomprotocol.org\/wp-content\/uploads\/2022\/12\/2-16.jpg\" \/>\n\t<meta property=\"og:image:width\" content=\"555\" \/>\n\t<meta property=\"og:image:height\" content=\"478\" \/>\n\t<meta property=\"og:image:type\" content=\"image\/jpeg\" \/>\n<meta name=\"twitter:card\" content=\"summary_large_image\" \/>\n<meta name=\"twitter:label1\" content=\"Timp estimat pentru citire\" \/>\n\t<meta name=\"twitter:data1\" content=\"1 minut\" \/>\n<script type=\"application\/ld+json\" class=\"yoast-schema-graph\">{\"@context\":\"https:\\\/\\\/schema.org\",\"@graph\":[{\"@type\":\"WebPage\",\"@id\":\"https:\\\/\\\/boat-demo.axiomprotocol.org\\\/ro\\\/produs\\\/yamaha-f150getxf150xca-cl5\\\/\",\"url\":\"https:\\\/\\\/boat-demo.axiomprotocol.org\\\/ro\\\/produs\\\/yamaha-f150getxf150xca-cl5\\\/\",\"name\":\"Motor Barca Yamaha F150XCA CL5 - BoatsExpert\",\"isPartOf\":{\"@id\":\"https:\\\/\\\/boat-demo.axiomprotocol.org\\\/ro\\\/#website\"},\"primaryImageOfPage\":{\"@id\":\"https:\\\/\\\/boat-demo.axiomprotocol.org\\\/ro\\\/produs\\\/yamaha-f150getxf150xca-cl5\\\/#primaryimage\"},\"image\":{\"@id\":\"https:\\\/\\\/boat-demo.axiomprotocol.org\\\/ro\\\/produs\\\/yamaha-f150getxf150xca-cl5\\\/#primaryimage\"},\"thumbnailUrl\":\"https:\\\/\\\/boat-demo.axiomprotocol.org\\\/wp-content\\\/uploads\\\/2022\\\/12\\\/2-16.jpg\",\"datePublished\":\"2022-12-26T13:45:52+00:00\",\"dateModified\":\"2023-09-12T11:24:15+00:00\",\"breadcrumb\":{\"@id\":\"https:\\\/\\\/boat-demo.axiomprotocol.org\\\/ro\\\/produs\\\/yamaha-f150getxf150xca-cl5\\\/#breadcrumb\"},\"inLanguage\":\"ro-RO\",\"potentialAction\":[{\"@type\":\"ReadAction\",\"target\":[\"https:\\\/\\\/boat-demo.axiomprotocol.org\\\/ro\\\/produs\\\/yamaha-f150getxf150xca-cl5\\\/\"]}]},{\"@type\":\"ImageObject\",\"inLanguage\":\"ro-RO\",\"@id\":\"https:\\\/\\\/boat-demo.axiomprotocol.org\\\/ro\\\/produs\\\/yamaha-f150getxf150xca-cl5\\\/#primaryimage\",\"url\":\"https:\\\/\\\/boat-demo.axiomprotocol.org\\\/wp-content\\\/uploads\\\/2022\\\/12\\\/2-16.jpg\",\"contentUrl\":\"https:\\\/\\\/boat-demo.axiomprotocol.org\\\/wp-content\\\/uploads\\\/2022\\\/12\\\/2-16.jpg\",\"width\":555,\"height\":478,\"caption\":\"Yamaha F150 XCA\"},{\"@type\":\"BreadcrumbList\",\"@id\":\"https:\\\/\\\/boat-demo.axiomprotocol.org\\\/ro\\\/produs\\\/yamaha-f150getxf150xca-cl5\\\/#breadcrumb\",\"itemListElement\":[{\"@type\":\"ListItem\",\"position\":1,\"name\":\"Home\",\"item\":\"https:\\\/\\\/boat-demo.axiomprotocol.org\\\/\"},{\"@type\":\"ListItem\",\"position\":2,\"name\":\"Shop Online &#8211; cel mai bun magazin pentru echipamente pentru b\u0103rci\",\"item\":\"https:\\\/\\\/boat-demo.axiomprotocol.org\\\/ro\\\/shop-ro\\\/\"},{\"@type\":\"ListItem\",\"position\":3,\"name\":\"Motor Barca Yamaha F150XCA CL5\"}]},{\"@type\":\"WebSite\",\"@id\":\"https:\\\/\\\/boat-demo.axiomprotocol.org\\\/ro\\\/#website\",\"url\":\"https:\\\/\\\/boat-demo.axiomprotocol.org\\\/ro\\\/\",\"name\":\"BoatsExpert\",\"description\":\"Boats, Service, Equipment\",\"publisher\":{\"@id\":\"https:\\\/\\\/boat-demo.axiomprotocol.org\\\/ro\\\/#organization\"},\"potentialAction\":[{\"@type\":\"SearchAction\",\"target\":{\"@type\":\"EntryPoint\",\"urlTemplate\":\"https:\\\/\\\/boat-demo.axiomprotocol.org\\\/ro\\\/?s={search_term_string}\"},\"query-input\":{\"@type\":\"PropertyValueSpecification\",\"valueRequired\":true,\"valueName\":\"search_term_string\"}}],\"inLanguage\":\"ro-RO\"},{\"@type\":\"Organization\",\"@id\":\"https:\\\/\\\/boat-demo.axiomprotocol.org\\\/ro\\\/#organization\",\"name\":\"BoatsExpert\",\"url\":\"https:\\\/\\\/boat-demo.axiomprotocol.org\\\/ro\\\/\",\"logo\":{\"@type\":\"ImageObject\",\"inLanguage\":\"ro-RO\",\"@id\":\"https:\\\/\\\/boat-demo.axiomprotocol.org\\\/ro\\\/#\\\/schema\\\/logo\\\/image\\\/\",\"url\":\"https:\\\/\\\/boat-demo.axiomprotocol.org\\\/wp-content\\\/uploads\\\/2023\\\/05\\\/white-logo60.svg\",\"contentUrl\":\"https:\\\/\\\/boat-demo.axiomprotocol.org\\\/wp-content\\\/uploads\\\/2023\\\/05\\\/white-logo60.svg\",\"width\":90,\"height\":60,\"caption\":\"BoatsExpert\"},\"image\":{\"@id\":\"https:\\\/\\\/boat-demo.axiomprotocol.org\\\/ro\\\/#\\\/schema\\\/logo\\\/image\\\/\"}}]}<\/script>\n<!-- \/ Yoast SEO plugin. -->","yoast_head_json":{"title":"Motor Barca Yamaha F150XCA CL5 - BoatsExpert","robots":{"index":"index","follow":"follow","max-snippet":"max-snippet:-1","max-image-preview":"max-image-preview:large","max-video-preview":"max-video-preview:-1"},"canonical":"https:\/\/boat-demo.axiomprotocol.org\/ro\/produs\/yamaha-f150getxf150xca-cl5\/","og_locale":"ro_RO","og_type":"article","og_title":"Motor Barca Yamaha F150XCA CL5 - BoatsExpert","og_description":"Motor termic Yamaha F150GETX \/ F150XCA 150HP DBW Extra Long Shaft Outboard  A whole new level of smoothness and performance             Legendara F150 p\u0103streaz\u0103 \u00een continuare acea \u00eenf\u0103\u021bi\u0219are elegant\u0103 \u0219i caracteristici excelente, dar acum v\u0103 ofer\u0103 schimb\u0103ri \u0219i performan\u021be \u0219i mai lini\u0219tite - datorit\u0103 celei mai recente tehnologii Drive-by-Wire a comenzilor electronice digitale de accelera\u021bie \u0219i schimbare a treptelor (F150G).  Designul avansat DOHC (Double Overhead Camshaft) \u0219i sistemele speciale de admisie \u0219i evacuare optimizeaz\u0103 procesul de ardere - iar un design special al capotei motorului capteaz\u0103 \u0219i dreneaz\u0103 apa mai eficient.  Multe alte caracteristici unice, precum controlul variabil al turatiei pentru pescuit, sistemul nostru Wide Range Power Trim &amp; Tilt - \u0219i sistemul op\u021bional de securitate remote Y-COP de la Yamaha, fac cea mai recent\u0103 versiune a acestui motor remarcabil o adev\u0103rat\u0103 pl\u0103cere de utilizat.","og_url":"https:\/\/boat-demo.axiomprotocol.org\/ro\/produs\/yamaha-f150getxf150xca-cl5\/","og_site_name":"BoatsExpert","article_modified_time":"2023-09-12T11:24:15+00:00","og_image":[{"width":555,"height":478,"url":"https:\/\/boat-demo.axiomprotocol.org\/wp-content\/uploads\/2022\/12\/2-16.jpg","type":"image\/jpeg"}],"twitter_card":"summary_large_image","twitter_misc":{"Timp estimat pentru citire":"1 minut"},"schema":{"@context":"https:\/\/schema.org","@graph":[{"@type":"WebPage","@id":"https:\/\/boat-demo.axiomprotocol.org\/ro\/produs\/yamaha-f150getxf150xca-cl5\/","url":"https:\/\/boat-demo.axiomprotocol.org\/ro\/produs\/yamaha-f150getxf150xca-cl5\/","name":"Motor Barca Yamaha F150XCA CL5 - BoatsExpert","isPartOf":{"@id":"https:\/\/boat-demo.axiomprotocol.org\/ro\/#website"},"primaryImageOfPage":{"@id":"https:\/\/boat-demo.axiomprotocol.org\/ro\/produs\/yamaha-f150getxf150xca-cl5\/#primaryimage"},"image":{"@id":"https:\/\/boat-demo.axiomprotocol.org\/ro\/produs\/yamaha-f150getxf150xca-cl5\/#primaryimage"},"thumbnailUrl":"https:\/\/boat-demo.axiomprotocol.org\/wp-content\/uploads\/2022\/12\/2-16.jpg","datePublished":"2022-12-26T13:45:52+00:00","dateModified":"2023-09-12T11:24:15+00:00","breadcrumb":{"@id":"https:\/\/boat-demo.axiomprotocol.org\/ro\/produs\/yamaha-f150getxf150xca-cl5\/#breadcrumb"},"inLanguage":"ro-RO","potentialAction":[{"@type":"ReadAction","target":["https:\/\/boat-demo.axiomprotocol.org\/ro\/produs\/yamaha-f150getxf150xca-cl5\/"]}]},{"@type":"ImageObject","inLanguage":"ro-RO","@id":"https:\/\/boat-demo.axiomprotocol.org\/ro\/produs\/yamaha-f150getxf150xca-cl5\/#primaryimage","url":"https:\/\/boat-demo.axiomprotocol.org\/wp-content\/uploads\/2022\/12\/2-16.jpg","contentUrl":"https:\/\/boat-demo.axiomprotocol.org\/wp-content\/uploads\/2022\/12\/2-16.jpg","width":555,"height":478,"caption":"Yamaha F150 XCA"},{"@type":"BreadcrumbList","@id":"https:\/\/boat-demo.axiomprotocol.org\/ro\/produs\/yamaha-f150getxf150xca-cl5\/#breadcrumb","itemListElement":[{"@type":"ListItem","position":1,"name":"Home","item":"https:\/\/boat-demo.axiomprotocol.org\/"},{"@type":"ListItem","position":2,"name":"Shop Online &#8211; cel mai bun magazin pentru echipamente pentru b\u0103rci","item":"https:\/\/boat-demo.axiomprotocol.org\/ro\/shop-ro\/"},{"@type":"ListItem","position":3,"name":"Motor Barca Yamaha F150XCA CL5"}]},{"@type":"WebSite","@id":"https:\/\/boat-demo.axiomprotocol.org\/ro\/#website","url":"https:\/\/boat-demo.axiomprotocol.org\/ro\/","name":"BoatsExpert","description":"Boats, Service, Equipment","publisher":{"@id":"https:\/\/boat-demo.axiomprotocol.org\/ro\/#organization"},"potentialAction":[{"@type":"SearchAction","target":{"@type":"EntryPoint","urlTemplate":"https:\/\/boat-demo.axiomprotocol.org\/ro\/?s={search_term_string}"},"query-input":{"@type":"PropertyValueSpecification","valueRequired":true,"valueName":"search_term_string"}}],"inLanguage":"ro-RO"},{"@type":"Organization","@id":"https:\/\/boat-demo.axiomprotocol.org\/ro\/#organization","name":"BoatsExpert","url":"https:\/\/boat-demo.axiomprotocol.org\/ro\/","logo":{"@type":"ImageObject","inLanguage":"ro-RO","@id":"https:\/\/boat-demo.axiomprotocol.org\/ro\/#\/schema\/logo\/image\/","url":"https:\/\/boat-demo.axiomprotocol.org\/wp-content\/uploads\/2023\/05\/white-logo60.svg","contentUrl":"https:\/\/boat-demo.axiomprotocol.org\/wp-content\/uploads\/2023\/05\/white-logo60.svg","width":90,"height":60,"caption":"BoatsExpert"},"image":{"@id":"https:\/\/boat-demo.axiomprotocol.org\/ro\/#\/schema\/logo\/image\/"}}]}},"_links":{"self":[{"href":"https:\/\/boat-demo.axiomprotocol.org\/ro\/wp-json\/wp\/v2\/product\/17805","targetHints":{"allow":["GET"]}}],"collection":[{"href":"https:\/\/boat-demo.axiomprotocol.org\/ro\/wp-json\/wp\/v2\/product"}],"about":[{"href":"https:\/\/boat-demo.axiomprotocol.org\/ro\/wp-json\/wp\/v2\/types\/product"}],"replies":[{"embeddable":true,"href":"https:\/\/boat-demo.axiomprotocol.org\/ro\/wp-json\/wp\/v2\/comments?post=17805"}],"version-history":[{"count":14,"href":"https:\/\/boat-demo.axiomprotocol.org\/ro\/wp-json\/wp\/v2\/product\/17805\/revisions"}],"predecessor-version":[{"id":25570,"href":"https:\/\/boat-demo.axiomprotocol.org\/ro\/wp-json\/wp\/v2\/product\/17805\/revisions\/25570"}],"wp:featuredmedia":[{"embeddable":true,"href":"https:\/\/boat-demo.axiomprotocol.org\/ro\/wp-json\/wp\/v2\/media\/17807"}],"wp:attachment":[{"href":"https:\/\/boat-demo.axiomprotocol.org\/ro\/wp-json\/wp\/v2\/media?parent=17805"}],"wp:term":[{"taxonomy":"product_brand","embeddable":true,"href":"https:\/\/boat-demo.axiomprotocol.org\/ro\/wp-json\/wp\/v2\/product_brand?post=17805"},{"taxonomy":"product_cat","embeddable":true,"href":"https:\/\/boat-demo.axiomprotocol.org\/ro\/wp-json\/wp\/v2\/product_cat?post=17805"},{"taxonomy":"product_tag","embeddable":true,"href":"https:\/\/boat-demo.axiomprotocol.org\/ro\/wp-json\/wp\/v2\/product_tag?post=17805"}],"curies":[{"name":"wp","href":"https:\/\/api.w.org\/{rel}","templated":true}]}}