{"id":14053,"date":"2022-08-29T15:23:19","date_gmt":"2022-08-29T12:23:19","guid":{"rendered":"https:\/\/boat-demo.axiomprotocol.org\/?post_type=product&#038;p=14053"},"modified":"2023-08-04T18:31:27","modified_gmt":"2023-08-04T15:31:27","slug":"yamaha-vf150la-cl5","status":"publish","type":"product","link":"https:\/\/boat-demo.axiomprotocol.org\/ro\/produs\/yamaha-vf150la-cl5\/","title":{"rendered":"Yamaha V MAX SHO 150hp (VF150LA CL5)"},"content":{"rendered":"\t\t<div data-elementor-type=\"wp-post\" data-elementor-id=\"14053\" class=\"elementor elementor-14053 elementor-14052\">\n\t\t\t\t\t\t<section class=\"elementor-section elementor-top-section elementor-element elementor-element-280cafd elementor-section-boxed elementor-section-height-default elementor-section-height-default\" data-id=\"280cafd\" data-element_type=\"section\" data-e-type=\"section\">\n\t\t\t\t\t\t<div class=\"elementor-container elementor-column-gap-default\">\n\t\t\t\t\t<div class=\"elementor-column elementor-col-100 elementor-top-column elementor-element elementor-element-c5739d1\" data-id=\"c5739d1\" data-element_type=\"column\" data-e-type=\"column\">\n\t\t\t<div class=\"elementor-widget-wrap elementor-element-populated\">\n\t\t\t\t\t\t<div class=\"elementor-element elementor-element-2225111 elementor-widget elementor-widget-text-editor\" data-id=\"2225111\" data-element_type=\"widget\" data-e-type=\"widget\" data-widget_type=\"text-editor.default\">\n\t\t\t\t<div class=\"elementor-widget-container\">\n\t\t\t\t\t\t\t\t\t<h6>Engine<\/h6><table width=\"100%\"><tbody><tr><td width=\"222\"><p><strong>Engine type<\/strong><\/p><\/td><td width=\"395\"><p>4-stroke<\/p><\/td><\/tr><tr><td width=\"222\"><p><strong>Displacement<\/strong><\/p><\/td><td width=\"395\"><p>2.785cc<\/p><\/td><\/tr><tr><td width=\"222\"><p><strong>No. of cylinders\/Configuration<\/strong><\/p><\/td><td width=\"395\"><p>4\/in-line, 16-valve, DOHC with VCT<\/p><\/td><\/tr><tr><td width=\"222\"><p><strong>Bore x stroke<\/strong><\/p><\/td><td width=\"395\"><p>96,0 x 96,2 mm<\/p><\/td><\/tr><tr><td width=\"222\"><p><strong>Prop shaft output at mid range<\/strong><\/p><\/td><td width=\"395\"><p>110.3kW \/ 150 HP<\/p><\/td><\/tr><tr><td width=\"222\"><p><strong>Full Throttle Operating Range<\/strong><\/p><\/td><td width=\"395\"><p>5000 &#8211; 6000 r\/min<\/p><\/td><\/tr><tr><td width=\"222\"><p><strong>Lubrication system<\/strong><\/p><\/td><td width=\"395\"><p>Wet sump<\/p><\/td><\/tr><tr><td width=\"222\"><p><strong>Fuel Induction System<\/strong><\/p><\/td><td width=\"395\"><p>EFI<\/p><\/td><\/tr><tr><td width=\"222\"><p><strong>Ignition \/ advance system<\/strong><\/p><\/td><td width=\"395\"><p>TCI<\/p><\/td><\/tr><tr><td width=\"222\"><p><strong>Starter system<\/strong><\/p><\/td><td width=\"395\"><p>Electric with Prime Start\u2122<\/p><\/td><\/tr><tr><td width=\"222\"><p><strong>Gear ratio<\/strong><\/p><\/td><td width=\"395\"><p>2.0 (28\/14)<\/p><\/td><\/tr><\/tbody><\/table><p>\u00a0<\/p>\t\t\t\t\t\t\t\t<\/div>\n\t\t\t\t<\/div>\n\t\t\t\t\t<\/div>\n\t\t<\/div>\n\t\t\t\t\t<\/div>\n\t\t<\/section>\n\t\t\t\t<section class=\"elementor-section elementor-top-section elementor-element elementor-element-347bb06 elementor-section-boxed elementor-section-height-default elementor-section-height-default\" data-id=\"347bb06\" data-element_type=\"section\" data-e-type=\"section\">\n\t\t\t\t\t\t<div class=\"elementor-container elementor-column-gap-default\">\n\t\t\t\t\t<div class=\"elementor-column elementor-col-100 elementor-top-column elementor-element elementor-element-40ea16e\" data-id=\"40ea16e\" data-element_type=\"column\" data-e-type=\"column\">\n\t\t\t<div class=\"elementor-widget-wrap elementor-element-populated\">\n\t\t\t\t\t\t<div class=\"elementor-element elementor-element-e3c6572 elementor-widget elementor-widget-text-editor\" data-id=\"e3c6572\" data-element_type=\"widget\" data-e-type=\"widget\" data-widget_type=\"text-editor.default\">\n\t\t\t\t<div class=\"elementor-widget-container\">\n\t\t\t\t\t\t\t\t\t<h6>Dimensions<\/h6><table width=\"100%\"><tbody><tr><td width=\"222\"><p><strong>Transom height<\/strong><\/p><\/td><td width=\"395\"><p>L: 516mm \/ X: 643 mm<\/p><\/td><\/tr><tr><td width=\"222\"><p><strong>Oil pan capacity<\/strong><\/p><\/td><td width=\"395\"><p>4.5L \/ 4.3L<\/p><\/td><\/tr><tr><td width=\"222\"><p><strong>Weight without propeller<\/strong><\/p><\/td><td width=\"395\"><p>223kg<\/p><\/td><\/tr><\/tbody><\/table><p>\u00a0<\/p>\t\t\t\t\t\t\t\t<\/div>\n\t\t\t\t<\/div>\n\t\t\t\t\t<\/div>\n\t\t<\/div>\n\t\t\t\t\t<\/div>\n\t\t<\/section>\n\t\t\t\t<section class=\"elementor-section elementor-top-section elementor-element elementor-element-2b055e2 elementor-section-boxed elementor-section-height-default elementor-section-height-default\" data-id=\"2b055e2\" data-element_type=\"section\" data-e-type=\"section\">\n\t\t\t\t\t\t<div class=\"elementor-container elementor-column-gap-default\">\n\t\t\t\t\t<div class=\"elementor-column elementor-col-100 elementor-top-column elementor-element elementor-element-747bd04\" data-id=\"747bd04\" data-element_type=\"column\" data-e-type=\"column\">\n\t\t\t<div class=\"elementor-widget-wrap elementor-element-populated\">\n\t\t\t\t\t\t<div class=\"elementor-element elementor-element-dd41530 elementor-widget elementor-widget-text-editor\" data-id=\"dd41530\" data-element_type=\"widget\" data-e-type=\"widget\" data-widget_type=\"text-editor.default\">\n\t\t\t\t<div class=\"elementor-widget-container\">\n\t\t\t\t\t\t\t\t\t<h6>Additional Features<\/h6><table width=\"100%\"><tbody><tr><td width=\"222\"><p><strong>Control<\/strong><\/p><\/td><td width=\"395\"><p>Remote Control<\/p><\/td><\/tr><tr><td width=\"222\"><p><strong>Trim &amp; Tilt method<\/strong><\/p><\/td><td width=\"395\"><p>Power Trim &amp; Tilt<\/p><\/td><\/tr><tr><td width=\"222\"><p><strong>Light coil \/ Alternator Output<\/strong><\/p><\/td><td width=\"395\"><p>12V &#8211; 50A w. rectifier \/ regulator<\/p><\/td><\/tr><tr><td width=\"222\"><p><strong>Engine immobilizer<\/strong><\/p><\/td><td width=\"395\"><p>YCOP optional<\/p><\/td><\/tr><tr><td width=\"222\"><p><strong>Propeller<\/strong><\/p><\/td><td width=\"395\"><p>Optional<\/p><\/td><\/tr><tr><td width=\"222\"><p><strong>Variable Trolling Speed<\/strong><\/p><\/td><td width=\"395\"><p>With DN Gauges or m-f tiller handle<\/p><\/td><\/tr><tr><td width=\"222\"><p><strong>Shallow Water Drive<\/strong><\/p><\/td><td width=\"395\"><p>Standard<\/p><\/td><\/tr><tr><td width=\"222\"><p><strong>Tilt limitter<\/strong><\/p><\/td><td width=\"395\"><p>Optional<\/p><\/td><\/tr><tr><td width=\"222\"><p><strong>Digital Network Gauge (6Y8\/6YC)<\/strong><\/p><\/td><td width=\"395\"><p>Standard<\/p><\/td><\/tr><tr><td width=\"222\"><p><strong>Shift Dampener System (SDS)<\/strong><\/p><\/td><td width=\"395\"><p>Optional<\/p><\/td><\/tr><\/tbody><\/table>\t\t\t\t\t\t\t\t<\/div>\n\t\t\t\t<\/div>\n\t\t\t\t\t<\/div>\n\t\t<\/div>\n\t\t\t\t\t<\/div>\n\t\t<\/section>\n\t\t\t\t<section class=\"elementor-section elementor-top-section elementor-element elementor-element-30022c0 elementor-section-boxed elementor-section-height-default elementor-section-height-default\" data-id=\"30022c0\" data-element_type=\"section\" data-e-type=\"section\">\n\t\t\t\t\t\t<div class=\"elementor-container elementor-column-gap-default\">\n\t\t\t\t\t<div class=\"elementor-column elementor-col-100 elementor-top-column elementor-element elementor-element-6e88388\" data-id=\"6e88388\" data-element_type=\"column\" data-e-type=\"column\">\n\t\t\t<div class=\"elementor-widget-wrap elementor-element-populated\">\n\t\t\t\t\t\t<div class=\"elementor-element elementor-element-4d08f42 elementor-widget elementor-widget-text-editor\" data-id=\"4d08f42\" data-element_type=\"widget\" data-e-type=\"widget\" data-widget_type=\"text-editor.default\">\n\t\t\t\t<div class=\"elementor-widget-container\">\n\t\t\t\t\t\t\t\t\t<h6>Full Specification Offer<\/h6>\t\t\t\t\t\t\t\t<\/div>\n\t\t\t\t<\/div>\n\t\t\t\t<div class=\"elementor-element elementor-element-65e07e8 elementor-widget elementor-widget-button\" data-id=\"65e07e8\" data-element_type=\"widget\" data-e-type=\"widget\" data-widget_type=\"button.default\">\n\t\t\t\t<div class=\"elementor-widget-container\">\n\t\t\t\t\t\t\t\t\t<div class=\"elementor-button-wrapper\">\n\t\t\t\t\t<a class=\"elementor-button elementor-button-link elementor-size-sm\" href=\"https:\/\/boat-demo.axiomprotocol.org\/wp-content\/uploads\/2022\/08\/2021-VF150LA_en-1.pdf\" target=\"_blank\">\n\t\t\t\t\t\t<span class=\"elementor-button-content-wrapper\">\n\t\t\t\t\t\t\t\t\t<span class=\"elementor-button-text\">Download Offer<\/span>\n\t\t\t\t\t<\/span>\n\t\t\t\t\t<\/a>\n\t\t\t\t<\/div>\n\t\t\t\t\t\t\t\t<\/div>\n\t\t\t\t<\/div>\n\t\t\t\t\t<\/div>\n\t\t<\/div>\n\t\t\t\t\t<\/div>\n\t\t<\/section>\n\t\t\t\t<\/div>\n\t\t","protected":false},"excerpt":{"rendered":"<p class=\"intro-cell__title\"><strong>Satisface\u021bi-v\u0103 pofta de putere.<br \/>\nMotor Termic Yamaha V MAX SHO 150cp (VF150LA CL5)<br \/>\n<\/strong><\/p>\n<p>Creat cu obiectivul de a se potrivi \u00een mod ideal cu genera\u021bia actual\u0103 de ambarca\u021biuni sport mai rapide \u0219i mai u\u0219oare, Yamaha V MAX SHO 150 este proiectat pentru a fi un motor silen\u021bios \u0219i compact, cu greutate redus\u0103 \u0219i puternic, un motor universal.<\/p>\n<p>Pentru performan\u021be puternice pe \u00eentreaga band\u0103 de putere, modelul \u00eencorporeaz\u0103 tehnologia Variable Camshaft Timing (VCT), care ajusteaz\u0103 la perfec\u021bie amestecul de combustibil \u0219i aer din cilindri. Pentru dumneavoastr\u0103, acest lucru \u00eenseamn\u0103 un cuplu constant, de pompare a inimii, de la zero p\u00e2n\u0103 la viteza maxim\u0103.<\/p>\n","protected":false},"featured_media":14036,"comment_status":"open","ping_status":"closed","template":"","meta":{"_acf_changed":false,"inline_featured_image":false},"product_brand":[],"product_cat":[112,94],"product_tag":[],"class_list":{"0":"post-14053","1":"product","2":"type-product","3":"status-publish","4":"has-post-thumbnail","6":"product_cat-motoare-termice-ro","7":"product_cat-yamaha-outboard-ro","8":"tt-post","10":"first","11":"instock","12":"shipping-taxable","13":"purchasable","14":"product-type-simple"},"acf":[],"yoast_head":"<!-- This site is optimized with the Yoast SEO plugin v27.4 - https:\/\/yoast.com\/product\/yoast-seo-wordpress\/ -->\n<title>Yamaha V MAX SHO 150hp (VF150LA CL5) - BoatsExpert<\/title>\n<meta name=\"description\" content=\"Oferim Instalare profesionala motoare Yamaha la Boats Expert | Livrare \u00een toat\u0103 Rom\u00e2nia | Centru autorizat de service in Bucuresti\" \/>\n<meta name=\"robots\" content=\"index, follow, max-snippet:-1, max-image-preview:large, max-video-preview:-1\" \/>\n<link rel=\"canonical\" href=\"https:\/\/boat-demo.axiomprotocol.org\/ro\/produs\/yamaha-vf150la-cl5\/\" \/>\n<meta property=\"og:locale\" content=\"ro_RO\" \/>\n<meta property=\"og:type\" content=\"article\" \/>\n<meta property=\"og:title\" content=\"Yamaha V MAX SHO 150hp (VF150LA CL5) - BoatsExpert\" \/>\n<meta property=\"og:description\" content=\"Oferim Instalare profesionala motoare Yamaha la Boats Expert | Livrare \u00een toat\u0103 Rom\u00e2nia | Centru autorizat de service in Bucuresti\" \/>\n<meta property=\"og:url\" content=\"https:\/\/boat-demo.axiomprotocol.org\/ro\/produs\/yamaha-vf150la-cl5\/\" \/>\n<meta property=\"og:site_name\" content=\"BoatsExpert\" \/>\n<meta property=\"article:modified_time\" content=\"2023-08-04T15:31:27+00:00\" \/>\n<meta property=\"og:image\" content=\"https:\/\/boat-demo.axiomprotocol.org\/wp-content\/uploads\/2022\/08\/1-27.jpg\" \/>\n\t<meta property=\"og:image:width\" content=\"555\" \/>\n\t<meta property=\"og:image:height\" content=\"478\" \/>\n\t<meta property=\"og:image:type\" content=\"image\/jpeg\" \/>\n<meta name=\"twitter:card\" content=\"summary_large_image\" \/>\n<meta name=\"twitter:label1\" content=\"Timp estimat pentru citire\" \/>\n\t<meta name=\"twitter:data1\" content=\"1 minut\" \/>\n<script type=\"application\/ld+json\" class=\"yoast-schema-graph\">{\"@context\":\"https:\\\/\\\/schema.org\",\"@graph\":[{\"@type\":\"WebPage\",\"@id\":\"https:\\\/\\\/boat-demo.axiomprotocol.org\\\/ro\\\/produs\\\/yamaha-vf150la-cl5\\\/\",\"url\":\"https:\\\/\\\/boat-demo.axiomprotocol.org\\\/ro\\\/produs\\\/yamaha-vf150la-cl5\\\/\",\"name\":\"Yamaha V MAX SHO 150hp (VF150LA CL5) - BoatsExpert\",\"isPartOf\":{\"@id\":\"https:\\\/\\\/boat-demo.axiomprotocol.org\\\/ro\\\/#website\"},\"primaryImageOfPage\":{\"@id\":\"https:\\\/\\\/boat-demo.axiomprotocol.org\\\/ro\\\/produs\\\/yamaha-vf150la-cl5\\\/#primaryimage\"},\"image\":{\"@id\":\"https:\\\/\\\/boat-demo.axiomprotocol.org\\\/ro\\\/produs\\\/yamaha-vf150la-cl5\\\/#primaryimage\"},\"thumbnailUrl\":\"https:\\\/\\\/boat-demo.axiomprotocol.org\\\/wp-content\\\/uploads\\\/2022\\\/08\\\/1-27.jpg\",\"datePublished\":\"2022-08-29T12:23:19+00:00\",\"dateModified\":\"2023-08-04T15:31:27+00:00\",\"description\":\"Oferim Instalare profesionala motoare Yamaha la Boats Expert | Livrare \u00een toat\u0103 Rom\u00e2nia | Centru autorizat de service in Bucuresti\",\"breadcrumb\":{\"@id\":\"https:\\\/\\\/boat-demo.axiomprotocol.org\\\/ro\\\/produs\\\/yamaha-vf150la-cl5\\\/#breadcrumb\"},\"inLanguage\":\"ro-RO\",\"potentialAction\":[{\"@type\":\"ReadAction\",\"target\":[\"https:\\\/\\\/boat-demo.axiomprotocol.org\\\/ro\\\/produs\\\/yamaha-vf150la-cl5\\\/\"]}]},{\"@type\":\"ImageObject\",\"inLanguage\":\"ro-RO\",\"@id\":\"https:\\\/\\\/boat-demo.axiomprotocol.org\\\/ro\\\/produs\\\/yamaha-vf150la-cl5\\\/#primaryimage\",\"url\":\"https:\\\/\\\/boat-demo.axiomprotocol.org\\\/wp-content\\\/uploads\\\/2022\\\/08\\\/1-27.jpg\",\"contentUrl\":\"https:\\\/\\\/boat-demo.axiomprotocol.org\\\/wp-content\\\/uploads\\\/2022\\\/08\\\/1-27.jpg\",\"width\":555,\"height\":478,\"caption\":\"yamaha v max 150\"},{\"@type\":\"BreadcrumbList\",\"@id\":\"https:\\\/\\\/boat-demo.axiomprotocol.org\\\/ro\\\/produs\\\/yamaha-vf150la-cl5\\\/#breadcrumb\",\"itemListElement\":[{\"@type\":\"ListItem\",\"position\":1,\"name\":\"Home\",\"item\":\"https:\\\/\\\/boat-demo.axiomprotocol.org\\\/\"},{\"@type\":\"ListItem\",\"position\":2,\"name\":\"Shop Online &#8211; cel mai bun magazin pentru echipamente pentru b\u0103rci\",\"item\":\"https:\\\/\\\/boat-demo.axiomprotocol.org\\\/ro\\\/shop-ro\\\/\"},{\"@type\":\"ListItem\",\"position\":3,\"name\":\"Yamaha V MAX SHO 150hp (VF150LA CL5)\"}]},{\"@type\":\"WebSite\",\"@id\":\"https:\\\/\\\/boat-demo.axiomprotocol.org\\\/ro\\\/#website\",\"url\":\"https:\\\/\\\/boat-demo.axiomprotocol.org\\\/ro\\\/\",\"name\":\"BoatsExpert\",\"description\":\"Boats, Service, Equipment\",\"publisher\":{\"@id\":\"https:\\\/\\\/boat-demo.axiomprotocol.org\\\/ro\\\/#organization\"},\"potentialAction\":[{\"@type\":\"SearchAction\",\"target\":{\"@type\":\"EntryPoint\",\"urlTemplate\":\"https:\\\/\\\/boat-demo.axiomprotocol.org\\\/ro\\\/?s={search_term_string}\"},\"query-input\":{\"@type\":\"PropertyValueSpecification\",\"valueRequired\":true,\"valueName\":\"search_term_string\"}}],\"inLanguage\":\"ro-RO\"},{\"@type\":\"Organization\",\"@id\":\"https:\\\/\\\/boat-demo.axiomprotocol.org\\\/ro\\\/#organization\",\"name\":\"BoatsExpert\",\"url\":\"https:\\\/\\\/boat-demo.axiomprotocol.org\\\/ro\\\/\",\"logo\":{\"@type\":\"ImageObject\",\"inLanguage\":\"ro-RO\",\"@id\":\"https:\\\/\\\/boat-demo.axiomprotocol.org\\\/ro\\\/#\\\/schema\\\/logo\\\/image\\\/\",\"url\":\"https:\\\/\\\/boat-demo.axiomprotocol.org\\\/wp-content\\\/uploads\\\/2023\\\/05\\\/white-logo60.svg\",\"contentUrl\":\"https:\\\/\\\/boat-demo.axiomprotocol.org\\\/wp-content\\\/uploads\\\/2023\\\/05\\\/white-logo60.svg\",\"width\":90,\"height\":60,\"caption\":\"BoatsExpert\"},\"image\":{\"@id\":\"https:\\\/\\\/boat-demo.axiomprotocol.org\\\/ro\\\/#\\\/schema\\\/logo\\\/image\\\/\"}}]}<\/script>\n<!-- \/ Yoast SEO plugin. -->","yoast_head_json":{"title":"Yamaha V MAX SHO 150hp (VF150LA CL5) - BoatsExpert","description":"Oferim Instalare profesionala motoare Yamaha la Boats Expert | Livrare \u00een toat\u0103 Rom\u00e2nia | Centru autorizat de service in Bucuresti","robots":{"index":"index","follow":"follow","max-snippet":"max-snippet:-1","max-image-preview":"max-image-preview:large","max-video-preview":"max-video-preview:-1"},"canonical":"https:\/\/boat-demo.axiomprotocol.org\/ro\/produs\/yamaha-vf150la-cl5\/","og_locale":"ro_RO","og_type":"article","og_title":"Yamaha V MAX SHO 150hp (VF150LA CL5) - BoatsExpert","og_description":"Oferim Instalare profesionala motoare Yamaha la Boats Expert | Livrare \u00een toat\u0103 Rom\u00e2nia | Centru autorizat de service in Bucuresti","og_url":"https:\/\/boat-demo.axiomprotocol.org\/ro\/produs\/yamaha-vf150la-cl5\/","og_site_name":"BoatsExpert","article_modified_time":"2023-08-04T15:31:27+00:00","og_image":[{"width":555,"height":478,"url":"https:\/\/boat-demo.axiomprotocol.org\/wp-content\/uploads\/2022\/08\/1-27.jpg","type":"image\/jpeg"}],"twitter_card":"summary_large_image","twitter_misc":{"Timp estimat pentru citire":"1 minut"},"schema":{"@context":"https:\/\/schema.org","@graph":[{"@type":"WebPage","@id":"https:\/\/boat-demo.axiomprotocol.org\/ro\/produs\/yamaha-vf150la-cl5\/","url":"https:\/\/boat-demo.axiomprotocol.org\/ro\/produs\/yamaha-vf150la-cl5\/","name":"Yamaha V MAX SHO 150hp (VF150LA CL5) - BoatsExpert","isPartOf":{"@id":"https:\/\/boat-demo.axiomprotocol.org\/ro\/#website"},"primaryImageOfPage":{"@id":"https:\/\/boat-demo.axiomprotocol.org\/ro\/produs\/yamaha-vf150la-cl5\/#primaryimage"},"image":{"@id":"https:\/\/boat-demo.axiomprotocol.org\/ro\/produs\/yamaha-vf150la-cl5\/#primaryimage"},"thumbnailUrl":"https:\/\/boat-demo.axiomprotocol.org\/wp-content\/uploads\/2022\/08\/1-27.jpg","datePublished":"2022-08-29T12:23:19+00:00","dateModified":"2023-08-04T15:31:27+00:00","description":"Oferim Instalare profesionala motoare Yamaha la Boats Expert | Livrare \u00een toat\u0103 Rom\u00e2nia | Centru autorizat de service in Bucuresti","breadcrumb":{"@id":"https:\/\/boat-demo.axiomprotocol.org\/ro\/produs\/yamaha-vf150la-cl5\/#breadcrumb"},"inLanguage":"ro-RO","potentialAction":[{"@type":"ReadAction","target":["https:\/\/boat-demo.axiomprotocol.org\/ro\/produs\/yamaha-vf150la-cl5\/"]}]},{"@type":"ImageObject","inLanguage":"ro-RO","@id":"https:\/\/boat-demo.axiomprotocol.org\/ro\/produs\/yamaha-vf150la-cl5\/#primaryimage","url":"https:\/\/boat-demo.axiomprotocol.org\/wp-content\/uploads\/2022\/08\/1-27.jpg","contentUrl":"https:\/\/boat-demo.axiomprotocol.org\/wp-content\/uploads\/2022\/08\/1-27.jpg","width":555,"height":478,"caption":"yamaha v max 150"},{"@type":"BreadcrumbList","@id":"https:\/\/boat-demo.axiomprotocol.org\/ro\/produs\/yamaha-vf150la-cl5\/#breadcrumb","itemListElement":[{"@type":"ListItem","position":1,"name":"Home","item":"https:\/\/boat-demo.axiomprotocol.org\/"},{"@type":"ListItem","position":2,"name":"Shop Online &#8211; cel mai bun magazin pentru echipamente pentru b\u0103rci","item":"https:\/\/boat-demo.axiomprotocol.org\/ro\/shop-ro\/"},{"@type":"ListItem","position":3,"name":"Yamaha V MAX SHO 150hp (VF150LA CL5)"}]},{"@type":"WebSite","@id":"https:\/\/boat-demo.axiomprotocol.org\/ro\/#website","url":"https:\/\/boat-demo.axiomprotocol.org\/ro\/","name":"BoatsExpert","description":"Boats, Service, Equipment","publisher":{"@id":"https:\/\/boat-demo.axiomprotocol.org\/ro\/#organization"},"potentialAction":[{"@type":"SearchAction","target":{"@type":"EntryPoint","urlTemplate":"https:\/\/boat-demo.axiomprotocol.org\/ro\/?s={search_term_string}"},"query-input":{"@type":"PropertyValueSpecification","valueRequired":true,"valueName":"search_term_string"}}],"inLanguage":"ro-RO"},{"@type":"Organization","@id":"https:\/\/boat-demo.axiomprotocol.org\/ro\/#organization","name":"BoatsExpert","url":"https:\/\/boat-demo.axiomprotocol.org\/ro\/","logo":{"@type":"ImageObject","inLanguage":"ro-RO","@id":"https:\/\/boat-demo.axiomprotocol.org\/ro\/#\/schema\/logo\/image\/","url":"https:\/\/boat-demo.axiomprotocol.org\/wp-content\/uploads\/2023\/05\/white-logo60.svg","contentUrl":"https:\/\/boat-demo.axiomprotocol.org\/wp-content\/uploads\/2023\/05\/white-logo60.svg","width":90,"height":60,"caption":"BoatsExpert"},"image":{"@id":"https:\/\/boat-demo.axiomprotocol.org\/ro\/#\/schema\/logo\/image\/"}}]}},"_links":{"self":[{"href":"https:\/\/boat-demo.axiomprotocol.org\/ro\/wp-json\/wp\/v2\/product\/14053","targetHints":{"allow":["GET"]}}],"collection":[{"href":"https:\/\/boat-demo.axiomprotocol.org\/ro\/wp-json\/wp\/v2\/product"}],"about":[{"href":"https:\/\/boat-demo.axiomprotocol.org\/ro\/wp-json\/wp\/v2\/types\/product"}],"replies":[{"embeddable":true,"href":"https:\/\/boat-demo.axiomprotocol.org\/ro\/wp-json\/wp\/v2\/comments?post=14053"}],"version-history":[{"count":8,"href":"https:\/\/boat-demo.axiomprotocol.org\/ro\/wp-json\/wp\/v2\/product\/14053\/revisions"}],"predecessor-version":[{"id":24644,"href":"https:\/\/boat-demo.axiomprotocol.org\/ro\/wp-json\/wp\/v2\/product\/14053\/revisions\/24644"}],"wp:featuredmedia":[{"embeddable":true,"href":"https:\/\/boat-demo.axiomprotocol.org\/ro\/wp-json\/wp\/v2\/media\/14036"}],"wp:attachment":[{"href":"https:\/\/boat-demo.axiomprotocol.org\/ro\/wp-json\/wp\/v2\/media?parent=14053"}],"wp:term":[{"taxonomy":"product_brand","embeddable":true,"href":"https:\/\/boat-demo.axiomprotocol.org\/ro\/wp-json\/wp\/v2\/product_brand?post=14053"},{"taxonomy":"product_cat","embeddable":true,"href":"https:\/\/boat-demo.axiomprotocol.org\/ro\/wp-json\/wp\/v2\/product_cat?post=14053"},{"taxonomy":"product_tag","embeddable":true,"href":"https:\/\/boat-demo.axiomprotocol.org\/ro\/wp-json\/wp\/v2\/product_tag?post=14053"}],"curies":[{"name":"wp","href":"https:\/\/api.w.org\/{rel}","templated":true}]}}