{"id":13174,"date":"2022-08-18T11:30:11","date_gmt":"2022-08-18T08:30:11","guid":{"rendered":"https:\/\/boat-demo.axiomprotocol.org\/?post_type=product&#038;p=13174"},"modified":"2023-09-12T14:34:02","modified_gmt":"2023-09-12T11:34:02","slug":"yamaha-f25gel","status":"publish","type":"product","link":"https:\/\/boat-demo.axiomprotocol.org\/ro\/produs\/yamaha-f25gel\/","title":{"rendered":"Motor barca Yamaha F25GEL LAN A"},"content":{"rendered":"\t\t<div data-elementor-type=\"wp-post\" data-elementor-id=\"13174\" class=\"elementor elementor-13174 elementor-13173\">\n\t\t\t\t\t\t<section class=\"elementor-section elementor-top-section elementor-element elementor-element-280cafd elementor-section-boxed elementor-section-height-default elementor-section-height-default\" data-id=\"280cafd\" data-element_type=\"section\" data-e-type=\"section\">\n\t\t\t\t\t\t<div class=\"elementor-container elementor-column-gap-default\">\n\t\t\t\t\t<div class=\"elementor-column elementor-col-100 elementor-top-column elementor-element elementor-element-c5739d1\" data-id=\"c5739d1\" data-element_type=\"column\" data-e-type=\"column\">\n\t\t\t<div class=\"elementor-widget-wrap elementor-element-populated\">\n\t\t\t\t\t\t<div class=\"elementor-element elementor-element-2225111 elementor-widget elementor-widget-text-editor\" data-id=\"2225111\" data-element_type=\"widget\" data-e-type=\"widget\" data-widget_type=\"text-editor.default\">\n\t\t\t\t<div class=\"elementor-widget-container\">\n\t\t\t\t\t\t\t\t\t<h6>Engine<\/h6><table width=\"100%\"><tbody><tr><td width=\"222\"><p><strong>Engine type<\/strong><\/p><\/td><td width=\"395\"><p>4-stroke<\/p><\/td><\/tr><tr><td width=\"222\"><p><strong>Displacement<\/strong><\/p><\/td><td width=\"395\"><p>432 cm\u00b3<\/p><\/td><\/tr><tr><td width=\"222\"><p><strong>No. of cylinders\/Configuration<\/strong><\/p><\/td><td width=\"395\"><p>2\/In-line, SOHC<\/p><\/td><\/tr><tr><td width=\"222\"><p><strong>Bore x stroke<\/strong><\/p><\/td><td width=\"395\"><p>65.0 mm x 65.1 mm<\/p><\/td><\/tr><tr><td width=\"222\"><p><strong>Prop shaft output at mid range<\/strong><\/p><\/td><td width=\"395\"><p>18.4 \/ 6,000 rpm<\/p><\/td><\/tr><tr><td width=\"222\"><p><strong>Full Throttle Operating Range<\/strong><\/p><\/td><td width=\"395\"><p>5,000 &#8211; 6,000 rpm<\/p><\/td><\/tr><tr><td width=\"222\"><p><strong>Lubrication system<\/strong><\/p><\/td><td width=\"395\"><p>Wet sump<\/p><\/td><\/tr><tr><td width=\"222\"><p><strong>Fuel Induction System<\/strong><\/p><\/td><td width=\"395\"><p>EFI<\/p><\/td><\/tr><tr><td width=\"222\"><p><strong>Ignition \/ advance system<\/strong><\/p><\/td><td width=\"395\"><p>CDI<\/p><\/td><\/tr><tr><td width=\"222\"><p><strong>Starter system<\/strong><\/p><\/td><td width=\"395\"><p>Electric with Prime Start\u2122<\/p><\/td><\/tr><tr><td width=\"222\"><p><strong>Gear ratio<\/strong><\/p><\/td><td width=\"395\"><p>2.08 (27:13)<\/p><\/td><\/tr><\/tbody><\/table>\t\t\t\t\t\t\t\t<\/div>\n\t\t\t\t<\/div>\n\t\t\t\t\t<\/div>\n\t\t<\/div>\n\t\t\t\t\t<\/div>\n\t\t<\/section>\n\t\t\t\t<section class=\"elementor-section elementor-top-section elementor-element elementor-element-347bb06 elementor-section-boxed elementor-section-height-default elementor-section-height-default\" data-id=\"347bb06\" data-element_type=\"section\" data-e-type=\"section\">\n\t\t\t\t\t\t<div class=\"elementor-container elementor-column-gap-default\">\n\t\t\t\t\t<div class=\"elementor-column elementor-col-100 elementor-top-column elementor-element elementor-element-40ea16e\" data-id=\"40ea16e\" data-element_type=\"column\" data-e-type=\"column\">\n\t\t\t<div class=\"elementor-widget-wrap elementor-element-populated\">\n\t\t\t\t\t\t<div class=\"elementor-element elementor-element-e3c6572 elementor-widget elementor-widget-text-editor\" data-id=\"e3c6572\" data-element_type=\"widget\" data-e-type=\"widget\" data-widget_type=\"text-editor.default\">\n\t\t\t\t<div class=\"elementor-widget-container\">\n\t\t\t\t\t\t\t\t\t<h6>Dimensions<\/h6><table width=\"100%\"><tbody><tr><td width=\"222\"><p><strong>Transom height<\/strong><\/p><\/td><td width=\"395\"><p>S:424mm L:551mm<\/p><\/td><\/tr><tr><td width=\"222\"><p><strong>Fuel tank capacity<\/strong><\/p><\/td><td width=\"395\"><p>separate, 25litres<\/p><\/td><\/tr><tr><td width=\"222\"><p><strong>Oil pan capacity<\/strong><\/p><\/td><td width=\"395\"><p>1.1litres<\/p><\/td><\/tr><tr><td width=\"222\"><p><strong>Weight without propeller<\/strong><\/p><\/td><td width=\"395\"><p>58.0 kg<\/p><\/td><\/tr><\/tbody><\/table>\t\t\t\t\t\t\t\t<\/div>\n\t\t\t\t<\/div>\n\t\t\t\t\t<\/div>\n\t\t<\/div>\n\t\t\t\t\t<\/div>\n\t\t<\/section>\n\t\t\t\t<section class=\"elementor-section elementor-top-section elementor-element elementor-element-2b055e2 elementor-section-boxed elementor-section-height-default elementor-section-height-default\" data-id=\"2b055e2\" data-element_type=\"section\" data-e-type=\"section\">\n\t\t\t\t\t\t<div class=\"elementor-container elementor-column-gap-default\">\n\t\t\t\t\t<div class=\"elementor-column elementor-col-100 elementor-top-column elementor-element elementor-element-747bd04\" data-id=\"747bd04\" data-element_type=\"column\" data-e-type=\"column\">\n\t\t\t<div class=\"elementor-widget-wrap elementor-element-populated\">\n\t\t\t\t\t\t<div class=\"elementor-element elementor-element-dd41530 elementor-widget elementor-widget-text-editor\" data-id=\"dd41530\" data-element_type=\"widget\" data-e-type=\"widget\" data-widget_type=\"text-editor.default\">\n\t\t\t\t<div class=\"elementor-widget-container\">\n\t\t\t\t\t\t\t\t\t<h6>Additional Features<\/h6><table width=\"100%\"><tbody><tr><td width=\"222\"><p><strong>Control<\/strong><\/p><\/td><td width=\"395\"><p>Remote control<\/p><\/td><\/tr><tr><td width=\"222\"><p><strong>Trim &amp; Tilt method<\/strong><\/p><\/td><td width=\"395\"><p>Manual Tilt (E + WH)<\/p><\/td><\/tr><tr><td width=\"222\"><p><strong>Light coil \/ Alternator Output<\/strong><\/p><\/td><td width=\"395\"><p>12V -16A<\/p><\/td><\/tr><tr><td width=\"222\"><p><strong>Engine immobilizer<\/strong><\/p><\/td><td width=\"395\"><p>YCOP optional<\/p><\/td><\/tr><tr><td width=\"222\"><p><strong>Propeller<\/strong><\/p><\/td><td width=\"395\"><p>Optional<\/p><\/td><\/tr><tr><td width=\"222\"><p><strong>Variable Trolling Speed<\/strong><\/p><\/td><td width=\"395\"><p>With DN Gauges or m-f tiller handle<\/p><\/td><\/tr><tr><td width=\"222\"><p><strong>Steering<\/strong><\/p><\/td><td width=\"395\"><p>Tiller handle, Remote Control<\/p><\/td><\/tr><tr><td width=\"222\"><p><strong>Remark<\/strong><\/p><\/td><td width=\"395\"><p>The kW data in this sheet is based on the ICOMIA 28 standard, measured at the prop shaft<\/p><\/td><\/tr><\/tbody><\/table>\t\t\t\t\t\t\t\t<\/div>\n\t\t\t\t<\/div>\n\t\t\t\t\t<\/div>\n\t\t<\/div>\n\t\t\t\t\t<\/div>\n\t\t<\/section>\n\t\t\t\t<section class=\"elementor-section elementor-top-section elementor-element elementor-element-30022c0 elementor-section-boxed elementor-section-height-default elementor-section-height-default\" data-id=\"30022c0\" data-element_type=\"section\" data-e-type=\"section\">\n\t\t\t\t\t\t<div class=\"elementor-container elementor-column-gap-default\">\n\t\t\t\t\t<div class=\"elementor-column elementor-col-100 elementor-top-column elementor-element elementor-element-6e88388\" data-id=\"6e88388\" data-element_type=\"column\" data-e-type=\"column\">\n\t\t\t<div class=\"elementor-widget-wrap elementor-element-populated\">\n\t\t\t\t\t\t<div class=\"elementor-element elementor-element-4d08f42 elementor-widget elementor-widget-text-editor\" data-id=\"4d08f42\" data-element_type=\"widget\" data-e-type=\"widget\" data-widget_type=\"text-editor.default\">\n\t\t\t\t<div class=\"elementor-widget-container\">\n\t\t\t\t\t\t\t\t\t<h6>Full Specification Offer<\/h6>\t\t\t\t\t\t\t\t<\/div>\n\t\t\t\t<\/div>\n\t\t\t\t<div class=\"elementor-element elementor-element-65e07e8 elementor-widget elementor-widget-button\" data-id=\"65e07e8\" data-element_type=\"widget\" data-e-type=\"widget\" data-widget_type=\"button.default\">\n\t\t\t\t<div class=\"elementor-widget-container\">\n\t\t\t\t\t\t\t\t\t<div class=\"elementor-button-wrapper\">\n\t\t\t\t\t<a class=\"elementor-button elementor-button-link elementor-size-sm\" href=\"https:\/\/boat-demo.axiomprotocol.org\/wp-content\/uploads\/2022\/08\/2017-F25_en.pdf\" target=\"_blank\">\n\t\t\t\t\t\t<span class=\"elementor-button-content-wrapper\">\n\t\t\t\t\t\t\t\t\t<span class=\"elementor-button-text\">Download Offer<\/span>\n\t\t\t\t\t<\/span>\n\t\t\t\t\t<\/a>\n\t\t\t\t<\/div>\n\t\t\t\t\t\t\t\t<\/div>\n\t\t\t\t<\/div>\n\t\t\t\t\t<\/div>\n\t\t<\/div>\n\t\t\t\t\t<\/div>\n\t\t<\/section>\n\t\t\t\t<\/div>\n\t\t","protected":false},"excerpt":{"rendered":"<p class=\"intro-cell__title\"><strong>\u00a0<\/strong><\/p>\n<p class=\"intro-cell__title\"><strong>Meet our new portable. Even lighter. Even tougher.<\/strong><\/p>\n<p>Cump\u0103ra\u021bi motorul de barc\u0103 cu patru timpi Yamaha F25GEL de la noi din magazin, iar speciali\u0219tii no\u0219tri v\u0103 vor consulta \u0219i v\u0103 vor ajuta s\u0103 alege\u021bi configurarea compatibil\u0103 a motorului cu barca sau iahtul dvs. Avem o gam\u0103 mare de accesorii originale \u0219i piese de schimb disponibile sau disponibile la comand\u0103. \u00cen centrul nostru de service certificat, mecanicii vor instala motorul de barc\u0103 Yamaha F25GEL, toate comenzile \u0219i orice alt echipament suplimentar (sonar, plotter de h\u0103r\u021bi, sistem audio, ancor\u0103 electric\u0103, iluminare suplimentar\u0103, motor electric, printre altele), dup\u0103 care vor efectua teste de service sau pe ap\u0103&#8230; Garantia de la Yamaha Romania este de 2 ani, plus 1 an de la Boats Expert dac\u0103 se efectueaz\u0103 toate lucr\u0103rile de \u00eentre\u021binere regulate \u00een centrul nostru de service.&#8221;<\/p>\n<p>Cu ajustarea fric\u021biunii de direc\u021bie cu o singur\u0103 manet\u0103, noul suport pentru motor cu o raz\u0103 larg\u0103, alternator de \u00eenalt\u0103 putere \u0219i op\u021biuni precum Vitez\u0103 variabil\u0103 de trolling, Securitate Y-COP \u0219i Inclina\u021bie \u0219i Inclinare cu Larg\u0103 Plaj\u0103 de Putere, F25 este alegerea natural\u0103.<\/p>\n","protected":false},"featured_media":13128,"comment_status":"open","ping_status":"closed","template":"","meta":{"_acf_changed":false,"inline_featured_image":false},"product_brand":[],"product_cat":[112,94],"product_tag":[],"class_list":{"0":"post-13174","1":"product","2":"type-product","3":"status-publish","4":"has-post-thumbnail","6":"product_cat-motoare-termice-ro","7":"product_cat-yamaha-outboard-ro","8":"tt-post","10":"first","11":"instock","12":"shipping-taxable","13":"purchasable","14":"product-type-simple"},"acf":[],"yoast_head":"<!-- This site is optimized with the Yoast SEO plugin v27.4 - https:\/\/yoast.com\/product\/yoast-seo-wordpress\/ -->\n<title>Motor barca Yamaha F25GEL LAN A - BoatsExpert<\/title>\n<meta name=\"robots\" content=\"index, follow, max-snippet:-1, max-image-preview:large, max-video-preview:-1\" \/>\n<link rel=\"canonical\" href=\"https:\/\/boat-demo.axiomprotocol.org\/ro\/produs\/yamaha-f25gel\/\" \/>\n<meta property=\"og:locale\" content=\"ro_RO\" \/>\n<meta property=\"og:type\" content=\"article\" \/>\n<meta property=\"og:title\" content=\"Motor barca Yamaha F25GEL LAN A - BoatsExpert\" \/>\n<meta property=\"og:description\" content=\"\u00a0 Meet our new portable. Even lighter. Even tougher. Cump\u0103ra\u021bi motorul de barc\u0103 cu patru timpi Yamaha F25GEL de la noi din magazin, iar speciali\u0219tii no\u0219tri v\u0103 vor consulta \u0219i v\u0103 vor ajuta s\u0103 alege\u021bi configurarea compatibil\u0103 a motorului cu barca sau iahtul dvs. Avem o gam\u0103 mare de accesorii originale \u0219i piese de schimb disponibile sau disponibile la comand\u0103. \u00cen centrul nostru de service certificat, mecanicii vor instala motorul de barc\u0103 Yamaha F25GEL, toate comenzile \u0219i orice alt echipament suplimentar (sonar, plotter de h\u0103r\u021bi, sistem audio, ancor\u0103 electric\u0103, iluminare suplimentar\u0103, motor electric, printre altele), dup\u0103 care vor efectua teste de service sau pe ap\u0103... Garantia de la Yamaha Romania este de 2 ani, plus 1 an de la Boats Expert dac\u0103 se efectueaz\u0103 toate lucr\u0103rile de \u00eentre\u021binere regulate \u00een centrul nostru de service.&quot;  Cu ajustarea fric\u021biunii de direc\u021bie cu o singur\u0103 manet\u0103, noul suport pentru motor cu o raz\u0103 larg\u0103, alternator de \u00eenalt\u0103 putere \u0219i op\u021biuni precum Vitez\u0103 variabil\u0103 de trolling, Securitate Y-COP \u0219i Inclina\u021bie \u0219i Inclinare cu Larg\u0103 Plaj\u0103 de Putere, F25 este alegerea natural\u0103.\" \/>\n<meta property=\"og:url\" content=\"https:\/\/boat-demo.axiomprotocol.org\/ro\/produs\/yamaha-f25gel\/\" \/>\n<meta property=\"og:site_name\" content=\"BoatsExpert\" \/>\n<meta property=\"article:modified_time\" content=\"2023-09-12T11:34:02+00:00\" \/>\n<meta property=\"og:image\" content=\"https:\/\/boat-demo.axiomprotocol.org\/wp-content\/uploads\/2022\/08\/2-4.jpg\" \/>\n\t<meta property=\"og:image:width\" content=\"555\" \/>\n\t<meta property=\"og:image:height\" content=\"478\" \/>\n\t<meta property=\"og:image:type\" content=\"image\/jpeg\" \/>\n<meta name=\"twitter:card\" content=\"summary_large_image\" \/>\n<meta name=\"twitter:label1\" content=\"Timp estimat pentru citire\" \/>\n\t<meta name=\"twitter:data1\" content=\"1 minut\" \/>\n<script type=\"application\/ld+json\" class=\"yoast-schema-graph\">{\"@context\":\"https:\\\/\\\/schema.org\",\"@graph\":[{\"@type\":\"WebPage\",\"@id\":\"https:\\\/\\\/boat-demo.axiomprotocol.org\\\/ro\\\/produs\\\/yamaha-f25gel\\\/\",\"url\":\"https:\\\/\\\/boat-demo.axiomprotocol.org\\\/ro\\\/produs\\\/yamaha-f25gel\\\/\",\"name\":\"Motor barca Yamaha F25GEL LAN A - BoatsExpert\",\"isPartOf\":{\"@id\":\"https:\\\/\\\/boat-demo.axiomprotocol.org\\\/ro\\\/#website\"},\"primaryImageOfPage\":{\"@id\":\"https:\\\/\\\/boat-demo.axiomprotocol.org\\\/ro\\\/produs\\\/yamaha-f25gel\\\/#primaryimage\"},\"image\":{\"@id\":\"https:\\\/\\\/boat-demo.axiomprotocol.org\\\/ro\\\/produs\\\/yamaha-f25gel\\\/#primaryimage\"},\"thumbnailUrl\":\"https:\\\/\\\/boat-demo.axiomprotocol.org\\\/wp-content\\\/uploads\\\/2022\\\/08\\\/2-4.jpg\",\"datePublished\":\"2022-08-18T08:30:11+00:00\",\"dateModified\":\"2023-09-12T11:34:02+00:00\",\"breadcrumb\":{\"@id\":\"https:\\\/\\\/boat-demo.axiomprotocol.org\\\/ro\\\/produs\\\/yamaha-f25gel\\\/#breadcrumb\"},\"inLanguage\":\"ro-RO\",\"potentialAction\":[{\"@type\":\"ReadAction\",\"target\":[\"https:\\\/\\\/boat-demo.axiomprotocol.org\\\/ro\\\/produs\\\/yamaha-f25gel\\\/\"]}]},{\"@type\":\"ImageObject\",\"inLanguage\":\"ro-RO\",\"@id\":\"https:\\\/\\\/boat-demo.axiomprotocol.org\\\/ro\\\/produs\\\/yamaha-f25gel\\\/#primaryimage\",\"url\":\"https:\\\/\\\/boat-demo.axiomprotocol.org\\\/wp-content\\\/uploads\\\/2022\\\/08\\\/2-4.jpg\",\"contentUrl\":\"https:\\\/\\\/boat-demo.axiomprotocol.org\\\/wp-content\\\/uploads\\\/2022\\\/08\\\/2-4.jpg\",\"width\":555,\"height\":478,\"caption\":\"Yamaha F25\"},{\"@type\":\"BreadcrumbList\",\"@id\":\"https:\\\/\\\/boat-demo.axiomprotocol.org\\\/ro\\\/produs\\\/yamaha-f25gel\\\/#breadcrumb\",\"itemListElement\":[{\"@type\":\"ListItem\",\"position\":1,\"name\":\"Home\",\"item\":\"https:\\\/\\\/boat-demo.axiomprotocol.org\\\/\"},{\"@type\":\"ListItem\",\"position\":2,\"name\":\"Shop Online &#8211; cel mai bun magazin pentru echipamente pentru b\u0103rci\",\"item\":\"https:\\\/\\\/boat-demo.axiomprotocol.org\\\/ro\\\/shop-ro\\\/\"},{\"@type\":\"ListItem\",\"position\":3,\"name\":\"Motor barca Yamaha F25GEL LAN A\"}]},{\"@type\":\"WebSite\",\"@id\":\"https:\\\/\\\/boat-demo.axiomprotocol.org\\\/ro\\\/#website\",\"url\":\"https:\\\/\\\/boat-demo.axiomprotocol.org\\\/ro\\\/\",\"name\":\"BoatsExpert\",\"description\":\"Boats, Service, Equipment\",\"publisher\":{\"@id\":\"https:\\\/\\\/boat-demo.axiomprotocol.org\\\/ro\\\/#organization\"},\"potentialAction\":[{\"@type\":\"SearchAction\",\"target\":{\"@type\":\"EntryPoint\",\"urlTemplate\":\"https:\\\/\\\/boat-demo.axiomprotocol.org\\\/ro\\\/?s={search_term_string}\"},\"query-input\":{\"@type\":\"PropertyValueSpecification\",\"valueRequired\":true,\"valueName\":\"search_term_string\"}}],\"inLanguage\":\"ro-RO\"},{\"@type\":\"Organization\",\"@id\":\"https:\\\/\\\/boat-demo.axiomprotocol.org\\\/ro\\\/#organization\",\"name\":\"BoatsExpert\",\"url\":\"https:\\\/\\\/boat-demo.axiomprotocol.org\\\/ro\\\/\",\"logo\":{\"@type\":\"ImageObject\",\"inLanguage\":\"ro-RO\",\"@id\":\"https:\\\/\\\/boat-demo.axiomprotocol.org\\\/ro\\\/#\\\/schema\\\/logo\\\/image\\\/\",\"url\":\"https:\\\/\\\/boat-demo.axiomprotocol.org\\\/wp-content\\\/uploads\\\/2023\\\/05\\\/white-logo60.svg\",\"contentUrl\":\"https:\\\/\\\/boat-demo.axiomprotocol.org\\\/wp-content\\\/uploads\\\/2023\\\/05\\\/white-logo60.svg\",\"width\":90,\"height\":60,\"caption\":\"BoatsExpert\"},\"image\":{\"@id\":\"https:\\\/\\\/boat-demo.axiomprotocol.org\\\/ro\\\/#\\\/schema\\\/logo\\\/image\\\/\"}}]}<\/script>\n<!-- \/ Yoast SEO plugin. -->","yoast_head_json":{"title":"Motor barca Yamaha F25GEL LAN A - BoatsExpert","robots":{"index":"index","follow":"follow","max-snippet":"max-snippet:-1","max-image-preview":"max-image-preview:large","max-video-preview":"max-video-preview:-1"},"canonical":"https:\/\/boat-demo.axiomprotocol.org\/ro\/produs\/yamaha-f25gel\/","og_locale":"ro_RO","og_type":"article","og_title":"Motor barca Yamaha F25GEL LAN A - BoatsExpert","og_description":"\u00a0 Meet our new portable. Even lighter. Even tougher. Cump\u0103ra\u021bi motorul de barc\u0103 cu patru timpi Yamaha F25GEL de la noi din magazin, iar speciali\u0219tii no\u0219tri v\u0103 vor consulta \u0219i v\u0103 vor ajuta s\u0103 alege\u021bi configurarea compatibil\u0103 a motorului cu barca sau iahtul dvs. Avem o gam\u0103 mare de accesorii originale \u0219i piese de schimb disponibile sau disponibile la comand\u0103. \u00cen centrul nostru de service certificat, mecanicii vor instala motorul de barc\u0103 Yamaha F25GEL, toate comenzile \u0219i orice alt echipament suplimentar (sonar, plotter de h\u0103r\u021bi, sistem audio, ancor\u0103 electric\u0103, iluminare suplimentar\u0103, motor electric, printre altele), dup\u0103 care vor efectua teste de service sau pe ap\u0103... Garantia de la Yamaha Romania este de 2 ani, plus 1 an de la Boats Expert dac\u0103 se efectueaz\u0103 toate lucr\u0103rile de \u00eentre\u021binere regulate \u00een centrul nostru de service.\"  Cu ajustarea fric\u021biunii de direc\u021bie cu o singur\u0103 manet\u0103, noul suport pentru motor cu o raz\u0103 larg\u0103, alternator de \u00eenalt\u0103 putere \u0219i op\u021biuni precum Vitez\u0103 variabil\u0103 de trolling, Securitate Y-COP \u0219i Inclina\u021bie \u0219i Inclinare cu Larg\u0103 Plaj\u0103 de Putere, F25 este alegerea natural\u0103.","og_url":"https:\/\/boat-demo.axiomprotocol.org\/ro\/produs\/yamaha-f25gel\/","og_site_name":"BoatsExpert","article_modified_time":"2023-09-12T11:34:02+00:00","og_image":[{"width":555,"height":478,"url":"https:\/\/boat-demo.axiomprotocol.org\/wp-content\/uploads\/2022\/08\/2-4.jpg","type":"image\/jpeg"}],"twitter_card":"summary_large_image","twitter_misc":{"Timp estimat pentru citire":"1 minut"},"schema":{"@context":"https:\/\/schema.org","@graph":[{"@type":"WebPage","@id":"https:\/\/boat-demo.axiomprotocol.org\/ro\/produs\/yamaha-f25gel\/","url":"https:\/\/boat-demo.axiomprotocol.org\/ro\/produs\/yamaha-f25gel\/","name":"Motor barca Yamaha F25GEL LAN A - BoatsExpert","isPartOf":{"@id":"https:\/\/boat-demo.axiomprotocol.org\/ro\/#website"},"primaryImageOfPage":{"@id":"https:\/\/boat-demo.axiomprotocol.org\/ro\/produs\/yamaha-f25gel\/#primaryimage"},"image":{"@id":"https:\/\/boat-demo.axiomprotocol.org\/ro\/produs\/yamaha-f25gel\/#primaryimage"},"thumbnailUrl":"https:\/\/boat-demo.axiomprotocol.org\/wp-content\/uploads\/2022\/08\/2-4.jpg","datePublished":"2022-08-18T08:30:11+00:00","dateModified":"2023-09-12T11:34:02+00:00","breadcrumb":{"@id":"https:\/\/boat-demo.axiomprotocol.org\/ro\/produs\/yamaha-f25gel\/#breadcrumb"},"inLanguage":"ro-RO","potentialAction":[{"@type":"ReadAction","target":["https:\/\/boat-demo.axiomprotocol.org\/ro\/produs\/yamaha-f25gel\/"]}]},{"@type":"ImageObject","inLanguage":"ro-RO","@id":"https:\/\/boat-demo.axiomprotocol.org\/ro\/produs\/yamaha-f25gel\/#primaryimage","url":"https:\/\/boat-demo.axiomprotocol.org\/wp-content\/uploads\/2022\/08\/2-4.jpg","contentUrl":"https:\/\/boat-demo.axiomprotocol.org\/wp-content\/uploads\/2022\/08\/2-4.jpg","width":555,"height":478,"caption":"Yamaha F25"},{"@type":"BreadcrumbList","@id":"https:\/\/boat-demo.axiomprotocol.org\/ro\/produs\/yamaha-f25gel\/#breadcrumb","itemListElement":[{"@type":"ListItem","position":1,"name":"Home","item":"https:\/\/boat-demo.axiomprotocol.org\/"},{"@type":"ListItem","position":2,"name":"Shop Online &#8211; cel mai bun magazin pentru echipamente pentru b\u0103rci","item":"https:\/\/boat-demo.axiomprotocol.org\/ro\/shop-ro\/"},{"@type":"ListItem","position":3,"name":"Motor barca Yamaha F25GEL LAN A"}]},{"@type":"WebSite","@id":"https:\/\/boat-demo.axiomprotocol.org\/ro\/#website","url":"https:\/\/boat-demo.axiomprotocol.org\/ro\/","name":"BoatsExpert","description":"Boats, Service, Equipment","publisher":{"@id":"https:\/\/boat-demo.axiomprotocol.org\/ro\/#organization"},"potentialAction":[{"@type":"SearchAction","target":{"@type":"EntryPoint","urlTemplate":"https:\/\/boat-demo.axiomprotocol.org\/ro\/?s={search_term_string}"},"query-input":{"@type":"PropertyValueSpecification","valueRequired":true,"valueName":"search_term_string"}}],"inLanguage":"ro-RO"},{"@type":"Organization","@id":"https:\/\/boat-demo.axiomprotocol.org\/ro\/#organization","name":"BoatsExpert","url":"https:\/\/boat-demo.axiomprotocol.org\/ro\/","logo":{"@type":"ImageObject","inLanguage":"ro-RO","@id":"https:\/\/boat-demo.axiomprotocol.org\/ro\/#\/schema\/logo\/image\/","url":"https:\/\/boat-demo.axiomprotocol.org\/wp-content\/uploads\/2023\/05\/white-logo60.svg","contentUrl":"https:\/\/boat-demo.axiomprotocol.org\/wp-content\/uploads\/2023\/05\/white-logo60.svg","width":90,"height":60,"caption":"BoatsExpert"},"image":{"@id":"https:\/\/boat-demo.axiomprotocol.org\/ro\/#\/schema\/logo\/image\/"}}]}},"_links":{"self":[{"href":"https:\/\/boat-demo.axiomprotocol.org\/ro\/wp-json\/wp\/v2\/product\/13174","targetHints":{"allow":["GET"]}}],"collection":[{"href":"https:\/\/boat-demo.axiomprotocol.org\/ro\/wp-json\/wp\/v2\/product"}],"about":[{"href":"https:\/\/boat-demo.axiomprotocol.org\/ro\/wp-json\/wp\/v2\/types\/product"}],"replies":[{"embeddable":true,"href":"https:\/\/boat-demo.axiomprotocol.org\/ro\/wp-json\/wp\/v2\/comments?post=13174"}],"version-history":[{"count":14,"href":"https:\/\/boat-demo.axiomprotocol.org\/ro\/wp-json\/wp\/v2\/product\/13174\/revisions"}],"predecessor-version":[{"id":25576,"href":"https:\/\/boat-demo.axiomprotocol.org\/ro\/wp-json\/wp\/v2\/product\/13174\/revisions\/25576"}],"wp:featuredmedia":[{"embeddable":true,"href":"https:\/\/boat-demo.axiomprotocol.org\/ro\/wp-json\/wp\/v2\/media\/13128"}],"wp:attachment":[{"href":"https:\/\/boat-demo.axiomprotocol.org\/ro\/wp-json\/wp\/v2\/media?parent=13174"}],"wp:term":[{"taxonomy":"product_brand","embeddable":true,"href":"https:\/\/boat-demo.axiomprotocol.org\/ro\/wp-json\/wp\/v2\/product_brand?post=13174"},{"taxonomy":"product_cat","embeddable":true,"href":"https:\/\/boat-demo.axiomprotocol.org\/ro\/wp-json\/wp\/v2\/product_cat?post=13174"},{"taxonomy":"product_tag","embeddable":true,"href":"https:\/\/boat-demo.axiomprotocol.org\/ro\/wp-json\/wp\/v2\/product_tag?post=13174"}],"curies":[{"name":"wp","href":"https:\/\/api.w.org\/{rel}","templated":true}]}}