{"id":11549,"date":"2022-07-18T13:08:05","date_gmt":"2022-07-18T10:08:05","guid":{"rendered":"https:\/\/boat-demo.axiomprotocol.org\/?post_type=product&#038;p=11549"},"modified":"2023-06-13T13:06:07","modified_gmt":"2023-06-13T10:06:07","slug":"garmin-gpsmap-8700-black-box","status":"publish","type":"product","link":"https:\/\/boat-demo.axiomprotocol.org\/ro\/produs\/garmin-gpsmap-8700-black-box\/","title":{"rendered":"Sonar GARMIN GPSMAP 8700 Black Box"},"content":{"rendered":"\t\t<div data-elementor-type=\"wp-post\" data-elementor-id=\"11549\" class=\"elementor elementor-11549 elementor-11548\">\n\t\t\t\t\t\t<section class=\"elementor-section elementor-top-section elementor-element elementor-element-9605acf elementor-section-boxed elementor-section-height-default elementor-section-height-default\" data-id=\"9605acf\" data-element_type=\"section\" data-e-type=\"section\">\n\t\t\t\t\t\t<div class=\"elementor-container elementor-column-gap-default\">\n\t\t\t\t\t<div class=\"elementor-column elementor-col-100 elementor-top-column elementor-element elementor-element-8a9a826\" data-id=\"8a9a826\" data-element_type=\"column\" data-e-type=\"column\">\n\t\t\t<div class=\"elementor-widget-wrap elementor-element-populated\">\n\t\t\t\t\t\t<div class=\"elementor-element elementor-element-a0cb3d1 elementor-widget elementor-widget-heading\" data-id=\"a0cb3d1\" data-element_type=\"widget\" data-e-type=\"widget\" data-widget_type=\"heading.default\">\n\t\t\t\t<div class=\"elementor-widget-container\">\n\t\t\t\t\t<h3 class=\"elementor-heading-title elementor-size-default\">Specificatii<\/h3>\t\t\t\t<\/div>\n\t\t\t\t<\/div>\n\t\t\t\t\t<\/div>\n\t\t<\/div>\n\t\t\t\t\t<\/div>\n\t\t<\/section>\n\t\t\t\t<section class=\"elementor-section elementor-top-section elementor-element elementor-element-6615b42 elementor-section-boxed elementor-section-height-default elementor-section-height-default\" data-id=\"6615b42\" data-element_type=\"section\" data-e-type=\"section\">\n\t\t\t\t\t\t<div class=\"elementor-container elementor-column-gap-default\">\n\t\t\t\t\t<div class=\"elementor-column elementor-col-100 elementor-top-column elementor-element elementor-element-ebb9d4f\" data-id=\"ebb9d4f\" data-element_type=\"column\" data-e-type=\"column\">\n\t\t\t<div class=\"elementor-widget-wrap elementor-element-populated\">\n\t\t\t\t\t\t<div class=\"elementor-element elementor-element-29297d8 elementor-widget elementor-widget-text-editor\" data-id=\"29297d8\" data-element_type=\"widget\" data-e-type=\"widget\" data-widget_type=\"text-editor.default\">\n\t\t\t\t<div class=\"elementor-widget-container\">\n\t\t\t\t\t\t\t\t\t<h6 align=\"center\">Caracteristici Fizice \u015fi Performan\u0163e<\/h6>\n\n<table style=\"width: 100%\">\n<tbody>\n\n<tr>\n<th scope=\"row\">DIMENSIUNI FIZICE<\/th>\n<td>15.1&#8243; x 7.8&#8243; x 1.9&#8243; (38.3 x 19.8 x 4.7 cm)<\/td>\n<\/tr>\n<tr>\n<th scope=\"row\">DIMENSIUNE AFI\u015eAJ<\/th>\n<td>None<\/td>\n<\/tr>\n<tr>\n<th scope=\"row\">REZOLU\u0162IE AFI\u015eAJ<\/th>\n<td>1024 x 768\n1280 x 1024\n1920 x 1080\n1920 x 1200<\/td>\n<\/tr>\n<tr>\n<th scope=\"row\">TIP AFI\u015eAJ<\/th>\n<td>None (external display)<\/td>\n<\/tr>\n<tr>\n<th scope=\"row\">GREUTATE<\/th>\n<td>3.06 lbs (1.39 kg)<\/td>\n<\/tr>\n<tr>\n<th scope=\"row\">REZISTEN\u0162\u0102 LA AP\u0102<\/th>\n<td>IPX7<\/td>\n<\/tr>\n<\/tbody>\n<\/table>\n<h6 align=\"center\">H\u0103r\u0163i \u015fi Memorie<\/h6>\n\n<table style=\"width: 100%\">\n<tbody>\n\n<tr>\n<th scope=\"row\">ACCEPT\u0102 CARDURI DE DATE<\/th>\n<td>2 SD\u2122 cards (Garmin Card Reader required)<\/td>\n<\/tr>\n<tr>\n<th scope=\"row\">PUNCTELE DE TRECERE<\/th>\n<td>5,000<\/td>\n<\/tr>\n<tr>\n<th scope=\"row\">RUTE<\/th>\n<td>100<\/td>\n<\/tr>\n<\/tbody>\n<\/table>\n<h6 align=\"center\">Senzori<\/h6>\n\n<table style=\"width: 100%\">\n<tbody>\n\n<tr>\n<th scope=\"row\">NMEA 2000 COMPATIBLE<\/th>\n<td class=\"yes\">Da<\/td>\n<\/tr>\n<tr>\n<th scope=\"row\">NMEA 0183 COMPATIBLE<\/th>\n<td class=\"yes\">Da<\/td>\n<\/tr>\n<\/tbody>\n<\/table>\n<h6 align=\"center\">Chartplotter Features<\/h6>\n\n<table style=\"width: 100%\">\n<tbody>\n\n<tr>\n<th scope=\"row\">SMART MODE COMPATIBLE<\/th>\n<td class=\"yes\">Da<\/td>\n<\/tr>\n<tr>\n<th scope=\"row\">AIS<\/th>\n<td class=\"yes\">Da<\/td>\n<\/tr>\n<tr>\n<th scope=\"row\">DSC<\/th>\n<td class=\"yes\">Da<\/td>\n<\/tr>\n<tr>\n<th scope=\"row\">SUPPORTS FUSION-LINK\u2122 COMPATIBLE RADIOS<\/th>\n<td class=\"yes\">Da<\/td>\n<\/tr>\n<tr>\n<th scope=\"row\">GSD BLACK BOX SONAR SUPPORT<\/th>\n<td class=\"yes\">Da<\/td>\n<\/tr>\n<tr>\n<th scope=\"row\">GCV BLACK BOX SONAR SUPPORT<\/th>\n<td class=\"yes\">Da<\/td>\n<\/tr>\n<tr>\n<th scope=\"row\">ACTIVECAPTAIN\u00ae COMPATIBLE<\/th>\n<td>Da<\/td>\n<\/tr>\n<tr>\n<th scope=\"row\">GRID (GARMIN REMOTE INPUT DEVICE) COMPATIBLE<\/th>\n<td class=\"yes\">Da<\/td>\n<\/tr>\n<tr>\n<th scope=\"row\">SAILING FEATURES<\/th>\n<td class=\"yes\">Da<\/td>\n<\/tr>\n<\/tbody>\n<\/table>\n<h6 align=\"center\">Conexiuni<\/h6>\n\n<table style=\"width: 100%\">\n<tbody>\n<tr>\n<th scope=\"row\">CONNECTIONS NMEA0183 INPUT PORTS<\/th>\n<td>4<\/td>\n<\/tr>\n<tr>\n<th scope=\"row\">VIDEO INPUT PORTS<\/th>\n<td>1 &#8211; BNC composite\n1 &#8211; HDMI<\/td>\n<\/tr>\n<tr>\n<th scope=\"row\">VIDEO OUTPUT PORTS<\/th>\n<td>1 &#8211; HDMI<\/td>\n<\/tr>\n<tr>\n<th scope=\"row\">PORTURI GARMIN MARINE NETWORK\u2122<\/th>\n<td>4<\/td>\n<\/tr>\n<\/tbody>\n<\/table>\n<h6 align=\"center\">Suplimentar<\/h6>\n\n<table style=\"width: 100%\">\n<tbody>\n\n<tr>\n<th scope=\"row\">SUPLIMENTAR<\/th>\n<td>\n<ul>\n \t<li>USB: 2 micro<\/li>\n<\/ul>\n<\/td>\n<\/tr>\n<\/tbody>\n<\/table>\t\t\t\t\t\t\t\t<\/div>\n\t\t\t\t<\/div>\n\t\t\t\t\t<\/div>\n\t\t<\/div>\n\t\t\t\t\t<\/div>\n\t\t<\/section>\n\t\t\t\t<section class=\"elementor-section elementor-top-section elementor-element elementor-element-1207afb elementor-section-boxed elementor-section-height-default elementor-section-height-default\" data-id=\"1207afb\" data-element_type=\"section\" data-e-type=\"section\">\n\t\t\t\t\t\t<div class=\"elementor-container elementor-column-gap-default\">\n\t\t\t\t\t<div class=\"elementor-column elementor-col-100 elementor-top-column elementor-element elementor-element-7e80a4f\" data-id=\"7e80a4f\" data-element_type=\"column\" data-e-type=\"column\">\n\t\t\t<div class=\"elementor-widget-wrap elementor-element-populated\">\n\t\t\t\t\t\t<div class=\"elementor-element elementor-element-d500ad7 elementor-widget elementor-widget-text-editor\" data-id=\"d500ad7\" data-element_type=\"widget\" data-e-type=\"widget\" data-widget_type=\"text-editor.default\">\n\t\t\t\t<div class=\"elementor-widget-container\">\n\t\t\t\t\t\t\t\t\t<h6 class=\"tt-title-single-sub\">\u00ceN CUTIE<\/h6><ul class=\"tt-list01\"><li>GPSMAP 8700 Black Box<\/li><li>Mounting hardware<\/li><li>Power cable<\/li><li>NMEA 2000\u00ae 2 meter drop cable<\/li><li>NMEA 2000 T-connectors<\/li><li>Documentation<\/li><\/ul>\t\t\t\t\t\t\t\t<\/div>\n\t\t\t\t<\/div>\n\t\t\t\t\t<\/div>\n\t\t<\/div>\n\t\t\t\t\t<\/div>\n\t\t<\/section>\n\t\t\t\t<section class=\"elementor-section elementor-top-section elementor-element elementor-element-12354d7 elementor-section-boxed elementor-section-height-default elementor-section-height-default\" data-id=\"12354d7\" data-element_type=\"section\" data-e-type=\"section\">\n\t\t\t\t\t\t<div class=\"elementor-container elementor-column-gap-default\">\n\t\t\t\t\t<div class=\"elementor-column elementor-col-100 elementor-top-column elementor-element elementor-element-e81000d\" data-id=\"e81000d\" data-element_type=\"column\" data-e-type=\"column\">\n\t\t\t<div class=\"elementor-widget-wrap elementor-element-populated\">\n\t\t\t\t\t\t<div class=\"elementor-element elementor-element-10036f6 elementor-widget elementor-widget-spacer\" data-id=\"10036f6\" data-element_type=\"widget\" data-e-type=\"widget\" data-widget_type=\"spacer.default\">\n\t\t\t\t<div class=\"elementor-widget-container\">\n\t\t\t\t\t\t\t<div class=\"elementor-spacer\">\n\t\t\t<div class=\"elementor-spacer-inner\"><\/div>\n\t\t<\/div>\n\t\t\t\t\t\t<\/div>\n\t\t\t\t<\/div>\n\t\t\t\t<div class=\"elementor-element elementor-element-f3c19f6 elementor-widget elementor-widget-heading\" data-id=\"f3c19f6\" data-element_type=\"widget\" data-e-type=\"widget\" data-widget_type=\"heading.default\">\n\t\t\t\t<div class=\"elementor-widget-container\">\n\t\t\t\t\t<h3 class=\"elementor-heading-title elementor-size-default\">SUMAR\n<\/h3>\t\t\t\t<\/div>\n\t\t\t\t<\/div>\n\t\t\t\t\t<\/div>\n\t\t<\/div>\n\t\t\t\t\t<\/div>\n\t\t<\/section>\n\t\t\t\t<section class=\"elementor-section elementor-top-section elementor-element elementor-element-5ee294a elementor-section-boxed elementor-section-height-default elementor-section-height-default\" data-id=\"5ee294a\" data-element_type=\"section\" data-e-type=\"section\">\n\t\t\t\t\t\t<div class=\"elementor-container elementor-column-gap-default\">\n\t\t\t\t\t<div class=\"elementor-column elementor-col-100 elementor-top-column elementor-element elementor-element-f7c7fe2\" data-id=\"f7c7fe2\" data-element_type=\"column\" data-e-type=\"column\">\n\t\t\t<div class=\"elementor-widget-wrap elementor-element-populated\">\n\t\t\t\t\t\t<div class=\"elementor-element elementor-element-29abdce elementor-widget elementor-widget-text-editor\" data-id=\"29abdce\" data-element_type=\"widget\" data-e-type=\"widget\" data-widget_type=\"text-editor.default\">\n\t\t\t\t<div class=\"elementor-widget-container\">\n\t\t\t\t\t\t\t\t\t<ul><li class=\"field-item even\" data-uw-styling-context=\"true\"><p><strong>Just Add Monitors<\/strong><\/p><p>Give your vessel tremendous capabilities and features that are fully integrated across your entire marine system. This black box system is compatible with Garmin marine monitors or third-party touchscreen monitors (sold separately), allowing you to add to your current helm configuration or build a beautiful, new fully integrated glass helm. \u00a0<\/p><p><strong>Build Your Fully Integrated Marine System<\/strong><\/p><p>The GPSMAP 8700 black box allows you to add and integrate multiple sonar technologies as well as autopilot, connected services, apps, engine data and multimedia at your helm. You can also automatically sync your personal preferences and user data for all networked chartplotters across multiple helms. Everything you need can conveniently be found at your fingertips \u2014 on any touchscreen. NMEA 2000\u00ae networking and the Garmin Marine Network allow you to easily build your full marine electronics suite \u2014 from radar and autopilots to cameras, instruments and forward-looking sonar \u2014 controlled from your chartplotter and shared across multiple screens. In addition, our exclusive\u00a0<a href=\"https:\/\/www.garmin.com\/en-US\/onehelm\">OneHelm<\/a>\u2122 system coordinates many third-party manufactured onboard marine products to bring full control of systems \u2014 such as digital switching, lighting, stabilization and more \u2014 to your touchscreen monitor. Connect to different kinds of engines \u2014 including select Mercury and Yamaha\u00ae models \u2014 to see RPMs, fuel flow, temperature, trim and other important information on your display. You may need additional hardware, so be sure to check with your engine manufacturer.<\/p><p><strong>Pair with GPS 19x 10 Hz GPS and GLONASS Receiver<\/strong><\/p><p>The GPSMAP 8700 black box can pair with our\u00a0<a href=\"https:\/\/buy.garmin.com\/en-US\/US\/p\/100702.html\">GPS 19x external 10 Hz GPS and GLONASS receiver<\/a>\u00a0(sold separately) to update your position and heading 10 times per second. It displays a more fluid vessel movement and dramatically improves your ability to accurately mark and navigate to 5,000 waypoints.<\/p><p><strong>Requires Garmin Card Reader<\/strong><\/p><p>The\u00a0<a href=\"https:\/\/buy.garmin.com\/en-US\/US\/p\/102836.html\">Garmin Card Reader<\/a>\u00a0(sold separately) provides convenient remote mounting and a single access point for 2 SD\u2122 card slots for mapping. You can add multiple card readers for additional access points. A water-resistant magnetic door allows card reader to be mounted horizontally or vertically.<\/p><p><strong>Add Garmin Charts or Maps with Navionics Data<\/strong><\/p><p>Upgrade your maps with the most detailed, clear and concise charts and maps. Just add accessory map purchases such as\u00a0<a href=\"https:\/\/buy.garmin.com\/en-US\/US\/p\/662662\">BlueChart g3<\/a>\u00a0and\u00a0<a href=\"https:\/\/buy.garmin.com\/en-US\/US\/p\/662661\">BlueChart g3 Vision<\/a>\u00a0coastal cartography and LakeV\u00fc g3 and LakeV\u00fc g3 Ultra inland mapping featuring Navionics data and Auto Guidance\u00b9 technology. Auto Guidance technology uses your specified depth and overhead clearance to easily calculate routes and see a suggested path to follow. It\u2019s also compatible with Quickdraw Contours software so you can instantly create personalized fishing maps on-screen with 1\u2019 contours as you fish.<\/p><\/li><\/ul>\t\t\t\t\t\t\t\t<\/div>\n\t\t\t\t<\/div>\n\t\t\t\t\t<\/div>\n\t\t<\/div>\n\t\t\t\t\t<\/div>\n\t\t<\/section>\n\t\t\t\t<\/div>\n\t\t","protected":false},"excerpt":{"rendered":"<p>&nbsp;<\/p>\n<p><strong>Fully Integrated Black Box System<\/strong><\/p>\n<ul class=\"tt-list01\">\n<li>Compatible with a single Garmin monitor or third-party touchscreen monitor<\/li>\n<li>Full support for the range of Garmin black box sonar products, including the\u00a0<a href=\"https:\/\/buy.garmin.com\/en-US\/US\/p\/86234\">GSD\u2122 26 CHIRP Professional Sonar Module<\/a>,\u00a0<a href=\"https:\/\/buy.garmin.com\/en-US\/US\/p\/591379.html\">Panoptix\u2122 LiveScope system<\/a>\u00a0and the entire\u00a0<a href=\"https:\/\/explore.garmin.com\/en-US\/panoptix\/\">Panoptix\u2122 all-seeing sonar line<\/a>\u00a0(all transducers sold separately)<\/li>\n<li>Integrates internal sonar sharing, multiple black box sonars, Ultra High-Definition ClearV\u00fc and SideV\u00fc scanning sonars, autopilot, connected services, apps, engine data and more<\/li>\n<li>Pairs with external GPS 19x 10 Hz GPS and GLONASS receiver to update position and heading 10 times per second<\/li>\n<li>Preloaded worldwide basemap; compatible with BlueChart\u00ae g3 charts featuring integrated Navionics\u00ae data and Auto Guidance\u00b9 technology<\/li>\n<\/ul>\n","protected":false},"featured_media":11551,"comment_status":"open","ping_status":"closed","template":"","meta":{"_acf_changed":false,"inline_featured_image":false},"product_brand":[],"product_cat":[91],"product_tag":[],"class_list":{"0":"post-11549","1":"product","2":"type-product","3":"status-publish","4":"has-post-thumbnail","6":"product_cat-garmin-sonare-ro","7":"tt-post","9":"first","10":"instock","11":"shipping-taxable","12":"purchasable","13":"product-type-simple"},"acf":[],"yoast_head":"<!-- This site is optimized with the Yoast SEO plugin v27.4 - https:\/\/yoast.com\/product\/yoast-seo-wordpress\/ -->\n<title>Sonar GARMIN GPSMAP 8700 Black Box | Boats Expert<\/title>\n<meta name=\"description\" content=\"Cump\u0103ra\u021bi GARMIN de la distribuitor autorizat Boats Expert | Instalare profesional\u0103 pe toate tipurile de b\u0103rci.\" \/>\n<meta name=\"robots\" content=\"index, follow, max-snippet:-1, max-image-preview:large, max-video-preview:-1\" \/>\n<link rel=\"canonical\" href=\"https:\/\/boat-demo.axiomprotocol.org\/ro\/produs\/garmin-gpsmap-8700-black-box\/\" \/>\n<meta property=\"og:locale\" content=\"ro_RO\" \/>\n<meta property=\"og:type\" content=\"article\" \/>\n<meta property=\"og:title\" content=\"Sonar GARMIN GPSMAP 8700 Black Box | Boats Expert\" \/>\n<meta property=\"og:description\" content=\"Cump\u0103ra\u021bi GARMIN de la distribuitor autorizat Boats Expert | Instalare profesional\u0103 pe toate tipurile de b\u0103rci.\" \/>\n<meta property=\"og:url\" content=\"https:\/\/boat-demo.axiomprotocol.org\/ro\/produs\/garmin-gpsmap-8700-black-box\/\" \/>\n<meta property=\"og:site_name\" content=\"BoatsExpert\" \/>\n<meta property=\"article:modified_time\" content=\"2023-06-13T10:06:07+00:00\" \/>\n<meta property=\"og:image\" content=\"https:\/\/boat-demo.axiomprotocol.org\/wp-content\/uploads\/2022\/07\/1-17.jpg\" \/>\n\t<meta property=\"og:image:width\" content=\"555\" \/>\n\t<meta property=\"og:image:height\" content=\"478\" \/>\n\t<meta property=\"og:image:type\" content=\"image\/jpeg\" \/>\n<meta name=\"twitter:card\" content=\"summary_large_image\" \/>\n<meta name=\"twitter:label1\" content=\"Timp estimat pentru citire\" \/>\n\t<meta name=\"twitter:data1\" content=\"3 minute\" \/>\n<script type=\"application\/ld+json\" class=\"yoast-schema-graph\">{\"@context\":\"https:\\\/\\\/schema.org\",\"@graph\":[{\"@type\":\"WebPage\",\"@id\":\"https:\\\/\\\/boat-demo.axiomprotocol.org\\\/ro\\\/produs\\\/garmin-gpsmap-8700-black-box\\\/\",\"url\":\"https:\\\/\\\/boat-demo.axiomprotocol.org\\\/ro\\\/produs\\\/garmin-gpsmap-8700-black-box\\\/\",\"name\":\"Sonar GARMIN GPSMAP 8700 Black Box | Boats Expert\",\"isPartOf\":{\"@id\":\"https:\\\/\\\/boat-demo.axiomprotocol.org\\\/ro\\\/#website\"},\"primaryImageOfPage\":{\"@id\":\"https:\\\/\\\/boat-demo.axiomprotocol.org\\\/ro\\\/produs\\\/garmin-gpsmap-8700-black-box\\\/#primaryimage\"},\"image\":{\"@id\":\"https:\\\/\\\/boat-demo.axiomprotocol.org\\\/ro\\\/produs\\\/garmin-gpsmap-8700-black-box\\\/#primaryimage\"},\"thumbnailUrl\":\"https:\\\/\\\/boat-demo.axiomprotocol.org\\\/wp-content\\\/uploads\\\/2022\\\/07\\\/1-17.jpg\",\"datePublished\":\"2022-07-18T10:08:05+00:00\",\"dateModified\":\"2023-06-13T10:06:07+00:00\",\"description\":\"Cump\u0103ra\u021bi GARMIN de la distribuitor autorizat Boats Expert | Instalare profesional\u0103 pe toate tipurile de b\u0103rci.\",\"breadcrumb\":{\"@id\":\"https:\\\/\\\/boat-demo.axiomprotocol.org\\\/ro\\\/produs\\\/garmin-gpsmap-8700-black-box\\\/#breadcrumb\"},\"inLanguage\":\"ro-RO\",\"potentialAction\":[{\"@type\":\"ReadAction\",\"target\":[\"https:\\\/\\\/boat-demo.axiomprotocol.org\\\/ro\\\/produs\\\/garmin-gpsmap-8700-black-box\\\/\"]}]},{\"@type\":\"ImageObject\",\"inLanguage\":\"ro-RO\",\"@id\":\"https:\\\/\\\/boat-demo.axiomprotocol.org\\\/ro\\\/produs\\\/garmin-gpsmap-8700-black-box\\\/#primaryimage\",\"url\":\"https:\\\/\\\/boat-demo.axiomprotocol.org\\\/wp-content\\\/uploads\\\/2022\\\/07\\\/1-17.jpg\",\"contentUrl\":\"https:\\\/\\\/boat-demo.axiomprotocol.org\\\/wp-content\\\/uploads\\\/2022\\\/07\\\/1-17.jpg\",\"width\":555,\"height\":478},{\"@type\":\"BreadcrumbList\",\"@id\":\"https:\\\/\\\/boat-demo.axiomprotocol.org\\\/ro\\\/produs\\\/garmin-gpsmap-8700-black-box\\\/#breadcrumb\",\"itemListElement\":[{\"@type\":\"ListItem\",\"position\":1,\"name\":\"Home\",\"item\":\"https:\\\/\\\/boat-demo.axiomprotocol.org\\\/\"},{\"@type\":\"ListItem\",\"position\":2,\"name\":\"Shop Online &#8211; cel mai bun magazin pentru echipamente pentru b\u0103rci\",\"item\":\"https:\\\/\\\/boat-demo.axiomprotocol.org\\\/ro\\\/shop-ro\\\/\"},{\"@type\":\"ListItem\",\"position\":3,\"name\":\"Sonar GARMIN GPSMAP 8700 Black Box\"}]},{\"@type\":\"WebSite\",\"@id\":\"https:\\\/\\\/boat-demo.axiomprotocol.org\\\/ro\\\/#website\",\"url\":\"https:\\\/\\\/boat-demo.axiomprotocol.org\\\/ro\\\/\",\"name\":\"BoatsExpert\",\"description\":\"Boats, Service, Equipment\",\"publisher\":{\"@id\":\"https:\\\/\\\/boat-demo.axiomprotocol.org\\\/ro\\\/#organization\"},\"potentialAction\":[{\"@type\":\"SearchAction\",\"target\":{\"@type\":\"EntryPoint\",\"urlTemplate\":\"https:\\\/\\\/boat-demo.axiomprotocol.org\\\/ro\\\/?s={search_term_string}\"},\"query-input\":{\"@type\":\"PropertyValueSpecification\",\"valueRequired\":true,\"valueName\":\"search_term_string\"}}],\"inLanguage\":\"ro-RO\"},{\"@type\":\"Organization\",\"@id\":\"https:\\\/\\\/boat-demo.axiomprotocol.org\\\/ro\\\/#organization\",\"name\":\"BoatsExpert\",\"url\":\"https:\\\/\\\/boat-demo.axiomprotocol.org\\\/ro\\\/\",\"logo\":{\"@type\":\"ImageObject\",\"inLanguage\":\"ro-RO\",\"@id\":\"https:\\\/\\\/boat-demo.axiomprotocol.org\\\/ro\\\/#\\\/schema\\\/logo\\\/image\\\/\",\"url\":\"https:\\\/\\\/boat-demo.axiomprotocol.org\\\/wp-content\\\/uploads\\\/2023\\\/05\\\/white-logo60.svg\",\"contentUrl\":\"https:\\\/\\\/boat-demo.axiomprotocol.org\\\/wp-content\\\/uploads\\\/2023\\\/05\\\/white-logo60.svg\",\"width\":90,\"height\":60,\"caption\":\"BoatsExpert\"},\"image\":{\"@id\":\"https:\\\/\\\/boat-demo.axiomprotocol.org\\\/ro\\\/#\\\/schema\\\/logo\\\/image\\\/\"}}]}<\/script>\n<!-- \/ Yoast SEO plugin. -->","yoast_head_json":{"title":"Sonar GARMIN GPSMAP 8700 Black Box | Boats Expert","description":"Cump\u0103ra\u021bi GARMIN de la distribuitor autorizat Boats Expert | Instalare profesional\u0103 pe toate tipurile de b\u0103rci.","robots":{"index":"index","follow":"follow","max-snippet":"max-snippet:-1","max-image-preview":"max-image-preview:large","max-video-preview":"max-video-preview:-1"},"canonical":"https:\/\/boat-demo.axiomprotocol.org\/ro\/produs\/garmin-gpsmap-8700-black-box\/","og_locale":"ro_RO","og_type":"article","og_title":"Sonar GARMIN GPSMAP 8700 Black Box | Boats Expert","og_description":"Cump\u0103ra\u021bi GARMIN de la distribuitor autorizat Boats Expert | Instalare profesional\u0103 pe toate tipurile de b\u0103rci.","og_url":"https:\/\/boat-demo.axiomprotocol.org\/ro\/produs\/garmin-gpsmap-8700-black-box\/","og_site_name":"BoatsExpert","article_modified_time":"2023-06-13T10:06:07+00:00","og_image":[{"width":555,"height":478,"url":"https:\/\/boat-demo.axiomprotocol.org\/wp-content\/uploads\/2022\/07\/1-17.jpg","type":"image\/jpeg"}],"twitter_card":"summary_large_image","twitter_misc":{"Timp estimat pentru citire":"3 minute"},"schema":{"@context":"https:\/\/schema.org","@graph":[{"@type":"WebPage","@id":"https:\/\/boat-demo.axiomprotocol.org\/ro\/produs\/garmin-gpsmap-8700-black-box\/","url":"https:\/\/boat-demo.axiomprotocol.org\/ro\/produs\/garmin-gpsmap-8700-black-box\/","name":"Sonar GARMIN GPSMAP 8700 Black Box | Boats Expert","isPartOf":{"@id":"https:\/\/boat-demo.axiomprotocol.org\/ro\/#website"},"primaryImageOfPage":{"@id":"https:\/\/boat-demo.axiomprotocol.org\/ro\/produs\/garmin-gpsmap-8700-black-box\/#primaryimage"},"image":{"@id":"https:\/\/boat-demo.axiomprotocol.org\/ro\/produs\/garmin-gpsmap-8700-black-box\/#primaryimage"},"thumbnailUrl":"https:\/\/boat-demo.axiomprotocol.org\/wp-content\/uploads\/2022\/07\/1-17.jpg","datePublished":"2022-07-18T10:08:05+00:00","dateModified":"2023-06-13T10:06:07+00:00","description":"Cump\u0103ra\u021bi GARMIN de la distribuitor autorizat Boats Expert | Instalare profesional\u0103 pe toate tipurile de b\u0103rci.","breadcrumb":{"@id":"https:\/\/boat-demo.axiomprotocol.org\/ro\/produs\/garmin-gpsmap-8700-black-box\/#breadcrumb"},"inLanguage":"ro-RO","potentialAction":[{"@type":"ReadAction","target":["https:\/\/boat-demo.axiomprotocol.org\/ro\/produs\/garmin-gpsmap-8700-black-box\/"]}]},{"@type":"ImageObject","inLanguage":"ro-RO","@id":"https:\/\/boat-demo.axiomprotocol.org\/ro\/produs\/garmin-gpsmap-8700-black-box\/#primaryimage","url":"https:\/\/boat-demo.axiomprotocol.org\/wp-content\/uploads\/2022\/07\/1-17.jpg","contentUrl":"https:\/\/boat-demo.axiomprotocol.org\/wp-content\/uploads\/2022\/07\/1-17.jpg","width":555,"height":478},{"@type":"BreadcrumbList","@id":"https:\/\/boat-demo.axiomprotocol.org\/ro\/produs\/garmin-gpsmap-8700-black-box\/#breadcrumb","itemListElement":[{"@type":"ListItem","position":1,"name":"Home","item":"https:\/\/boat-demo.axiomprotocol.org\/"},{"@type":"ListItem","position":2,"name":"Shop Online &#8211; cel mai bun magazin pentru echipamente pentru b\u0103rci","item":"https:\/\/boat-demo.axiomprotocol.org\/ro\/shop-ro\/"},{"@type":"ListItem","position":3,"name":"Sonar GARMIN GPSMAP 8700 Black Box"}]},{"@type":"WebSite","@id":"https:\/\/boat-demo.axiomprotocol.org\/ro\/#website","url":"https:\/\/boat-demo.axiomprotocol.org\/ro\/","name":"BoatsExpert","description":"Boats, Service, Equipment","publisher":{"@id":"https:\/\/boat-demo.axiomprotocol.org\/ro\/#organization"},"potentialAction":[{"@type":"SearchAction","target":{"@type":"EntryPoint","urlTemplate":"https:\/\/boat-demo.axiomprotocol.org\/ro\/?s={search_term_string}"},"query-input":{"@type":"PropertyValueSpecification","valueRequired":true,"valueName":"search_term_string"}}],"inLanguage":"ro-RO"},{"@type":"Organization","@id":"https:\/\/boat-demo.axiomprotocol.org\/ro\/#organization","name":"BoatsExpert","url":"https:\/\/boat-demo.axiomprotocol.org\/ro\/","logo":{"@type":"ImageObject","inLanguage":"ro-RO","@id":"https:\/\/boat-demo.axiomprotocol.org\/ro\/#\/schema\/logo\/image\/","url":"https:\/\/boat-demo.axiomprotocol.org\/wp-content\/uploads\/2023\/05\/white-logo60.svg","contentUrl":"https:\/\/boat-demo.axiomprotocol.org\/wp-content\/uploads\/2023\/05\/white-logo60.svg","width":90,"height":60,"caption":"BoatsExpert"},"image":{"@id":"https:\/\/boat-demo.axiomprotocol.org\/ro\/#\/schema\/logo\/image\/"}}]}},"_links":{"self":[{"href":"https:\/\/boat-demo.axiomprotocol.org\/ro\/wp-json\/wp\/v2\/product\/11549","targetHints":{"allow":["GET"]}}],"collection":[{"href":"https:\/\/boat-demo.axiomprotocol.org\/ro\/wp-json\/wp\/v2\/product"}],"about":[{"href":"https:\/\/boat-demo.axiomprotocol.org\/ro\/wp-json\/wp\/v2\/types\/product"}],"replies":[{"embeddable":true,"href":"https:\/\/boat-demo.axiomprotocol.org\/ro\/wp-json\/wp\/v2\/comments?post=11549"}],"version-history":[{"count":22,"href":"https:\/\/boat-demo.axiomprotocol.org\/ro\/wp-json\/wp\/v2\/product\/11549\/revisions"}],"predecessor-version":[{"id":21772,"href":"https:\/\/boat-demo.axiomprotocol.org\/ro\/wp-json\/wp\/v2\/product\/11549\/revisions\/21772"}],"wp:featuredmedia":[{"embeddable":true,"href":"https:\/\/boat-demo.axiomprotocol.org\/ro\/wp-json\/wp\/v2\/media\/11551"}],"wp:attachment":[{"href":"https:\/\/boat-demo.axiomprotocol.org\/ro\/wp-json\/wp\/v2\/media?parent=11549"}],"wp:term":[{"taxonomy":"product_brand","embeddable":true,"href":"https:\/\/boat-demo.axiomprotocol.org\/ro\/wp-json\/wp\/v2\/product_brand?post=11549"},{"taxonomy":"product_cat","embeddable":true,"href":"https:\/\/boat-demo.axiomprotocol.org\/ro\/wp-json\/wp\/v2\/product_cat?post=11549"},{"taxonomy":"product_tag","embeddable":true,"href":"https:\/\/boat-demo.axiomprotocol.org\/ro\/wp-json\/wp\/v2\/product_tag?post=11549"}],"curies":[{"name":"wp","href":"https:\/\/api.w.org\/{rel}","templated":true}]}}