{"id":44110,"date":"2026-04-14T09:04:03","date_gmt":"2026-04-14T06:04:03","guid":{"rendered":"https:\/\/boat-demo.axiomprotocol.org\/politica-de-confidentialitate\/"},"modified":"2026-04-14T09:04:03","modified_gmt":"2026-04-14T06:04:03","slug":"politica-de-confidentialitate","status":"publish","type":"page","link":"https:\/\/boat-demo.axiomprotocol.org\/ro\/politica-de-confidentialitate\/","title":{"rendered":"Politica de confiden\u021bialitate"},"content":{"rendered":"<h2>Politica de confiden\u021bialitate<\/h2>\n<p>Aceast\u0103 politic\u0103 de confiden\u021bialitate explic\u0103 modul \u00een care BoatsExpert (&#8222;Compania&#8221;, &#8222;noi&#8221;) colecteaz\u0103, utilizeaz\u0103 \u0219i protejeaz\u0103 datele personale ale vizitatorilor \u0219i clien\u021bilor site-ului nostru.<\/p>\n<h3>Date colectate<\/h3>\n<ul>\n<li>Informa\u021bii de cont \u0219i comand\u0103 (nume, email, adres\u0103 de livrare, telefon)<\/li>\n<li>Detalii de plat\u0103 procesate de furnizorii no\u0219tri (nu stoc\u0103m datele cardului)<\/li>\n<li>Date de utilizare a site-ului (cookie-uri, adres\u0103 IP, browser) la consim\u021b\u0103m\u00e2nt<\/li>\n<\/ul>\n<h3>Scopul prelucr\u0103rii<\/h3>\n<ul>\n<li>Procesarea \u0219i livrarea comenzilor dumneavoastr\u0103<\/li>\n<li>Furnizarea suportului pentru clien\u021bi \u0219i emiterea facturilor<\/li>\n<li>Trimiterea emailurilor tranzac\u021bionale<\/li>\n<li>\u00cembun\u0103t\u0103\u021birea serviciilor la consim\u021b\u0103m\u00e2nt pentru cookie-uri analitice<\/li>\n<\/ul>\n<h3>Temei legal (GDPR)<\/h3>\n<p>Prelucr\u0103m datele pe baza execut\u0103rii contractului (comenzi), obliga\u021biilor legale (contabilitate, fiscalitate) \u0219i consim\u021b\u0103m\u00e2ntului (marketing, analitice, personalizare).<\/p>\n<h3>Drepturile dumneavoastr\u0103<\/h3>\n<p>Ave\u021bi dreptul de acces, rectificare, \u0219tergere \u0219i portabilitate a datelor. Pute\u021bi retrage consim\u021b\u0103m\u00e2ntul oric\u00e2nd. Contacta\u021bi-ne la <a href=\"mailto:privacy@boatsexpert.com\">privacy@boatsexpert.com<\/a>.<\/p>\n<h3>Cookie-uri<\/h3>\n<p>Folosim cookie-uri conform Google Consent Mode v2. Pute\u021bi gestiona preferin\u021bele oric\u00e2nd prin banner.<\/p>\n<h3>P\u0103strarea datelor<\/h3>\n<p>Datele comenzilor sunt p\u0103strate conform legii rom\u00e2ne a contabilit\u0103\u021bii (10 ani). Consim\u021b\u0103m\u00e2ntul pentru marketing este p\u0103strat p\u00e2n\u0103 la retragere.<\/p>\n<p><em>\u00cenlocui\u021bi acest text de tip placeholder cu politica dumneavoastr\u0103 final\u0103 \u00eenainte de lansare.<\/em><\/p>\n","protected":false},"excerpt":{"rendered":"<p>Politica de confiden\u021bialitate Aceast\u0103 politic\u0103 de confiden\u021bialitate explic\u0103 modul \u00een care BoatsExpert (&#8222;Compania&#8221;, &#8222;noi&#8221;) colecteaz\u0103, utilizeaz\u0103 \u0219i protejeaz\u0103 datele personale ale vizitatorilor \u0219i clien\u021bilor site-ului nostru. Date colectate Informa\u021bii de cont \u0219i comand\u0103 (nume, email, adres\u0103 de livrare, telefon) Detalii de plat\u0103 procesate de furnizorii no\u0219tri (nu stoc\u0103m datele cardului) Date de utilizare a site-ului [&hellip;]<\/p>\n","protected":false},"author":0,"featured_media":0,"parent":0,"menu_order":0,"comment_status":"closed","ping_status":"closed","template":"","meta":{"_acf_changed":false,"inline_featured_image":false,"footnotes":""},"class_list":["post-44110","page","type-page","status-publish","hentry","tt-post"],"acf":[],"yoast_head":"<!-- This site is optimized with the Yoast SEO plugin v27.4 - https:\/\/yoast.com\/product\/yoast-seo-wordpress\/ -->\n<title>Politica de confiden\u021bialitate - BoatsExpert<\/title>\n<meta name=\"robots\" content=\"index, follow, max-snippet:-1, max-image-preview:large, max-video-preview:-1\" \/>\n<link rel=\"canonical\" href=\"https:\/\/boat-demo.axiomprotocol.org\/politica-de-confidentialitate\/\" \/>\n<meta property=\"og:locale\" content=\"ro_RO\" \/>\n<meta property=\"og:type\" content=\"article\" \/>\n<meta property=\"og:title\" content=\"Politica de confiden\u021bialitate - BoatsExpert\" \/>\n<meta property=\"og:description\" content=\"Politica de confiden\u021bialitate Aceast\u0103 politic\u0103 de confiden\u021bialitate explic\u0103 modul \u00een care BoatsExpert (&#8222;Compania&#8221;, &#8222;noi&#8221;) colecteaz\u0103, utilizeaz\u0103 \u0219i protejeaz\u0103 datele personale ale vizitatorilor \u0219i clien\u021bilor site-ului nostru. Date colectate Informa\u021bii de cont \u0219i comand\u0103 (nume, email, adres\u0103 de livrare, telefon) Detalii de plat\u0103 procesate de furnizorii no\u0219tri (nu stoc\u0103m datele cardului) Date de utilizare a site-ului [&hellip;]\" \/>\n<meta property=\"og:url\" content=\"https:\/\/boat-demo.axiomprotocol.org\/politica-de-confidentialitate\/\" \/>\n<meta property=\"og:site_name\" content=\"BoatsExpert\" \/>\n<meta property=\"og:image\" content=\"https:\/\/boat-demo.axiomprotocol.org\/wp-content\/uploads\/2024\/06\/BE_boat_web.png\" \/>\n\t<meta property=\"og:image:width\" content=\"1010\" \/>\n\t<meta property=\"og:image:height\" content=\"1010\" \/>\n\t<meta property=\"og:image:type\" content=\"image\/png\" \/>\n<meta name=\"twitter:card\" content=\"summary_large_image\" \/>\n<meta name=\"twitter:label1\" content=\"Timp estimat pentru citire\" \/>\n\t<meta name=\"twitter:data1\" content=\"1 minut\" \/>\n<script type=\"application\/ld+json\" class=\"yoast-schema-graph\">{\"@context\":\"https:\\\/\\\/schema.org\",\"@graph\":[{\"@type\":\"WebPage\",\"@id\":\"https:\\\/\\\/boat-demo.axiomprotocol.org\\\/politica-de-confidentialitate\\\/\",\"url\":\"https:\\\/\\\/boat-demo.axiomprotocol.org\\\/politica-de-confidentialitate\\\/\",\"name\":\"Politica de confiden\u021bialitate - BoatsExpert\",\"isPartOf\":{\"@id\":\"https:\\\/\\\/boat-demo.axiomprotocol.org\\\/ro\\\/#website\"},\"datePublished\":\"2026-04-14T06:04:03+00:00\",\"breadcrumb\":{\"@id\":\"https:\\\/\\\/boat-demo.axiomprotocol.org\\\/politica-de-confidentialitate\\\/#breadcrumb\"},\"inLanguage\":\"ro-RO\",\"potentialAction\":[{\"@type\":\"ReadAction\",\"target\":[\"https:\\\/\\\/boat-demo.axiomprotocol.org\\\/politica-de-confidentialitate\\\/\"]}]},{\"@type\":\"BreadcrumbList\",\"@id\":\"https:\\\/\\\/boat-demo.axiomprotocol.org\\\/politica-de-confidentialitate\\\/#breadcrumb\",\"itemListElement\":[{\"@type\":\"ListItem\",\"position\":1,\"name\":\"Home\",\"item\":\"https:\\\/\\\/boat-demo.axiomprotocol.org\\\/\"},{\"@type\":\"ListItem\",\"position\":2,\"name\":\"Politica de confiden\u021bialitate\"}]},{\"@type\":\"WebSite\",\"@id\":\"https:\\\/\\\/boat-demo.axiomprotocol.org\\\/ro\\\/#website\",\"url\":\"https:\\\/\\\/boat-demo.axiomprotocol.org\\\/ro\\\/\",\"name\":\"BoatsExpert\",\"description\":\"Boats, Service, Equipment\",\"publisher\":{\"@id\":\"https:\\\/\\\/boat-demo.axiomprotocol.org\\\/ro\\\/#organization\"},\"potentialAction\":[{\"@type\":\"SearchAction\",\"target\":{\"@type\":\"EntryPoint\",\"urlTemplate\":\"https:\\\/\\\/boat-demo.axiomprotocol.org\\\/ro\\\/?s={search_term_string}\"},\"query-input\":{\"@type\":\"PropertyValueSpecification\",\"valueRequired\":true,\"valueName\":\"search_term_string\"}}],\"inLanguage\":\"ro-RO\"},{\"@type\":\"Organization\",\"@id\":\"https:\\\/\\\/boat-demo.axiomprotocol.org\\\/ro\\\/#organization\",\"name\":\"BoatsExpert\",\"url\":\"https:\\\/\\\/boat-demo.axiomprotocol.org\\\/ro\\\/\",\"logo\":{\"@type\":\"ImageObject\",\"inLanguage\":\"ro-RO\",\"@id\":\"https:\\\/\\\/boat-demo.axiomprotocol.org\\\/ro\\\/#\\\/schema\\\/logo\\\/image\\\/\",\"url\":\"https:\\\/\\\/boat-demo.axiomprotocol.org\\\/wp-content\\\/uploads\\\/2023\\\/05\\\/white-logo60.svg\",\"contentUrl\":\"https:\\\/\\\/boat-demo.axiomprotocol.org\\\/wp-content\\\/uploads\\\/2023\\\/05\\\/white-logo60.svg\",\"width\":90,\"height\":60,\"caption\":\"BoatsExpert\"},\"image\":{\"@id\":\"https:\\\/\\\/boat-demo.axiomprotocol.org\\\/ro\\\/#\\\/schema\\\/logo\\\/image\\\/\"}}]}<\/script>\n<!-- \/ Yoast SEO plugin. -->","yoast_head_json":{"title":"Politica de confiden\u021bialitate - BoatsExpert","robots":{"index":"index","follow":"follow","max-snippet":"max-snippet:-1","max-image-preview":"max-image-preview:large","max-video-preview":"max-video-preview:-1"},"canonical":"https:\/\/boat-demo.axiomprotocol.org\/politica-de-confidentialitate\/","og_locale":"ro_RO","og_type":"article","og_title":"Politica de confiden\u021bialitate - BoatsExpert","og_description":"Politica de confiden\u021bialitate Aceast\u0103 politic\u0103 de confiden\u021bialitate explic\u0103 modul \u00een care BoatsExpert (&#8222;Compania&#8221;, &#8222;noi&#8221;) colecteaz\u0103, utilizeaz\u0103 \u0219i protejeaz\u0103 datele personale ale vizitatorilor \u0219i clien\u021bilor site-ului nostru. Date colectate Informa\u021bii de cont \u0219i comand\u0103 (nume, email, adres\u0103 de livrare, telefon) Detalii de plat\u0103 procesate de furnizorii no\u0219tri (nu stoc\u0103m datele cardului) Date de utilizare a site-ului [&hellip;]","og_url":"https:\/\/boat-demo.axiomprotocol.org\/politica-de-confidentialitate\/","og_site_name":"BoatsExpert","og_image":[{"width":1010,"height":1010,"url":"https:\/\/boat-demo.axiomprotocol.org\/wp-content\/uploads\/2024\/06\/BE_boat_web.png","type":"image\/png"}],"twitter_card":"summary_large_image","twitter_misc":{"Timp estimat pentru citire":"1 minut"},"schema":{"@context":"https:\/\/schema.org","@graph":[{"@type":"WebPage","@id":"https:\/\/boat-demo.axiomprotocol.org\/politica-de-confidentialitate\/","url":"https:\/\/boat-demo.axiomprotocol.org\/politica-de-confidentialitate\/","name":"Politica de confiden\u021bialitate - BoatsExpert","isPartOf":{"@id":"https:\/\/boat-demo.axiomprotocol.org\/ro\/#website"},"datePublished":"2026-04-14T06:04:03+00:00","breadcrumb":{"@id":"https:\/\/boat-demo.axiomprotocol.org\/politica-de-confidentialitate\/#breadcrumb"},"inLanguage":"ro-RO","potentialAction":[{"@type":"ReadAction","target":["https:\/\/boat-demo.axiomprotocol.org\/politica-de-confidentialitate\/"]}]},{"@type":"BreadcrumbList","@id":"https:\/\/boat-demo.axiomprotocol.org\/politica-de-confidentialitate\/#breadcrumb","itemListElement":[{"@type":"ListItem","position":1,"name":"Home","item":"https:\/\/boat-demo.axiomprotocol.org\/"},{"@type":"ListItem","position":2,"name":"Politica de confiden\u021bialitate"}]},{"@type":"WebSite","@id":"https:\/\/boat-demo.axiomprotocol.org\/ro\/#website","url":"https:\/\/boat-demo.axiomprotocol.org\/ro\/","name":"BoatsExpert","description":"Boats, Service, Equipment","publisher":{"@id":"https:\/\/boat-demo.axiomprotocol.org\/ro\/#organization"},"potentialAction":[{"@type":"SearchAction","target":{"@type":"EntryPoint","urlTemplate":"https:\/\/boat-demo.axiomprotocol.org\/ro\/?s={search_term_string}"},"query-input":{"@type":"PropertyValueSpecification","valueRequired":true,"valueName":"search_term_string"}}],"inLanguage":"ro-RO"},{"@type":"Organization","@id":"https:\/\/boat-demo.axiomprotocol.org\/ro\/#organization","name":"BoatsExpert","url":"https:\/\/boat-demo.axiomprotocol.org\/ro\/","logo":{"@type":"ImageObject","inLanguage":"ro-RO","@id":"https:\/\/boat-demo.axiomprotocol.org\/ro\/#\/schema\/logo\/image\/","url":"https:\/\/boat-demo.axiomprotocol.org\/wp-content\/uploads\/2023\/05\/white-logo60.svg","contentUrl":"https:\/\/boat-demo.axiomprotocol.org\/wp-content\/uploads\/2023\/05\/white-logo60.svg","width":90,"height":60,"caption":"BoatsExpert"},"image":{"@id":"https:\/\/boat-demo.axiomprotocol.org\/ro\/#\/schema\/logo\/image\/"}}]}},"_links":{"self":[{"href":"https:\/\/boat-demo.axiomprotocol.org\/ro\/wp-json\/wp\/v2\/pages\/44110","targetHints":{"allow":["GET"]}}],"collection":[{"href":"https:\/\/boat-demo.axiomprotocol.org\/ro\/wp-json\/wp\/v2\/pages"}],"about":[{"href":"https:\/\/boat-demo.axiomprotocol.org\/ro\/wp-json\/wp\/v2\/types\/page"}],"replies":[{"embeddable":true,"href":"https:\/\/boat-demo.axiomprotocol.org\/ro\/wp-json\/wp\/v2\/comments?post=44110"}],"version-history":[{"count":0,"href":"https:\/\/boat-demo.axiomprotocol.org\/ro\/wp-json\/wp\/v2\/pages\/44110\/revisions"}],"wp:attachment":[{"href":"https:\/\/boat-demo.axiomprotocol.org\/ro\/wp-json\/wp\/v2\/media?parent=44110"}],"curies":[{"name":"wp","href":"https:\/\/api.w.org\/{rel}","templated":true}]}}