{"id":44108,"date":"2026-04-14T08:39:20","date_gmt":"2026-04-14T05:39:20","guid":{"rendered":"https:\/\/boat-demo.axiomprotocol.org\/politica-de-retur\/"},"modified":"2026-04-14T08:39:20","modified_gmt":"2026-04-14T05:39:20","slug":"politica-de-retur","status":"publish","type":"page","link":"https:\/\/boat-demo.axiomprotocol.org\/ro\/politica-de-retur\/","title":{"rendered":"Politica de retur"},"content":{"rendered":"<h2>Politica de retur<\/h2>\n<p>La BoatsExpert dorim s\u0103 fi\u021bi pe deplin mul\u021bumi\u021bi de achizi\u021bia dumneavoastr\u0103. Aceast\u0103 politic\u0103 explic\u0103 cum \u0219i c\u00e2nd pute\u021bi returna produsele achizi\u021bionate de la noi.<\/p>\n<h3>Perioada de retur<\/h3>\n<p>Ave\u021bi la dispozi\u021bie 14 zile calendaristice de la data primirii comenzii pentru a solicita un retur.<\/p>\n<h3>Condi\u021bii de eligibilitate<\/h3>\n<ul>\n<li>Produsul trebuie s\u0103 fie nefolosit \u0219i \u00een starea sa original\u0103<\/li>\n<li>Ambalajul original \u0219i etichetele trebuie s\u0103 fie intacte<\/li>\n<li>Trebuie furnizat\u0103 dovada achizi\u021biei (factur\u0103 sau num\u0103r de comand\u0103)<\/li>\n<\/ul>\n<h3>Excluderi<\/h3>\n<ul>\n<li>Produse configurate la comand\u0103<\/li>\n<li>Produse marcate ca v\u00e2nzare final\u0103<\/li>\n<li>Produse perisabile sau cu regim special odat\u0103 desigilate<\/li>\n<\/ul>\n<h3>Cum ini\u021bia\u021bi un retur<\/h3>\n<p>Contacta\u021bi echipa noastr\u0103 de suport la <a href=\"mailto:support@boatsexpert.com\">support@boatsexpert.com<\/a> cu num\u0103rul comenzii. V\u0103 vom furniza instruc\u021biunile pentru expedi\u021bia de retur.<\/p>\n<h3>Ramburs\u0103ri<\/h3>\n<p>Dup\u0103 primirea \u0219i inspectarea produsului returnat, rambursarea va fi procesat\u0103 c\u0103tre metoda original\u0103 de plat\u0103 \u00een 5-10 zile lucr\u0103toare.<\/p>\n<p><em>\u00cenlocui\u021bi acest text de tip placeholder cu politica dumneavoastr\u0103 final\u0103 \u00eenainte de lansare.<\/em><\/p>\n","protected":false},"excerpt":{"rendered":"<p>Politica de retur La BoatsExpert dorim s\u0103 fi\u021bi pe deplin mul\u021bumi\u021bi de achizi\u021bia dumneavoastr\u0103. Aceast\u0103 politic\u0103 explic\u0103 cum \u0219i c\u00e2nd pute\u021bi returna produsele achizi\u021bionate de la noi. Perioada de retur Ave\u021bi la dispozi\u021bie 14 zile calendaristice de la data primirii comenzii pentru a solicita un retur. Condi\u021bii de eligibilitate Produsul trebuie s\u0103 fie nefolosit \u0219i [&hellip;]<\/p>\n","protected":false},"author":0,"featured_media":0,"parent":0,"menu_order":0,"comment_status":"closed","ping_status":"closed","template":"","meta":{"_acf_changed":false,"inline_featured_image":false,"footnotes":""},"class_list":["post-44108","page","type-page","status-publish","hentry","tt-post"],"acf":[],"yoast_head":"<!-- This site is optimized with the Yoast SEO plugin v27.4 - https:\/\/yoast.com\/product\/yoast-seo-wordpress\/ -->\n<title>Politica de retur - BoatsExpert<\/title>\n<meta name=\"robots\" content=\"index, follow, max-snippet:-1, max-image-preview:large, max-video-preview:-1\" \/>\n<link rel=\"canonical\" href=\"https:\/\/boat-demo.axiomprotocol.org\/politica-de-retur\/\" \/>\n<meta property=\"og:locale\" content=\"ro_RO\" \/>\n<meta property=\"og:type\" content=\"article\" \/>\n<meta property=\"og:title\" content=\"Politica de retur - BoatsExpert\" \/>\n<meta property=\"og:description\" content=\"Politica de retur La BoatsExpert dorim s\u0103 fi\u021bi pe deplin mul\u021bumi\u021bi de achizi\u021bia dumneavoastr\u0103. Aceast\u0103 politic\u0103 explic\u0103 cum \u0219i c\u00e2nd pute\u021bi returna produsele achizi\u021bionate de la noi. Perioada de retur Ave\u021bi la dispozi\u021bie 14 zile calendaristice de la data primirii comenzii pentru a solicita un retur. Condi\u021bii de eligibilitate Produsul trebuie s\u0103 fie nefolosit \u0219i [&hellip;]\" \/>\n<meta property=\"og:url\" content=\"https:\/\/boat-demo.axiomprotocol.org\/politica-de-retur\/\" \/>\n<meta property=\"og:site_name\" content=\"BoatsExpert\" \/>\n<meta property=\"og:image\" content=\"https:\/\/boat-demo.axiomprotocol.org\/wp-content\/uploads\/2024\/06\/BE_boat_web.png\" \/>\n\t<meta property=\"og:image:width\" content=\"1010\" \/>\n\t<meta property=\"og:image:height\" content=\"1010\" \/>\n\t<meta property=\"og:image:type\" content=\"image\/png\" \/>\n<meta name=\"twitter:card\" content=\"summary_large_image\" \/>\n<meta name=\"twitter:label1\" content=\"Timp estimat pentru citire\" \/>\n\t<meta name=\"twitter:data1\" content=\"1 minut\" \/>\n<script type=\"application\/ld+json\" class=\"yoast-schema-graph\">{\"@context\":\"https:\\\/\\\/schema.org\",\"@graph\":[{\"@type\":\"WebPage\",\"@id\":\"https:\\\/\\\/boat-demo.axiomprotocol.org\\\/politica-de-retur\\\/\",\"url\":\"https:\\\/\\\/boat-demo.axiomprotocol.org\\\/politica-de-retur\\\/\",\"name\":\"Politica de retur - BoatsExpert\",\"isPartOf\":{\"@id\":\"https:\\\/\\\/boat-demo.axiomprotocol.org\\\/ro\\\/#website\"},\"datePublished\":\"2026-04-14T05:39:20+00:00\",\"breadcrumb\":{\"@id\":\"https:\\\/\\\/boat-demo.axiomprotocol.org\\\/politica-de-retur\\\/#breadcrumb\"},\"inLanguage\":\"ro-RO\",\"potentialAction\":[{\"@type\":\"ReadAction\",\"target\":[\"https:\\\/\\\/boat-demo.axiomprotocol.org\\\/politica-de-retur\\\/\"]}]},{\"@type\":\"BreadcrumbList\",\"@id\":\"https:\\\/\\\/boat-demo.axiomprotocol.org\\\/politica-de-retur\\\/#breadcrumb\",\"itemListElement\":[{\"@type\":\"ListItem\",\"position\":1,\"name\":\"Home\",\"item\":\"https:\\\/\\\/boat-demo.axiomprotocol.org\\\/\"},{\"@type\":\"ListItem\",\"position\":2,\"name\":\"Politica de retur\"}]},{\"@type\":\"WebSite\",\"@id\":\"https:\\\/\\\/boat-demo.axiomprotocol.org\\\/ro\\\/#website\",\"url\":\"https:\\\/\\\/boat-demo.axiomprotocol.org\\\/ro\\\/\",\"name\":\"BoatsExpert\",\"description\":\"Boats, Service, Equipment\",\"publisher\":{\"@id\":\"https:\\\/\\\/boat-demo.axiomprotocol.org\\\/ro\\\/#organization\"},\"potentialAction\":[{\"@type\":\"SearchAction\",\"target\":{\"@type\":\"EntryPoint\",\"urlTemplate\":\"https:\\\/\\\/boat-demo.axiomprotocol.org\\\/ro\\\/?s={search_term_string}\"},\"query-input\":{\"@type\":\"PropertyValueSpecification\",\"valueRequired\":true,\"valueName\":\"search_term_string\"}}],\"inLanguage\":\"ro-RO\"},{\"@type\":\"Organization\",\"@id\":\"https:\\\/\\\/boat-demo.axiomprotocol.org\\\/ro\\\/#organization\",\"name\":\"BoatsExpert\",\"url\":\"https:\\\/\\\/boat-demo.axiomprotocol.org\\\/ro\\\/\",\"logo\":{\"@type\":\"ImageObject\",\"inLanguage\":\"ro-RO\",\"@id\":\"https:\\\/\\\/boat-demo.axiomprotocol.org\\\/ro\\\/#\\\/schema\\\/logo\\\/image\\\/\",\"url\":\"https:\\\/\\\/boat-demo.axiomprotocol.org\\\/wp-content\\\/uploads\\\/2023\\\/05\\\/white-logo60.svg\",\"contentUrl\":\"https:\\\/\\\/boat-demo.axiomprotocol.org\\\/wp-content\\\/uploads\\\/2023\\\/05\\\/white-logo60.svg\",\"width\":90,\"height\":60,\"caption\":\"BoatsExpert\"},\"image\":{\"@id\":\"https:\\\/\\\/boat-demo.axiomprotocol.org\\\/ro\\\/#\\\/schema\\\/logo\\\/image\\\/\"}}]}<\/script>\n<!-- \/ Yoast SEO plugin. -->","yoast_head_json":{"title":"Politica de retur - BoatsExpert","robots":{"index":"index","follow":"follow","max-snippet":"max-snippet:-1","max-image-preview":"max-image-preview:large","max-video-preview":"max-video-preview:-1"},"canonical":"https:\/\/boat-demo.axiomprotocol.org\/politica-de-retur\/","og_locale":"ro_RO","og_type":"article","og_title":"Politica de retur - BoatsExpert","og_description":"Politica de retur La BoatsExpert dorim s\u0103 fi\u021bi pe deplin mul\u021bumi\u021bi de achizi\u021bia dumneavoastr\u0103. Aceast\u0103 politic\u0103 explic\u0103 cum \u0219i c\u00e2nd pute\u021bi returna produsele achizi\u021bionate de la noi. Perioada de retur Ave\u021bi la dispozi\u021bie 14 zile calendaristice de la data primirii comenzii pentru a solicita un retur. Condi\u021bii de eligibilitate Produsul trebuie s\u0103 fie nefolosit \u0219i [&hellip;]","og_url":"https:\/\/boat-demo.axiomprotocol.org\/politica-de-retur\/","og_site_name":"BoatsExpert","og_image":[{"width":1010,"height":1010,"url":"https:\/\/boat-demo.axiomprotocol.org\/wp-content\/uploads\/2024\/06\/BE_boat_web.png","type":"image\/png"}],"twitter_card":"summary_large_image","twitter_misc":{"Timp estimat pentru citire":"1 minut"},"schema":{"@context":"https:\/\/schema.org","@graph":[{"@type":"WebPage","@id":"https:\/\/boat-demo.axiomprotocol.org\/politica-de-retur\/","url":"https:\/\/boat-demo.axiomprotocol.org\/politica-de-retur\/","name":"Politica de retur - BoatsExpert","isPartOf":{"@id":"https:\/\/boat-demo.axiomprotocol.org\/ro\/#website"},"datePublished":"2026-04-14T05:39:20+00:00","breadcrumb":{"@id":"https:\/\/boat-demo.axiomprotocol.org\/politica-de-retur\/#breadcrumb"},"inLanguage":"ro-RO","potentialAction":[{"@type":"ReadAction","target":["https:\/\/boat-demo.axiomprotocol.org\/politica-de-retur\/"]}]},{"@type":"BreadcrumbList","@id":"https:\/\/boat-demo.axiomprotocol.org\/politica-de-retur\/#breadcrumb","itemListElement":[{"@type":"ListItem","position":1,"name":"Home","item":"https:\/\/boat-demo.axiomprotocol.org\/"},{"@type":"ListItem","position":2,"name":"Politica de retur"}]},{"@type":"WebSite","@id":"https:\/\/boat-demo.axiomprotocol.org\/ro\/#website","url":"https:\/\/boat-demo.axiomprotocol.org\/ro\/","name":"BoatsExpert","description":"Boats, Service, Equipment","publisher":{"@id":"https:\/\/boat-demo.axiomprotocol.org\/ro\/#organization"},"potentialAction":[{"@type":"SearchAction","target":{"@type":"EntryPoint","urlTemplate":"https:\/\/boat-demo.axiomprotocol.org\/ro\/?s={search_term_string}"},"query-input":{"@type":"PropertyValueSpecification","valueRequired":true,"valueName":"search_term_string"}}],"inLanguage":"ro-RO"},{"@type":"Organization","@id":"https:\/\/boat-demo.axiomprotocol.org\/ro\/#organization","name":"BoatsExpert","url":"https:\/\/boat-demo.axiomprotocol.org\/ro\/","logo":{"@type":"ImageObject","inLanguage":"ro-RO","@id":"https:\/\/boat-demo.axiomprotocol.org\/ro\/#\/schema\/logo\/image\/","url":"https:\/\/boat-demo.axiomprotocol.org\/wp-content\/uploads\/2023\/05\/white-logo60.svg","contentUrl":"https:\/\/boat-demo.axiomprotocol.org\/wp-content\/uploads\/2023\/05\/white-logo60.svg","width":90,"height":60,"caption":"BoatsExpert"},"image":{"@id":"https:\/\/boat-demo.axiomprotocol.org\/ro\/#\/schema\/logo\/image\/"}}]}},"_links":{"self":[{"href":"https:\/\/boat-demo.axiomprotocol.org\/ro\/wp-json\/wp\/v2\/pages\/44108","targetHints":{"allow":["GET"]}}],"collection":[{"href":"https:\/\/boat-demo.axiomprotocol.org\/ro\/wp-json\/wp\/v2\/pages"}],"about":[{"href":"https:\/\/boat-demo.axiomprotocol.org\/ro\/wp-json\/wp\/v2\/types\/page"}],"replies":[{"embeddable":true,"href":"https:\/\/boat-demo.axiomprotocol.org\/ro\/wp-json\/wp\/v2\/comments?post=44108"}],"version-history":[{"count":0,"href":"https:\/\/boat-demo.axiomprotocol.org\/ro\/wp-json\/wp\/v2\/pages\/44108\/revisions"}],"wp:attachment":[{"href":"https:\/\/boat-demo.axiomprotocol.org\/ro\/wp-json\/wp\/v2\/media?parent=44108"}],"curies":[{"name":"wp","href":"https:\/\/api.w.org\/{rel}","templated":true}]}}